{"id":2644,"date":"2023-12-12T15:32:13","date_gmt":"2023-12-12T18:32:13","guid":{"rendered":"https:\/\/wp.ufpel.edu.br\/fae\/?page_id=2644"},"modified":"2023-12-15T15:37:02","modified_gmt":"2023-12-15T18:37:02","slug":"divulgacao-do-resultado-preliminar-edital-programa-de-gestao-e-desempenho-no-2-2023-fae-ufpel","status":"publish","type":"page","link":"https:\/\/wp.ufpel.edu.br\/fae\/divulgacao-do-resultado-preliminar-edital-programa-de-gestao-e-desempenho-no-2-2023-fae-ufpel\/","title":{"rendered":"Divulga\u00e7\u00e3o do resultado preliminar &#8211; EDITAL PROGRAMA DE GEST\u00c3O E DESEMPENHO N\u00ba 2\/2023 FAE\/UFPEL"},"content":{"rendered":"<p>Foram homologadas, preliminarmente, as seguintes vagas:<\/p>\n<p>Secretaria &#8211; 01 vaga &#8211; Teletrabalho parcial &#8211; Assistente em Administra\u00e7\u00e3o<\/p>\n<p>Inscri\u00e7\u00e3o do servidor Gustavo Hoffmann Moreira pelo documento PROGEP Termo de Ades\u00e3o ao Programa de Gest\u00e3o (PGD) FAE (2458080)<\/p>\n<p>Departamento de Ensino &#8211; 01 vaga &#8211; Teletrabalho parcial &#8211; Assistente em Administra\u00e7\u00e3o<\/p>\n<p>Inscri\u00e7\u00e3o da servidora Raiza Alves Pereira pelo documento PROGEP Termo de Ades\u00e3o ao Programa de Gest\u00e3o (PGD) DE (2458116)<\/p>\n<p>Departamento de Fundamentos da Educa\u00e7\u00e3o &#8211; 01 vaga &#8211; Teletrabalho parcial &#8211; Assistente em Administra\u00e7\u00e3o<\/p>\n<p>Inscri\u00e7\u00e3o da servidora Nanci Dallmann Garcia pelo documento PROGEP Termo de Ades\u00e3o ao Programa de Gest\u00e3o (PGD) DFE (2457863)<\/p>\n<p>Colegiado dos Cursos de Pedagogia &#8211; 01 vaga &#8211; Teletrabalho parcial &#8211; Assistente em Administra\u00e7\u00e3o<\/p>\n<p>Inscri\u00e7\u00e3o do servidor Jeferson de Mello Reichow pelo documento PROGEP Termo de Ades\u00e3o ao Programa de Gest\u00e3o (PGD) CG_Pedagogia_not (2461309)<\/p>\n<p>Colegiado dos Cursos de Especializa\u00e7\u00e3o em Educa\u00e7\u00e3o &#8211; 01 vaga &#8211; Teletrabalho parcial &#8211; Assistente em Administra\u00e7\u00e3o<\/p>\n<p>Inscri\u00e7\u00e3o da servidora Ana Lucia da Silva Fernandes pelo documento PROGEP Termo de Ades\u00e3o ao Programa de Gest\u00e3o (PGD) EspEduca\u00e7\u00e3o (2458947)<\/p>\n<p>Colegiado dos cursos do Programa de P\u00f3s-Gradua\u00e7\u00e3o em Educa\u00e7\u00e3o (PPGE) &#8211; 02 vagas &#8211; Teletrabalho parcial &#8211; Assistente em Administra\u00e7\u00e3o<\/p>\n<p>Inscri\u00e7\u00e3o do servidor Juliano Melo pelo documento PROGEP Termo de Ades\u00e3o ao Programa de Gest\u00e3o (PGD) PPGE (2458569)<\/p>\n<p>Inscri\u00e7\u00e3o do servidor Guilherme Santos Machado pelo documento PROGEP Termo de Ades\u00e3o ao Programa de Gest\u00e3o (PGD) PPGE (2461310)<\/p>\n<p>Colegiado do Programa de P\u00f3s-Gradua\u00e7\u00e3o em Ensino de Ci\u00eancias e Matem\u00e1tica &#8211; 01 vaga &#8211; Teletrabalho parcial &#8211; Assistente em Administra\u00e7\u00e3o<\/p>\n<p>Inscri\u00e7\u00e3o da servidora Gabriela Pereira de Pereira pelo documento PROGEP Termo de Ades\u00e3o ao Programa de Gest\u00e3o (PGD) PPGECM (\u00a02458087)<\/p>\n<p>CEDOC &#8211; 01 vaga &#8211; Teletrabalho parcial &#8211; Assistente em Administra\u00e7\u00e3o<\/p>\n<p>N\u00e3o houve inscritos.<\/p>\n","protected":false},"excerpt":{"rendered":"<p>Foram homologadas, preliminarmente, as seguintes vagas: Secretaria &#8211; 01 vaga &#8211; Teletrabalho parcial &#8211; Assistente em Administra\u00e7\u00e3o Inscri\u00e7\u00e3o do servidor Gustavo Hoffmann Moreira pelo documento PROGEP Termo de Ades\u00e3o ao Programa de Gest\u00e3o (PGD) FAE (2458080) Departamento de Ensino &#8211; 01 vaga &#8211; Teletrabalho parcial &#8211; Assistente em Administra\u00e7\u00e3o Inscri\u00e7\u00e3o da servidora Raiza Alves Pereira [&hellip;]<\/p>\n","protected":false},"author":325,"featured_media":0,"parent":0,"menu_order":0,"comment_status":"closed","ping_status":"closed","template":"","meta":{"jetpack_post_was_ever_published":false,"footnotes":""},"class_list":["post-2644","page","type-page","status-publish","hentry"],"yoast_head":"<!-- This site is optimized with the Yoast SEO plugin v26.7 - https:\/\/yoast.com\/wordpress\/plugins\/seo\/ -->\n<title>Divulga\u00e7\u00e3o do resultado preliminar - EDITAL PROGRAMA DE GEST\u00c3O E DESEMPENHO N\u00ba 2\/2023 FAE\/UFPEL - FACULDADE DE EDUCA\u00c7\u00c3O - Ufpel<\/title>\n<meta name=\"robots\" content=\"index, follow, max-snippet:-1, max-image-preview:large, max-video-preview:-1\" \/>\n<link rel=\"canonical\" href=\"https:\/\/wp.ufpel.edu.br\/fae\/divulgacao-do-resultado-preliminar-edital-programa-de-gestao-e-desempenho-no-2-2023-fae-ufpel\/\" \/>\n<meta property=\"og:locale\" content=\"pt_BR\" \/>\n<meta property=\"og:type\" content=\"article\" \/>\n<meta property=\"og:title\" content=\"Divulga\u00e7\u00e3o do resultado preliminar - EDITAL PROGRAMA DE GEST\u00c3O E DESEMPENHO N\u00ba 2\/2023 FAE\/UFPEL - FACULDADE DE EDUCA\u00c7\u00c3O - Ufpel\" \/>\n<meta property=\"og:description\" content=\"Foram homologadas, preliminarmente, as seguintes vagas: Secretaria &#8211; 01 vaga &#8211; Teletrabalho parcial &#8211; Assistente em Administra\u00e7\u00e3o Inscri\u00e7\u00e3o do servidor Gustavo Hoffmann Moreira pelo documento PROGEP Termo de Ades\u00e3o ao Programa de Gest\u00e3o (PGD) FAE (2458080) Departamento de Ensino &#8211; 01 vaga &#8211; Teletrabalho parcial &#8211; Assistente em Administra\u00e7\u00e3o Inscri\u00e7\u00e3o da servidora Raiza Alves Pereira [&hellip;]\" \/>\n<meta property=\"og:url\" content=\"https:\/\/wp.ufpel.edu.br\/fae\/divulgacao-do-resultado-preliminar-edital-programa-de-gestao-e-desempenho-no-2-2023-fae-ufpel\/\" \/>\n<meta property=\"og:site_name\" content=\"FACULDADE DE EDUCA\u00c7\u00c3O - Ufpel\" \/>\n<meta property=\"article:modified_time\" content=\"2023-12-15T18:37:02+00:00\" \/>\n<meta name=\"twitter:card\" content=\"summary_large_image\" \/>\n<meta name=\"twitter:label1\" content=\"Est. tempo de leitura\" \/>\n\t<meta name=\"twitter:data1\" content=\"2 minutos\" \/>\n<script type=\"application\/ld+json\" class=\"yoast-schema-graph\">{\"@context\":\"https:\/\/schema.org\",\"@graph\":[{\"@type\":\"WebPage\",\"@id\":\"https:\/\/wp.ufpel.edu.br\/fae\/divulgacao-do-resultado-preliminar-edital-programa-de-gestao-e-desempenho-no-2-2023-fae-ufpel\/\",\"url\":\"https:\/\/wp.ufpel.edu.br\/fae\/divulgacao-do-resultado-preliminar-edital-programa-de-gestao-e-desempenho-no-2-2023-fae-ufpel\/\",\"name\":\"Divulga\u00e7\u00e3o do resultado preliminar - EDITAL PROGRAMA DE GEST\u00c3O E DESEMPENHO N\u00ba 2\/2023 FAE\/UFPEL - FACULDADE DE EDUCA\u00c7\u00c3O - Ufpel\",\"isPartOf\":{\"@id\":\"https:\/\/wp.ufpel.edu.br\/fae\/#website\"},\"datePublished\":\"2023-12-12T18:32:13+00:00\",\"dateModified\":\"2023-12-15T18:37:02+00:00\",\"breadcrumb\":{\"@id\":\"https:\/\/wp.ufpel.edu.br\/fae\/divulgacao-do-resultado-preliminar-edital-programa-de-gestao-e-desempenho-no-2-2023-fae-ufpel\/#breadcrumb\"},\"inLanguage\":\"pt-BR\",\"potentialAction\":[{\"@type\":\"ReadAction\",\"target\":[\"https:\/\/wp.ufpel.edu.br\/fae\/divulgacao-do-resultado-preliminar-edital-programa-de-gestao-e-desempenho-no-2-2023-fae-ufpel\/\"]}]},{\"@type\":\"BreadcrumbList\",\"@id\":\"https:\/\/wp.ufpel.edu.br\/fae\/divulgacao-do-resultado-preliminar-edital-programa-de-gestao-e-desempenho-no-2-2023-fae-ufpel\/#breadcrumb\",\"itemListElement\":[{\"@type\":\"ListItem\",\"position\":1,\"name\":\"In\u00edcio\",\"item\":\"https:\/\/wp.ufpel.edu.br\/fae\/\"},{\"@type\":\"ListItem\",\"position\":2,\"name\":\"Divulga\u00e7\u00e3o do resultado preliminar &#8211; EDITAL PROGRAMA DE GEST\u00c3O E DESEMPENHO N\u00ba 2\/2023 FAE\/UFPEL\"}]},{\"@type\":\"WebSite\",\"@id\":\"https:\/\/wp.ufpel.edu.br\/fae\/#website\",\"url\":\"https:\/\/wp.ufpel.edu.br\/fae\/\",\"name\":\"FACULDADE DE EDUCA\u00c7\u00c3O - Ufpel\",\"description\":\"\",\"potentialAction\":[{\"@type\":\"SearchAction\",\"target\":{\"@type\":\"EntryPoint\",\"urlTemplate\":\"https:\/\/wp.ufpel.edu.br\/fae\/?s={search_term_string}\"},\"query-input\":{\"@type\":\"PropertyValueSpecification\",\"valueRequired\":true,\"valueName\":\"search_term_string\"}}],\"inLanguage\":\"pt-BR\"}]}<\/script>\n<!-- \/ Yoast SEO plugin. -->","yoast_head_json":{"title":"Divulga\u00e7\u00e3o do resultado preliminar - EDITAL PROGRAMA DE GEST\u00c3O E DESEMPENHO N\u00ba 2\/2023 FAE\/UFPEL - FACULDADE DE EDUCA\u00c7\u00c3O - Ufpel","robots":{"index":"index","follow":"follow","max-snippet":"max-snippet:-1","max-image-preview":"max-image-preview:large","max-video-preview":"max-video-preview:-1"},"canonical":"https:\/\/wp.ufpel.edu.br\/fae\/divulgacao-do-resultado-preliminar-edital-programa-de-gestao-e-desempenho-no-2-2023-fae-ufpel\/","og_locale":"pt_BR","og_type":"article","og_title":"Divulga\u00e7\u00e3o do resultado preliminar - EDITAL PROGRAMA DE GEST\u00c3O E DESEMPENHO N\u00ba 2\/2023 FAE\/UFPEL - FACULDADE DE EDUCA\u00c7\u00c3O - Ufpel","og_description":"Foram homologadas, preliminarmente, as seguintes vagas: Secretaria &#8211; 01 vaga &#8211; Teletrabalho parcial &#8211; Assistente em Administra\u00e7\u00e3o Inscri\u00e7\u00e3o do servidor Gustavo Hoffmann Moreira pelo documento PROGEP Termo de Ades\u00e3o ao Programa de Gest\u00e3o (PGD) FAE (2458080) Departamento de Ensino &#8211; 01 vaga &#8211; Teletrabalho parcial &#8211; Assistente em Administra\u00e7\u00e3o Inscri\u00e7\u00e3o da servidora Raiza Alves Pereira [&hellip;]","og_url":"https:\/\/wp.ufpel.edu.br\/fae\/divulgacao-do-resultado-preliminar-edital-programa-de-gestao-e-desempenho-no-2-2023-fae-ufpel\/","og_site_name":"FACULDADE DE EDUCA\u00c7\u00c3O - Ufpel","article_modified_time":"2023-12-15T18:37:02+00:00","twitter_card":"summary_large_image","twitter_misc":{"Est. tempo de leitura":"2 minutos"},"schema":{"@context":"https:\/\/schema.org","@graph":[{"@type":"WebPage","@id":"https:\/\/wp.ufpel.edu.br\/fae\/divulgacao-do-resultado-preliminar-edital-programa-de-gestao-e-desempenho-no-2-2023-fae-ufpel\/","url":"https:\/\/wp.ufpel.edu.br\/fae\/divulgacao-do-resultado-preliminar-edital-programa-de-gestao-e-desempenho-no-2-2023-fae-ufpel\/","name":"Divulga\u00e7\u00e3o do resultado preliminar - EDITAL PROGRAMA DE GEST\u00c3O E DESEMPENHO N\u00ba 2\/2023 FAE\/UFPEL - FACULDADE DE EDUCA\u00c7\u00c3O - Ufpel","isPartOf":{"@id":"https:\/\/wp.ufpel.edu.br\/fae\/#website"},"datePublished":"2023-12-12T18:32:13+00:00","dateModified":"2023-12-15T18:37:02+00:00","breadcrumb":{"@id":"https:\/\/wp.ufpel.edu.br\/fae\/divulgacao-do-resultado-preliminar-edital-programa-de-gestao-e-desempenho-no-2-2023-fae-ufpel\/#breadcrumb"},"inLanguage":"pt-BR","potentialAction":[{"@type":"ReadAction","target":["https:\/\/wp.ufpel.edu.br\/fae\/divulgacao-do-resultado-preliminar-edital-programa-de-gestao-e-desempenho-no-2-2023-fae-ufpel\/"]}]},{"@type":"BreadcrumbList","@id":"https:\/\/wp.ufpel.edu.br\/fae\/divulgacao-do-resultado-preliminar-edital-programa-de-gestao-e-desempenho-no-2-2023-fae-ufpel\/#breadcrumb","itemListElement":[{"@type":"ListItem","position":1,"name":"In\u00edcio","item":"https:\/\/wp.ufpel.edu.br\/fae\/"},{"@type":"ListItem","position":2,"name":"Divulga\u00e7\u00e3o do resultado preliminar &#8211; EDITAL PROGRAMA DE GEST\u00c3O E DESEMPENHO N\u00ba 2\/2023 FAE\/UFPEL"}]},{"@type":"WebSite","@id":"https:\/\/wp.ufpel.edu.br\/fae\/#website","url":"https:\/\/wp.ufpel.edu.br\/fae\/","name":"FACULDADE DE EDUCA\u00c7\u00c3O - Ufpel","description":"","potentialAction":[{"@type":"SearchAction","target":{"@type":"EntryPoint","urlTemplate":"https:\/\/wp.ufpel.edu.br\/fae\/?s={search_term_string}"},"query-input":{"@type":"PropertyValueSpecification","valueRequired":true,"valueName":"search_term_string"}}],"inLanguage":"pt-BR"}]}},"jetpack_sharing_enabled":true,"jetpack_shortlink":"https:\/\/wp.me\/P6QmCH-GE","jetpack_likes_enabled":true,"_links":{"self":[{"href":"https:\/\/wp.ufpel.edu.br\/fae\/wp-json\/wp\/v2\/pages\/2644","targetHints":{"allow":["GET"]}}],"collection":[{"href":"https:\/\/wp.ufpel.edu.br\/fae\/wp-json\/wp\/v2\/pages"}],"about":[{"href":"https:\/\/wp.ufpel.edu.br\/fae\/wp-json\/wp\/v2\/types\/page"}],"author":[{"embeddable":true,"href":"https:\/\/wp.ufpel.edu.br\/fae\/wp-json\/wp\/v2\/users\/325"}],"replies":[{"embeddable":true,"href":"https:\/\/wp.ufpel.edu.br\/fae\/wp-json\/wp\/v2\/comments?post=2644"}],"version-history":[{"count":1,"href":"https:\/\/wp.ufpel.edu.br\/fae\/wp-json\/wp\/v2\/pages\/2644\/revisions"}],"predecessor-version":[{"id":2647,"href":"https:\/\/wp.ufpel.edu.br\/fae\/wp-json\/wp\/v2\/pages\/2644\/revisions\/2647"}],"wp:attachment":[{"href":"https:\/\/wp.ufpel.edu.br\/fae\/wp-json\/wp\/v2\/media?parent=2644"}],"curies":[{"name":"wp","href":"https:\/\/api.w.org\/{rel}","templated":true}]}}