{"id":2509,"date":"2022-07-29T15:27:51","date_gmt":"2022-07-29T18:27:51","guid":{"rendered":"https:\/\/wp.ufpel.edu.br\/fae\/?page_id=2509"},"modified":"2023-01-23T09:49:25","modified_gmt":"2023-01-23T12:49:25","slug":"horarios-das-disciplinas-do-ppgecm","status":"publish","type":"page","link":"https:\/\/wp.ufpel.edu.br\/fae\/horarios-das-disciplinas-do-ppgecm\/","title":{"rendered":"Hor\u00e1rios das Disciplinas do PPGECM"},"content":{"rendered":"\n<!-- iframe plugin v.6.0 wordpress.org\/plugins\/iframe\/ -->\n<iframe src=\"https:\/\/docs.google.com\/document\/d\/e\/2PACX-1vQjzvUEQm5O_f0lcKB0Iayqw1IGZjuCAAaIohRphS0BRj01LTxU0rsqZ1JWp9W0MprKK0Zg6RLOqSVD\/pub?embedded=true\" width=\"100%\" height=\"500\" scrolling=\"yes\" class=\"iframe-class\" frameborder=\"0\"><\/iframe>\n\n","protected":false},"excerpt":{"rendered":"","protected":false},"author":325,"featured_media":0,"parent":0,"menu_order":0,"comment_status":"closed","ping_status":"closed","template":"","meta":{"jetpack_post_was_ever_published":false,"footnotes":""},"class_list":["post-2509","page","type-page","status-publish","hentry"],"yoast_head":"<!-- This site is optimized with the Yoast SEO plugin v26.7 - https:\/\/yoast.com\/wordpress\/plugins\/seo\/ -->\n<title>Hor\u00e1rios das Disciplinas do PPGECM - FACULDADE DE EDUCA\u00c7\u00c3O - Ufpel<\/title>\n<meta name=\"robots\" content=\"index, follow, max-snippet:-1, max-image-preview:large, max-video-preview:-1\" \/>\n<link rel=\"canonical\" href=\"https:\/\/wp.ufpel.edu.br\/fae\/horarios-das-disciplinas-do-ppgecm\/\" \/>\n<meta property=\"og:locale\" content=\"pt_BR\" \/>\n<meta property=\"og:type\" content=\"article\" \/>\n<meta property=\"og:title\" content=\"Hor\u00e1rios das Disciplinas do PPGECM - FACULDADE DE EDUCA\u00c7\u00c3O - Ufpel\" \/>\n<meta property=\"og:url\" content=\"https:\/\/wp.ufpel.edu.br\/fae\/horarios-das-disciplinas-do-ppgecm\/\" \/>\n<meta property=\"og:site_name\" content=\"FACULDADE DE EDUCA\u00c7\u00c3O - Ufpel\" \/>\n<meta property=\"article:modified_time\" content=\"2023-01-23T12:49:25+00:00\" \/>\n<meta name=\"twitter:card\" content=\"summary_large_image\" \/>\n<meta name=\"twitter:label1\" content=\"Est. tempo de leitura\" \/>\n\t<meta name=\"twitter:data1\" content=\"1 minuto\" \/>\n<script type=\"application\/ld+json\" class=\"yoast-schema-graph\">{\"@context\":\"https:\/\/schema.org\",\"@graph\":[{\"@type\":\"WebPage\",\"@id\":\"https:\/\/wp.ufpel.edu.br\/fae\/horarios-das-disciplinas-do-ppgecm\/\",\"url\":\"https:\/\/wp.ufpel.edu.br\/fae\/horarios-das-disciplinas-do-ppgecm\/\",\"name\":\"Hor\u00e1rios das Disciplinas do PPGECM - FACULDADE DE EDUCA\u00c7\u00c3O - Ufpel\",\"isPartOf\":{\"@id\":\"https:\/\/wp.ufpel.edu.br\/fae\/#website\"},\"datePublished\":\"2022-07-29T18:27:51+00:00\",\"dateModified\":\"2023-01-23T12:49:25+00:00\",\"breadcrumb\":{\"@id\":\"https:\/\/wp.ufpel.edu.br\/fae\/horarios-das-disciplinas-do-ppgecm\/#breadcrumb\"},\"inLanguage\":\"pt-BR\",\"potentialAction\":[{\"@type\":\"ReadAction\",\"target\":[\"https:\/\/wp.ufpel.edu.br\/fae\/horarios-das-disciplinas-do-ppgecm\/\"]}]},{\"@type\":\"BreadcrumbList\",\"@id\":\"https:\/\/wp.ufpel.edu.br\/fae\/horarios-das-disciplinas-do-ppgecm\/#breadcrumb\",\"itemListElement\":[{\"@type\":\"ListItem\",\"position\":1,\"name\":\"In\u00edcio\",\"item\":\"https:\/\/wp.ufpel.edu.br\/fae\/\"},{\"@type\":\"ListItem\",\"position\":2,\"name\":\"Hor\u00e1rios das Disciplinas do PPGECM\"}]},{\"@type\":\"WebSite\",\"@id\":\"https:\/\/wp.ufpel.edu.br\/fae\/#website\",\"url\":\"https:\/\/wp.ufpel.edu.br\/fae\/\",\"name\":\"FACULDADE DE EDUCA\u00c7\u00c3O - Ufpel\",\"description\":\"\",\"potentialAction\":[{\"@type\":\"SearchAction\",\"target\":{\"@type\":\"EntryPoint\",\"urlTemplate\":\"https:\/\/wp.ufpel.edu.br\/fae\/?s={search_term_string}\"},\"query-input\":{\"@type\":\"PropertyValueSpecification\",\"valueRequired\":true,\"valueName\":\"search_term_string\"}}],\"inLanguage\":\"pt-BR\"}]}<\/script>\n<!-- \/ Yoast SEO plugin. -->","yoast_head_json":{"title":"Hor\u00e1rios das Disciplinas do PPGECM - FACULDADE DE EDUCA\u00c7\u00c3O - Ufpel","robots":{"index":"index","follow":"follow","max-snippet":"max-snippet:-1","max-image-preview":"max-image-preview:large","max-video-preview":"max-video-preview:-1"},"canonical":"https:\/\/wp.ufpel.edu.br\/fae\/horarios-das-disciplinas-do-ppgecm\/","og_locale":"pt_BR","og_type":"article","og_title":"Hor\u00e1rios das Disciplinas do PPGECM - FACULDADE DE EDUCA\u00c7\u00c3O - Ufpel","og_url":"https:\/\/wp.ufpel.edu.br\/fae\/horarios-das-disciplinas-do-ppgecm\/","og_site_name":"FACULDADE DE EDUCA\u00c7\u00c3O - Ufpel","article_modified_time":"2023-01-23T12:49:25+00:00","twitter_card":"summary_large_image","twitter_misc":{"Est. tempo de leitura":"1 minuto"},"schema":{"@context":"https:\/\/schema.org","@graph":[{"@type":"WebPage","@id":"https:\/\/wp.ufpel.edu.br\/fae\/horarios-das-disciplinas-do-ppgecm\/","url":"https:\/\/wp.ufpel.edu.br\/fae\/horarios-das-disciplinas-do-ppgecm\/","name":"Hor\u00e1rios das Disciplinas do PPGECM - FACULDADE DE EDUCA\u00c7\u00c3O - Ufpel","isPartOf":{"@id":"https:\/\/wp.ufpel.edu.br\/fae\/#website"},"datePublished":"2022-07-29T18:27:51+00:00","dateModified":"2023-01-23T12:49:25+00:00","breadcrumb":{"@id":"https:\/\/wp.ufpel.edu.br\/fae\/horarios-das-disciplinas-do-ppgecm\/#breadcrumb"},"inLanguage":"pt-BR","potentialAction":[{"@type":"ReadAction","target":["https:\/\/wp.ufpel.edu.br\/fae\/horarios-das-disciplinas-do-ppgecm\/"]}]},{"@type":"BreadcrumbList","@id":"https:\/\/wp.ufpel.edu.br\/fae\/horarios-das-disciplinas-do-ppgecm\/#breadcrumb","itemListElement":[{"@type":"ListItem","position":1,"name":"In\u00edcio","item":"https:\/\/wp.ufpel.edu.br\/fae\/"},{"@type":"ListItem","position":2,"name":"Hor\u00e1rios das Disciplinas do PPGECM"}]},{"@type":"WebSite","@id":"https:\/\/wp.ufpel.edu.br\/fae\/#website","url":"https:\/\/wp.ufpel.edu.br\/fae\/","name":"FACULDADE DE EDUCA\u00c7\u00c3O - Ufpel","description":"","potentialAction":[{"@type":"SearchAction","target":{"@type":"EntryPoint","urlTemplate":"https:\/\/wp.ufpel.edu.br\/fae\/?s={search_term_string}"},"query-input":{"@type":"PropertyValueSpecification","valueRequired":true,"valueName":"search_term_string"}}],"inLanguage":"pt-BR"}]}},"jetpack_sharing_enabled":true,"jetpack_shortlink":"https:\/\/wp.me\/P6QmCH-Et","jetpack_likes_enabled":true,"_links":{"self":[{"href":"https:\/\/wp.ufpel.edu.br\/fae\/wp-json\/wp\/v2\/pages\/2509","targetHints":{"allow":["GET"]}}],"collection":[{"href":"https:\/\/wp.ufpel.edu.br\/fae\/wp-json\/wp\/v2\/pages"}],"about":[{"href":"https:\/\/wp.ufpel.edu.br\/fae\/wp-json\/wp\/v2\/types\/page"}],"author":[{"embeddable":true,"href":"https:\/\/wp.ufpel.edu.br\/fae\/wp-json\/wp\/v2\/users\/325"}],"replies":[{"embeddable":true,"href":"https:\/\/wp.ufpel.edu.br\/fae\/wp-json\/wp\/v2\/comments?post=2509"}],"version-history":[{"count":2,"href":"https:\/\/wp.ufpel.edu.br\/fae\/wp-json\/wp\/v2\/pages\/2509\/revisions"}],"predecessor-version":[{"id":2583,"href":"https:\/\/wp.ufpel.edu.br\/fae\/wp-json\/wp\/v2\/pages\/2509\/revisions\/2583"}],"wp:attachment":[{"href":"https:\/\/wp.ufpel.edu.br\/fae\/wp-json\/wp\/v2\/media?parent=2509"}],"curies":[{"name":"wp","href":"https:\/\/api.w.org\/{rel}","templated":true}]}}