{"id":2066,"date":"2020-03-12T08:17:25","date_gmt":"2020-03-12T11:17:25","guid":{"rendered":"https:\/\/wp.ufpel.edu.br\/fae\/?page_id=2066"},"modified":"2020-03-12T08:17:25","modified_gmt":"2020-03-12T11:17:25","slug":"pet-fronteiras","status":"publish","type":"page","link":"https:\/\/wp.ufpel.edu.br\/fae\/programas-e-projetos\/pet-fronteiras\/","title":{"rendered":"PET FRONTEIRAS"},"content":{"rendered":"<div class=\"gmail_default\">PET FRONTEIRAS: saberes e pr\u00e1ticas populares<\/div>\n<div class=\"gmail_default\">Grupo\u00a0 ativo desde 2012<\/div>\n<div><\/div>\n<div>\n<div>\n<div>\n<div style=\"text-align: right\">Tutora: Denise Marcos Bussoletti<span style=\"color: #000000\"><br \/>\n<\/span><\/div>\n<\/div>\n<\/div>\n<div>\n<div>\n<p>O PET FRONTEIRAS: SABERES E PR\u00c1TICAS POPULARES possui abrang\u00eancia institucional no \u00e2mbito da Universidade Federal de Pelotas. \u00c9 orientado pelo princ\u00edpio da indissociabilidade entre ensino, pesquisa e extens\u00e3o. Possui como objetivo tematizar os saberes e pr\u00e1ticas populares focalizando a produ\u00e7\u00e3o de conhecimentos verificados atrav\u00e9s das manifesta\u00e7\u00f5es culturais que se desenvolvem nas comunidades populares urbanas da cidade de Pelotas visando \u00e0 interlocu\u00e7\u00e3o com o que \u00e9 produzido pela universidade.<\/p>\n<p>Sustenta-se por uma proposta de educa\u00e7\u00e3o voltada \u00e0 diversidade social e o respeito aos direitos humanos como princ\u00edpios nos marcos que os estudos culturais conferem como sendo o de uma Pedagogia da Fronteira.\u00a0Nesta perspectiva, atua na constru\u00e7\u00e3o de um processo de forma\u00e7\u00e3o envolvido com possibilidades de pensar e de fazer o ensino, a pesquisa e a extens\u00e3o de forma cr\u00edtica e participativa com elevado padr\u00e3o de qualidade e de excel\u00eancia, promovendo o sucesso acad\u00eamico e a conclus\u00e3o dos cursos aos quais se vinculam os estudantes oriundos das comunidades populares em condi\u00e7\u00e3o de vulnerabilidade social e econ\u00f4mica.<\/p>\n<\/div>\n<\/div>\n<\/div>\n","protected":false},"excerpt":{"rendered":"<p>PET FRONTEIRAS: saberes e pr\u00e1ticas populares Grupo\u00a0 ativo desde 2012 Tutora: Denise Marcos Bussoletti O PET FRONTEIRAS: SABERES E PR\u00c1TICAS POPULARES possui abrang\u00eancia institucional no \u00e2mbito da Universidade Federal de Pelotas. \u00c9 orientado pelo princ\u00edpio da indissociabilidade entre ensino, pesquisa e extens\u00e3o. Possui como objetivo tematizar os saberes e pr\u00e1ticas populares focalizando a produ\u00e7\u00e3o de [&hellip;]<\/p>\n","protected":false},"author":325,"featured_media":0,"parent":261,"menu_order":0,"comment_status":"closed","ping_status":"closed","template":"","meta":{"jetpack_post_was_ever_published":false,"footnotes":""},"class_list":["post-2066","page","type-page","status-publish","hentry"],"yoast_head":"<!-- This site is optimized with the Yoast SEO plugin v26.7 - https:\/\/yoast.com\/wordpress\/plugins\/seo\/ -->\n<title>PET FRONTEIRAS - FACULDADE DE EDUCA\u00c7\u00c3O - Ufpel<\/title>\n<meta name=\"robots\" content=\"index, follow, max-snippet:-1, max-image-preview:large, max-video-preview:-1\" \/>\n<link rel=\"canonical\" href=\"https:\/\/wp.ufpel.edu.br\/fae\/programas-e-projetos\/pet-fronteiras\/\" \/>\n<meta property=\"og:locale\" content=\"pt_BR\" \/>\n<meta property=\"og:type\" content=\"article\" \/>\n<meta property=\"og:title\" content=\"PET FRONTEIRAS - FACULDADE DE EDUCA\u00c7\u00c3O - Ufpel\" \/>\n<meta property=\"og:description\" content=\"PET FRONTEIRAS: saberes e pr\u00e1ticas populares Grupo\u00a0 ativo desde 2012 Tutora: Denise Marcos Bussoletti O PET FRONTEIRAS: SABERES E PR\u00c1TICAS POPULARES possui abrang\u00eancia institucional no \u00e2mbito da Universidade Federal de Pelotas. \u00c9 orientado pelo princ\u00edpio da indissociabilidade entre ensino, pesquisa e extens\u00e3o. Possui como objetivo tematizar os saberes e pr\u00e1ticas populares focalizando a produ\u00e7\u00e3o de [&hellip;]\" \/>\n<meta property=\"og:url\" content=\"https:\/\/wp.ufpel.edu.br\/fae\/programas-e-projetos\/pet-fronteiras\/\" \/>\n<meta property=\"og:site_name\" content=\"FACULDADE DE EDUCA\u00c7\u00c3O - Ufpel\" \/>\n<meta name=\"twitter:card\" content=\"summary_large_image\" \/>\n<meta name=\"twitter:label1\" content=\"Est. tempo de leitura\" \/>\n\t<meta name=\"twitter:data1\" content=\"1 minuto\" \/>\n<script type=\"application\/ld+json\" class=\"yoast-schema-graph\">{\"@context\":\"https:\/\/schema.org\",\"@graph\":[{\"@type\":\"WebPage\",\"@id\":\"https:\/\/wp.ufpel.edu.br\/fae\/programas-e-projetos\/pet-fronteiras\/\",\"url\":\"https:\/\/wp.ufpel.edu.br\/fae\/programas-e-projetos\/pet-fronteiras\/\",\"name\":\"PET FRONTEIRAS - FACULDADE DE EDUCA\u00c7\u00c3O - Ufpel\",\"isPartOf\":{\"@id\":\"https:\/\/wp.ufpel.edu.br\/fae\/#website\"},\"datePublished\":\"2020-03-12T11:17:25+00:00\",\"breadcrumb\":{\"@id\":\"https:\/\/wp.ufpel.edu.br\/fae\/programas-e-projetos\/pet-fronteiras\/#breadcrumb\"},\"inLanguage\":\"pt-BR\",\"potentialAction\":[{\"@type\":\"ReadAction\",\"target\":[\"https:\/\/wp.ufpel.edu.br\/fae\/programas-e-projetos\/pet-fronteiras\/\"]}]},{\"@type\":\"BreadcrumbList\",\"@id\":\"https:\/\/wp.ufpel.edu.br\/fae\/programas-e-projetos\/pet-fronteiras\/#breadcrumb\",\"itemListElement\":[{\"@type\":\"ListItem\",\"position\":1,\"name\":\"In\u00edcio\",\"item\":\"https:\/\/wp.ufpel.edu.br\/fae\/\"},{\"@type\":\"ListItem\",\"position\":2,\"name\":\"Programas Institucionais\",\"item\":\"https:\/\/wp.ufpel.edu.br\/fae\/programas-e-projetos\/\"},{\"@type\":\"ListItem\",\"position\":3,\"name\":\"PET FRONTEIRAS\"}]},{\"@type\":\"WebSite\",\"@id\":\"https:\/\/wp.ufpel.edu.br\/fae\/#website\",\"url\":\"https:\/\/wp.ufpel.edu.br\/fae\/\",\"name\":\"FACULDADE DE EDUCA\u00c7\u00c3O - Ufpel\",\"description\":\"\",\"potentialAction\":[{\"@type\":\"SearchAction\",\"target\":{\"@type\":\"EntryPoint\",\"urlTemplate\":\"https:\/\/wp.ufpel.edu.br\/fae\/?s={search_term_string}\"},\"query-input\":{\"@type\":\"PropertyValueSpecification\",\"valueRequired\":true,\"valueName\":\"search_term_string\"}}],\"inLanguage\":\"pt-BR\"}]}<\/script>\n<!-- \/ Yoast SEO plugin. -->","yoast_head_json":{"title":"PET FRONTEIRAS - FACULDADE DE EDUCA\u00c7\u00c3O - Ufpel","robots":{"index":"index","follow":"follow","max-snippet":"max-snippet:-1","max-image-preview":"max-image-preview:large","max-video-preview":"max-video-preview:-1"},"canonical":"https:\/\/wp.ufpel.edu.br\/fae\/programas-e-projetos\/pet-fronteiras\/","og_locale":"pt_BR","og_type":"article","og_title":"PET FRONTEIRAS - FACULDADE DE EDUCA\u00c7\u00c3O - Ufpel","og_description":"PET FRONTEIRAS: saberes e pr\u00e1ticas populares Grupo\u00a0 ativo desde 2012 Tutora: Denise Marcos Bussoletti O PET FRONTEIRAS: SABERES E PR\u00c1TICAS POPULARES possui abrang\u00eancia institucional no \u00e2mbito da Universidade Federal de Pelotas. \u00c9 orientado pelo princ\u00edpio da indissociabilidade entre ensino, pesquisa e extens\u00e3o. Possui como objetivo tematizar os saberes e pr\u00e1ticas populares focalizando a produ\u00e7\u00e3o de [&hellip;]","og_url":"https:\/\/wp.ufpel.edu.br\/fae\/programas-e-projetos\/pet-fronteiras\/","og_site_name":"FACULDADE DE EDUCA\u00c7\u00c3O - Ufpel","twitter_card":"summary_large_image","twitter_misc":{"Est. tempo de leitura":"1 minuto"},"schema":{"@context":"https:\/\/schema.org","@graph":[{"@type":"WebPage","@id":"https:\/\/wp.ufpel.edu.br\/fae\/programas-e-projetos\/pet-fronteiras\/","url":"https:\/\/wp.ufpel.edu.br\/fae\/programas-e-projetos\/pet-fronteiras\/","name":"PET FRONTEIRAS - FACULDADE DE EDUCA\u00c7\u00c3O - Ufpel","isPartOf":{"@id":"https:\/\/wp.ufpel.edu.br\/fae\/#website"},"datePublished":"2020-03-12T11:17:25+00:00","breadcrumb":{"@id":"https:\/\/wp.ufpel.edu.br\/fae\/programas-e-projetos\/pet-fronteiras\/#breadcrumb"},"inLanguage":"pt-BR","potentialAction":[{"@type":"ReadAction","target":["https:\/\/wp.ufpel.edu.br\/fae\/programas-e-projetos\/pet-fronteiras\/"]}]},{"@type":"BreadcrumbList","@id":"https:\/\/wp.ufpel.edu.br\/fae\/programas-e-projetos\/pet-fronteiras\/#breadcrumb","itemListElement":[{"@type":"ListItem","position":1,"name":"In\u00edcio","item":"https:\/\/wp.ufpel.edu.br\/fae\/"},{"@type":"ListItem","position":2,"name":"Programas Institucionais","item":"https:\/\/wp.ufpel.edu.br\/fae\/programas-e-projetos\/"},{"@type":"ListItem","position":3,"name":"PET FRONTEIRAS"}]},{"@type":"WebSite","@id":"https:\/\/wp.ufpel.edu.br\/fae\/#website","url":"https:\/\/wp.ufpel.edu.br\/fae\/","name":"FACULDADE DE EDUCA\u00c7\u00c3O - Ufpel","description":"","potentialAction":[{"@type":"SearchAction","target":{"@type":"EntryPoint","urlTemplate":"https:\/\/wp.ufpel.edu.br\/fae\/?s={search_term_string}"},"query-input":{"@type":"PropertyValueSpecification","valueRequired":true,"valueName":"search_term_string"}}],"inLanguage":"pt-BR"}]}},"jetpack_sharing_enabled":true,"jetpack_shortlink":"https:\/\/wp.me\/P6QmCH-xk","jetpack_likes_enabled":true,"_links":{"self":[{"href":"https:\/\/wp.ufpel.edu.br\/fae\/wp-json\/wp\/v2\/pages\/2066","targetHints":{"allow":["GET"]}}],"collection":[{"href":"https:\/\/wp.ufpel.edu.br\/fae\/wp-json\/wp\/v2\/pages"}],"about":[{"href":"https:\/\/wp.ufpel.edu.br\/fae\/wp-json\/wp\/v2\/types\/page"}],"author":[{"embeddable":true,"href":"https:\/\/wp.ufpel.edu.br\/fae\/wp-json\/wp\/v2\/users\/325"}],"replies":[{"embeddable":true,"href":"https:\/\/wp.ufpel.edu.br\/fae\/wp-json\/wp\/v2\/comments?post=2066"}],"version-history":[{"count":2,"href":"https:\/\/wp.ufpel.edu.br\/fae\/wp-json\/wp\/v2\/pages\/2066\/revisions"}],"predecessor-version":[{"id":2069,"href":"https:\/\/wp.ufpel.edu.br\/fae\/wp-json\/wp\/v2\/pages\/2066\/revisions\/2069"}],"up":[{"embeddable":true,"href":"https:\/\/wp.ufpel.edu.br\/fae\/wp-json\/wp\/v2\/pages\/261"}],"wp:attachment":[{"href":"https:\/\/wp.ufpel.edu.br\/fae\/wp-json\/wp\/v2\/media?parent=2066"}],"curies":[{"name":"wp","href":"https:\/\/api.w.org\/{rel}","templated":true}]}}