{"id":1873,"date":"2018-08-15T11:49:02","date_gmt":"2018-08-15T14:49:02","guid":{"rendered":"https:\/\/wp.ufpel.edu.br\/fae\/?page_id=1873"},"modified":"2025-03-24T17:03:32","modified_gmt":"2025-03-24T20:03:32","slug":"horarios-pedagogia","status":"publish","type":"page","link":"https:\/\/wp.ufpel.edu.br\/fae\/horarios-pedagogia\/","title":{"rendered":"Hor\u00e1rios das Disciplinas da Pedagogia"},"content":{"rendered":"\n<!-- iframe plugin v.6.0 wordpress.org\/plugins\/iframe\/ -->\n<iframe src=\"https:\/\/docs.google.com\/document\/d\/e\/2PACX-1vQLVG12uteIX4G2suwiO0o6ID2PYllQz2tP-7_3SGnRF22Fxgw-dVuTQwNZGTABY8qmgSGHf2naRCoa\/pub\" width=\"100%\" height=\"500\" scrolling=\"yes\" class=\"iframe-class\" frameborder=\"0\"><\/iframe>\n\n","protected":false},"excerpt":{"rendered":"","protected":false},"author":325,"featured_media":0,"parent":0,"menu_order":0,"comment_status":"closed","ping_status":"closed","template":"","meta":{"jetpack_post_was_ever_published":false,"footnotes":""},"class_list":["post-1873","page","type-page","status-publish","hentry"],"yoast_head":"<!-- This site is optimized with the Yoast SEO plugin v26.7 - https:\/\/yoast.com\/wordpress\/plugins\/seo\/ -->\n<title>Hor\u00e1rios das Disciplinas da Pedagogia - FACULDADE DE EDUCA\u00c7\u00c3O - Ufpel<\/title>\n<meta name=\"robots\" content=\"index, follow, max-snippet:-1, max-image-preview:large, max-video-preview:-1\" \/>\n<link rel=\"canonical\" href=\"https:\/\/wp.ufpel.edu.br\/fae\/horarios-pedagogia\/\" \/>\n<meta property=\"og:locale\" content=\"pt_BR\" \/>\n<meta property=\"og:type\" content=\"article\" \/>\n<meta property=\"og:title\" content=\"Hor\u00e1rios das Disciplinas da Pedagogia - FACULDADE DE EDUCA\u00c7\u00c3O - Ufpel\" \/>\n<meta property=\"og:url\" content=\"https:\/\/wp.ufpel.edu.br\/fae\/horarios-pedagogia\/\" \/>\n<meta property=\"og:site_name\" content=\"FACULDADE DE EDUCA\u00c7\u00c3O - Ufpel\" \/>\n<meta property=\"article:modified_time\" content=\"2025-03-24T20:03:32+00:00\" \/>\n<meta name=\"twitter:card\" content=\"summary_large_image\" \/>\n<meta name=\"twitter:label1\" content=\"Est. tempo de leitura\" \/>\n\t<meta name=\"twitter:data1\" content=\"1 minuto\" \/>\n<script type=\"application\/ld+json\" class=\"yoast-schema-graph\">{\"@context\":\"https:\/\/schema.org\",\"@graph\":[{\"@type\":\"WebPage\",\"@id\":\"https:\/\/wp.ufpel.edu.br\/fae\/horarios-pedagogia\/\",\"url\":\"https:\/\/wp.ufpel.edu.br\/fae\/horarios-pedagogia\/\",\"name\":\"Hor\u00e1rios das Disciplinas da Pedagogia - FACULDADE DE EDUCA\u00c7\u00c3O - Ufpel\",\"isPartOf\":{\"@id\":\"https:\/\/wp.ufpel.edu.br\/fae\/#website\"},\"datePublished\":\"2018-08-15T14:49:02+00:00\",\"dateModified\":\"2025-03-24T20:03:32+00:00\",\"breadcrumb\":{\"@id\":\"https:\/\/wp.ufpel.edu.br\/fae\/horarios-pedagogia\/#breadcrumb\"},\"inLanguage\":\"pt-BR\",\"potentialAction\":[{\"@type\":\"ReadAction\",\"target\":[\"https:\/\/wp.ufpel.edu.br\/fae\/horarios-pedagogia\/\"]}]},{\"@type\":\"BreadcrumbList\",\"@id\":\"https:\/\/wp.ufpel.edu.br\/fae\/horarios-pedagogia\/#breadcrumb\",\"itemListElement\":[{\"@type\":\"ListItem\",\"position\":1,\"name\":\"In\u00edcio\",\"item\":\"https:\/\/wp.ufpel.edu.br\/fae\/\"},{\"@type\":\"ListItem\",\"position\":2,\"name\":\"Hor\u00e1rios das Disciplinas da Pedagogia\"}]},{\"@type\":\"WebSite\",\"@id\":\"https:\/\/wp.ufpel.edu.br\/fae\/#website\",\"url\":\"https:\/\/wp.ufpel.edu.br\/fae\/\",\"name\":\"FACULDADE DE EDUCA\u00c7\u00c3O - Ufpel\",\"description\":\"\",\"potentialAction\":[{\"@type\":\"SearchAction\",\"target\":{\"@type\":\"EntryPoint\",\"urlTemplate\":\"https:\/\/wp.ufpel.edu.br\/fae\/?s={search_term_string}\"},\"query-input\":{\"@type\":\"PropertyValueSpecification\",\"valueRequired\":true,\"valueName\":\"search_term_string\"}}],\"inLanguage\":\"pt-BR\"}]}<\/script>\n<!-- \/ Yoast SEO plugin. -->","yoast_head_json":{"title":"Hor\u00e1rios das Disciplinas da Pedagogia - FACULDADE DE EDUCA\u00c7\u00c3O - Ufpel","robots":{"index":"index","follow":"follow","max-snippet":"max-snippet:-1","max-image-preview":"max-image-preview:large","max-video-preview":"max-video-preview:-1"},"canonical":"https:\/\/wp.ufpel.edu.br\/fae\/horarios-pedagogia\/","og_locale":"pt_BR","og_type":"article","og_title":"Hor\u00e1rios das Disciplinas da Pedagogia - FACULDADE DE EDUCA\u00c7\u00c3O - Ufpel","og_url":"https:\/\/wp.ufpel.edu.br\/fae\/horarios-pedagogia\/","og_site_name":"FACULDADE DE EDUCA\u00c7\u00c3O - Ufpel","article_modified_time":"2025-03-24T20:03:32+00:00","twitter_card":"summary_large_image","twitter_misc":{"Est. tempo de leitura":"1 minuto"},"schema":{"@context":"https:\/\/schema.org","@graph":[{"@type":"WebPage","@id":"https:\/\/wp.ufpel.edu.br\/fae\/horarios-pedagogia\/","url":"https:\/\/wp.ufpel.edu.br\/fae\/horarios-pedagogia\/","name":"Hor\u00e1rios das Disciplinas da Pedagogia - FACULDADE DE EDUCA\u00c7\u00c3O - Ufpel","isPartOf":{"@id":"https:\/\/wp.ufpel.edu.br\/fae\/#website"},"datePublished":"2018-08-15T14:49:02+00:00","dateModified":"2025-03-24T20:03:32+00:00","breadcrumb":{"@id":"https:\/\/wp.ufpel.edu.br\/fae\/horarios-pedagogia\/#breadcrumb"},"inLanguage":"pt-BR","potentialAction":[{"@type":"ReadAction","target":["https:\/\/wp.ufpel.edu.br\/fae\/horarios-pedagogia\/"]}]},{"@type":"BreadcrumbList","@id":"https:\/\/wp.ufpel.edu.br\/fae\/horarios-pedagogia\/#breadcrumb","itemListElement":[{"@type":"ListItem","position":1,"name":"In\u00edcio","item":"https:\/\/wp.ufpel.edu.br\/fae\/"},{"@type":"ListItem","position":2,"name":"Hor\u00e1rios das Disciplinas da Pedagogia"}]},{"@type":"WebSite","@id":"https:\/\/wp.ufpel.edu.br\/fae\/#website","url":"https:\/\/wp.ufpel.edu.br\/fae\/","name":"FACULDADE DE EDUCA\u00c7\u00c3O - Ufpel","description":"","potentialAction":[{"@type":"SearchAction","target":{"@type":"EntryPoint","urlTemplate":"https:\/\/wp.ufpel.edu.br\/fae\/?s={search_term_string}"},"query-input":{"@type":"PropertyValueSpecification","valueRequired":true,"valueName":"search_term_string"}}],"inLanguage":"pt-BR"}]}},"jetpack_sharing_enabled":true,"jetpack_shortlink":"https:\/\/wp.me\/P6QmCH-ud","jetpack_likes_enabled":true,"_links":{"self":[{"href":"https:\/\/wp.ufpel.edu.br\/fae\/wp-json\/wp\/v2\/pages\/1873","targetHints":{"allow":["GET"]}}],"collection":[{"href":"https:\/\/wp.ufpel.edu.br\/fae\/wp-json\/wp\/v2\/pages"}],"about":[{"href":"https:\/\/wp.ufpel.edu.br\/fae\/wp-json\/wp\/v2\/types\/page"}],"author":[{"embeddable":true,"href":"https:\/\/wp.ufpel.edu.br\/fae\/wp-json\/wp\/v2\/users\/325"}],"replies":[{"embeddable":true,"href":"https:\/\/wp.ufpel.edu.br\/fae\/wp-json\/wp\/v2\/comments?post=1873"}],"version-history":[{"count":13,"href":"https:\/\/wp.ufpel.edu.br\/fae\/wp-json\/wp\/v2\/pages\/1873\/revisions"}],"predecessor-version":[{"id":2706,"href":"https:\/\/wp.ufpel.edu.br\/fae\/wp-json\/wp\/v2\/pages\/1873\/revisions\/2706"}],"wp:attachment":[{"href":"https:\/\/wp.ufpel.edu.br\/fae\/wp-json\/wp\/v2\/media?parent=1873"}],"curies":[{"name":"wp","href":"https:\/\/api.w.org\/{rel}","templated":true}]}}