{"id":1673,"date":"2017-06-02T10:52:03","date_gmt":"2017-06-02T13:52:03","guid":{"rendered":"https:\/\/wp.ufpel.edu.br\/fae\/?page_id=1673"},"modified":"2025-01-04T16:00:13","modified_gmt":"2025-01-04T19:00:13","slug":"horarios-universais","status":"publish","type":"page","link":"https:\/\/wp.ufpel.edu.br\/fae\/horarios-universais\/","title":{"rendered":"Hor\u00e1rios das Disciplinas Universais"},"content":{"rendered":"<h1>Endere\u00e7os dos Pr\u00e9dios da UFPel<\/h1>\n<p>CCHS &#8211; Rua Alberto Rosa, 154<br \/>\nFAURB &#8211; Rua Benjamin Constant, 1359<br \/>\nCONDE &#8211; Rua Conde de Porto Alegre, 793<br \/>\nCampus II &#8211; Rua Alm. Barroso, 1202<br \/>\nAnglo &#8211; Rua Gomes Carneiro, 1<\/p>\n\n<!-- iframe plugin v.6.0 wordpress.org\/plugins\/iframe\/ -->\n<iframe src=\"https:\/\/docs.google.com\/spreadsheets\/d\/e\/2PACX-1vRd0y6UXsWwJ_kno9Qu7hI9vDky_PX010U61utaNAx2ajEev7pIUkcH1EmmEC_cHAynHfgac6g7NaWv\/pubhtml?gid=1556513977&#038;single=true\" width=\"100%\" height=\"500\" scrolling=\"yes\" class=\"iframe-class\" frameborder=\"0\"><\/iframe>\n\n","protected":false},"excerpt":{"rendered":"<p>Endere\u00e7os dos Pr\u00e9dios da UFPel CCHS &#8211; Rua Alberto Rosa, 154 FAURB &#8211; Rua Benjamin Constant, 1359 CONDE &#8211; Rua Conde de Porto Alegre, 793 Campus II &#8211; Rua Alm. Barroso, 1202 Anglo &#8211; Rua Gomes Carneiro, 1<\/p>\n","protected":false},"author":325,"featured_media":0,"parent":0,"menu_order":0,"comment_status":"closed","ping_status":"closed","template":"","meta":{"jetpack_post_was_ever_published":false,"footnotes":""},"class_list":["post-1673","page","type-page","status-publish","hentry"],"yoast_head":"<!-- This site is optimized with the Yoast SEO plugin v26.7 - https:\/\/yoast.com\/wordpress\/plugins\/seo\/ -->\n<title>Hor\u00e1rios das Disciplinas Universais - FACULDADE DE EDUCA\u00c7\u00c3O - Ufpel<\/title>\n<meta name=\"robots\" content=\"index, follow, max-snippet:-1, max-image-preview:large, max-video-preview:-1\" \/>\n<link rel=\"canonical\" href=\"https:\/\/wp.ufpel.edu.br\/fae\/horarios-universais\/\" \/>\n<meta property=\"og:locale\" content=\"pt_BR\" \/>\n<meta property=\"og:type\" content=\"article\" \/>\n<meta property=\"og:title\" content=\"Hor\u00e1rios das Disciplinas Universais - FACULDADE DE EDUCA\u00c7\u00c3O - Ufpel\" \/>\n<meta property=\"og:description\" content=\"Endere\u00e7os dos Pr\u00e9dios da UFPel CCHS &#8211; Rua Alberto Rosa, 154 FAURB &#8211; Rua Benjamin Constant, 1359 CONDE &#8211; Rua Conde de Porto Alegre, 793 Campus II &#8211; Rua Alm. Barroso, 1202 Anglo &#8211; Rua Gomes Carneiro, 1\" \/>\n<meta property=\"og:url\" content=\"https:\/\/wp.ufpel.edu.br\/fae\/horarios-universais\/\" \/>\n<meta property=\"og:site_name\" content=\"FACULDADE DE EDUCA\u00c7\u00c3O - Ufpel\" \/>\n<meta property=\"article:modified_time\" content=\"2025-01-04T19:00:13+00:00\" \/>\n<meta name=\"twitter:card\" content=\"summary_large_image\" \/>\n<meta name=\"twitter:label1\" content=\"Est. tempo de leitura\" \/>\n\t<meta name=\"twitter:data1\" content=\"1 minuto\" \/>\n<script type=\"application\/ld+json\" class=\"yoast-schema-graph\">{\"@context\":\"https:\/\/schema.org\",\"@graph\":[{\"@type\":\"WebPage\",\"@id\":\"https:\/\/wp.ufpel.edu.br\/fae\/horarios-universais\/\",\"url\":\"https:\/\/wp.ufpel.edu.br\/fae\/horarios-universais\/\",\"name\":\"Hor\u00e1rios das Disciplinas Universais - FACULDADE DE EDUCA\u00c7\u00c3O - Ufpel\",\"isPartOf\":{\"@id\":\"https:\/\/wp.ufpel.edu.br\/fae\/#website\"},\"datePublished\":\"2017-06-02T13:52:03+00:00\",\"dateModified\":\"2025-01-04T19:00:13+00:00\",\"breadcrumb\":{\"@id\":\"https:\/\/wp.ufpel.edu.br\/fae\/horarios-universais\/#breadcrumb\"},\"inLanguage\":\"pt-BR\",\"potentialAction\":[{\"@type\":\"ReadAction\",\"target\":[\"https:\/\/wp.ufpel.edu.br\/fae\/horarios-universais\/\"]}]},{\"@type\":\"BreadcrumbList\",\"@id\":\"https:\/\/wp.ufpel.edu.br\/fae\/horarios-universais\/#breadcrumb\",\"itemListElement\":[{\"@type\":\"ListItem\",\"position\":1,\"name\":\"In\u00edcio\",\"item\":\"https:\/\/wp.ufpel.edu.br\/fae\/\"},{\"@type\":\"ListItem\",\"position\":2,\"name\":\"Hor\u00e1rios das Disciplinas Universais\"}]},{\"@type\":\"WebSite\",\"@id\":\"https:\/\/wp.ufpel.edu.br\/fae\/#website\",\"url\":\"https:\/\/wp.ufpel.edu.br\/fae\/\",\"name\":\"FACULDADE DE EDUCA\u00c7\u00c3O - Ufpel\",\"description\":\"\",\"potentialAction\":[{\"@type\":\"SearchAction\",\"target\":{\"@type\":\"EntryPoint\",\"urlTemplate\":\"https:\/\/wp.ufpel.edu.br\/fae\/?s={search_term_string}\"},\"query-input\":{\"@type\":\"PropertyValueSpecification\",\"valueRequired\":true,\"valueName\":\"search_term_string\"}}],\"inLanguage\":\"pt-BR\"}]}<\/script>\n<!-- \/ Yoast SEO plugin. -->","yoast_head_json":{"title":"Hor\u00e1rios das Disciplinas Universais - FACULDADE DE EDUCA\u00c7\u00c3O - Ufpel","robots":{"index":"index","follow":"follow","max-snippet":"max-snippet:-1","max-image-preview":"max-image-preview:large","max-video-preview":"max-video-preview:-1"},"canonical":"https:\/\/wp.ufpel.edu.br\/fae\/horarios-universais\/","og_locale":"pt_BR","og_type":"article","og_title":"Hor\u00e1rios das Disciplinas Universais - FACULDADE DE EDUCA\u00c7\u00c3O - Ufpel","og_description":"Endere\u00e7os dos Pr\u00e9dios da UFPel CCHS &#8211; Rua Alberto Rosa, 154 FAURB &#8211; Rua Benjamin Constant, 1359 CONDE &#8211; Rua Conde de Porto Alegre, 793 Campus II &#8211; Rua Alm. Barroso, 1202 Anglo &#8211; Rua Gomes Carneiro, 1","og_url":"https:\/\/wp.ufpel.edu.br\/fae\/horarios-universais\/","og_site_name":"FACULDADE DE EDUCA\u00c7\u00c3O - Ufpel","article_modified_time":"2025-01-04T19:00:13+00:00","twitter_card":"summary_large_image","twitter_misc":{"Est. tempo de leitura":"1 minuto"},"schema":{"@context":"https:\/\/schema.org","@graph":[{"@type":"WebPage","@id":"https:\/\/wp.ufpel.edu.br\/fae\/horarios-universais\/","url":"https:\/\/wp.ufpel.edu.br\/fae\/horarios-universais\/","name":"Hor\u00e1rios das Disciplinas Universais - FACULDADE DE EDUCA\u00c7\u00c3O - Ufpel","isPartOf":{"@id":"https:\/\/wp.ufpel.edu.br\/fae\/#website"},"datePublished":"2017-06-02T13:52:03+00:00","dateModified":"2025-01-04T19:00:13+00:00","breadcrumb":{"@id":"https:\/\/wp.ufpel.edu.br\/fae\/horarios-universais\/#breadcrumb"},"inLanguage":"pt-BR","potentialAction":[{"@type":"ReadAction","target":["https:\/\/wp.ufpel.edu.br\/fae\/horarios-universais\/"]}]},{"@type":"BreadcrumbList","@id":"https:\/\/wp.ufpel.edu.br\/fae\/horarios-universais\/#breadcrumb","itemListElement":[{"@type":"ListItem","position":1,"name":"In\u00edcio","item":"https:\/\/wp.ufpel.edu.br\/fae\/"},{"@type":"ListItem","position":2,"name":"Hor\u00e1rios das Disciplinas Universais"}]},{"@type":"WebSite","@id":"https:\/\/wp.ufpel.edu.br\/fae\/#website","url":"https:\/\/wp.ufpel.edu.br\/fae\/","name":"FACULDADE DE EDUCA\u00c7\u00c3O - Ufpel","description":"","potentialAction":[{"@type":"SearchAction","target":{"@type":"EntryPoint","urlTemplate":"https:\/\/wp.ufpel.edu.br\/fae\/?s={search_term_string}"},"query-input":{"@type":"PropertyValueSpecification","valueRequired":true,"valueName":"search_term_string"}}],"inLanguage":"pt-BR"}]}},"jetpack_sharing_enabled":true,"jetpack_shortlink":"https:\/\/wp.me\/P6QmCH-qZ","jetpack_likes_enabled":true,"_links":{"self":[{"href":"https:\/\/wp.ufpel.edu.br\/fae\/wp-json\/wp\/v2\/pages\/1673","targetHints":{"allow":["GET"]}}],"collection":[{"href":"https:\/\/wp.ufpel.edu.br\/fae\/wp-json\/wp\/v2\/pages"}],"about":[{"href":"https:\/\/wp.ufpel.edu.br\/fae\/wp-json\/wp\/v2\/types\/page"}],"author":[{"embeddable":true,"href":"https:\/\/wp.ufpel.edu.br\/fae\/wp-json\/wp\/v2\/users\/325"}],"replies":[{"embeddable":true,"href":"https:\/\/wp.ufpel.edu.br\/fae\/wp-json\/wp\/v2\/comments?post=1673"}],"version-history":[{"count":22,"href":"https:\/\/wp.ufpel.edu.br\/fae\/wp-json\/wp\/v2\/pages\/1673\/revisions"}],"predecessor-version":[{"id":2710,"href":"https:\/\/wp.ufpel.edu.br\/fae\/wp-json\/wp\/v2\/pages\/1673\/revisions\/2710"}],"wp:attachment":[{"href":"https:\/\/wp.ufpel.edu.br\/fae\/wp-json\/wp\/v2\/media?parent=1673"}],"curies":[{"name":"wp","href":"https:\/\/api.w.org\/{rel}","templated":true}]}}