{"id":1631,"date":"2017-05-15T09:07:26","date_gmt":"2017-05-15T12:07:26","guid":{"rendered":"https:\/\/wp.ufpel.edu.br\/fae\/?page_id=1631"},"modified":"2022-06-01T14:41:26","modified_gmt":"2022-06-01T17:41:26","slug":"livros","status":"publish","type":"page","link":"https:\/\/wp.ufpel.edu.br\/fae\/livros\/","title":{"rendered":"Livros"},"content":{"rendered":"<ul>\n<li><strong>Educa\u00e7\u00e3o no Campo<\/strong> &#8211; <strong>l<\/strong><b>ivro produzido a partir do I SIFEDOC, realizada em Pelotas no ano de 2012.<\/b><\/li>\n<\/ul>\n<p><b>\u00a0 \u00a0 \u00a0 \u00a0 \u00a0 \u21d2\u00a0<span style=\"color: #993366;\"><a style=\"color: #993366;\" href=\"https:\/\/wp.ufpel.edu.br\/fae\/files\/2017\/05\/Campo-e-cidade-em-busca-de-caminhos-comuns.pdf\">Campo e cidade em busca de caminhos comuns<\/a><\/span>\u00a0(download)<\/b><\/p>\n<ul>\n<li><a href=\"http:\/\/oikoseditora.com.br\/files\/Curr%C3%ADculos%20e%20profissionalidades%20docentes%20-%20E-book.pdf\">Curr\u00edculos e profissionalidades docentes: licenciaturas em Pedagogia e Matem\u00e1tica em universidades p\u00fablicas ga\u00fachas. Maria Manuela Alves Garcia, Mara Rejane Vieira Os\u00f3rio e M\u00e1rcia Souza da Fonseca (Organizadoras). S\u00e3o Leopoldo: Oikos, 2020. (ebook)<\/a><\/li>\n<li><\/li>\n<li><a href=\"https:\/\/www.dropbox.com\/s\/1yui7iko11h6h4s\/Retratos.pdf?dl=0\">Retratos da alfabetiza\u00e7\u00e3o na pandemia da COVID-19: resultados de uma pesquisa em rede<\/a><\/li>\n<li><img data-recalc-dims=\"1\" class=\"\" src=\"https:\/\/i0.wp.com\/www.rumo.com.br\/lojas\/00034487\/images\/capas_Ebooks\/Retratos_site.jpg?resize=148%2C213&#038;ssl=1\" width=\"148\" height=\"213\" \/><\/li>\n<\/ul>\n","protected":false},"excerpt":{"rendered":"<p>Educa\u00e7\u00e3o no Campo &#8211; livro produzido a partir do I SIFEDOC, realizada em Pelotas no ano de 2012. \u00a0 \u00a0 \u00a0 \u00a0 \u00a0 \u21d2\u00a0Campo e cidade em busca de caminhos comuns\u00a0(download) Curr\u00edculos e profissionalidades docentes: licenciaturas em Pedagogia e Matem\u00e1tica em universidades p\u00fablicas ga\u00fachas. Maria Manuela Alves Garcia, Mara Rejane Vieira Os\u00f3rio e M\u00e1rcia Souza [&hellip;]<\/p>\n","protected":false},"author":325,"featured_media":0,"parent":0,"menu_order":0,"comment_status":"closed","ping_status":"closed","template":"","meta":{"jetpack_post_was_ever_published":false,"footnotes":""},"class_list":["post-1631","page","type-page","status-publish","hentry"],"yoast_head":"<!-- This site is optimized with the Yoast SEO plugin v26.7 - https:\/\/yoast.com\/wordpress\/plugins\/seo\/ -->\n<title>Livros - FACULDADE DE EDUCA\u00c7\u00c3O - Ufpel<\/title>\n<meta name=\"robots\" content=\"index, follow, max-snippet:-1, max-image-preview:large, max-video-preview:-1\" \/>\n<link rel=\"canonical\" href=\"https:\/\/wp.ufpel.edu.br\/fae\/educacao-do-campo__trashed\/livros\/\" \/>\n<meta property=\"og:locale\" content=\"pt_BR\" \/>\n<meta property=\"og:type\" content=\"article\" \/>\n<meta property=\"og:title\" content=\"Livros - FACULDADE DE EDUCA\u00c7\u00c3O - Ufpel\" \/>\n<meta property=\"og:description\" content=\"Educa\u00e7\u00e3o no Campo &#8211; livro produzido a partir do I SIFEDOC, realizada em Pelotas no ano de 2012. \u00a0 \u00a0 \u00a0 \u00a0 \u00a0 \u21d2\u00a0Campo e cidade em busca de caminhos comuns\u00a0(download) Curr\u00edculos e profissionalidades docentes: licenciaturas em Pedagogia e Matem\u00e1tica em universidades p\u00fablicas ga\u00fachas. Maria Manuela Alves Garcia, Mara Rejane Vieira Os\u00f3rio e M\u00e1rcia Souza [&hellip;]\" \/>\n<meta property=\"og:url\" content=\"https:\/\/wp.ufpel.edu.br\/fae\/educacao-do-campo__trashed\/livros\/\" \/>\n<meta property=\"og:site_name\" content=\"FACULDADE DE EDUCA\u00c7\u00c3O - Ufpel\" \/>\n<meta property=\"article:modified_time\" content=\"2022-06-01T17:41:26+00:00\" \/>\n<meta property=\"og:image\" content=\"https:\/\/www.rumo.com.br\/lojas\/00034487\/images\/capas_Ebooks\/Retratos_site.jpg\" \/>\n<meta name=\"twitter:card\" content=\"summary_large_image\" \/>\n<meta name=\"twitter:label1\" content=\"Est. tempo de leitura\" \/>\n\t<meta name=\"twitter:data1\" content=\"1 minuto\" \/>\n<script type=\"application\/ld+json\" class=\"yoast-schema-graph\">{\"@context\":\"https:\/\/schema.org\",\"@graph\":[{\"@type\":\"WebPage\",\"@id\":\"https:\/\/wp.ufpel.edu.br\/fae\/educacao-do-campo__trashed\/livros\/\",\"url\":\"https:\/\/wp.ufpel.edu.br\/fae\/educacao-do-campo__trashed\/livros\/\",\"name\":\"Livros - FACULDADE DE EDUCA\u00c7\u00c3O - Ufpel\",\"isPartOf\":{\"@id\":\"https:\/\/wp.ufpel.edu.br\/fae\/#website\"},\"primaryImageOfPage\":{\"@id\":\"https:\/\/wp.ufpel.edu.br\/fae\/educacao-do-campo__trashed\/livros\/#primaryimage\"},\"image\":{\"@id\":\"https:\/\/wp.ufpel.edu.br\/fae\/educacao-do-campo__trashed\/livros\/#primaryimage\"},\"thumbnailUrl\":\"https:\/\/www.rumo.com.br\/lojas\/00034487\/images\/capas_Ebooks\/Retratos_site.jpg\",\"datePublished\":\"2017-05-15T12:07:26+00:00\",\"dateModified\":\"2022-06-01T17:41:26+00:00\",\"breadcrumb\":{\"@id\":\"https:\/\/wp.ufpel.edu.br\/fae\/educacao-do-campo__trashed\/livros\/#breadcrumb\"},\"inLanguage\":\"pt-BR\",\"potentialAction\":[{\"@type\":\"ReadAction\",\"target\":[\"https:\/\/wp.ufpel.edu.br\/fae\/educacao-do-campo__trashed\/livros\/\"]}]},{\"@type\":\"ImageObject\",\"inLanguage\":\"pt-BR\",\"@id\":\"https:\/\/wp.ufpel.edu.br\/fae\/educacao-do-campo__trashed\/livros\/#primaryimage\",\"url\":\"https:\/\/www.rumo.com.br\/lojas\/00034487\/images\/capas_Ebooks\/Retratos_site.jpg\",\"contentUrl\":\"https:\/\/www.rumo.com.br\/lojas\/00034487\/images\/capas_Ebooks\/Retratos_site.jpg\"},{\"@type\":\"BreadcrumbList\",\"@id\":\"https:\/\/wp.ufpel.edu.br\/fae\/educacao-do-campo__trashed\/livros\/#breadcrumb\",\"itemListElement\":[{\"@type\":\"ListItem\",\"position\":1,\"name\":\"In\u00edcio\",\"item\":\"https:\/\/wp.ufpel.edu.br\/fae\/\"},{\"@type\":\"ListItem\",\"position\":2,\"name\":\"Livros\"}]},{\"@type\":\"WebSite\",\"@id\":\"https:\/\/wp.ufpel.edu.br\/fae\/#website\",\"url\":\"https:\/\/wp.ufpel.edu.br\/fae\/\",\"name\":\"FACULDADE DE EDUCA\u00c7\u00c3O - Ufpel\",\"description\":\"\",\"potentialAction\":[{\"@type\":\"SearchAction\",\"target\":{\"@type\":\"EntryPoint\",\"urlTemplate\":\"https:\/\/wp.ufpel.edu.br\/fae\/?s={search_term_string}\"},\"query-input\":{\"@type\":\"PropertyValueSpecification\",\"valueRequired\":true,\"valueName\":\"search_term_string\"}}],\"inLanguage\":\"pt-BR\"}]}<\/script>\n<!-- \/ Yoast SEO plugin. -->","yoast_head_json":{"title":"Livros - FACULDADE DE EDUCA\u00c7\u00c3O - Ufpel","robots":{"index":"index","follow":"follow","max-snippet":"max-snippet:-1","max-image-preview":"max-image-preview:large","max-video-preview":"max-video-preview:-1"},"canonical":"https:\/\/wp.ufpel.edu.br\/fae\/educacao-do-campo__trashed\/livros\/","og_locale":"pt_BR","og_type":"article","og_title":"Livros - FACULDADE DE EDUCA\u00c7\u00c3O - Ufpel","og_description":"Educa\u00e7\u00e3o no Campo &#8211; livro produzido a partir do I SIFEDOC, realizada em Pelotas no ano de 2012. \u00a0 \u00a0 \u00a0 \u00a0 \u00a0 \u21d2\u00a0Campo e cidade em busca de caminhos comuns\u00a0(download) Curr\u00edculos e profissionalidades docentes: licenciaturas em Pedagogia e Matem\u00e1tica em universidades p\u00fablicas ga\u00fachas. Maria Manuela Alves Garcia, Mara Rejane Vieira Os\u00f3rio e M\u00e1rcia Souza [&hellip;]","og_url":"https:\/\/wp.ufpel.edu.br\/fae\/educacao-do-campo__trashed\/livros\/","og_site_name":"FACULDADE DE EDUCA\u00c7\u00c3O - Ufpel","article_modified_time":"2022-06-01T17:41:26+00:00","og_image":[{"url":"https:\/\/www.rumo.com.br\/lojas\/00034487\/images\/capas_Ebooks\/Retratos_site.jpg","type":"","width":"","height":""}],"twitter_card":"summary_large_image","twitter_misc":{"Est. tempo de leitura":"1 minuto"},"schema":{"@context":"https:\/\/schema.org","@graph":[{"@type":"WebPage","@id":"https:\/\/wp.ufpel.edu.br\/fae\/educacao-do-campo__trashed\/livros\/","url":"https:\/\/wp.ufpel.edu.br\/fae\/educacao-do-campo__trashed\/livros\/","name":"Livros - FACULDADE DE EDUCA\u00c7\u00c3O - Ufpel","isPartOf":{"@id":"https:\/\/wp.ufpel.edu.br\/fae\/#website"},"primaryImageOfPage":{"@id":"https:\/\/wp.ufpel.edu.br\/fae\/educacao-do-campo__trashed\/livros\/#primaryimage"},"image":{"@id":"https:\/\/wp.ufpel.edu.br\/fae\/educacao-do-campo__trashed\/livros\/#primaryimage"},"thumbnailUrl":"https:\/\/www.rumo.com.br\/lojas\/00034487\/images\/capas_Ebooks\/Retratos_site.jpg","datePublished":"2017-05-15T12:07:26+00:00","dateModified":"2022-06-01T17:41:26+00:00","breadcrumb":{"@id":"https:\/\/wp.ufpel.edu.br\/fae\/educacao-do-campo__trashed\/livros\/#breadcrumb"},"inLanguage":"pt-BR","potentialAction":[{"@type":"ReadAction","target":["https:\/\/wp.ufpel.edu.br\/fae\/educacao-do-campo__trashed\/livros\/"]}]},{"@type":"ImageObject","inLanguage":"pt-BR","@id":"https:\/\/wp.ufpel.edu.br\/fae\/educacao-do-campo__trashed\/livros\/#primaryimage","url":"https:\/\/www.rumo.com.br\/lojas\/00034487\/images\/capas_Ebooks\/Retratos_site.jpg","contentUrl":"https:\/\/www.rumo.com.br\/lojas\/00034487\/images\/capas_Ebooks\/Retratos_site.jpg"},{"@type":"BreadcrumbList","@id":"https:\/\/wp.ufpel.edu.br\/fae\/educacao-do-campo__trashed\/livros\/#breadcrumb","itemListElement":[{"@type":"ListItem","position":1,"name":"In\u00edcio","item":"https:\/\/wp.ufpel.edu.br\/fae\/"},{"@type":"ListItem","position":2,"name":"Livros"}]},{"@type":"WebSite","@id":"https:\/\/wp.ufpel.edu.br\/fae\/#website","url":"https:\/\/wp.ufpel.edu.br\/fae\/","name":"FACULDADE DE EDUCA\u00c7\u00c3O - Ufpel","description":"","potentialAction":[{"@type":"SearchAction","target":{"@type":"EntryPoint","urlTemplate":"https:\/\/wp.ufpel.edu.br\/fae\/?s={search_term_string}"},"query-input":{"@type":"PropertyValueSpecification","valueRequired":true,"valueName":"search_term_string"}}],"inLanguage":"pt-BR"}]}},"jetpack_sharing_enabled":true,"jetpack_shortlink":"https:\/\/wp.me\/P6QmCH-qj","jetpack_likes_enabled":true,"_links":{"self":[{"href":"https:\/\/wp.ufpel.edu.br\/fae\/wp-json\/wp\/v2\/pages\/1631","targetHints":{"allow":["GET"]}}],"collection":[{"href":"https:\/\/wp.ufpel.edu.br\/fae\/wp-json\/wp\/v2\/pages"}],"about":[{"href":"https:\/\/wp.ufpel.edu.br\/fae\/wp-json\/wp\/v2\/types\/page"}],"author":[{"embeddable":true,"href":"https:\/\/wp.ufpel.edu.br\/fae\/wp-json\/wp\/v2\/users\/325"}],"replies":[{"embeddable":true,"href":"https:\/\/wp.ufpel.edu.br\/fae\/wp-json\/wp\/v2\/comments?post=1631"}],"version-history":[{"count":6,"href":"https:\/\/wp.ufpel.edu.br\/fae\/wp-json\/wp\/v2\/pages\/1631\/revisions"}],"predecessor-version":[{"id":2485,"href":"https:\/\/wp.ufpel.edu.br\/fae\/wp-json\/wp\/v2\/pages\/1631\/revisions\/2485"}],"wp:attachment":[{"href":"https:\/\/wp.ufpel.edu.br\/fae\/wp-json\/wp\/v2\/media?parent=1631"}],"curies":[{"name":"wp","href":"https:\/\/api.w.org\/{rel}","templated":true}]}}