{"id":40,"date":"2012-04-12T14:27:52","date_gmt":"2012-04-12T17:27:52","guid":{"rendered":"https:\/\/wp.ufpel.edu.br\/fabianosoutorosa\/"},"modified":"2014-02-09T22:39:44","modified_gmt":"2014-02-10T00:39:44","slug":"artigos-4","status":"publish","type":"page","link":"https:\/\/wp.ufpel.edu.br\/fabianosoutorosa\/publicacao\/artigos-4\/","title":{"rendered":"Artigos  e Livros &#8211; ROSA, Fabiano Souto"},"content":{"rendered":"<p><a href=\"https:\/\/wp.ufpel.edu.br\/fabianosoutorosa\/files\/2012\/04\/1629-6197-1-PB.pdf\" target=\"_blank\">PDF<\/a> &#8211; LITERATURA SURDA: CRIA\u00c7\u00c3O E PRODU\u00c7\u00c3O DE IMAGENS E TEXTOS.<br \/>\nROSA, Fabiano Souto.<\/p>\n<div>\n<div>\n<div>\n<div>\n<div>\n<div>\n<div>\n<div>\n<p><a href=\"https:\/\/wp.ufpel.edu.br\/fabianosoutorosa\/files\/2012\/04\/CIC-2009-UFPel.pdf\">PDF<\/a> &#8211; LITERATURA SURDA: MARCAS SURDAS COMPARTILHADAS.<br \/>\nROSA, Fabiano Souto.<br \/>\nKLEIN, Madalena.<\/p>\n<p><a href=\"https:\/\/wp.ufpel.edu.br\/fabianosoutorosa\/files\/2012\/04\/PRODU\u00c7\u00c3O-DE-MATERIAL-DID\u00c1TICO-PARA-O-ENSINO-DE-LIBRAS-A-DIST\u00c2NCIA-UMA-DISCUSS\u00c3O-SOBRE-DESAFIOS-E-SUPERA\u00c7\u00d5ES-DID\u00c1TICAS-E-DE-DESIGN.pdf\">PDF<\/a> &#8211;\u00a0PRODU\u00c7\u00c3O DE MATERIAL DID\u00c1TICO PARA O ENSINO DE LIBRAS A DIST\u00c2NCIA: UMA DISCUSS\u00c3O SOBRE DESAFIOS E SUPERA\u00c7\u00d5ES DID\u00c1TICAS E DE DESIGN.<br \/>\nROSA, Fabiano Souto.<br \/>\nLEBEDEFF, Tatiana Bolivar<\/p>\n<p>PDF &#8211;<\/p>\n<\/div>\n<\/div>\n<\/div>\n<\/div>\n<\/div>\n<\/div>\n<\/div>\n<\/div>\n","protected":false},"excerpt":{"rendered":"<p>PDF &#8211; LITERATURA SURDA: CRIA\u00c7\u00c3O E PRODU\u00c7\u00c3O DE IMAGENS E TEXTOS. ROSA, Fabiano Souto. PDF &#8211; LITERATURA SURDA: MARCAS SURDAS COMPARTILHADAS. ROSA, Fabiano Souto. KLEIN, Madalena. PDF &#8211;\u00a0PRODU\u00c7\u00c3O DE MATERIAL DID\u00c1TICO PARA O ENSINO DE LIBRAS A DIST\u00c2NCIA: UMA DISCUSS\u00c3O SOBRE DESAFIOS E SUPERA\u00c7\u00d5ES DID\u00c1TICAS E DE DESIGN. ROSA, Fabiano Souto. LEBEDEFF, Tatiana Bolivar PDF [&hellip;]<\/p>\n","protected":false},"author":177,"featured_media":0,"parent":42,"menu_order":0,"comment_status":"closed","ping_status":"closed","template":"","meta":{"footnotes":""},"class_list":["post-40","page","type-page","status-publish","hentry"],"jetpack_sharing_enabled":true,"_links":{"self":[{"href":"https:\/\/wp.ufpel.edu.br\/fabianosoutorosa\/wp-json\/wp\/v2\/pages\/40","targetHints":{"allow":["GET"]}}],"collection":[{"href":"https:\/\/wp.ufpel.edu.br\/fabianosoutorosa\/wp-json\/wp\/v2\/pages"}],"about":[{"href":"https:\/\/wp.ufpel.edu.br\/fabianosoutorosa\/wp-json\/wp\/v2\/types\/page"}],"author":[{"embeddable":true,"href":"https:\/\/wp.ufpel.edu.br\/fabianosoutorosa\/wp-json\/wp\/v2\/users\/177"}],"replies":[{"embeddable":true,"href":"https:\/\/wp.ufpel.edu.br\/fabianosoutorosa\/wp-json\/wp\/v2\/comments?post=40"}],"version-history":[{"count":9,"href":"https:\/\/wp.ufpel.edu.br\/fabianosoutorosa\/wp-json\/wp\/v2\/pages\/40\/revisions"}],"predecessor-version":[{"id":202,"href":"https:\/\/wp.ufpel.edu.br\/fabianosoutorosa\/wp-json\/wp\/v2\/pages\/40\/revisions\/202"}],"up":[{"embeddable":true,"href":"https:\/\/wp.ufpel.edu.br\/fabianosoutorosa\/wp-json\/wp\/v2\/pages\/42"}],"wp:attachment":[{"href":"https:\/\/wp.ufpel.edu.br\/fabianosoutorosa\/wp-json\/wp\/v2\/media?parent=40"}],"curies":[{"name":"wp","href":"https:\/\/api.w.org\/{rel}","templated":true}]}}