{"id":2,"date":"2012-04-12T11:27:07","date_gmt":"2012-04-12T14:27:07","guid":{"rendered":"https:\/\/wp.ufpel.edu.br\/fabianosoutorosa\/?page_id=2"},"modified":"2014-02-09T23:32:01","modified_gmt":"2014-02-10T01:32:01","slug":"sobre","status":"publish","type":"page","link":"https:\/\/wp.ufpel.edu.br\/fabianosoutorosa\/sobre\/","title":{"rendered":"Sobre Professor"},"content":{"rendered":"<p style=\"text-align: justify\">Mestre em Educa\u00e7\u00e3o, atualmente Professor Assistente de L\u00edngua Brasileira de Sinais &#8211; Libras do Centro de Letras e Comunica\u00e7\u00e3o, formado especializa\u00e7\u00e3o da Universidade Federal de Santa Catarina (UFSC), formado Gradua\u00e7\u00e3o em Licenciatura Plena Pedagogia pela Universidade Luterana do Brasil (ULBRA). Coordenador de projeto de pesquisa:<span style=\"line-height: normal\"> A realidade UFPEL \u201cZEROLIBRAS\u201d e o desafio da produ\u00e7\u00e3o de uma disciplina de Libras na Modalidade a Dist\u00e2ncia e colabora\u00e7\u00e3o de projeto de extens\u00e3o: Produ\u00e7\u00e3o, Consumo e Circula\u00e7\u00e3o da cultura surda brasileira. <\/span>Grupo Interinstitucional de Pesquisa em Educa\u00e7\u00e3o de Surdos \/ GIPES da UNISINOS (CNPq).<\/p>\n<p style=\"text-align: justify\">LATTES: <a href=\"http:\/\/lattes.cnpq.br\/0827970294812223\" target=\"_blank\">http:\/\/lattes.cnpq.br\/0827970294812223<\/a><\/p>\n","protected":false},"excerpt":{"rendered":"<p>Mestre em Educa\u00e7\u00e3o, atualmente Professor Assistente de L\u00edngua Brasileira de Sinais &#8211; Libras do Centro de Letras e Comunica\u00e7\u00e3o, formado especializa\u00e7\u00e3o da Universidade Federal de Santa Catarina (UFSC), formado Gradua\u00e7\u00e3o em Licenciatura Plena Pedagogia pela Universidade Luterana do Brasil (ULBRA). Coordenador de projeto de pesquisa: A realidade UFPEL \u201cZEROLIBRAS\u201d e o desafio da produ\u00e7\u00e3o de [&hellip;]<\/p>\n","protected":false},"author":177,"featured_media":0,"parent":0,"menu_order":0,"comment_status":"closed","ping_status":"closed","template":"","meta":{"footnotes":""},"class_list":["post-2","page","type-page","status-publish","hentry"],"jetpack_sharing_enabled":true,"_links":{"self":[{"href":"https:\/\/wp.ufpel.edu.br\/fabianosoutorosa\/wp-json\/wp\/v2\/pages\/2","targetHints":{"allow":["GET"]}}],"collection":[{"href":"https:\/\/wp.ufpel.edu.br\/fabianosoutorosa\/wp-json\/wp\/v2\/pages"}],"about":[{"href":"https:\/\/wp.ufpel.edu.br\/fabianosoutorosa\/wp-json\/wp\/v2\/types\/page"}],"author":[{"embeddable":true,"href":"https:\/\/wp.ufpel.edu.br\/fabianosoutorosa\/wp-json\/wp\/v2\/users\/177"}],"replies":[{"embeddable":true,"href":"https:\/\/wp.ufpel.edu.br\/fabianosoutorosa\/wp-json\/wp\/v2\/comments?post=2"}],"version-history":[{"count":7,"href":"https:\/\/wp.ufpel.edu.br\/fabianosoutorosa\/wp-json\/wp\/v2\/pages\/2\/revisions"}],"predecessor-version":[{"id":232,"href":"https:\/\/wp.ufpel.edu.br\/fabianosoutorosa\/wp-json\/wp\/v2\/pages\/2\/revisions\/232"}],"wp:attachment":[{"href":"https:\/\/wp.ufpel.edu.br\/fabianosoutorosa\/wp-json\/wp\/v2\/media?parent=2"}],"curies":[{"name":"wp","href":"https:\/\/api.w.org\/{rel}","templated":true}]}}