{"id":29,"date":"2025-10-29T16:44:15","date_gmt":"2025-10-29T19:44:15","guid":{"rendered":"https:\/\/wp.ufpel.edu.br\/extensaoesociedade\/?page_id=29"},"modified":"2025-10-29T16:44:15","modified_gmt":"2025-10-29T19:44:15","slug":"extensao-e-sociedade-5","status":"publish","type":"page","link":"https:\/\/wp.ufpel.edu.br\/extensaoesociedade\/extensao-e-sociedade-5\/","title":{"rendered":"Extens\u00e3o e sociedade 5"},"content":{"rendered":"<p>Em constru\u00e7\u00e3o<\/p>\n","protected":false},"excerpt":{"rendered":"<p>Em constru\u00e7\u00e3o<\/p>\n","protected":false},"author":1522,"featured_media":0,"parent":0,"menu_order":0,"comment_status":"closed","ping_status":"closed","template":"","meta":{"footnotes":""},"class_list":["post-29","page","type-page","status-publish","hentry"],"_links":{"self":[{"href":"https:\/\/wp.ufpel.edu.br\/extensaoesociedade\/wp-json\/wp\/v2\/pages\/29","targetHints":{"allow":["GET"]}}],"collection":[{"href":"https:\/\/wp.ufpel.edu.br\/extensaoesociedade\/wp-json\/wp\/v2\/pages"}],"about":[{"href":"https:\/\/wp.ufpel.edu.br\/extensaoesociedade\/wp-json\/wp\/v2\/types\/page"}],"author":[{"embeddable":true,"href":"https:\/\/wp.ufpel.edu.br\/extensaoesociedade\/wp-json\/wp\/v2\/users\/1522"}],"replies":[{"embeddable":true,"href":"https:\/\/wp.ufpel.edu.br\/extensaoesociedade\/wp-json\/wp\/v2\/comments?post=29"}],"version-history":[{"count":1,"href":"https:\/\/wp.ufpel.edu.br\/extensaoesociedade\/wp-json\/wp\/v2\/pages\/29\/revisions"}],"predecessor-version":[{"id":31,"href":"https:\/\/wp.ufpel.edu.br\/extensaoesociedade\/wp-json\/wp\/v2\/pages\/29\/revisions\/31"}],"wp:attachment":[{"href":"https:\/\/wp.ufpel.edu.br\/extensaoesociedade\/wp-json\/wp\/v2\/media?parent=29"}],"curies":[{"name":"wp","href":"https:\/\/api.w.org\/{rel}","templated":true}]}}