{"id":10,"date":"2025-10-29T16:40:37","date_gmt":"2025-10-29T19:40:37","guid":{"rendered":"https:\/\/wp.ufpel.edu.br\/extensaoesociedade\/?page_id=10"},"modified":"2025-10-31T19:21:10","modified_gmt":"2025-10-31T22:21:10","slug":"sobre-o-projeto","status":"publish","type":"page","link":"https:\/\/wp.ufpel.edu.br\/extensaoesociedade\/sobre-o-projeto\/","title":{"rendered":"Sobre o projeto"},"content":{"rendered":"<p>O projeto est\u00e1 vinculado as disciplinas de \u00a0Extens\u00e3o e Sociedade, do Curso de Ci\u00eancias Sociais Licenciatura, e em cada uma delas se pretende desenvolver com os alunos uma transposi\u00e7\u00e3o did\u00e1tica das teorias e conceitos dos precursores e \u00a0te\u00f3ricos na forma\u00e7\u00e3o da sociologia, da ci\u00eancia pol\u00edtica e da antropologia, vinculados ao pensamento cl\u00e1ssico e contempor\u00e2neo, al\u00e9m \u00a0de \u00a0suas influ\u00eancias intelectuais, instrumentalizando os alunos para a trabalhar com a comunidade escolar os princ\u00edpios das ci\u00eancias sociais e da analise social. Disponibilizando, assim, \u00a0para professores, alunos e \u00a0todo comunidade escolar, neste site, os produtos did\u00e1ticos transpostos produzidos.<\/p>\n","protected":false},"excerpt":{"rendered":"<p>O projeto est\u00e1 vinculado as disciplinas de \u00a0Extens\u00e3o e Sociedade, do Curso de Ci\u00eancias Sociais Licenciatura, e em cada uma delas se pretende desenvolver com os alunos uma transposi\u00e7\u00e3o did\u00e1tica das teorias e conceitos dos precursores e \u00a0te\u00f3ricos na forma\u00e7\u00e3o da sociologia, da ci\u00eancia pol\u00edtica e da antropologia, vinculados ao pensamento cl\u00e1ssico e contempor\u00e2neo, al\u00e9m [&hellip;]<\/p>\n","protected":false},"author":1522,"featured_media":0,"parent":0,"menu_order":0,"comment_status":"closed","ping_status":"closed","template":"","meta":{"footnotes":""},"class_list":["post-10","page","type-page","status-publish","hentry"],"_links":{"self":[{"href":"https:\/\/wp.ufpel.edu.br\/extensaoesociedade\/wp-json\/wp\/v2\/pages\/10","targetHints":{"allow":["GET"]}}],"collection":[{"href":"https:\/\/wp.ufpel.edu.br\/extensaoesociedade\/wp-json\/wp\/v2\/pages"}],"about":[{"href":"https:\/\/wp.ufpel.edu.br\/extensaoesociedade\/wp-json\/wp\/v2\/types\/page"}],"author":[{"embeddable":true,"href":"https:\/\/wp.ufpel.edu.br\/extensaoesociedade\/wp-json\/wp\/v2\/users\/1522"}],"replies":[{"embeddable":true,"href":"https:\/\/wp.ufpel.edu.br\/extensaoesociedade\/wp-json\/wp\/v2\/comments?post=10"}],"version-history":[{"count":4,"href":"https:\/\/wp.ufpel.edu.br\/extensaoesociedade\/wp-json\/wp\/v2\/pages\/10\/revisions"}],"predecessor-version":[{"id":60,"href":"https:\/\/wp.ufpel.edu.br\/extensaoesociedade\/wp-json\/wp\/v2\/pages\/10\/revisions\/60"}],"wp:attachment":[{"href":"https:\/\/wp.ufpel.edu.br\/extensaoesociedade\/wp-json\/wp\/v2\/media?parent=10"}],"curies":[{"name":"wp","href":"https:\/\/api.w.org\/{rel}","templated":true}]}}