{"id":86,"date":"2024-08-29T16:18:02","date_gmt":"2024-08-29T19:18:02","guid":{"rendered":"https:\/\/wp.ufpel.edu.br\/extensao\/?page_id=86"},"modified":"2024-10-14T15:53:46","modified_gmt":"2024-10-14T18:53:46","slug":"formacao","status":"publish","type":"page","link":"https:\/\/wp.ufpel.edu.br\/extensao\/formacao\/","title":{"rendered":"Forma\u00e7\u00e3o"},"content":{"rendered":"<div id=\"title\" class=\"style-scope ytd-watch-metadata\">\n<p class=\"style-scope ytd-watch-metadata\"><strong>Aspectos hist\u00f3ricos e pr\u00e1ticos da curriculariza\u00e7\u00e3o da extens\u00e3o<\/strong><\/p>\n<\/div>\n<div id=\"bottom-row\" class=\"style-scope ytd-watch-metadata\">\n<div id=\"description\" class=\"item style-scope ytd-watch-metadata\">\n<div id=\"description-inner\" class=\"style-scope ytd-watch-metadata\"><span class=\"yt-core-attributed-string yt-core-attributed-string--white-space-pre-wrap\" dir=\"auto\" role=\"text\"><span class=\"yt-core-attributed-string--link-inherit-color\" dir=\"auto\">A Pr\u00f3-Reitoria de Extens\u00e3o e Cultura &#8211; PREC e a Pr\u00f3-Reitoria de Ensino &#8211; PRE promovem, no dia 6 de dezembro \u00e0s 19h, uma live sobre a Curriculariza\u00e7\u00e3o da Extens\u00e3o. O convidado \u00e9 o Prof. Dr. Daniel Pansarelli da Universidade Federal do ABC &#8211; UFABC. Atualmente exercendo o cargo de Chefe de Gabinete da Reitoria da UFABC, foi Pr\u00f3-reitor de Extens\u00e3o e Cultura de 2014 a 2018 e Presidente Nacional do F\u00f3rum de Pr\u00f3-Reitores de Extens\u00e3o das Universidades P\u00fablicas Brasileiras &#8211; FORPROEX de 2017 a 2018.<\/span><\/span><\/div>\n<div><\/div>\n<\/div>\n<\/div>\n<p><iframe loading=\"lazy\" title=\"YouTube video player\" src=\"https:\/\/www.youtube.com\/embed\/DK_BQoG9iWE?si=nRl-LE7CcJbmOR4E\" width=\"560\" height=\"315\" frameborder=\"0\" allowfullscreen=\"allowfullscreen\"><\/iframe><\/p>\n<p><strong>Conversando sobre Extens\u00e3o<\/strong><br \/>\nTema: &#8221; Extens\u00e3o no seu curr\u00edculo \u2013 o protagonismo do estudante na extens\u00e3o universit\u00e1ria&#8221;<br \/>\nApresentador:<br \/>\nProf. Felipe Herrmann \u2013 Coordenador de Extens\u00e3o e Desenvolvimento Social<br \/>\n<iframe loading=\"lazy\" title=\"YouTube video player\" src=\"https:\/\/www.youtube.com\/embed\/JNzdt68rCDI?si=qcnX9V2-mGAlGLum\" width=\"560\" height=\"315\" frameborder=\"0\" allowfullscreen=\"allowfullscreen\"><\/iframe><\/p>\n","protected":false},"excerpt":{"rendered":"<p>Aspectos hist\u00f3ricos e pr\u00e1ticos da curriculariza\u00e7\u00e3o da extens\u00e3o A Pr\u00f3-Reitoria de Extens\u00e3o e Cultura &#8211; PREC e a Pr\u00f3-Reitoria de Ensino &#8211; PRE promovem, no dia 6 de dezembro \u00e0s 19h, uma live sobre a Curriculariza\u00e7\u00e3o da Extens\u00e3o. O convidado \u00e9 o Prof. Dr. Daniel Pansarelli da Universidade Federal do ABC &#8211; UFABC. Atualmente exercendo<a class=\"more-link\" href=\"https:\/\/wp.ufpel.edu.br\/extensao\/formacao\/\">Continue reading <span class=\"screen-reader-text\">&#8220;Forma\u00e7\u00e3o&#8221;<\/span><\/a><\/p>\n","protected":false},"author":1395,"featured_media":0,"parent":0,"menu_order":0,"comment_status":"closed","ping_status":"closed","template":"","meta":{"footnotes":""},"tags":[],"class_list":["post-86","page","type-page","status-publish","hentry"],"jetpack_sharing_enabled":true,"_links":{"self":[{"href":"https:\/\/wp.ufpel.edu.br\/extensao\/wp-json\/wp\/v2\/pages\/86","targetHints":{"allow":["GET"]}}],"collection":[{"href":"https:\/\/wp.ufpel.edu.br\/extensao\/wp-json\/wp\/v2\/pages"}],"about":[{"href":"https:\/\/wp.ufpel.edu.br\/extensao\/wp-json\/wp\/v2\/types\/page"}],"author":[{"embeddable":true,"href":"https:\/\/wp.ufpel.edu.br\/extensao\/wp-json\/wp\/v2\/users\/1395"}],"replies":[{"embeddable":true,"href":"https:\/\/wp.ufpel.edu.br\/extensao\/wp-json\/wp\/v2\/comments?post=86"}],"version-history":[{"count":5,"href":"https:\/\/wp.ufpel.edu.br\/extensao\/wp-json\/wp\/v2\/pages\/86\/revisions"}],"predecessor-version":[{"id":98,"href":"https:\/\/wp.ufpel.edu.br\/extensao\/wp-json\/wp\/v2\/pages\/86\/revisions\/98"}],"wp:attachment":[{"href":"https:\/\/wp.ufpel.edu.br\/extensao\/wp-json\/wp\/v2\/media?parent=86"}],"wp:term":[{"taxonomy":"post_tag","embeddable":true,"href":"https:\/\/wp.ufpel.edu.br\/extensao\/wp-json\/wp\/v2\/tags?post=86"}],"curies":[{"name":"wp","href":"https:\/\/api.w.org\/{rel}","templated":true}]}}