{"id":46,"date":"2024-08-29T15:46:29","date_gmt":"2024-08-29T18:46:29","guid":{"rendered":"https:\/\/wp.ufpel.edu.br\/extensao\/?page_id=46"},"modified":"2024-09-03T14:17:37","modified_gmt":"2024-09-03T17:17:37","slug":"outras-ies","status":"publish","type":"page","link":"https:\/\/wp.ufpel.edu.br\/extensao\/outras-ies\/","title":{"rendered":"Outras experi\u00eancias"},"content":{"rendered":"<p class=\"ph-subheader pd-ctitle\">Integraliza\u00e7\u00e3o Curricular em Outras IES<\/p>\n<div class=\"pd-filenamebox\">\n<ul>\n<li>Inser\u00e7\u00e3o Curricular no IFSC &#8211; <a class=\"\" style=\"background-color: #ffffff; -size: 1.8rem;\" href=\"https:\/\/dex.unb.br\/normativas-ies?download=1047:insercao-curricular-no-ifsc\">Insero curricular no IFSC &#8211; resoluo 40.2016.pdf<\/a><\/li>\n<li><span style=\"-size: 1.8rem;\">Inser\u00e7\u00e3o Curricular na UNIFESP &#8211; <\/span><a class=\"\" style=\"-size: 1.8rem; background-color: #ffffff;\" href=\"https:\/\/dex.unb.br\/normativas-ies?download=1048:insercao-curricular-na-unifesp\">Insero curricular na UNIFESP &#8211; resoluo 139.2017.pdf<\/a><\/li>\n<\/ul>\n<\/div>\n<div class=\"pd-filenamebox\">\n<ul>\n<li class=\"pd-title\">Inser\u00e7\u00e3o Curricular na UFRJ &#8211; <a class=\"\" style=\"background-color: #ffffff; -size: 1.8rem;\" href=\"https:\/\/dex.unb.br\/normativas-ies?download=1049:insercao-curricular-na-ufrj\">Insero curricular na UFRJ &#8211; resoluo 02.2013.pdf<\/a><\/li>\n<\/ul>\n<\/div>\n<div class=\"pd-filenamebox\">\n<ul>\n<li class=\"pd-title\">Inser\u00e7\u00e3o Curricular na UFC &#8211;\u00a0<a class=\"\" style=\"background-color: #ffffff; -size: 1.8rem;\" href=\"https:\/\/dex.unb.br\/normativas-ies?download=1050:insercao-curricular-na-ufc\">Insero curricular na UFC &#8211; resoluo 28.2017.pdf<\/a><\/li>\n<\/ul>\n<\/div>\n<div class=\"pd-filenamebox\">\n<ul>\n<li class=\"pd-title\">Inser\u00e7\u00e3o Curricular na UFC &#8211;\u00a0<a class=\"\" style=\"background-color: #ffffff; -size: 1.8rem;\" href=\"https:\/\/dex.unb.br\/normativas-ies?download=1051:insercao-curricular-na-ufc\">Insero curricular na UFAL &#8211; resoluo 04.2018.pdf<\/a><\/li>\n<\/ul>\n<\/div>\n<div class=\"pd-filenamebox\">\n<ul>\n<li class=\"pd-title\">Inser\u00e7\u00e3o Curricular na UERN &#8211;\u00a0<a class=\"\" style=\"background-color: #ffffff; -size: 1.8rem;\" href=\"https:\/\/dex.unb.br\/normativas-ies?download=1052:insercao-curricular-na-uern\">Insero curricular na UERN &#8211; resoluo 25.2017.pdf<\/a><\/li>\n<\/ul>\n<\/div>\n<div class=\"pd-filenamebox\">\n<ul>\n<li class=\"pd-title\">Inser\u00e7\u00e3o Curricular na UFPEL &#8211; <a class=\"\" style=\"background-color: #ffffff; -size: 1.8rem;\" href=\"https:\/\/dex.unb.br\/normativas-ies?download=1053:insercao-curricular-na-ufpel\">Insero curricular da UFPEL &#8211; Resoluo 06.2016.pdf<\/a><\/li>\n<\/ul>\n<\/div>\n<div class=\"pd-filenamebox\">\n<ul>\n<li class=\"pd-title\">Inser\u00e7\u00e3o Curricular na UFMG &#8211;\u00a0<a class=\"\" style=\"background-color: #ffffff; -size: 1.8rem;\" href=\"https:\/\/dex.unb.br\/normativas-ies?download=1054:insercao-curricular-na-ufmg\">Insero Curricular na UFMG.pdf<\/a><\/li>\n<\/ul>\n<\/div>\n<div class=\"pd-filenamebox\">\n<ul>\n<li class=\"pd-title\">Inser\u00e7\u00e3o Curricular na UFSB &#8211; Diretrizes para a Curriculariza\u00e7\u00e3o da Extens\u00e3o na UFSB &#8211;\u00a0<a class=\"\" style=\"background-color: #ffffff; -size: 1.8rem;\" href=\"https:\/\/dex.unb.br\/normativas-ies?download=2049:insercao-curricular-na-ufsb\">GuiaUniversidade Federal do Sulda Bahia 1.pdf<\/a><\/li>\n<\/ul>\n<\/div>\n<div class=\"pd-filebox\">\n<ul>\n<li class=\"pd-title\">Inser\u00e7\u00e3o Curricular na UFSB &#8211; \u00c9tica na Extens\u00e3o &#8211;\u00a0<a class=\"\" style=\"background-color: #ffffff; -size: 1.8rem;\" href=\"https:\/\/dex.unb.br\/normativas-ies?download=2050:insercao-curricular-na-ufsb-etica-na-extensao\">Guia Universidade Federal do Sul da Bahia2.pdf<\/a><\/li>\n<li>Credita\u00e7\u00e3o da Extens\u00e3o Universit\u00e1ria nos Cursos de Gradua\u00e7\u00e3o \u2013 Relato De Experi\u00eancia. BENETTI, P. C.; SOUSA, A. I.; SOUZA, M. H. N. Dispon\u00edvel em:\u00a0<a href=\"http:\/\/www.unesp.br\/Home\/proex\/artigo_experiencia-ufrj.pdf\">http:\/\/www.unesp.br\/Home\/proex\/artigo_experiencia-ufrj.pdf<\/a><\/li>\n<li>Curriculariza\u00e7\u00e3o\u201d da extens\u00e3o universit\u00e1ria no Brasil \u2013 quest\u00f5es estruturais e conjunturais de uma pol\u00edtica p\u00fablica. IMPERATORE, S. L. B.; PEDDE, V.\u00a0Dispon\u00edvel em:<br \/>\n<a href=\"http:\/\/curricularizacaodaextensao.ifsc.edu.br\/files\/2016\/06\/1_Artigo_Curricularizaca_da_Extensao_Universitaria_no_Brasil.pdf\">http:\/\/curricularizacaodaextensao.ifsc.edu.br\/files\/2016\/06\/1_Artigo_Curricularizaca_da_Extensao_Universitaria_no_Brasil.pdf<\/a><\/li>\n<\/ul>\n<ul>\n<li>Extens\u00e3o universit\u00e1ria e flexibiliza\u00e7\u00e3o curricular na UFMG. COLLADO, D. M.; OLIVEIRA, N. C.; CARNEIRO, P. O.<br \/>\nDispon\u00edvel em:\u00a0<a href=\"https:\/\/www.ufmg.br\/proex\/revistainterfaces\/index.php\/IREXT\/article\/view\/69\" target=\"_blank\" rel=\"noopener noreferrer\">https:\/\/www.ufmg.br\/proex\/revistainterfaces\/index.php\/IREXT\/article\/view\/69<\/a><\/li>\n<\/ul>\n<ul>\n<li>Mapeamento da Inser\u00e7\u00e3o da Extens\u00e3o nos Curr\u00edculos dos Cursos de Gradua\u00e7\u00e3o das Institui\u00e7\u00f5es P\u00fablicas de Educa\u00e7\u00e3o Superior Brasileira. COIMBRA, A. L. S; SOUSA, A. I.; FIGUEIREDO, I. V.; LEITE, S.\u00a0\u00a0<a href=\"http:\/\/curricularizacaodaextensao.paginas.ufsc.br\/files\/2019\/06\/RELAT%C3%93RIO-FINAL-MAPEAMENTO-INSERCAO-EXTENSAO-FORPROEX.pdf\" target=\"_blank\" rel=\"noopener noreferrer\">Relat\u00f3rio Final FORPROEX<\/a><\/li>\n<\/ul>\n<div class=\"pd-buttons\">\n<div class=\"pd-filenamebox\">\n<ul>\n<li>Guia Universidade Federal de Ouro Preto &#8211;\u00a0<a class=\"\" style=\"background-color: #ffffff; -size: 1.8rem;\" href=\"https:\/\/dex.unb.br\/guiasinsercao?download=1674:guia-universidade-federal-de-ouro-preto\">Guia CE UFOP2020 2.pdf<\/a><\/li>\n<\/ul>\n<\/div>\n<div class=\"pd-filenamebox\">\n<ul>\n<li class=\"pd-title\">Guia Universidade Cat\u00f3lica de Santos &#8211;\u00a0<a class=\"\" style=\"background-color: #ffffff; -size: 1.8rem;\" href=\"https:\/\/dex.unb.br\/guiasinsercao?download=1675:guia-universidade-catolica-de-santos\">GUIA CE IESCOMUNITARIAS.pdf<\/a><\/li>\n<\/ul>\n<\/div>\n<div class=\"pd-filenamebox\">\n<ul>\n<li class=\"pd-title\">Guia Universidade do Estado do Rio Grande do Norte &#8211;\u00a0<a class=\"\" style=\"background-color: #ffffff; -size: 1.8rem;\" href=\"https:\/\/dex.unb.br\/guiasinsercao?download=1676:guia-universidade-do-estado-do-rio-grande-do-norte\">GUIA CE UERN 2018 1.pdf<\/a><\/li>\n<\/ul>\n<\/div>\n<div class=\"pd-filenamebox\">\n<ul>\n<li class=\"pd-title\">Guia Universidade Federal do Acre &#8211;\u00a0<a class=\"\" style=\"background-color: #ffffff; -size: 1.8rem;\" href=\"https:\/\/dex.unb.br\/guiasinsercao?download=1677:guia-universidade-federal-do-acre\">GUIA CE UFAC 2017 2.pdf<\/a><\/li>\n<\/ul>\n<\/div>\n<div class=\"pd-filenamebox\">\n<ul>\n<li class=\"pd-title\">Guia Universidade Federal da Bahia &#8211;\u00a0 <a class=\"\" style=\"background-color: #ffffff; -size: 1.8rem;\" href=\"https:\/\/dex.unb.br\/guiasinsercao?download=1678:guia-universidade-federal-da-bahia\">GUIA CE UFBA2014 2.pdf<\/a><\/li>\n<\/ul>\n<\/div>\n<div class=\"pd-filenamebox\">\n<ul>\n<li class=\"pd-title\">Guia Universidade Federal de Pernambuco &#8211;\u00a0<a class=\"\" style=\"background-color: #ffffff; -size: 1.8rem;\" href=\"https:\/\/dex.unb.br\/guiasinsercao?download=1679:guia-universidade-federal-de-pernambuco\">Guia CE UFPE 2017 1.pdf<\/a><\/li>\n<\/ul>\n<\/div>\n<div class=\"pd-filenamebox\">\n<ul>\n<li class=\"pd-title\">Guia Universidade Federal do Rio de Janeiro &#8211;\u00a0<a class=\"\" style=\"background-color: #ffffff; -size: 1.8rem;\" href=\"https:\/\/dex.unb.br\/guiasinsercao?download=1680:guia-universidade-federal-do-rio-de-janeiro\">GUIA CE UFRJ 2019 2.pdf<\/a><\/li>\n<\/ul>\n<\/div>\n<div class=\"pd-filenamebox\">\n<ul>\n<li class=\"pd-title\">Guia Universidade Federal do Rio Grande do Norte &#8211;\u00a0<a class=\"\" style=\"background-color: #ffffff; -size: 1.8rem;\" href=\"https:\/\/dex.unb.br\/guiasinsercao?download=1681:guia-universidade-federal-do-rio-grande-do-norte\">GUIA CE UFRN 2021 4.pdf<\/a><\/li>\n<\/ul>\n<\/div>\n<div class=\"pd-filenamebox\">\n<ul>\n<li class=\"pd-title\">Guia Universidade Federal de S\u00e3o Paulo &#8211;\u00a0<a class=\"\" style=\"background-color: #ffffff; -size: 1.8rem;\" href=\"https:\/\/dex.unb.br\/guiasinsercao?download=1682:guia-universidade-federal-de-sao-paulo\">GUIA CE_UNIFESP2017 3.pdf<\/a><\/li>\n<\/ul>\n<\/div>\n<div class=\"pd-filenamebox\">\n<ul>\n<li class=\"pd-title\">Guia Universidade Federal da Integra\u00e7\u00e3o Latino-Americana &#8211;\u00a0<a class=\"\" style=\"background-color: #ffffff; -size: 1.8rem;\" href=\"https:\/\/dex.unb.br\/guiasinsercao?download=1684:guia-universidade-federal-da-integracao-latino-americana\">GUIA UNILA 2021 1.pdf<\/a><\/li>\n<\/ul>\n<\/div>\n<div class=\"pd-filebox\">\n<div class=\"pd-filenamebox\">\n<ul>\n<li class=\"pd-title\">Guia &#8211; Perguntas e Repostas &#8211; Universidade Federal da Integra\u00e7\u00e3o Latino-Americana &#8211; <a class=\"\" style=\"background-color: #ffffff; -size: 1.8rem;\" href=\"https:\/\/dex.unb.br\/guiasinsercao?download=1685:guia-perguntas-e-repostas-universidade-federal-da-integracao-latino-americana\">PERGUNTASRESPOSTAS UNILA 1.pdf<\/a><\/li>\n<\/ul>\n<\/div>\n<\/div>\n<\/div>\n<\/div>\n","protected":false},"excerpt":{"rendered":"<p>Integraliza\u00e7\u00e3o Curricular em Outras IES Inser\u00e7\u00e3o Curricular no IFSC &#8211; Insero curricular no IFSC &#8211; resoluo 40.2016.pdf Inser\u00e7\u00e3o Curricular na UNIFESP &#8211; Insero curricular na UNIFESP &#8211; resoluo 139.2017.pdf Inser\u00e7\u00e3o Curricular na UFRJ &#8211; Insero curricular na UFRJ &#8211; resoluo 02.2013.pdf Inser\u00e7\u00e3o Curricular na UFC &#8211;\u00a0Insero curricular na UFC &#8211; resoluo 28.2017.pdf Inser\u00e7\u00e3o Curricular na<a class=\"more-link\" href=\"https:\/\/wp.ufpel.edu.br\/extensao\/outras-ies\/\">Continue reading <span class=\"screen-reader-text\">&#8220;Outras experi\u00eancias&#8221;<\/span><\/a><\/p>\n","protected":false},"author":1395,"featured_media":0,"parent":0,"menu_order":0,"comment_status":"closed","ping_status":"closed","template":"","meta":{"footnotes":""},"tags":[],"class_list":["post-46","page","type-page","status-publish","hentry"],"jetpack_sharing_enabled":true,"_links":{"self":[{"href":"https:\/\/wp.ufpel.edu.br\/extensao\/wp-json\/wp\/v2\/pages\/46","targetHints":{"allow":["GET"]}}],"collection":[{"href":"https:\/\/wp.ufpel.edu.br\/extensao\/wp-json\/wp\/v2\/pages"}],"about":[{"href":"https:\/\/wp.ufpel.edu.br\/extensao\/wp-json\/wp\/v2\/types\/page"}],"author":[{"embeddable":true,"href":"https:\/\/wp.ufpel.edu.br\/extensao\/wp-json\/wp\/v2\/users\/1395"}],"replies":[{"embeddable":true,"href":"https:\/\/wp.ufpel.edu.br\/extensao\/wp-json\/wp\/v2\/comments?post=46"}],"version-history":[{"count":10,"href":"https:\/\/wp.ufpel.edu.br\/extensao\/wp-json\/wp\/v2\/pages\/46\/revisions"}],"predecessor-version":[{"id":84,"href":"https:\/\/wp.ufpel.edu.br\/extensao\/wp-json\/wp\/v2\/pages\/46\/revisions\/84"}],"wp:attachment":[{"href":"https:\/\/wp.ufpel.edu.br\/extensao\/wp-json\/wp\/v2\/media?parent=46"}],"wp:term":[{"taxonomy":"post_tag","embeddable":true,"href":"https:\/\/wp.ufpel.edu.br\/extensao\/wp-json\/wp\/v2\/tags?post=46"}],"curies":[{"name":"wp","href":"https:\/\/api.w.org\/{rel}","templated":true}]}}