{"id":223,"date":"2024-10-09T09:17:00","date_gmt":"2024-10-09T12:17:00","guid":{"rendered":"https:\/\/wp.ufpel.edu.br\/extensao\/?page_id=223"},"modified":"2024-12-20T14:12:30","modified_gmt":"2024-12-20T17:12:30","slug":"fomento-2","status":"publish","type":"page","link":"https:\/\/wp.ufpel.edu.br\/extensao\/fomento-2\/","title":{"rendered":"Fomento"},"content":{"rendered":"<p>-EDITAL n\u00ba 06\/2024 &#8211; FOMENTO \u00c0 INTEGRALIZA\u00c7\u00c3O DA EXTENS\u00c3O<\/p>\n<p>Edital 06\/2024<\/p>\n<p>Per\u00edodo Etapas<br \/>\n09\/10\/2024 Publica\u00e7\u00e3o do Edital &gt;\u00a0<a href=\"https:\/\/wp.ufpel.edu.br\/prec\/files\/2024\/10\/SEI_UFPel-2782651-Edital.pdf\">Edital<\/a><br \/>\n09\/10\/2024 In\u00edcio do per\u00edodo de inscri\u00e7\u00f5es <strong>&#8211; Finalizado<\/strong><br \/>\n23\/10\/2024 Final do per\u00edodo de inscri\u00e7\u00f5es <strong>&#8211; Finalizado<\/strong><br \/>\n24\/10\/2024 Homologa\u00e7\u00e3o parcial das inscri\u00e7\u00f5es &gt; <a href=\"https:\/\/docs.google.com\/spreadsheets\/d\/e\/2PACX-1vS0QSz6IKLwMu7CcX7oApGdIehk3NEjhAJa8XwvcGpnyoxjITSMbVJoanMUXrPA4QKg3fY2wvi90QWF\/pubhtml?gid=1078922299&amp;single=true\">Resultado Parcial<\/a><br \/>\n25 e 26\/10\/2024 Prazo para apresenta\u00e7\u00e3o de recurso das inscri\u00e7\u00f5es <strong>&#8211; Finalizado<\/strong><br \/>\n29\/10\/2024 Homologa\u00e7\u00e3o final das inscri\u00e7\u00f5es &gt; <a href=\"https:\/\/docs.google.com\/spreadsheets\/d\/e\/2PACX-1vS0QSz6IKLwMu7CcX7oApGdIehk3NEjhAJa8XwvcGpnyoxjITSMbVJoanMUXrPA4QKg3fY2wvi90QWF\/pubhtml?gid=1068873985&amp;single=true\">Resultado Final<\/a><br \/>\nat\u00e9 31\/10\/2024 Per\u00edodo de avalia\u00e7\u00e3o das solicita\u00e7\u00f5es <strong>&#8211; Finalizado<\/strong><br \/>\n01\/11\/2024 Divulga\u00e7\u00e3o dos resultados parciais do Edital &gt; <a href=\"https:\/\/docs.google.com\/spreadsheets\/d\/e\/2PACX-1vS0QSz6IKLwMu7CcX7oApGdIehk3NEjhAJa8XwvcGpnyoxjITSMbVJoanMUXrPA4QKg3fY2wvi90QWF\/pubhtml?gid=1375960388&amp;single=true\">Resultado Parcial<\/a><br \/>\n02 e 03\/11\/2024 Prazo para apresenta\u00e7\u00e3o de recurso aos resultados parciais do Edital <strong>&#8211; Finalizado<\/strong><br \/>\n06\/11\/2024 Divulga\u00e7\u00e3o do resultado final do Edital &gt; <a href=\"https:\/\/docs.google.com\/spreadsheets\/d\/e\/2PACX-1vS0QSz6IKLwMu7CcX7oApGdIehk3NEjhAJa8XwvcGpnyoxjITSMbVJoanMUXrPA4QKg3fY2wvi90QWF\/pubhtml?gid=663312125&amp;single=true\">Resultado Final<\/a><br \/>\n7\/11\/2024 Reuni\u00e3o com contemplados &#8211; <strong>Hor\u00e1rio: 14h<\/strong><br \/>\n<strong>Local: Audit\u00f3rio Acad\u00eamico Andrew Andrade Valad\u00e3o &#8211; Anglo<\/strong><\/p>\n<p><a href=\"https:\/\/wp.ufpel.edu.br\/extensao\/files\/2024\/11\/Manual-de-Instrucao-para-Viagens-Edital-06_2024-PREC.pdf\">Manual de Instru\u00e7\u00e3o para Viagens &#8211; Edital 06_2024 PREC<\/a><\/p>\n<p>11\/11\/2024 a 14\/03\/2025 Per\u00edodo para execu\u00e7\u00e3o das atividades<\/p>\n","protected":false},"excerpt":{"rendered":"<p>-EDITAL n\u00ba 06\/2024 &#8211; FOMENTO \u00c0 INTEGRALIZA\u00c7\u00c3O DA EXTENS\u00c3O Edital 06\/2024 Per\u00edodo Etapas 09\/10\/2024 Publica\u00e7\u00e3o do Edital &gt;\u00a0Edital 09\/10\/2024 In\u00edcio do per\u00edodo de inscri\u00e7\u00f5es &#8211; Finalizado 23\/10\/2024 Final do per\u00edodo de inscri\u00e7\u00f5es &#8211; Finalizado 24\/10\/2024 Homologa\u00e7\u00e3o parcial das inscri\u00e7\u00f5es &gt; Resultado Parcial 25 e 26\/10\/2024 Prazo para apresenta\u00e7\u00e3o de recurso das inscri\u00e7\u00f5es &#8211; Finalizado 29\/10\/2024<a class=\"more-link\" href=\"https:\/\/wp.ufpel.edu.br\/extensao\/fomento-2\/\">Continue reading <span class=\"screen-reader-text\">&#8220;Fomento&#8221;<\/span><\/a><\/p>\n","protected":false},"author":1406,"featured_media":0,"parent":0,"menu_order":0,"comment_status":"closed","ping_status":"closed","template":"","meta":{"footnotes":""},"tags":[],"class_list":["post-223","page","type-page","status-publish","hentry"],"jetpack_sharing_enabled":true,"_links":{"self":[{"href":"https:\/\/wp.ufpel.edu.br\/extensao\/wp-json\/wp\/v2\/pages\/223","targetHints":{"allow":["GET"]}}],"collection":[{"href":"https:\/\/wp.ufpel.edu.br\/extensao\/wp-json\/wp\/v2\/pages"}],"about":[{"href":"https:\/\/wp.ufpel.edu.br\/extensao\/wp-json\/wp\/v2\/types\/page"}],"author":[{"embeddable":true,"href":"https:\/\/wp.ufpel.edu.br\/extensao\/wp-json\/wp\/v2\/users\/1406"}],"replies":[{"embeddable":true,"href":"https:\/\/wp.ufpel.edu.br\/extensao\/wp-json\/wp\/v2\/comments?post=223"}],"version-history":[{"count":15,"href":"https:\/\/wp.ufpel.edu.br\/extensao\/wp-json\/wp\/v2\/pages\/223\/revisions"}],"predecessor-version":[{"id":265,"href":"https:\/\/wp.ufpel.edu.br\/extensao\/wp-json\/wp\/v2\/pages\/223\/revisions\/265"}],"wp:attachment":[{"href":"https:\/\/wp.ufpel.edu.br\/extensao\/wp-json\/wp\/v2\/media?parent=223"}],"wp:term":[{"taxonomy":"post_tag","embeddable":true,"href":"https:\/\/wp.ufpel.edu.br\/extensao\/wp-json\/wp\/v2\/tags?post=223"}],"curies":[{"name":"wp","href":"https:\/\/api.w.org\/{rel}","templated":true}]}}