{"id":20,"date":"2024-08-29T14:55:19","date_gmt":"2024-08-29T17:55:19","guid":{"rendered":"https:\/\/wp.ufpel.edu.br\/extensao\/?page_id=20"},"modified":"2024-09-02T11:37:36","modified_gmt":"2024-09-02T14:37:36","slug":"legislacao","status":"publish","type":"page","link":"https:\/\/wp.ufpel.edu.br\/extensao\/legislacao\/","title":{"rendered":"Legisla\u00e7\u00e3o"},"content":{"rendered":"<p><strong>COCEPE &#8211; UFPEL<\/strong><\/p>\n<p><a href=\"https:\/\/wp.ufpel.edu.br\/scs\/files\/2016\/03\/Resolu%C3%A7%C3%A3o-COCEPE-062016.pdf\" target=\"_blank\" rel=\"noopener noreferrer\">Resolu\u00e7\u00e3o n\u00ba 06, de 03 de mar\u00e7o de 2016, que disp\u00f5e sobre o Regulamento da curriculariza\u00e7\u00e3o das atividades de extens\u00e3o em cursos de Gradua\u00e7\u00e3o da Universidade Federal de Pelotas \u2013 UFPEL, e d\u00e1 outras provid\u00eancias.<\/a><\/p>\n<p><a href=\"https:\/\/wp.ufpel.edu.br\/scs\/files\/2019\/03\/Resol.-42.2018-atualizada-1.pdf\">Resolu\u00e7\u00e3o n\u00ba 42, de 18 de dezembro de 2018, que altera a Resolu\u00e7\u00e3o n\u00ba 06 de 03 de mar\u00e7o de 2016 e, assim, disp\u00f5e sobre o Regulamento da curriculariza\u00e7\u00e3o das atividades de extens\u00e3o nos Cursos de Gradua\u00e7\u00e3o da Universidade Federal de Pelotas \u2013 UFPel e d\u00e1 outras provid\u00eancias.<\/a><\/p>\n<p><a href=\"https:\/\/wp.ufpel.edu.br\/prec\/files\/2022\/03\/UFPel-Resolucao-30_2022.pdf\">Resolu\u00e7\u00e3o n\u00ba 30, de 03 de fevereiro de 2022, Disp\u00f5e sobre o Regulamento da integraliza\u00e7\u00e3o das atividades de extens\u00e3o nos cursos de Gradua\u00e7\u00e3o da Universidade Federal de Pelotas \u2013 UFPEL e d\u00e1 outras provid\u00eancias.<\/a><\/p>\n<p><strong>CNE<\/strong><\/p>\n<p><strong>Resolu\u00e7\u00e3o n\u00ba 7, de 18 de dezembro de 2018 \u2013 MEC<\/strong><\/p>\n<p><a href=\"http:\/\/portal.mec.gov.br\/index.php?option=com_docman&amp;view=download&amp;alias=104251-rces007-18&amp;category_slug=dezembro-2018-pdf&amp;Itemid=30192\">Estabelece as Diretrizes para a Extens\u00e3o na Educa\u00e7\u00e3o Superior Brasileira e regimenta o disposto na Meta 12.7 da Lei n\u00ba 13.005\/2014, que aprova o Plano Nacional de Educa\u00e7\u00e3o \u2013 PNE 2014-2024 e d\u00e1 outras provid\u00eancias.<\/a><\/p>\n<p>&nbsp;<\/p>\n<p><a href=\"http:\/\/www.planalto.gov.br\/ccivil_03\/leis\/L9394.htm\" target=\"_blank\" rel=\"noopener noreferrer\">Lei 9394\/1996 \u2013\u00a0Lei de Diretrizes e Bases da Educa\u00e7\u00e3o Nacional \u2013 LDB<\/a><\/p>\n<p><a href=\"http:\/\/www.planalto.gov.br\/ccivil_03\/_ato2011-2014\/2014\/lei\/l13005.htm\" target=\"_blank\" rel=\"noopener noreferrer\">Lei 13005\/2014 \u2013\u00a0Plano Nacional de Educa\u00e7\u00e3o \u2013 PNE<\/a><\/p>\n<p><a href=\"https:\/\/wp.ufpel.edu.br\/prec\/files\/2019\/05\/Plano_Nacional_de_Extensao_Universitaria.pdf\">Plano Nacional de Extens\u00e3o Universit\u00e1ria \u2013 Forproex<\/a><\/p>\n<p><a href=\"https:\/\/wp.ufpel.edu.br\/prec\/files\/2019\/05\/Politica_Nacional_de_Extensao_Forproext_2012.pdf\">Politica Nacional de Extens\u00e3o \u2013 Forproex<\/a><\/p>\n<p>&nbsp;<\/p>\n<p>&nbsp;<\/p>\n<p>&nbsp;<\/p>\n","protected":false},"excerpt":{"rendered":"<p>COCEPE &#8211; UFPEL Resolu\u00e7\u00e3o n\u00ba 06, de 03 de mar\u00e7o de 2016, que disp\u00f5e sobre o Regulamento da curriculariza\u00e7\u00e3o das atividades de extens\u00e3o em cursos de Gradua\u00e7\u00e3o da Universidade Federal de Pelotas \u2013 UFPEL, e d\u00e1 outras provid\u00eancias. Resolu\u00e7\u00e3o n\u00ba 42, de 18 de dezembro de 2018, que altera a Resolu\u00e7\u00e3o n\u00ba 06 de 03<a class=\"more-link\" href=\"https:\/\/wp.ufpel.edu.br\/extensao\/legislacao\/\">Continue reading <span class=\"screen-reader-text\">&#8220;Legisla\u00e7\u00e3o&#8221;<\/span><\/a><\/p>\n","protected":false},"author":1395,"featured_media":0,"parent":0,"menu_order":0,"comment_status":"closed","ping_status":"closed","template":"","meta":{"footnotes":""},"tags":[],"class_list":["post-20","page","type-page","status-publish","hentry"],"jetpack_sharing_enabled":true,"_links":{"self":[{"href":"https:\/\/wp.ufpel.edu.br\/extensao\/wp-json\/wp\/v2\/pages\/20","targetHints":{"allow":["GET"]}}],"collection":[{"href":"https:\/\/wp.ufpel.edu.br\/extensao\/wp-json\/wp\/v2\/pages"}],"about":[{"href":"https:\/\/wp.ufpel.edu.br\/extensao\/wp-json\/wp\/v2\/types\/page"}],"author":[{"embeddable":true,"href":"https:\/\/wp.ufpel.edu.br\/extensao\/wp-json\/wp\/v2\/users\/1395"}],"replies":[{"embeddable":true,"href":"https:\/\/wp.ufpel.edu.br\/extensao\/wp-json\/wp\/v2\/comments?post=20"}],"version-history":[{"count":4,"href":"https:\/\/wp.ufpel.edu.br\/extensao\/wp-json\/wp\/v2\/pages\/20\/revisions"}],"predecessor-version":[{"id":130,"href":"https:\/\/wp.ufpel.edu.br\/extensao\/wp-json\/wp\/v2\/pages\/20\/revisions\/130"}],"wp:attachment":[{"href":"https:\/\/wp.ufpel.edu.br\/extensao\/wp-json\/wp\/v2\/media?parent=20"}],"wp:term":[{"taxonomy":"post_tag","embeddable":true,"href":"https:\/\/wp.ufpel.edu.br\/extensao\/wp-json\/wp\/v2\/tags?post=20"}],"curies":[{"name":"wp","href":"https:\/\/api.w.org\/{rel}","templated":true}]}}