{"id":17,"date":"2024-08-29T14:54:57","date_gmt":"2024-08-29T17:54:57","guid":{"rendered":"https:\/\/wp.ufpel.edu.br\/extensao\/?page_id=17"},"modified":"2024-09-23T15:58:53","modified_gmt":"2024-09-23T18:58:53","slug":"cursos-propostos","status":"publish","type":"page","link":"https:\/\/wp.ufpel.edu.br\/extensao\/acompanhamento\/cursos-propostos\/","title":{"rendered":"Cursos propostos"},"content":{"rendered":"<table dir=\"ltr\" style=\"width: 748px;\" cellspacing=\"0\" cellpadding=\"0\" data-sheets-root=\"1\" data-sheets-baot=\"1\">\n<colgroup>\n<col width=\"298\" \/><\/colgroup>\n<tbody>\n<tr>\n<td style=\"width: 374px; text-align: center;\"><strong>Curso<\/strong><\/td>\n<td style=\"width: 374px; text-align: center;\"><strong>Ajustes<\/strong><\/td>\n<\/tr>\n<tr>\n<td style=\"width: 374px;\">Arquitetura e Urbanismo &#8211; Bacharelado<\/td>\n<td style=\"width: 374px;\">Definir melhor a CH das ACE<\/td>\n<\/tr>\n<tr>\n<td style=\"width: 374px;\">Design Digital &#8211; Bacharelado<\/td>\n<td style=\"width: 374px;\"><\/td>\n<\/tr>\n<tr>\n<td style=\"width: 374px;\">Design Gr\u00e1fico &#8211; Bacharelado<\/td>\n<td style=\"width: 374px;\"><\/td>\n<\/tr>\n<tr>\n<td style=\"width: 374px;\">Engenharia Civil &#8211; Bacharelado<\/td>\n<td style=\"width: 374px;\"><\/td>\n<\/tr>\n<tr>\n<td style=\"width: 374px;\">Engenharia de Controle e Automa\u00e7\u00e3o &#8211; Bacharelado<\/td>\n<td style=\"width: 374px;\">Proposto CH ext. aguardando PRE<\/td>\n<\/tr>\n<tr>\n<td style=\"width: 374px;\">Engenharia de Produ\u00e7\u00e3o &#8211; Bacharelado<\/td>\n<td style=\"width: 374px;\">Tem Ext, programa de Ext em fase de edi\u00e7\u00e3o<\/td>\n<\/tr>\n<tr>\n<td style=\"width: 374px;\">Engenharia Eletr\u00f4nica &#8211; Bacharelado<\/td>\n<td style=\"width: 374px;\"><\/td>\n<\/tr>\n<tr>\n<td style=\"width: 374px;\">Filosofia &#8211; Licenciatura<\/td>\n<td style=\"width: 374px;\"><\/td>\n<\/tr>\n<tr>\n<td style=\"width: 374px;\">F\u00edsica &#8211; Bacharelado<\/td>\n<td style=\"width: 374px;\"><\/td>\n<\/tr>\n<tr>\n<td style=\"width: 374px;\">Hist\u00f3ria &#8211; Licenciatura<\/td>\n<td style=\"width: 374px;\"><\/td>\n<\/tr>\n<tr>\n<td style=\"width: 374px;\">Hist\u00f3ria &#8211; Licenciatura EAD<\/td>\n<td style=\"width: 374px;\"><\/td>\n<\/tr>\n<tr>\n<td style=\"width: 374px;\">Hotelaria &#8211; Tecnol\u00f3go<\/td>\n<td style=\"width: 374px;\"><\/td>\n<\/tr>\n<tr>\n<td style=\"width: 374px;\">Jornalismo &#8211; Bacharelado<\/td>\n<td style=\"width: 374px;\"><\/td>\n<\/tr>\n<tr>\n<td style=\"width: 374px;\">Letras Portugu\u00eas &#8211; Licenciatura<\/td>\n<td style=\"width: 374px;\"><\/td>\n<\/tr>\n<tr>\n<td style=\"width: 374px;\">Letras Portugu\u00eas e Espanhol &#8211; Licenciatura<\/td>\n<td style=\"width: 374px;\"><\/td>\n<\/tr>\n<tr>\n<td style=\"width: 374px;\">Letras Portugu\u00eas e Ingl\u00eas &#8211; Licenciatura<\/td>\n<td style=\"width: 374px;\"><\/td>\n<\/tr>\n<tr>\n<td style=\"width: 374px;\">Matem\u00e1tica &#8211; Licenciatura EAD<\/td>\n<td style=\"width: 374px;\"><\/td>\n<\/tr>\n<tr>\n<td style=\"width: 374px;\">Medicina &#8211; Bacharelado<\/td>\n<td style=\"width: 374px;\"><\/td>\n<\/tr>\n<tr>\n<td style=\"width: 374px;\">M\u00fasica &#8211; Licenciatura<\/td>\n<td style=\"width: 374px;\"><\/td>\n<\/tr>\n<tr>\n<td style=\"width: 374px;\">Nutri\u00e7\u00e3o &#8211; Bacharelado<\/td>\n<td style=\"width: 374px;\"><\/td>\n<\/tr>\n<tr>\n<td style=\"width: 374px;\">Turismo &#8211; Bacharelado<\/td>\n<td style=\"width: 374px;\"><\/td>\n<\/tr>\n<\/tbody>\n<\/table>\n<p>&nbsp;<\/p>\n","protected":false},"excerpt":{"rendered":"<p>Curso Ajustes Arquitetura e Urbanismo &#8211; Bacharelado Definir melhor a CH das ACE Design Digital &#8211; Bacharelado Design Gr\u00e1fico &#8211; Bacharelado Engenharia Civil &#8211; Bacharelado Engenharia de Controle e Automa\u00e7\u00e3o &#8211; Bacharelado Proposto CH ext. aguardando PRE Engenharia de Produ\u00e7\u00e3o &#8211; Bacharelado Tem Ext, programa de Ext em fase de edi\u00e7\u00e3o Engenharia Eletr\u00f4nica &#8211; Bacharelado<a class=\"more-link\" href=\"https:\/\/wp.ufpel.edu.br\/extensao\/acompanhamento\/cursos-propostos\/\">Continue reading <span class=\"screen-reader-text\">&#8220;Cursos propostos&#8221;<\/span><\/a><\/p>\n","protected":false},"author":1395,"featured_media":0,"parent":4,"menu_order":0,"comment_status":"closed","ping_status":"closed","template":"","meta":{"footnotes":""},"tags":[],"class_list":["post-17","page","type-page","status-publish","hentry"],"jetpack_sharing_enabled":true,"_links":{"self":[{"href":"https:\/\/wp.ufpel.edu.br\/extensao\/wp-json\/wp\/v2\/pages\/17","targetHints":{"allow":["GET"]}}],"collection":[{"href":"https:\/\/wp.ufpel.edu.br\/extensao\/wp-json\/wp\/v2\/pages"}],"about":[{"href":"https:\/\/wp.ufpel.edu.br\/extensao\/wp-json\/wp\/v2\/types\/page"}],"author":[{"embeddable":true,"href":"https:\/\/wp.ufpel.edu.br\/extensao\/wp-json\/wp\/v2\/users\/1395"}],"replies":[{"embeddable":true,"href":"https:\/\/wp.ufpel.edu.br\/extensao\/wp-json\/wp\/v2\/comments?post=17"}],"version-history":[{"count":5,"href":"https:\/\/wp.ufpel.edu.br\/extensao\/wp-json\/wp\/v2\/pages\/17\/revisions"}],"predecessor-version":[{"id":196,"href":"https:\/\/wp.ufpel.edu.br\/extensao\/wp-json\/wp\/v2\/pages\/17\/revisions\/196"}],"up":[{"embeddable":true,"href":"https:\/\/wp.ufpel.edu.br\/extensao\/wp-json\/wp\/v2\/pages\/4"}],"wp:attachment":[{"href":"https:\/\/wp.ufpel.edu.br\/extensao\/wp-json\/wp\/v2\/media?parent=17"}],"wp:term":[{"taxonomy":"post_tag","embeddable":true,"href":"https:\/\/wp.ufpel.edu.br\/extensao\/wp-json\/wp\/v2\/tags?post=17"}],"curies":[{"name":"wp","href":"https:\/\/api.w.org\/{rel}","templated":true}]}}