{"id":300,"date":"2020-12-08T14:44:23","date_gmt":"2020-12-08T17:44:23","guid":{"rendered":"https:\/\/wp.ufpel.edu.br\/expressomemoria\/?page_id=300"},"modified":"2020-12-09T14:53:06","modified_gmt":"2020-12-09T17:53:06","slug":"memorias-da-estacao","status":"publish","type":"page","link":"https:\/\/wp.ufpel.edu.br\/expressomemoria\/memorias-da-estacao\/","title":{"rendered":"Mem\u00f3rias da Esta\u00e7\u00e3o"},"content":{"rendered":"<div id=\"pl-300\"  class=\"panel-layout\" ><div id=\"pg-300-0\"  class=\"panel-grid panel-no-style\" ><div id=\"pgc-300-0-0\"  class=\"panel-grid-cell\" ><div id=\"panel-300-0-0-0\" class=\"so-panel widget widget_sow-editor panel-first-child\" data-index=\"0\" ><div\n\t\t\t\n\t\t\tclass=\"so-widget-sow-editor so-widget-sow-editor-base\"\n\t\t\t\n\t\t>\n<div class=\"siteorigin-widget-tinymce textwidget\">\n\t<p>A pedido da Secretaria Municipal de Cultura (SECULT-Pelotas) o Laborat\u00f3rio de Ensino Pesquisa e Produ\u00e7\u00e3o em Antropologia da Imagem e do Som (LEPPAIS-UFPel) deu in\u00edcio a uma aproxima\u00e7\u00e3o com a comunidade de antigos ferrovi\u00e1rios da cidade de Pelotas com o objetivo de criarmos um Memorial da Esta\u00e7\u00e3o F\u00e9rrea (MEF). Essa primeira iniciativa, portanto,configurou-se como um momento de interlocu\u00e7\u00e3o entre a comunidade de ex-ferrovi\u00e1rios\u2013trabalhadores da via f\u00e9rrea e familiares \u2013, e a equipe de pesquisadores(as) do LEPPAIS. As informa\u00e7\u00f5es, mem\u00f3rias, narrativas, testemunhos, biografias e imagens que aqui apresentamos s\u00e3o fruto dessa primeira iniciativa, que aqui devolvemos uma vez mais \u00e0 comunidade.<\/p>\n<\/div>\n<\/div><\/div><\/div><\/div><\/div>","protected":false},"excerpt":{"rendered":"<p>A pedido da Secretaria Municipal de Cultura (SECULT-Pelotas) o Laborat\u00f3rio de Ensino Pesquisa e Produ\u00e7\u00e3o em Antropologia da Imagem e do Som (LEPPAIS-UFPel) deu in\u00edcio a uma aproxima\u00e7\u00e3o com a comunidade de antigos ferrovi\u00e1rios da cidade de Pelotas com o objetivo de criarmos um Memorial da Esta\u00e7\u00e3o F\u00e9rrea (MEF). Essa primeira iniciativa, portanto,configurou-se como um [&hellip;]<\/p>\n","protected":false},"author":1060,"featured_media":0,"parent":0,"menu_order":0,"comment_status":"closed","ping_status":"closed","template":"","meta":{"footnotes":""},"class_list":["post-300","page","type-page","status-publish","hentry","post"],"jetpack_likes_enabled":true,"jetpack_sharing_enabled":true,"_links":{"self":[{"href":"https:\/\/wp.ufpel.edu.br\/expressomemoria\/wp-json\/wp\/v2\/pages\/300","targetHints":{"allow":["GET"]}}],"collection":[{"href":"https:\/\/wp.ufpel.edu.br\/expressomemoria\/wp-json\/wp\/v2\/pages"}],"about":[{"href":"https:\/\/wp.ufpel.edu.br\/expressomemoria\/wp-json\/wp\/v2\/types\/page"}],"author":[{"embeddable":true,"href":"https:\/\/wp.ufpel.edu.br\/expressomemoria\/wp-json\/wp\/v2\/users\/1060"}],"replies":[{"embeddable":true,"href":"https:\/\/wp.ufpel.edu.br\/expressomemoria\/wp-json\/wp\/v2\/comments?post=300"}],"version-history":[{"count":5,"href":"https:\/\/wp.ufpel.edu.br\/expressomemoria\/wp-json\/wp\/v2\/pages\/300\/revisions"}],"predecessor-version":[{"id":531,"href":"https:\/\/wp.ufpel.edu.br\/expressomemoria\/wp-json\/wp\/v2\/pages\/300\/revisions\/531"}],"wp:attachment":[{"href":"https:\/\/wp.ufpel.edu.br\/expressomemoria\/wp-json\/wp\/v2\/media?parent=300"}],"curies":[{"name":"wp","href":"https:\/\/api.w.org\/{rel}","templated":true}]}}