{"id":295,"date":"2020-12-08T14:42:14","date_gmt":"2020-12-08T17:42:14","guid":{"rendered":"https:\/\/wp.ufpel.edu.br\/expressomemoria\/?page_id=295"},"modified":"2020-12-14T21:30:52","modified_gmt":"2020-12-15T00:30:52","slug":"sobre-o-projeto","status":"publish","type":"page","link":"https:\/\/wp.ufpel.edu.br\/expressomemoria\/sobre-o-projeto\/","title":{"rendered":"Sobre o Projeto"},"content":{"rendered":"<div id=\"pl-295\"  class=\"panel-layout\" ><div id=\"pg-295-0\"  class=\"panel-grid panel-no-style\" ><div id=\"pgc-295-0-0\"  class=\"panel-grid-cell\" ><div id=\"panel-295-0-0-0\" class=\"so-panel widget widget_sow-editor panel-first-child panel-last-child\" data-index=\"0\" ><div\n\t\t\t\n\t\t\tclass=\"so-widget-sow-editor so-widget-sow-editor-base\"\n\t\t\t\n\t\t>\n<div class=\"siteorigin-widget-tinymce textwidget\">\n\t<p style=\"text-align: justify;\">O \u201cExpresso Mem\u00f3ria\u201d \u00e9 uma a\u00e7\u00e3o do \u201cProjeto para a implanta\u00e7\u00e3o do Centro Cultural Esta\u00e7\u00e3o Ferrovi\u00e1ria\u201d de Pelotas, R.S., parceria entre a Prefeitura Municipal e o Programa de P\u00f3s-Gradua\u00e7\u00e3o em Mem\u00f3ria Social e Patrim\u00f4nio Cultural da Universidade Federal de Pelotas (UFPel). O projeto, nascido no ano de 2019, conta com muitos parceiros, como o Suldesign Est\u00fadio (UFPel), respons\u00e1vel pela identidade visual e site da iniciativa, e com a trajet\u00f3ria pr\u00e9via do trabalho do Laborat\u00f3rio de Ensino, Pesquisa e Produ\u00e7\u00e3o em Antropologia da Imagem e do Som (LEPPAIS- UFPel), que j\u00e1 havia realizado pesquisas junto aos ex-ferrovi\u00e1rios e seus familiares, moradores do entorno da Esta\u00e7\u00e3o, resultando em uma exposi\u00e7\u00e3o no ano de 2015.<\/p>\n<p style=\"text-align: justify;\">O \u201cExpresso Mem\u00f3ria\u201d tem por objetivo narrar e registrar mem\u00f3rias do tempo do transporte ferrovi\u00e1rio na cidade, mas tamb\u00e9m congregar pessoas que t\u00eam interesse pelo passado de Pelotas e pelo seu patrim\u00f4nio.<\/p>\n<p style=\"text-align: justify;\">O nosso prop\u00f3sito \u00e9 formar um grupo de \u201camigos da Esta\u00e7\u00e3o Ferrovi\u00e1ria\u201d, que se interesse por se reunir periodicamente para falar sobre o passado da cidade, para compartilhar mem\u00f3rias, imagens, objetos, e para formar la\u00e7os de amizade, dividindo viv\u00eancias e afetos, e pensando em conjunto projetos para o presente e para o futuro da cidade.<\/p>\n<p style=\"text-align: justify;\">O amor pela cidade e pelo seu patrim\u00f4nio \u00e9 o que queremos compartilhar, al\u00e9m de caf\u00e9s, mates, bolos, p\u00e3es, boas tardes de conversa e muitas, muitas mem\u00f3rias.<\/p>\n<p style=\"text-align: justify;\">Esperamos que em breve possamos nos encontrar l\u00e1 na Esta\u00e7\u00e3o, para dividirmos o que temos de melhor: nossas identidades como moradores desta cidade e nossas mem\u00f3rias! Voc\u00ea \u00e9 nosso convidado!<\/p>\n<\/div>\n<\/div><\/div><\/div><\/div><div id=\"pg-295-1\"  class=\"panel-grid panel-no-style\" ><div id=\"pgc-295-1-0\"  class=\"panel-grid-cell\" ><div id=\"panel-295-1-0-0\" class=\"so-panel widget widget_media_image panel-first-child panel-last-child\" data-index=\"1\" ><img loading=\"lazy\" decoding=\"async\" width=\"400\" height=\"216\" src=\"https:\/\/wp.ufpel.edu.br\/expressomemoria\/files\/2020\/12\/ufpel_preto-400x216.png\" class=\"image wp-image-549  attachment-medium size-medium\" alt=\"\" style=\"max-width: 100%; height: auto;\" srcset=\"https:\/\/wp.ufpel.edu.br\/expressomemoria\/files\/2020\/12\/ufpel_preto-400x216.png 400w, https:\/\/wp.ufpel.edu.br\/expressomemoria\/files\/2020\/12\/ufpel_preto-1024x552.png 1024w, https:\/\/wp.ufpel.edu.br\/expressomemoria\/files\/2020\/12\/ufpel_preto-768x414.png 768w, https:\/\/wp.ufpel.edu.br\/expressomemoria\/files\/2020\/12\/ufpel_preto.png 1535w\" sizes=\"auto, (max-width: 400px) 100vw, 400px\" \/><\/div><\/div><div id=\"pgc-295-1-1\"  class=\"panel-grid-cell\" ><div id=\"panel-295-1-1-0\" class=\"so-panel widget widget_media_image panel-first-child panel-last-child\" data-index=\"2\" ><img loading=\"lazy\" decoding=\"async\" width=\"400\" height=\"216\" src=\"https:\/\/wp.ufpel.edu.br\/expressomemoria\/files\/2020\/12\/ppgversaoprof_preto-1-400x216.png\" class=\"image wp-image-570  attachment-medium size-medium\" alt=\"\" style=\"max-width: 100%; height: auto;\" srcset=\"https:\/\/wp.ufpel.edu.br\/expressomemoria\/files\/2020\/12\/ppgversaoprof_preto-1-400x216.png 400w, https:\/\/wp.ufpel.edu.br\/expressomemoria\/files\/2020\/12\/ppgversaoprof_preto-1-1024x552.png 1024w, https:\/\/wp.ufpel.edu.br\/expressomemoria\/files\/2020\/12\/ppgversaoprof_preto-1-768x414.png 768w, https:\/\/wp.ufpel.edu.br\/expressomemoria\/files\/2020\/12\/ppgversaoprof_preto-1.png 1535w\" sizes=\"auto, (max-width: 400px) 100vw, 400px\" \/><\/div><\/div><div id=\"pgc-295-1-2\"  class=\"panel-grid-cell\" ><div id=\"panel-295-1-2-0\" class=\"so-panel widget widget_media_image panel-first-child panel-last-child\" data-index=\"3\" ><img loading=\"lazy\" decoding=\"async\" width=\"400\" height=\"216\" src=\"https:\/\/wp.ufpel.edu.br\/expressomemoria\/files\/2020\/12\/MARCAS_SULDESIGN_preto-400x216.png\" class=\"image wp-image-569  attachment-medium size-medium\" alt=\"\" style=\"max-width: 100%; height: auto;\" srcset=\"https:\/\/wp.ufpel.edu.br\/expressomemoria\/files\/2020\/12\/MARCAS_SULDESIGN_preto-400x216.png 400w, https:\/\/wp.ufpel.edu.br\/expressomemoria\/files\/2020\/12\/MARCAS_SULDESIGN_preto-1024x552.png 1024w, https:\/\/wp.ufpel.edu.br\/expressomemoria\/files\/2020\/12\/MARCAS_SULDESIGN_preto-768x414.png 768w, https:\/\/wp.ufpel.edu.br\/expressomemoria\/files\/2020\/12\/MARCAS_SULDESIGN_preto.png 1535w\" sizes=\"auto, (max-width: 400px) 100vw, 400px\" \/><\/div><\/div><div id=\"pgc-295-1-3\"  class=\"panel-grid-cell\" ><div id=\"panel-295-1-3-0\" class=\"so-panel widget widget_media_image panel-first-child panel-last-child\" data-index=\"4\" ><img loading=\"lazy\" decoding=\"async\" width=\"400\" height=\"216\" src=\"https:\/\/wp.ufpel.edu.br\/expressomemoria\/files\/2020\/12\/leppais-400x216.png\" class=\"image wp-image-578  attachment-medium size-medium\" alt=\"\" style=\"max-width: 100%; height: auto;\" srcset=\"https:\/\/wp.ufpel.edu.br\/expressomemoria\/files\/2020\/12\/leppais-400x216.png 400w, https:\/\/wp.ufpel.edu.br\/expressomemoria\/files\/2020\/12\/leppais-1024x552.png 1024w, https:\/\/wp.ufpel.edu.br\/expressomemoria\/files\/2020\/12\/leppais-768x414.png 768w, https:\/\/wp.ufpel.edu.br\/expressomemoria\/files\/2020\/12\/leppais.png 1535w\" sizes=\"auto, (max-width: 400px) 100vw, 400px\" \/><\/div><\/div><\/div><\/div>","protected":false},"excerpt":{"rendered":"<p>O \u201cExpresso Mem\u00f3ria\u201d \u00e9 uma a\u00e7\u00e3o do \u201cProjeto para a implanta\u00e7\u00e3o do Centro Cultural Esta\u00e7\u00e3o Ferrovi\u00e1ria\u201d de Pelotas, R.S., parceria entre a Prefeitura Municipal e o Programa de P\u00f3s-Gradua\u00e7\u00e3o em Mem\u00f3ria Social e Patrim\u00f4nio Cultural da Universidade Federal de Pelotas (UFPel). O projeto, nascido no ano de 2019, conta com muitos parceiros, como o Suldesign [&hellip;]<\/p>\n","protected":false},"author":1060,"featured_media":0,"parent":0,"menu_order":0,"comment_status":"closed","ping_status":"closed","template":"","meta":{"footnotes":""},"class_list":["post-295","page","type-page","status-publish","hentry","post"],"jetpack_likes_enabled":true,"jetpack_sharing_enabled":true,"_links":{"self":[{"href":"https:\/\/wp.ufpel.edu.br\/expressomemoria\/wp-json\/wp\/v2\/pages\/295","targetHints":{"allow":["GET"]}}],"collection":[{"href":"https:\/\/wp.ufpel.edu.br\/expressomemoria\/wp-json\/wp\/v2\/pages"}],"about":[{"href":"https:\/\/wp.ufpel.edu.br\/expressomemoria\/wp-json\/wp\/v2\/types\/page"}],"author":[{"embeddable":true,"href":"https:\/\/wp.ufpel.edu.br\/expressomemoria\/wp-json\/wp\/v2\/users\/1060"}],"replies":[{"embeddable":true,"href":"https:\/\/wp.ufpel.edu.br\/expressomemoria\/wp-json\/wp\/v2\/comments?post=295"}],"version-history":[{"count":9,"href":"https:\/\/wp.ufpel.edu.br\/expressomemoria\/wp-json\/wp\/v2\/pages\/295\/revisions"}],"predecessor-version":[{"id":580,"href":"https:\/\/wp.ufpel.edu.br\/expressomemoria\/wp-json\/wp\/v2\/pages\/295\/revisions\/580"}],"wp:attachment":[{"href":"https:\/\/wp.ufpel.edu.br\/expressomemoria\/wp-json\/wp\/v2\/media?parent=295"}],"curies":[{"name":"wp","href":"https:\/\/api.w.org\/{rel}","templated":true}]}}