{"id":12,"date":"2021-08-31T11:57:54","date_gmt":"2021-08-31T14:57:54","guid":{"rendered":"https:\/\/wp.ufpel.edu.br\/expografica\/?page_id=12"},"modified":"2021-09-16T18:21:37","modified_gmt":"2021-09-16T21:21:37","slug":"galeria-expografica","status":"publish","type":"page","link":"https:\/\/wp.ufpel.edu.br\/expografica\/galeria-expografica\/","title":{"rendered":"GALERIA EXPOGR\u00c1FICA"},"content":{"rendered":"<p><img class=\"alignnone size-full wp-image-205 aligncenter\" src=\"https:\/\/wp.ufpel.edu.br\/expografica\/files\/2021\/09\/Firula-2.png\" alt=\"\" width=\"177\" height=\"11\" \/><\/p>\n<p><span style=\"color: #333333\"><span style=\"font-weight: 400\">Seja bem-vind@ a expogr\u00e1fica<\/span> <b>DESIGN<\/b><b><i>A\u00c7\u00d5ES<\/i><\/b><b> VISUAIS EMERGENTES 2021.<\/b><\/span><\/p>\n<p><span style=\"color: #333333\"><span style=\"font-weight: 400\">Percorra no eixo <\/span><b>Des | Materializa\u00e7\u00e3o do Design<\/b><span style=\"font-weight: 400\">, imagens e linguagens informativos sobre pandemia, isolamento social e preven\u00e7\u00e3o da Covid-19. <\/span><span style=\"font-weight: 400\">Conhe\u00e7a \u201cT\u00e3o longe, t\u00e3o perto\u201d da PREC-UFPEL de Brod e Almeida que se debru\u00e7am sobre a Covid-19 em gifs, enquanto Araujo, Kurkdjian e Barros, fazem uso das Tecnologias Digitais de Informa\u00e7\u00e3o e Comunica\u00e7\u00e3o como alternativa de contato presencial na pandemia. <\/span><\/span><\/p>\n<p><span style=\"color: #333333\"><span style=\"font-weight: 400\">Ora, se voc\u00ea mergulhar no eixo <\/span><b>Mem\u00f3ria e Identidade das Artes Gr\u00e1ficas<\/b><span style=\"font-weight: 400\">, aparecem termos chave, tais como, mem\u00f3ria cultural, mem\u00f3ria gr\u00e1fica, identidade, signos visuais e patrim\u00f4nio, ancorados a processos de cria\u00e7\u00e3o e resultados est\u00e9ticos gerados em contextos [inter]nacionais.<\/span><\/span><\/p>\n<p><span style=\"color: #333333\"><span style=\"font-weight: 400\"> Sob perspectiva de uma mem\u00f3ria multidireccional, Rodr\u00edguez, Michelon e Sosa trazem a mem\u00f3ria gr\u00e1fica de duas ditaduras: Brasil\/Argentina no per\u00edodo 1964-2019. Logo, Cortes e Igansi, permitem indagar pelos artefatos gr\u00e1ficos em marcas de proveni\u00eancia ricas em elementos visuais que nos ajudam a compreender a trajet\u00f3ria sociocultural dos livros. Imediatamente, se empreende a viagem pela hist\u00f3ria da cultura e comunica\u00e7\u00e3o impressa da terra das amazonas, proposto pelo Nascimento Pereira.\u00a0<\/span><span style=\"font-weight: 400\">Tamb\u00e9m, pode [re]visitar o patrim\u00f4nio industrial de Pelotas como contador de hist\u00f3rias em suportes <\/span><i><span style=\"font-weight: 400\">hipermedia <\/span><\/i><span style=\"font-weight: 400\">que atualizam o passado, cria\u00e7\u00e3o de Matias e Dos Santos.<\/span><\/span><\/p>\n<p><span style=\"color: #333333\"><span style=\"font-weight: 400\">Depois, junto com Pisso Concha, tecemos imagens no ciberespa\u00e7o sobre os ind\u00edgenas <\/span><i><span style=\"font-weight: 400\">Misak<\/span><\/i><span style=\"font-weight: 400\"> e <\/span><i><span style=\"font-weight: 400\">Nasa<\/span><\/i><span style=\"font-weight: 400\"> da Col\u00f4mbia sob cartografia netnogr\u00e1fica. Nessa ordem, Nogueira e Michelon, levarmos pela imagem projetada de Coimbra (PT) e seus rasgos identit\u00e1rios, enquanto Ram\u00edrez oferece algumas das pinturas de Fernando Botero associadas ao fen\u00f4meno do conflito armado colombiano.<\/span><\/span><\/p>\n<p><span style=\"color: #333333\"><span style=\"font-weight: 400\">E tem mais, Valadares e Almeida, desvelam a identidade cultural Ib\u00e9rico-Brasileiras no Movimento Armorial de Pernambuco, para logo \u201cpular\u201d ao \u201cPortal Memoria\u201d repleto de significados e simbologia, proposto pelo Costa e Machado. Voc\u00ea pode encerrar o percorrido visual no eixo <\/span><b>Gest\u00e3o e Tecnologias da Informa\u00e7\u00e3o<\/b><span style=\"font-weight: 400\">, com Michelon, Rodrigues e Peil que apresentam a cole\u00e7\u00e3o hist\u00f3rica da ccs\/ufpel na sombra do esquecimento.<\/span><\/span><\/p>\n<p><img class=\"alignnone size-full wp-image-204 aligncenter\" src=\"https:\/\/wp.ufpel.edu.br\/expografica\/files\/2021\/09\/Firula-1.png\" alt=\"\" width=\"97\" height=\"13\" \/><\/p>\n<p><strong><span style=\"font-size: 10pt;color: #51726e\">EXPOGR\u00c1FICA<\/span><\/strong><br \/>\n<strong><span style=\"font-size: 10pt;color: #51726e\">V Semin\u00e1rio Internacional Design, Tradi\u00e7\u00e3o e Sociedade (SIDTS)<\/span><\/strong><br \/>\n<strong><span style=\"font-size: 10pt;color: #51726e\">&#8220;Designa\u00e7\u00f5es visuais emergentes&#8221;<\/span><\/strong><br \/>\n<strong><span style=\"font-size: 10pt;color: #51726e\">Setembro 2021<\/span><\/strong><\/p>\n<p><strong><span style=\"font-size: 10pt;color: #51726e\">Realiza\u00e7\u00e3o<\/span><\/strong><br \/>\n<span style=\"font-size: 10pt;color: #51726e\">Grupo de pesquisa Mem\u00f3ria Gr\u00e1fica: Design, Tradi\u00e7\u00e3o e Sociedade (Cursos de Design &#8211; CA\/UFPel)<\/span><\/p>\n<p><strong><span style=\"font-size: 10pt;color: #51726e\">Equipe t\u00e9cnica<\/span><\/strong><br \/>\n<span style=\"font-size: 10pt;color: #51726e\">Coordena\u00e7\u00e3o: Jo\u00e3o Fernando Igansi Nunes, Thais Cristina Martino Sehn e Chris de Azevedo Ramil<\/span><br \/>\n<span style=\"font-size: 10pt;color: #51726e\">Identidade visual: Thais Cristina Martino Sehn, Ra\u00edssa Espiritu Sorregotti e Mar\u00edlia Brand\u00e3o Amaro da Silveira<\/span><br \/>\n<span style=\"font-size: 10pt;color: #51726e\">Site: Mar\u00edlia Brand\u00e3o Amaro da Silveira<\/span><br \/>\n<span style=\"font-size: 10pt;color: #51726e\">Redes sociais: Ra\u00edssa Espiritu Sorregotti e Tha\u00eds Cristina Martino Sehn<\/span><br \/>\n<span style=\"font-size: 10pt;color: #51726e\">Textos: Jennifer Paola Pisso Concha<br \/>\n<\/span><span style=\"font-size: 10pt;color: #51726e\">V\u00eddeo: Isabela Almeida Nogueira<br \/>\nApoio: Gianlucca de Mendon\u00e7a Buz\u00f4<\/span><\/p>\n<p><img class=\"alignnone size-full wp-image-205 aligncenter\" src=\"https:\/\/wp.ufpel.edu.br\/expografica\/files\/2021\/09\/Firula-2.png\" alt=\"\" width=\"177\" height=\"11\" \/><\/p>\n","protected":false},"excerpt":{"rendered":"<p>Seja bem-vind@ a expogr\u00e1fica DESIGNA\u00c7\u00d5ES VISUAIS EMERGENTES 2021. Percorra no eixo Des | Materializa\u00e7\u00e3o do Design, imagens e linguagens informativos sobre pandemia, isolamento social e preven\u00e7\u00e3o da Covid-19. Conhe\u00e7a \u201cT\u00e3o longe, t\u00e3o perto\u201d da PREC-UFPEL de Brod e Almeida que se debru\u00e7am sobre a Covid-19 em gifs, enquanto Araujo, Kurkdjian e Barros, fazem uso das [&hellip;]<\/p>\n","protected":false},"author":1179,"featured_media":0,"parent":0,"menu_order":0,"comment_status":"closed","ping_status":"closed","template":"","meta":{"footnotes":""},"class_list":["post-12","page","type-page","status-publish","hentry"],"_links":{"self":[{"href":"https:\/\/wp.ufpel.edu.br\/expografica\/wp-json\/wp\/v2\/pages\/12","targetHints":{"allow":["GET"]}}],"collection":[{"href":"https:\/\/wp.ufpel.edu.br\/expografica\/wp-json\/wp\/v2\/pages"}],"about":[{"href":"https:\/\/wp.ufpel.edu.br\/expografica\/wp-json\/wp\/v2\/types\/page"}],"author":[{"embeddable":true,"href":"https:\/\/wp.ufpel.edu.br\/expografica\/wp-json\/wp\/v2\/users\/1179"}],"replies":[{"embeddable":true,"href":"https:\/\/wp.ufpel.edu.br\/expografica\/wp-json\/wp\/v2\/comments?post=12"}],"version-history":[{"count":10,"href":"https:\/\/wp.ufpel.edu.br\/expografica\/wp-json\/wp\/v2\/pages\/12\/revisions"}],"predecessor-version":[{"id":352,"href":"https:\/\/wp.ufpel.edu.br\/expografica\/wp-json\/wp\/v2\/pages\/12\/revisions\/352"}],"wp:attachment":[{"href":"https:\/\/wp.ufpel.edu.br\/expografica\/wp-json\/wp\/v2\/media?parent=12"}],"curies":[{"name":"wp","href":"https:\/\/api.w.org\/{rel}","templated":true}]}}