{"id":352,"date":"2019-05-23T09:21:46","date_gmt":"2019-05-23T12:21:46","guid":{"rendered":"https:\/\/wp.ufpel.edu.br\/exergamelabbrazil\/?page_id=352"},"modified":"2019-05-23T09:21:46","modified_gmt":"2019-05-23T12:21:46","slug":"exergames-na-educacao-fisica","status":"publish","type":"page","link":"https:\/\/wp.ufpel.edu.br\/exergamelabbrazil\/exergames-na-educacao-fisica\/","title":{"rendered":"Exergames na Educa\u00e7\u00e3o F\u00edsica"},"content":{"rendered":"<div id=\"pl-352\"  class=\"panel-layout\" ><div id=\"pg-352-0\"  class=\"panel-grid panel-no-style\" ><div id=\"pgc-352-0-0\"  class=\"panel-grid-cell\" ><div id=\"panel-352-0-0-0\" class=\"so-panel widget widget_sow-editor panel-first-child\" data-index=\"0\" ><div\n\t\t\t\n\t\t\tclass=\"so-widget-sow-editor so-widget-sow-editor-base\"\n\t\t\t\n\t\t>\n<div class=\"siteorigin-widget-tinymce textwidget\">\n\t<h2><strong>Exergames na Educa\u00e7\u00e3o F\u00edsica: Ferramentas para o ensino e promo\u00e7\u00e3o da sa\u00fade<\/strong><\/h2>\n<p>Este projeto tem como objetivo geral inserir os exergames nas aulas de Educa\u00e7\u00e3o F\u00edsica em escolas p\u00fablicas municipais da cidade de Pelotas\/RS, e nos idosos participantes dos projetos de extens\u00e3o vinculados a Escola Superior de Educa\u00e7\u00e3o F\u00edsica \/ UFPel - \"Atividade F\u00edsica para a Terceira Idade\" e \"N\u00facleo de Atividades para a Terceira Idade\" explorando as possibilidades do uso desta tecnologia para o ensino e aprendizagem da Educa\u00e7\u00e3o F\u00edsica atrav\u00e9s dos jogos digitais e seus aspectos motivacionais.<\/p>\n<\/div>\n<\/div><\/div><\/div><\/div><\/div>","protected":false},"excerpt":{"rendered":"<p>Exergames na Educa\u00e7\u00e3o F\u00edsica: Ferramentas para o ensino e promo\u00e7\u00e3o da sa\u00fadeEste projeto tem como objetivo geral inserir os exergames nas aulas de Educa\u00e7\u00e3o F\u00edsica em escolas p\u00fablicas municipais da cidade de Pelotas\/RS, e nos idosos participantes dos projetos de extens\u00e3o vinculados a Escola Superior de Educa\u00e7\u00e3o F\u00edsica \/ UFPel &#8211; &#8220;Atividade F\u00edsica para a [&hellip;]<\/p>\n","protected":false},"author":865,"featured_media":0,"parent":0,"menu_order":0,"comment_status":"closed","ping_status":"closed","template":"","meta":{"footnotes":""},"class_list":["post-352","page","type-page","status-publish","hentry","post"],"publishpress_future_action":{"enabled":false,"date":"2026-04-12 23:26:59","action":"change-status","newStatus":"draft","terms":[],"taxonomy":"","extraData":[]},"publishpress_future_workflow_manual_trigger":{"enabledWorkflows":[]},"_links":{"self":[{"href":"https:\/\/wp.ufpel.edu.br\/exergamelabbrazil\/wp-json\/wp\/v2\/pages\/352","targetHints":{"allow":["GET"]}}],"collection":[{"href":"https:\/\/wp.ufpel.edu.br\/exergamelabbrazil\/wp-json\/wp\/v2\/pages"}],"about":[{"href":"https:\/\/wp.ufpel.edu.br\/exergamelabbrazil\/wp-json\/wp\/v2\/types\/page"}],"author":[{"embeddable":true,"href":"https:\/\/wp.ufpel.edu.br\/exergamelabbrazil\/wp-json\/wp\/v2\/users\/865"}],"replies":[{"embeddable":true,"href":"https:\/\/wp.ufpel.edu.br\/exergamelabbrazil\/wp-json\/wp\/v2\/comments?post=352"}],"version-history":[{"count":1,"href":"https:\/\/wp.ufpel.edu.br\/exergamelabbrazil\/wp-json\/wp\/v2\/pages\/352\/revisions"}],"predecessor-version":[{"id":353,"href":"https:\/\/wp.ufpel.edu.br\/exergamelabbrazil\/wp-json\/wp\/v2\/pages\/352\/revisions\/353"}],"wp:attachment":[{"href":"https:\/\/wp.ufpel.edu.br\/exergamelabbrazil\/wp-json\/wp\/v2\/media?parent=352"}],"curies":[{"name":"wp","href":"https:\/\/api.w.org\/{rel}","templated":true}]}}