{"id":335,"date":"2019-05-23T08:56:25","date_gmt":"2019-05-23T11:56:25","guid":{"rendered":"https:\/\/wp.ufpel.edu.br\/exergamelabbrazil\/?page_id=335"},"modified":"2019-05-29T16:08:41","modified_gmt":"2019-05-29T19:08:41","slug":"gamepad","status":"publish","type":"page","link":"https:\/\/wp.ufpel.edu.br\/exergamelabbrazil\/gamepad\/","title":{"rendered":"GamePad"},"content":{"rendered":"<div id=\"pl-335\"  class=\"panel-layout\" ><div id=\"pg-335-0\"  class=\"panel-grid panel-no-style\" ><div id=\"pgc-335-0-0\"  class=\"panel-grid-cell\" ><div id=\"panel-335-0-0-0\" class=\"so-panel widget widget_sow-editor panel-first-child\" data-index=\"0\" ><div\n\t\t\t\n\t\t\tclass=\"so-widget-sow-editor so-widget-sow-editor-base\"\n\t\t\t\n\t\t>\n<div class=\"siteorigin-widget-tinymce textwidget\">\n\t<h2><strong>GamePad - Exergames para inclus\u00e3o e motiva\u00e7\u00e3o no esporte e lazer de pessoas com defici\u00eancias<\/strong><\/h2>\n<p>Este projeto tem como objetivo desenvolver um programa de atividades f\u00edsicas para indiv\u00edduos com defici\u00eancias utilizando os \u201cexergames\u201d ou videogames ativos como ferramentas pedag\u00f3gicas explorando as possibilidades do uso desta tecnologia para a inclus\u00e3o e motiva\u00e7\u00e3o no esporte e lazer.<\/p>\n<p>O projeto de extens\u00e3o \u00e9 realizado no Exergame Lab Brazil ESEF\/UFPEL nas quartas-feiras das 14 \u00e0s 16h, participam desse projeto cinco alunos de gradua\u00e7\u00e3o da Educa\u00e7\u00e3o F\u00edsica, tr\u00eas alunos de gradua\u00e7\u00e3o da terapia ocupacional e um aluno do mestrado em educa\u00e7\u00e3o f\u00edsica.<\/p>\n<p>A Associa\u00e7\u00e3o de Pais e Amigos de Jovens e Adultos com Defici\u00eancia \u2013 APAJAD, fundada em setembro de 2014, \u00e9 uma associa\u00e7\u00e3o civil, sem fins lucrativos. Tem como finalidade integrar e dar apoio a jovens e adultos acima de 24 anos, considerados e reconhecidos como deficientes.<\/p>\n<p>Seu trabalho \u00e9 desenvolvido atrav\u00e9s de programas e a\u00e7\u00f5es formativas, educativas, de entretenimento e integra\u00e7\u00e3o, com base na inclus\u00e3o e acessibilidade.<br \/>\n\u00c9 mantenedora da Escola de Inclus\u00e3o, com o apoio da Universidade de Pelotas \u2013 UFPel. Realiza suas atividades nas 2\u00aa e 6\u00aas feiras no Camus II do ICH, na Rua Almirante Barroso, n\u00ba 1202, sala 103, nas 4\u00aas feiras na Escola Superior de Educa\u00e7\u00e3o F\u00edsica, ESEF, Rua Luis de Cam\u00f5es, 625 e nas 5\u00aas feiras no Sal\u00e3o da Irmandade de S\u00e3o Francisco de Paula, Pra\u00e7a Jos\u00e9 Bonif\u00e1cio, 53, todos no turno da tarde.<\/p>\n<\/div>\n<\/div><\/div><\/div><\/div><\/div>","protected":false},"excerpt":{"rendered":"<p>GamePad &#8211; Exergames para inclus\u00e3o e motiva\u00e7\u00e3o no esporte e lazer de pessoas com defici\u00eancias Este projeto tem como objetivo desenvolver um programa de atividades f\u00edsicas para indiv\u00edduos com defici\u00eancias utilizando os \u201cexergames\u201d ou videogames ativos como ferramentas pedag\u00f3gicas explorando as possibilidades do uso desta tecnologia para a inclus\u00e3o e motiva\u00e7\u00e3o no esporte e lazer. [&hellip;]<\/p>\n","protected":false},"author":865,"featured_media":0,"parent":0,"menu_order":0,"comment_status":"closed","ping_status":"closed","template":"","meta":{"footnotes":""},"class_list":["post-335","page","type-page","status-publish","hentry","post"],"publishpress_future_action":{"enabled":false,"date":"2026-04-13 00:30:53","action":"change-status","newStatus":"draft","terms":[],"taxonomy":"","extraData":[]},"publishpress_future_workflow_manual_trigger":{"enabledWorkflows":[]},"_links":{"self":[{"href":"https:\/\/wp.ufpel.edu.br\/exergamelabbrazil\/wp-json\/wp\/v2\/pages\/335","targetHints":{"allow":["GET"]}}],"collection":[{"href":"https:\/\/wp.ufpel.edu.br\/exergamelabbrazil\/wp-json\/wp\/v2\/pages"}],"about":[{"href":"https:\/\/wp.ufpel.edu.br\/exergamelabbrazil\/wp-json\/wp\/v2\/types\/page"}],"author":[{"embeddable":true,"href":"https:\/\/wp.ufpel.edu.br\/exergamelabbrazil\/wp-json\/wp\/v2\/users\/865"}],"replies":[{"embeddable":true,"href":"https:\/\/wp.ufpel.edu.br\/exergamelabbrazil\/wp-json\/wp\/v2\/comments?post=335"}],"version-history":[{"count":4,"href":"https:\/\/wp.ufpel.edu.br\/exergamelabbrazil\/wp-json\/wp\/v2\/pages\/335\/revisions"}],"predecessor-version":[{"id":357,"href":"https:\/\/wp.ufpel.edu.br\/exergamelabbrazil\/wp-json\/wp\/v2\/pages\/335\/revisions\/357"}],"wp:attachment":[{"href":"https:\/\/wp.ufpel.edu.br\/exergamelabbrazil\/wp-json\/wp\/v2\/media?parent=335"}],"curies":[{"name":"wp","href":"https:\/\/api.w.org\/{rel}","templated":true}]}}