{"id":255,"date":"2018-07-26T16:55:40","date_gmt":"2018-07-26T19:55:40","guid":{"rendered":"https:\/\/wp.ufpel.edu.br\/exergamelabbrazil\/?page_id=255"},"modified":"2018-07-26T17:13:22","modified_gmt":"2018-07-26T20:13:22","slug":"sobre","status":"publish","type":"page","link":"https:\/\/wp.ufpel.edu.br\/exergamelabbrazil\/sobre\/","title":{"rendered":"Sobre"},"content":{"rendered":"<p>O laborat\u00f3rio tem como objetivo utilizar os videogames de movimento, ou exergames, como ferramenta pedag\u00f3gica para trabalhar os conte\u00fados da Educa\u00e7\u00e3o F\u00edsica, desenvolvendo assim a\u00e7\u00f5es de ensino, de pequisa e de extens\u00e3o.<\/p>\n<p>No ensino\u00a0o grupo tem como objetivo trabalhar com os alunos de gradua\u00e7\u00e3o da Universidade Federal de Pelotas\u00a0(UFPel), principalmente ao alunos dos cursos de Licenciatura e Bacharelado em Educa\u00e7\u00e3o F\u00edsica, os conhecimentos sobre as potencialidades da Realidade Virtual e dos videogames para utilizar em aulas de Educa\u00e7\u00e3o F\u00edsica escolar ou como ferramentas para atividade f\u00edsica e sa\u00fade. Recentemente foi criada uma disciplina optativa intitulada\u00a0<em>Exergames<\/em>, a disciplina dever\u00e1 ter seus primeiros alunos no primeiro semestre de 2019.<\/p>\n<hr \/>\n<p>Na pesquisa o grupo tem como objetivo investigar as potencialidades dos\u00a0<em>Exergames<\/em>\u00a0como ferramentas\u00a0<span style=\"font-family: 'Helvetica Neue', Helvetica, Arial, sans-serif;font-size: 13px;font-style: normal;font-weight: 300\">pedag\u00f3gicas para utiliza\u00e7\u00e3o na Educa\u00e7\u00e3o F\u00edsica escolar, com idosos investigando principalmente as quest\u00f5es relacionadas ao equil\u00edbrio e na\u00a0<\/span>promo\u00e7\u00e3o da sa\u00fade, investigando as quest\u00f5es fisiol\u00f3gicas relacionadas ao uso destes tipos de consoles.<\/p>\n<hr \/>\n<p>Na extens\u00e3o o grupo vem desenvolvendo atividades em escolas p\u00fablicas da cidade de Pelotas\/RS, objetivando a utiliza\u00e7\u00e3o dos Exergames no curr\u00edculo escolar. Para o segundo semestre de 2018 o grupo dever\u00e1 realizar um trabalho com pessoas com defici\u00eancia. Com idosos o grupo ministra aulas de Educa\u00e7\u00e3o F\u00efsica voltada a melhorar a motiva\u00e7\u00e3o e o equil\u00edbrio destes indiv\u00edduos.<\/p>\n<hr \/>\n<p>O Exergame Lab Brazil \u00e9 um laborat\u00f3rio de videogames da Universidade Federal de Pelotas (http:\/\/portal.ufpel.edu.br\/)\u00a0localizado na Escola Superior de Educa\u00e7\u00e3o F\u00edsica (https:\/\/wp.ufpel.edu.br\/esef\/).<\/p>\n","protected":false},"excerpt":{"rendered":"<p>O laborat\u00f3rio tem como objetivo utilizar os videogames de movimento, ou exergames, como ferramenta pedag\u00f3gica para trabalhar os conte\u00fados da Educa\u00e7\u00e3o F\u00edsica, desenvolvendo assim a\u00e7\u00f5es de ensino, de pequisa e de extens\u00e3o. No ensino\u00a0o grupo tem como objetivo trabalhar com os alunos de gradua\u00e7\u00e3o da Universidade Federal de Pelotas\u00a0(UFPel), principalmente ao alunos dos cursos de [&hellip;]<\/p>\n","protected":false},"author":865,"featured_media":0,"parent":0,"menu_order":0,"comment_status":"closed","ping_status":"closed","template":"","meta":{"footnotes":""},"class_list":["post-255","page","type-page","status-publish","hentry","post"],"publishpress_future_action":{"enabled":false,"date":"2026-04-13 10:45:50","action":"change-status","newStatus":"draft","terms":[],"taxonomy":"","extraData":[]},"publishpress_future_workflow_manual_trigger":{"enabledWorkflows":[]},"_links":{"self":[{"href":"https:\/\/wp.ufpel.edu.br\/exergamelabbrazil\/wp-json\/wp\/v2\/pages\/255","targetHints":{"allow":["GET"]}}],"collection":[{"href":"https:\/\/wp.ufpel.edu.br\/exergamelabbrazil\/wp-json\/wp\/v2\/pages"}],"about":[{"href":"https:\/\/wp.ufpel.edu.br\/exergamelabbrazil\/wp-json\/wp\/v2\/types\/page"}],"author":[{"embeddable":true,"href":"https:\/\/wp.ufpel.edu.br\/exergamelabbrazil\/wp-json\/wp\/v2\/users\/865"}],"replies":[{"embeddable":true,"href":"https:\/\/wp.ufpel.edu.br\/exergamelabbrazil\/wp-json\/wp\/v2\/comments?post=255"}],"version-history":[{"count":3,"href":"https:\/\/wp.ufpel.edu.br\/exergamelabbrazil\/wp-json\/wp\/v2\/pages\/255\/revisions"}],"predecessor-version":[{"id":260,"href":"https:\/\/wp.ufpel.edu.br\/exergamelabbrazil\/wp-json\/wp\/v2\/pages\/255\/revisions\/260"}],"wp:attachment":[{"href":"https:\/\/wp.ufpel.edu.br\/exergamelabbrazil\/wp-json\/wp\/v2\/media?parent=255"}],"curies":[{"name":"wp","href":"https:\/\/api.w.org\/{rel}","templated":true}]}}