{"id":63,"date":"2022-03-03T21:24:08","date_gmt":"2022-03-04T00:24:08","guid":{"rendered":"https:\/\/wp.ufpel.edu.br\/executivapet\/?page_id=63"},"modified":"2022-03-23T12:22:44","modified_gmt":"2022-03-23T15:22:44","slug":"inicio","status":"publish","type":"page","link":"https:\/\/wp.ufpel.edu.br\/executivapet\/","title":{"rendered":"In\u00edcio"},"content":{"rendered":"<h1>Executiva dos grupos PETs UFPel<\/h1>\n<p>O Programa de Educa\u00e7\u00e3o Tutorial (PET) \u00e9 um programa de longo prazo que visa<br \/>\nrealizar, dentro da universidade brasileira, o modelo de indissociabilidade do ensino, da<br \/>\npesquisa e da extens\u00e3o.<\/p>\n<p>O PET \u00e9 composto por grupos tutoriais de aprendizagem, o qual busca propiciar aos<br \/>\nalunos, sob orienta\u00e7\u00e3o de um professor tutor, condi\u00e7\u00f5es para a realiza\u00e7\u00e3o de atividades<br \/>\nextracurriculares que complementem a sua forma\u00e7\u00e3o acad\u00eamica, procurando atender<br \/>\nplenamente as necessidades do curso de gradua\u00e7\u00e3o e\/ou ampliar e aprofundar n\u00e3o s\u00f3 os<br \/>\nobjetivos como tamb\u00e9m os conte\u00fados program\u00e1ticos que integram a grade curricular.<\/p>\n<p>Denomina-se PET UFPEL o conjunto dos grupos PET vinculados \u00e0 Universidade<br \/>\nFederal de Pelotas (UFPEL).<\/p>\n<p>Atualmente s\u00e3o vinculados \u00e0 UFPEL 15 (quinze) grupos do Programa de Educa\u00e7\u00e3o<br \/>\nTutorial, abaixo citados:<\/p>\n<ol>\n<li>PET A\u00e7\u00e3o e Pesquisa em Educa\u00e7\u00e3o Popular;<\/li>\n<li>PET Agronomia;<\/li>\n<li>PET Arquitetura;<\/li>\n<li>PET Artes Visuais;<\/li>\n<li>\u00a0PET Computa\u00e7\u00e3o;<\/li>\n<li>PET Conex\u00f5es de Saberes \u2013 Diversidade e Toler\u00e2ncia;<\/li>\n<li>\u00a0PET Conserva\u00e7\u00e3o e Restauro;<\/li>\n<li>PET Educa\u00e7\u00e3o;<\/li>\n<li>PET Educa\u00e7\u00e3o F\u00edsica;<\/li>\n<li>PET Engenharia Agr\u00edcola;<\/li>\n<li>\u00a0PET Engenharia H\u00eddrica;<\/li>\n<li>PET F\u00edsica;<\/li>\n<li>\u00a0PET Fronteiras \u2013 Saberes e Pr\u00e1ticas Populares;<\/li>\n<li>PET Meteorologia;<\/li>\n<li>PET Odontologia.<\/li>\n<\/ol>\n<p>Devido ao grande n\u00famero de PETs, surgiu a Executiva, com dois alunos petianos de cada grupo, para fazer a uni\u00e3o e discu\u00e7\u00e3o de assuntos entre os grupos.<\/p>\n","protected":false},"excerpt":{"rendered":"<p>Executiva dos grupos PETs UFPel O Programa de Educa\u00e7\u00e3o Tutorial (PET) \u00e9 um programa de longo prazo que visa realizar, dentro da universidade brasileira, o modelo de indissociabilidade do ensino, da pesquisa e da extens\u00e3o. O PET \u00e9 composto por&#8230; <a class=\"more-link\" href=\"https:\/\/wp.ufpel.edu.br\/executivapet\/\">Continue lendo &rarr;<\/a><\/p>\n","protected":false},"author":1187,"featured_media":0,"parent":0,"menu_order":0,"comment_status":"closed","ping_status":"closed","template":"","meta":{"footnotes":""},"class_list":["post-63","page","type-page","status-publish","hentry"],"_links":{"self":[{"href":"https:\/\/wp.ufpel.edu.br\/executivapet\/wp-json\/wp\/v2\/pages\/63","targetHints":{"allow":["GET"]}}],"collection":[{"href":"https:\/\/wp.ufpel.edu.br\/executivapet\/wp-json\/wp\/v2\/pages"}],"about":[{"href":"https:\/\/wp.ufpel.edu.br\/executivapet\/wp-json\/wp\/v2\/types\/page"}],"author":[{"embeddable":true,"href":"https:\/\/wp.ufpel.edu.br\/executivapet\/wp-json\/wp\/v2\/users\/1187"}],"replies":[{"embeddable":true,"href":"https:\/\/wp.ufpel.edu.br\/executivapet\/wp-json\/wp\/v2\/comments?post=63"}],"version-history":[{"count":5,"href":"https:\/\/wp.ufpel.edu.br\/executivapet\/wp-json\/wp\/v2\/pages\/63\/revisions"}],"predecessor-version":[{"id":119,"href":"https:\/\/wp.ufpel.edu.br\/executivapet\/wp-json\/wp\/v2\/pages\/63\/revisions\/119"}],"wp:attachment":[{"href":"https:\/\/wp.ufpel.edu.br\/executivapet\/wp-json\/wp\/v2\/media?parent=63"}],"curies":[{"name":"wp","href":"https:\/\/api.w.org\/{rel}","templated":true}]}}