{"id":10,"date":"2026-02-03T17:37:10","date_gmt":"2026-02-03T20:37:10","guid":{"rendered":"https:\/\/wp.ufpel.edu.br\/eventored\/?page_id=10"},"modified":"2026-02-04T14:49:44","modified_gmt":"2026-02-04T17:49:44","slug":"sobre-o-evento-e-a-ripror","status":"publish","type":"page","link":"https:\/\/wp.ufpel.edu.br\/eventored\/","title":{"rendered":"Sobre o Evento e a RIProR"},"content":{"rendered":"\n<figure class=\"wp-block-image size-large\"><img width=\"1024\" height=\"229\" src=\"https:\/\/wp.ufpel.edu.br\/eventored\/files\/2026\/02\/imagem-de-capa-site-1-1024x229.png\" alt=\"\" class=\"wp-image-107\" srcset=\"https:\/\/wp.ufpel.edu.br\/eventored\/files\/2026\/02\/imagem-de-capa-site-1-1024x229.png 1024w, https:\/\/wp.ufpel.edu.br\/eventored\/files\/2026\/02\/imagem-de-capa-site-1-400x90.png 400w, https:\/\/wp.ufpel.edu.br\/eventored\/files\/2026\/02\/imagem-de-capa-site-1-768x172.png 768w, https:\/\/wp.ufpel.edu.br\/eventored\/files\/2026\/02\/imagem-de-capa-site-1-1536x344.png 1536w, https:\/\/wp.ufpel.edu.br\/eventored\/files\/2026\/02\/imagem-de-capa-site-1-2048x459.png 2048w\" sizes=\"(max-width: 1024px) 100vw, 1024px\" \/><\/figure>\n\n\n\n<h1 class=\"wp-block-heading has-text-color has-link-color wp-elements-8bd61bcbf37783ed4dd2ab1cbf8424de\" style=\"color:#d22015;font-size:40px\">Sobre o Evento:<\/h1>\n\n\n\n<p>O VI Encuentro Internacional de la Red de Procesos Represivos, Empresas, Trabajadores\/as y Sindicatos en Am\u00e9rica Latina (RIProR) &#8211; <em>A Am\u00e9rica Latina entre ditaduras e democracias: Classe trabalhadora, poder econ\u00f4mico e lutas sociais, <\/em>que ser\u00e1 realizado entre os dias 20 e 23 de maio de 2026 na cidade de Pelotas (RS),\u00e9 um evento promovido pela Red de Procesos Represivos, Empresas, Trabajadores\/as y Sindicatos en Am\u00e9rica Latina (RIProR) em parceria com o Programa de P\u00f3s-Gradua\u00e7\u00e3o em Hist\u00f3ria da Universidade Federal de Pelotas. Ele busca congregar investigadores e investigadoras vinculados a RIProR, pesquisadores\/as, estudantes, ativistas e representantes de movimentos sociais para promover e divulgar o estudo cr\u00edtico sobre a hist\u00f3ria recente da Am\u00e9rica Latina, com foco nas experi\u00eancias ditatoriais que marcaram a regi\u00e3o a partir da segunda metade do s\u00e9culo XX, nas estruturas de poder econ\u00f4mico que financiaram tais regimes e nas experi\u00eancias de resist\u00eancia e de lutas sociais, fundamentais para a transi\u00e7\u00e3o democr\u00e1tica vivenciada nestes pa\u00edses.<\/p>\n\n\n\n<p>Neste sentido, o evento busca oportunizar espa\u00e7os de reflex\u00e3o acerca de tem\u00e1ticas como: os processos repressivos no Cone Sul; a complexa atua\u00e7\u00e3o de empresas e empres\u00e1rios e sua cumplicidade com a viol\u00eancia no passado e no presente; os processos de resist\u00eancia e as lutas sociais protagonizadas por diferentes grupos sociais (camponeses\/as, povos e comunidades tradicionais, etc); as experi\u00eancias hist\u00f3ricas e contempor\u00e2neas de trabalhadores\/as e de sindicatos na regi\u00e3o; os processo de transi\u00e7\u00e3o para a democracia e as pol\u00edticas de mem\u00f3ria, justi\u00e7a e repara\u00e7\u00e3o na regi\u00e3o; as graves viola\u00e7\u00f5es de direitos humanos na Am\u00e9rica Latina, no passado e no presente.&nbsp;<\/p>\n\n\n\n<p>O evento busca n\u00e3o apenas refor\u00e7ar o compromisso com a mem\u00f3ria, a justi\u00e7a e a repara\u00e7\u00e3o, mas tamb\u00e9m aprofundar a compreens\u00e3o das estruturas de poder e da viol\u00eancia econ\u00f4mica e pol\u00edtica que historicamente moldaram e continuam presentes na Am\u00e9rica Latina, tensionando os limites de nossas democracias.<\/p>\n\n\n\n<div style=\"height:3px\" aria-hidden=\"true\" class=\"wp-block-spacer\"><\/div>\n\n\n<div class=\"wp-block-image is-style-default\">\n<figure class=\"aligncenter size-large is-resized\"><a href=\"https:\/\/wp.ufpel.edu.br\/eventored\/inscricoes-e-simposios-tematicos\/\" target=\"_blank\" rel=\" noreferrer noopener\"><img width=\"1024\" height=\"233\" src=\"https:\/\/wp.ufpel.edu.br\/eventored\/files\/2026\/02\/Inscricoes-aqui-1024x233.png\" alt=\"\" class=\"wp-image-73\" style=\"aspect-ratio:4.763001683352529;width:298px;height:auto\" srcset=\"https:\/\/wp.ufpel.edu.br\/eventored\/files\/2026\/02\/Inscricoes-aqui-1024x233.png 1024w, https:\/\/wp.ufpel.edu.br\/eventored\/files\/2026\/02\/Inscricoes-aqui-400x91.png 400w, https:\/\/wp.ufpel.edu.br\/eventored\/files\/2026\/02\/Inscricoes-aqui-768x175.png 768w, https:\/\/wp.ufpel.edu.br\/eventored\/files\/2026\/02\/Inscricoes-aqui-1536x349.png 1536w, https:\/\/wp.ufpel.edu.br\/eventored\/files\/2026\/02\/Inscricoes-aqui.png 1668w\" sizes=\"(max-width: 1024px) 100vw, 1024px\" \/><\/a><\/figure>\n<\/div>\n\n\n<div style=\"height:20px\" aria-hidden=\"true\" class=\"wp-block-spacer\"><\/div>\n\n\n\n<h1 class=\"wp-block-heading has-text-color has-link-color wp-elements-cb29e4c75b7ff7c8dfa7c9ebb14b92e8\" style=\"color:#d22015;font-size:36px\">Sobre a Red de Procesos Represivos, Empresas, Trabajadores\/as y Sindicatos en Am\u00e9rica Latina (RIProR):<\/h1>\n\n\n\n<p>A RIProR se constitui como uma rede de pesquisa transnacional que nasceu e se mant\u00e9m a partir da iniciativa aut\u00f4noma de pesquisadores\/as das ditaduras do Cone Sul, consolidando-se como refer\u00eancia na pesquisa e no debate cr\u00edtico sobre a mem\u00f3ria, a justi\u00e7a e a repara\u00e7\u00e3o na regi\u00e3o do Cone Sul.<\/p>\n\n\n\n<p>O objetivo fundamental que motivou a forma\u00e7\u00e3o da RIProR foi promover o interc\u00e2mbio e a articula\u00e7\u00e3o interdisciplinar das pesquisas que diversas equipes, pesquisadoras e pesquisadores vinham realizando sobre os processos repressivos enfrentados pela classe trabalhadora e suas organiza\u00e7\u00f5es pol\u00edticas e sindicais no per\u00edodo p\u00f3s-guerra na regi\u00e3o.<\/p>\n\n\n\n<p>A meta era aprofundar as perspectivas comparativas a partir de um ponto de vista global, permitindo a reconstru\u00e7\u00e3o das din\u00e2micas regionais e dos pontos de conex\u00e3o entre os processos estudados. Al\u00e9m disso, esse interc\u00e2mbio deveria ser integrado, desde a funda\u00e7\u00e3o da rede, ao trabalho de associa\u00e7\u00f5es e organiza\u00e7\u00f5es, governamentais e n\u00e3o governamentais, que participam ativamente de julgamentos por crimes contra a humanidade e do desenvolvimento de pol\u00edticas de mem\u00f3ria.<\/p>\n\n\n\n<p>Os problemas e temas de pesquisa foram se expandindo a partir da realiza\u00e7\u00e3o de novos encontros e da incorpora\u00e7\u00e3o de outros pesquisadores e pesquisadoras da rede. Assim, al\u00e9m do problema das fontes e dos arquivos para analisar o papel das empresas na repress\u00e3o, a Rede prop\u00f5a a elabora\u00e7\u00e3o de novas dimens\u00f5es anal\u00edticas para compreender a responsabilidade empresarial em graves viola\u00e7\u00f5es de direitos humanos na Am\u00e9rica do Sul.<\/p>\n\n\n\n<div style=\"height:10px\" aria-hidden=\"true\" class=\"wp-block-spacer\"><\/div>\n\n\n\n<h2 class=\"wp-block-heading has-text-color has-link-color has-larger-font-size wp-elements-7b63bd928ce051b370f551b36c744ad0\" style=\"color:#ee9c0a\">Saiba mais sobre o evento:<\/h2>\n\n\n<ul class=\"wp-block-latest-posts__list wp-block-latest-posts\"><li><a class=\"wp-block-latest-posts__post-title\" href=\"https:\/\/wp.ufpel.edu.br\/eventored\/programacao-e-cronograma\/\">Programa\u00e7\u00e3o e Cronograma<\/a><\/li>\n<li><a class=\"wp-block-latest-posts__post-title\" href=\"https:\/\/wp.ufpel.edu.br\/eventored\/contatos\/\">Contato<\/a><\/li>\n<li><a class=\"wp-block-latest-posts__post-title\" href=\"https:\/\/wp.ufpel.edu.br\/eventored\/sobre-pelotas-como-chegar\/\">Sobre Pelotas: como chegar?<\/a><\/li>\n<li><a class=\"wp-block-latest-posts__post-title\" href=\"https:\/\/wp.ufpel.edu.br\/eventored\/inscricoes-e-simposios-tematicos\/\">Inscri\u00e7\u00f5es e Simp\u00f3sios Tem\u00e1ticos<\/a><\/li>\n<\/ul>\n\n\n<p><\/p>\n","protected":false},"excerpt":{"rendered":"<p>Sobre o Evento: O VI Encuentro Internacional de la Red de Procesos Represivos, Empresas, Trabajadores\/as y Sindicatos en Am\u00e9rica Latina (RIProR) &#8211; A Am\u00e9rica Latina entre ditaduras e democracias: Classe trabalhadora, poder econ\u00f4mico e lutas sociais, que ser\u00e1 realizado entre os dias 20 e 23 de maio de 2026 na cidade de Pelotas (RS),\u00e9 um [&hellip;]<\/p>\n","protected":false},"author":577,"featured_media":0,"parent":0,"menu_order":0,"comment_status":"closed","ping_status":"closed","template":"","meta":{"footnotes":""},"class_list":["post-10","page","type-page","status-publish","hentry"],"_links":{"self":[{"href":"https:\/\/wp.ufpel.edu.br\/eventored\/wp-json\/wp\/v2\/pages\/10","targetHints":{"allow":["GET"]}}],"collection":[{"href":"https:\/\/wp.ufpel.edu.br\/eventored\/wp-json\/wp\/v2\/pages"}],"about":[{"href":"https:\/\/wp.ufpel.edu.br\/eventored\/wp-json\/wp\/v2\/types\/page"}],"author":[{"embeddable":true,"href":"https:\/\/wp.ufpel.edu.br\/eventored\/wp-json\/wp\/v2\/users\/577"}],"replies":[{"embeddable":true,"href":"https:\/\/wp.ufpel.edu.br\/eventored\/wp-json\/wp\/v2\/comments?post=10"}],"version-history":[{"count":3,"href":"https:\/\/wp.ufpel.edu.br\/eventored\/wp-json\/wp\/v2\/pages\/10\/revisions"}],"predecessor-version":[{"id":118,"href":"https:\/\/wp.ufpel.edu.br\/eventored\/wp-json\/wp\/v2\/pages\/10\/revisions\/118"}],"wp:attachment":[{"href":"https:\/\/wp.ufpel.edu.br\/eventored\/wp-json\/wp\/v2\/media?parent=10"}],"curies":[{"name":"wp","href":"https:\/\/api.w.org\/{rel}","templated":true}]}}