{"id":4,"date":"2021-11-11T17:03:24","date_gmt":"2021-11-11T20:03:24","guid":{"rendered":"https:\/\/wp.ufpel.edu.br\/eventointerinstitucional\/?page_id=4"},"modified":"2021-11-18T15:36:01","modified_gmt":"2021-11-18T18:36:01","slug":"evento-encontro-interinstitucional-cavg-ifsul-ufpel-das-equipes-de-assessorias-pedagogicas","status":"publish","type":"page","link":"https:\/\/wp.ufpel.edu.br\/eventointerinstitucional\/evento-encontro-interinstitucional-cavg-ifsul-ufpel-das-equipes-de-assessorias-pedagogicas\/","title":{"rendered":"Evento: Encontro CaVG-IFSul e servidores da UFPel e das equipes de assessorias pedag\u00f3gicas"},"content":{"rendered":"<p>Ol\u00e1, Estimados\/as Colegas!<\/p>\n<p style=\"text-align: justify\">O <strong>Encontro CaVG-IFSul e servidores da UFPel e das equipes de assessorias pedag\u00f3gicas,<\/strong> ser\u00e1 realizado em <strong>novembro de 2021<\/strong>, nos dias<strong> 24, 25 e 26,<\/strong> e visa integrar, fortalecer e estreitar la\u00e7os e trocas de saberes entre as equipes de assessoria pedag\u00f3gica do IFSul e da UFPel. Convidamos a todos\/as para participarem desta importante iniciativa.<\/p>\n<p><img loading=\"lazy\" decoding=\"async\" class=\"alignnone wp-image-40\" src=\"https:\/\/wp.ufpel.edu.br\/eventointerinstitucional\/files\/2021\/11\/PRO.png\" alt=\"\" width=\"476\" height=\"60\" srcset=\"https:\/\/wp.ufpel.edu.br\/eventointerinstitucional\/files\/2021\/11\/PRO.png 762w, https:\/\/wp.ufpel.edu.br\/eventointerinstitucional\/files\/2021\/11\/PRO-400x50.png 400w\" sizes=\"auto, (max-width: 476px) 100vw, 476px\" \/>\u00a0 \u00a0 Link: <a href=\"https:\/\/forms.gle\/F4EoiDLsp24Aihni7\">https:\/\/forms.gle\/F4EoiDLsp24Aihni7<\/a><\/p>\n<p style=\"text-align: justify\"><strong>A confirma\u00e7\u00e3o e o endere\u00e7o da sala virtual ser\u00e3o encaminhados pelo email cadastrado no formul\u00e1rio. Desejamos um excelente evento!<\/strong><\/p>\n<p style=\"text-align: justify\">A Organiza\u00e7\u00e3o do evento busca estabelecer uma reflex\u00e3o sobre a atua\u00e7\u00e3o dos profissionais das institui\u00e7\u00f5es superiores (Assistentes de Alunos, Assistentes Sociais, Pedagogos, Psic\u00f3logos e T\u00e9cnicos em Assuntos Educacionais), buscando constituir uma pol\u00edtica institucional de forma\u00e7\u00e3o permanente das equipes, de forma integrada entre as IES da regi\u00e3o de Pelotas, para intervir no processo de ensino-aprendizagem de forma qualificada. Essa qualifica\u00e7\u00e3o intenciona aprimorar e aprofundar os conhecimentos voltados ao ensino- aprendizagem, beneficiando a institui\u00e7\u00e3o de origem.<\/p>\n<p style=\"text-align: justify\">Objetivo:<\/p>\n<p style=\"text-align: justify\">Desenvolver um projeto interinstitucional (UFPel- IFSul), com \u00eanfase na extens\u00e3o e no ensino, para identificar o papel desenvolvido pelos servidores ligados \u00e0s equipes pedag\u00f3gicas das institui\u00e7\u00f5es superiores, a relev\u00e2ncia desses profissionais na manuten\u00e7\u00e3o da qualidade da educa\u00e7\u00e3o p\u00fablica e gratuita e da import\u00e2ncia dos servi\u00e7os prestados com excel\u00eancia nesses espa\u00e7os.<\/p>\n<p style=\"text-align: justify\">Objetivos Espec\u00edficos:<\/p>\n<ul>\n<li style=\"text-align: justify\">Demonstrar o protagonismo dos Assistentes Sociais, T\u00e9cnicos em Assuntos Educacionais, Pedagogos e Psic\u00f3logos na educa\u00e7\u00e3o e da relev\u00e2ncia do seu trabalho nas IES;<\/li>\n<li style=\"text-align: justify\">Constituir uma Rede entre os profissionais para a troca de experi\u00eancias no campo da educa\u00e7\u00e3o, estreitando rela\u00e7\u00f5es entre as institui\u00e7\u00f5es;<\/li>\n<li>Fortalecer e reconhecer o campo de atua\u00e7\u00e3o e o papel desses profissionais nas Institui\u00e7\u00f5es Superiores;<\/li>\n<li style=\"text-align: justify\">Qualificar o trabalho atrav\u00e9s da amplia\u00e7\u00e3o da rede dos profissionais na educa\u00e7\u00e3o.<\/li>\n<\/ul>\n<p>Abaixo, acompanhe a programa\u00e7\u00e3o do evento.<\/p>\n<p style=\"text-align: center\"><strong>PROGRAMA\u00c7\u00c3O:<\/strong><\/p>\n<p><img loading=\"lazy\" decoding=\"async\" class=\"alignnone size-full wp-image-51\" src=\"https:\/\/wp.ufpel.edu.br\/eventointerinstitucional\/files\/2021\/11\/18c.jpg\" alt=\"\" width=\"810\" height=\"520\" srcset=\"https:\/\/wp.ufpel.edu.br\/eventointerinstitucional\/files\/2021\/11\/18c.jpg 810w, https:\/\/wp.ufpel.edu.br\/eventointerinstitucional\/files\/2021\/11\/18c-400x257.jpg 400w, https:\/\/wp.ufpel.edu.br\/eventointerinstitucional\/files\/2021\/11\/18c-768x493.jpg 768w\" sizes=\"auto, (max-width: 810px) 100vw, 810px\" \/><\/p>\n<p>Intervalo: 10 minutos (Manh\u00e3).<\/p>\n<p><img loading=\"lazy\" decoding=\"async\" class=\"alignnone size-full wp-image-49\" src=\"https:\/\/wp.ufpel.edu.br\/eventointerinstitucional\/files\/2021\/11\/18b.jpg\" alt=\"\" width=\"773\" height=\"526\" srcset=\"https:\/\/wp.ufpel.edu.br\/eventointerinstitucional\/files\/2021\/11\/18b.jpg 773w, https:\/\/wp.ufpel.edu.br\/eventointerinstitucional\/files\/2021\/11\/18b-400x272.jpg 400w, https:\/\/wp.ufpel.edu.br\/eventointerinstitucional\/files\/2021\/11\/18b-768x523.jpg 768w\" sizes=\"auto, (max-width: 773px) 100vw, 773px\" \/><\/p>\n<p>Intervalo: 15 minutos (Tarde).<\/p>\n<p>Encerramento do Evento: 26\/11\/2021<\/p>\n<p>Para realizar a sua inscri\u00e7\u00e3o, preencha o formul\u00e1rio abaixo.<\/p>\n<p style=\"text-align: left\">Link: <a href=\"https:\/\/forms.gle\/F4EoiDLsp24Aihni7\">https:\/\/forms.gle\/F4EoiDLsp24Aihni7<\/a><\/p>\n<p>Em caso de d\u00favidas, encaminhar para o e-mail: <span class=\"qu\" role=\"gridcell\"><span class=\"go\">direncavg@gmail.com<\/span><\/span><\/p>\n","protected":false},"excerpt":{"rendered":"<p>Ol\u00e1, Estimados\/as Colegas! O Encontro CaVG-IFSul e servidores da UFPel e das equipes de assessorias pedag\u00f3gicas, ser\u00e1 realizado em novembro de 2021, nos dias 24, 25 e 26, e visa integrar, fortalecer e estreitar la\u00e7os e trocas de saberes entre as equipes de assessoria pedag\u00f3gica do IFSul e da UFPel. Convidamos a todos\/as para participarem&hellip;<\/p>\n","protected":false},"author":832,"featured_media":0,"parent":0,"menu_order":0,"comment_status":"closed","ping_status":"closed","template":"","meta":{"footnotes":""},"class_list":["post-4","page","type-page","status-publish","hentry"],"_links":{"self":[{"href":"https:\/\/wp.ufpel.edu.br\/eventointerinstitucional\/wp-json\/wp\/v2\/pages\/4","targetHints":{"allow":["GET"]}}],"collection":[{"href":"https:\/\/wp.ufpel.edu.br\/eventointerinstitucional\/wp-json\/wp\/v2\/pages"}],"about":[{"href":"https:\/\/wp.ufpel.edu.br\/eventointerinstitucional\/wp-json\/wp\/v2\/types\/page"}],"author":[{"embeddable":true,"href":"https:\/\/wp.ufpel.edu.br\/eventointerinstitucional\/wp-json\/wp\/v2\/users\/832"}],"replies":[{"embeddable":true,"href":"https:\/\/wp.ufpel.edu.br\/eventointerinstitucional\/wp-json\/wp\/v2\/comments?post=4"}],"version-history":[{"count":18,"href":"https:\/\/wp.ufpel.edu.br\/eventointerinstitucional\/wp-json\/wp\/v2\/pages\/4\/revisions"}],"predecessor-version":[{"id":52,"href":"https:\/\/wp.ufpel.edu.br\/eventointerinstitucional\/wp-json\/wp\/v2\/pages\/4\/revisions\/52"}],"wp:attachment":[{"href":"https:\/\/wp.ufpel.edu.br\/eventointerinstitucional\/wp-json\/wp\/v2\/media?parent=4"}],"curies":[{"name":"wp","href":"https:\/\/api.w.org\/{rel}","templated":true}]}}