{"id":90,"date":"2024-04-22T21:39:58","date_gmt":"2024-04-23T00:39:58","guid":{"rendered":"https:\/\/wp.ufpel.edu.br\/evea\/?page_id=90"},"modified":"2024-04-23T08:59:04","modified_gmt":"2024-04-23T11:59:04","slug":"sala-de-cinema","status":"publish","type":"page","link":"https:\/\/wp.ufpel.edu.br\/evea\/sala-de-cinema\/","title":{"rendered":"Sala de Cinema"},"content":{"rendered":"<div id=\"pl-90\"  class=\"panel-layout\" ><div id=\"pg-90-0\"  class=\"panel-grid panel-has-style\" ><div class=\"siteorigin-panels-stretch panel-row-style panel-row-style-for-90-0\" data-stretch-type=\"full\" ><div id=\"pgc-90-0-0\"  class=\"panel-grid-cell\" ><div id=\"panel-90-0-0-0\" class=\"so-panel widget widget_sow-editor panel-first-child\" data-index=\"0\" ><div\n\t\t\t\n\t\t\tclass=\"so-widget-sow-editor so-widget-sow-editor-base\"\n\t\t\t\n\t\t>\n<div class=\"siteorigin-widget-tinymce textwidget\">\n\t<p><span style=\"font-size: 14pt; color: #ffffff;\">SALA DE CINEMA\u00a0<\/span><\/p>\n<hr \/>\n<p>Sinopse:<\/p>\n<h4>\"Neque porro quisquam est qui dolorem ipsum quia dolor sit amet, consectetur, adipisci velit...\"<\/h4>\n<p>Lorem ipsum dolor sit amet, consectetur adipiscing elit. Sed sit amet scelerisque ex, eget consequat lectus. Class aptent taciti sociosqu ad litora torquent per conubia nostra, per inceptos himenaeos. Curabitur malesuada et risus ac facilisis. In rhoncus magna sit amet est vehicula tristique. Morbi varius scelerisque magna, vitae ullamcorper urna consequat id. Integer mattis, ligula a laoreet hendrerit, sem felis placerat felis, a tristique mauris magna sit amet justo. Nam dolor nisi, interdum ac tortor quis, cursus sagittis ante. Pellentesque at mauris placerat, viverra orci in, scelerisque libero. Nullam et scelerisque nibh. Vivamus quam tortor, interdum id neque vitae, ultrices pretium orci.<\/p>\n<\/div>\n<\/div><\/div><div id=\"panel-90-0-0-1\" class=\"so-panel widget widget_sow-editor\" data-index=\"1\" ><div\n\t\t\t\n\t\t\tclass=\"so-widget-sow-editor so-widget-sow-editor-base\"\n\t\t\t\n\t\t>\n<div class=\"siteorigin-widget-tinymce textwidget\">\n\t<p><iframe loading=\"lazy\" title=\"Bem Vindos ao Centro de Artes | UFPel\" width=\"720\" height=\"405\" src=\"https:\/\/www.youtube.com\/embed\/DpiD7SaSR-Q?feature=oembed\" frameborder=\"0\" allow=\"accelerometer; autoplay; clipboard-write; encrypted-media; gyroscope; picture-in-picture; web-share\" referrerpolicy=\"strict-origin-when-cross-origin\" allowfullscreen><\/iframe><\/p>\n<\/div>\n<\/div><\/div><div id=\"panel-90-0-0-2\" class=\"so-panel widget widget_sow-editor panel-last-child\" data-index=\"2\" ><div\n\t\t\t\n\t\t\tclass=\"so-widget-sow-editor so-widget-sow-editor-base\"\n\t\t\t\n\t\t>\n<div class=\"siteorigin-widget-tinymce textwidget\">\n\t<p>Informa\u00e7\u00f5es da sess\u00e3o:<\/p>\n<p>Data:<\/p>\n<p>Hora<\/p>\n<\/div>\n<\/div><\/div><\/div><\/div><\/div><\/div>","protected":false},"excerpt":{"rendered":"<p>SALA DE CINEMA\u00a0 Sinopse: &#8220;Neque porro quisquam est qui dolorem ipsum quia dolor sit amet, consectetur, adipisci velit&#8230;&#8221; Lorem ipsum dolor sit amet, consectetur adipiscing elit. Sed sit amet scelerisque ex, eget consequat lectus. Class aptent taciti sociosqu ad litora torquent per conubia nostra, per inceptos himenaeos. Curabitur malesuada et risus ac facilisis. In rhoncus [&hellip;]<\/p>\n","protected":false},"author":1182,"featured_media":0,"parent":0,"menu_order":0,"comment_status":"closed","ping_status":"closed","template":"","meta":{"footnotes":""},"class_list":["post-90","page","type-page","status-publish","hentry","post"],"_links":{"self":[{"href":"https:\/\/wp.ufpel.edu.br\/evea\/wp-json\/wp\/v2\/pages\/90","targetHints":{"allow":["GET"]}}],"collection":[{"href":"https:\/\/wp.ufpel.edu.br\/evea\/wp-json\/wp\/v2\/pages"}],"about":[{"href":"https:\/\/wp.ufpel.edu.br\/evea\/wp-json\/wp\/v2\/types\/page"}],"author":[{"embeddable":true,"href":"https:\/\/wp.ufpel.edu.br\/evea\/wp-json\/wp\/v2\/users\/1182"}],"replies":[{"embeddable":true,"href":"https:\/\/wp.ufpel.edu.br\/evea\/wp-json\/wp\/v2\/comments?post=90"}],"version-history":[{"count":14,"href":"https:\/\/wp.ufpel.edu.br\/evea\/wp-json\/wp\/v2\/pages\/90\/revisions"}],"predecessor-version":[{"id":105,"href":"https:\/\/wp.ufpel.edu.br\/evea\/wp-json\/wp\/v2\/pages\/90\/revisions\/105"}],"wp:attachment":[{"href":"https:\/\/wp.ufpel.edu.br\/evea\/wp-json\/wp\/v2\/media?parent=90"}],"curies":[{"name":"wp","href":"https:\/\/api.w.org\/{rel}","templated":true}]}}