{"id":7,"date":"2024-04-15T09:22:35","date_gmt":"2024-04-15T12:22:35","guid":{"rendered":"https:\/\/wp.ufpel.edu.br\/evea\/pagina-inicial\/"},"modified":"2024-04-23T09:15:29","modified_gmt":"2024-04-23T12:15:29","slug":"pagina-inicial","status":"publish","type":"page","link":"https:\/\/wp.ufpel.edu.br\/evea\/","title":{"rendered":"P\u00e1gina Inicial"},"content":{"rendered":"<div id=\"pl-7\"  class=\"panel-layout\" ><div id=\"pg-7-0\"  class=\"panel-grid panel-has-style\" ><div class=\"siteorigin-panels-stretch panel-row-style panel-row-style-for-7-0\" data-stretch-type=\"full\" ><div id=\"pgc-7-0-0\"  class=\"panel-grid-cell\" ><div id=\"panel-7-0-0-0\" class=\"so-panel widget widget_sow-editor panel-first-child panel-last-child\" data-index=\"0\" ><div class=\"panel-widget-style panel-widget-style-for-7-0-0-0\" ><div\n\t\t\t\n\t\t\tclass=\"so-widget-sow-editor so-widget-sow-editor-base\"\n\t\t\t\n\t\t><h3 class=\"widget-title\">SOBRE O EVEA <\/h3>\n<div class=\"siteorigin-widget-tinymce textwidget\">\n\t<p style=\"text-align: center;\"><span style=\"font-size: 14pt;\"><em>O EVEA \u00e9 um espa\u00e7o que visa disponibilizar exposi\u00e7\u00f5es de obras de arte produzidas, preferencialmente, pela comunidade do Centro de Artes. Por meio de fotos e v\u00eddeos ser\u00e1 poss\u00edvel criar exposi\u00e7\u00f5es como uma \"galeria virtual de arte\" democratizando o fazer art\u00edstico, difundindo a cultura e estimulando as produ\u00e7\u00f5es culturais.<\/em><\/span><\/p>\n<\/div>\n<\/div><\/div><\/div><\/div><\/div><\/div><div id=\"pg-7-1\"  class=\"panel-grid panel-no-style\" ><div id=\"pgc-7-1-0\"  class=\"panel-grid-cell\" ><div id=\"panel-7-1-0-0\" class=\"so-panel widget widget_sow-editor panel-first-child\" data-index=\"1\" ><div\n\t\t\t\n\t\t\tclass=\"so-widget-sow-editor so-widget-sow-editor-base\"\n\t\t\t\n\t\t><h3 class=\"widget-title\">EXPOSI\u00c7\u00c3O ATUAL <\/h3>\n<div class=\"siteorigin-widget-tinymce textwidget\">\n\t<\/div>\n<\/div><\/div><div id=\"panel-7-1-0-1\" class=\"so-panel widget widget_siteorigin-panels-builder panel-last-child\" data-index=\"2\" ><div id=\"pl-w6627a4503416f\"  class=\"panel-layout\" ><div id=\"pg-w6627a4503416f-0\"  class=\"panel-grid panel-no-style\" ><div id=\"pgc-w6627a4503416f-0-0\"  class=\"panel-grid-cell\" ><div id=\"panel-w6627a4503416f-0-0-0\" class=\"so-panel widget widget_media_image panel-first-child panel-last-child\" data-index=\"0\" ><img loading=\"lazy\" decoding=\"async\" width=\"272\" height=\"350\" src=\"https:\/\/wp.ufpel.edu.br\/evea\/files\/2024\/04\/Jesus-Mocked-by-the-Soldiers-311x400.jpg\" class=\"image wp-image-37  attachment-272x350 size-272x350\" alt=\"\" style=\"max-width: 100%; height: auto;\" srcset=\"https:\/\/wp.ufpel.edu.br\/evea\/files\/2024\/04\/Jesus-Mocked-by-the-Soldiers-311x400.jpg 311w, https:\/\/wp.ufpel.edu.br\/evea\/files\/2024\/04\/Jesus-Mocked-by-the-Soldiers-768x987.jpg 768w, https:\/\/wp.ufpel.edu.br\/evea\/files\/2024\/04\/Jesus-Mocked-by-the-Soldiers.jpg 778w\" sizes=\"auto, (max-width: 272px) 100vw, 272px\" \/><\/div><\/div><div id=\"pgc-w6627a4503416f-0-1\"  class=\"panel-grid-cell\" ><div id=\"panel-w6627a4503416f-0-1-0\" class=\"so-panel widget widget_sow-editor panel-first-child\" data-index=\"1\" ><div\n\t\t\t\n\t\t\tclass=\"so-widget-sow-editor so-widget-sow-editor-base\"\n\t\t\t\n\t\t><h3 class=\"widget-title\">At vero eos et accusamus et iusto<\/h3>\n<div class=\"siteorigin-widget-tinymce textwidget\">\n\t<p>\"At vero eos et accusamus et iusto odio dignissimos ducimus qui blanditiis praesentium voluptatum deleniti atque corrupti quos dolores et quas molestias excepturi sint occaecati cupiditate non provident, similique sunt in culpa qui officia deserunt mollitia animi, id est laborum et dolorum fuga. Et harum quidem rerum facilis est et expedita distinctio. Nam libero tempore, cum soluta nobis est eligendi optio cumque nihil impedit quo minus id quod maxime placeat facere possimus, omnis voluptas assumenda est, omnis dolor repellendus. Temporibus autem quibusdam et aut officiis debitis aut rerum necessitatibus saepe eveniet ut et voluptates repudiandae sint et molestiae non recusandae. Itaque earum rerum hic tenetur a sapiente delectus, ut aut reiciendis voluptatibus maiores alias consequatur aut perferendis doloribus asperiores repellat.\"<\/p>\n<\/div>\n<\/div><\/div><div id=\"panel-w6627a4503416f-0-1-1\" class=\"so-panel widget widget_sow-button panel-last-child\" data-index=\"2\" ><div\n\t\t\t\n\t\t\tclass=\"so-widget-sow-button so-widget-sow-button-flat-b010da5f3242\"\n\t\t\t\n\t\t><div class=\"ow-button-base ow-button-align-left\"\n>\n\t\t\t<a\n\t\t\t\t\thref=\"https:\/\/wp.ufpel.edu.br\/evea\/exposicao-atual\/\"\n\t\t\t\t\tclass=\"sowb-button ow-icon-placement-left ow-button-hover\" \t>\n\t\t<span>\n\t\t\t\n\t\t\tVISITE A EXPOSI\u00c7\u00c3O \t\t<\/span>\n\t\t\t<\/a>\n\t<\/div>\n<\/div><\/div><\/div><\/div><\/div><\/div><\/div><\/div><div id=\"pg-7-2\"  class=\"panel-grid panel-has-style\" ><div class=\"siteorigin-panels-stretch panel-row-style panel-row-style-for-7-2\" data-stretch-type=\"full\" ><div id=\"pgc-7-2-0\"  class=\"panel-grid-cell\" ><div id=\"panel-7-2-0-0\" class=\"so-panel widget widget_siteorigin-panels-builder panel-first-child panel-last-child\" data-index=\"3\" ><div id=\"pl-w6627a450343e4\"  class=\"panel-layout\" ><div id=\"pg-w6627a450343e4-0\"  class=\"panel-grid panel-no-style\" ><div id=\"pgc-w6627a450343e4-0-0\"  class=\"panel-grid-cell\" ><div id=\"panel-w6627a450343e4-0-0-0\" class=\"so-panel widget widget_media_image panel-first-child panel-last-child\" data-index=\"0\" ><img loading=\"lazy\" decoding=\"async\" width=\"200\" height=\"200\" src=\"https:\/\/wp.ufpel.edu.br\/evea\/files\/2024\/04\/ICONE-CINEMA-200x200.png\" class=\"image wp-image-121  attachment-thumbnail size-thumbnail\" alt=\"\" style=\"max-width: 100%; height: auto;\" srcset=\"https:\/\/wp.ufpel.edu.br\/evea\/files\/2024\/04\/ICONE-CINEMA-200x200.png 200w, https:\/\/wp.ufpel.edu.br\/evea\/files\/2024\/04\/ICONE-CINEMA.png 300w\" sizes=\"auto, (max-width: 200px) 100vw, 200px\" \/><\/div><\/div><div id=\"pgc-w6627a450343e4-0-1\"  class=\"panel-grid-cell\" ><div id=\"panel-w6627a450343e4-0-1-0\" class=\"so-panel widget widget_sow-editor panel-first-child\" data-index=\"1\" ><div\n\t\t\t\n\t\t\tclass=\"so-widget-sow-editor so-widget-sow-editor-base\"\n\t\t\t\n\t\t>\n<div class=\"siteorigin-widget-tinymce textwidget\">\n\t<p><span style=\"font-size: 14pt; color: #000000;\">SALA DE CINEMA\u00a0<\/span><\/p>\n<p><span style=\"color: #000000;\">Neste espa\u00e7o ocorrem transmiss\u00f5es online de filmes produzidos pelos cursos de Cinema e Audiovisual e Cinema de Anima\u00e7\u00e3o do Centro de Artes da UFPEL.<\/span><\/p>\n<\/div>\n<\/div><\/div><div id=\"panel-w6627a450343e4-0-1-1\" class=\"so-panel widget widget_sow-button panel-last-child\" data-index=\"2\" ><div\n\t\t\t\n\t\t\tclass=\"so-widget-sow-button so-widget-sow-button-flat-b010da5f3242\"\n\t\t\t\n\t\t><div class=\"ow-button-base ow-button-align-left\"\n>\n\t\t\t<a\n\t\t\t\t\thref=\"https:\/\/wp.ufpel.edu.br\/evea\/sala-de-cinema\/\"\n\t\t\t\t\tclass=\"sowb-button ow-icon-placement-left ow-button-hover\" \t>\n\t\t<span>\n\t\t\t\n\t\t\tENTRAR NA SALA \t\t<\/span>\n\t\t\t<\/a>\n\t<\/div>\n<\/div><\/div><\/div><\/div><\/div><\/div><\/div><\/div><\/div><\/div>","protected":false},"excerpt":{"rendered":"<p>O EVEA \u00e9 um espa\u00e7o que visa disponibilizar exposi\u00e7\u00f5es de obras de arte produzidas, preferencialmente, pela comunidade do Centro de Artes. Por meio de fotos e v\u00eddeos ser\u00e1 poss\u00edvel criar exposi\u00e7\u00f5es como uma &#8220;galeria virtual de arte&#8221; democratizando o fazer art\u00edstico, difundindo a cultura e estimulando as produ\u00e7\u00f5es culturais.<\/p>\n","protected":false},"author":1182,"featured_media":0,"parent":0,"menu_order":0,"comment_status":"closed","ping_status":"closed","template":"home-panels.php","meta":{"footnotes":""},"class_list":["post-7","page","type-page","status-publish","hentry","post"],"_links":{"self":[{"href":"https:\/\/wp.ufpel.edu.br\/evea\/wp-json\/wp\/v2\/pages\/7","targetHints":{"allow":["GET"]}}],"collection":[{"href":"https:\/\/wp.ufpel.edu.br\/evea\/wp-json\/wp\/v2\/pages"}],"about":[{"href":"https:\/\/wp.ufpel.edu.br\/evea\/wp-json\/wp\/v2\/types\/page"}],"author":[{"embeddable":true,"href":"https:\/\/wp.ufpel.edu.br\/evea\/wp-json\/wp\/v2\/users\/1182"}],"replies":[{"embeddable":true,"href":"https:\/\/wp.ufpel.edu.br\/evea\/wp-json\/wp\/v2\/comments?post=7"}],"version-history":[{"count":32,"href":"https:\/\/wp.ufpel.edu.br\/evea\/wp-json\/wp\/v2\/pages\/7\/revisions"}],"predecessor-version":[{"id":8,"href":"https:\/\/wp.ufpel.edu.br\/evea\/wp-json\/wp\/v2\/pages\/7\/revisions\/8"}],"wp:attachment":[{"href":"https:\/\/wp.ufpel.edu.br\/evea\/wp-json\/wp\/v2\/media?parent=7"}],"curies":[{"name":"wp","href":"https:\/\/api.w.org\/{rel}","templated":true}]}}