{"id":20,"date":"2024-04-15T19:30:07","date_gmt":"2024-04-15T22:30:07","guid":{"rendered":"https:\/\/wp.ufpel.edu.br\/evea\/?page_id=20"},"modified":"2024-04-18T20:34:50","modified_gmt":"2024-04-18T23:34:50","slug":"exposicao-atual","status":"publish","type":"page","link":"https:\/\/wp.ufpel.edu.br\/evea\/exposicao-atual\/","title":{"rendered":"Exposi\u00e7\u00e3o atual"},"content":{"rendered":"<div id=\"pl-20\"  class=\"panel-layout\" ><div id=\"pg-20-0\"  class=\"panel-grid panel-no-style\" ><div id=\"pgc-20-0-0\"  class=\"panel-grid-cell\" ><div id=\"panel-20-0-0-0\" class=\"so-panel widget widget_sow-blog panel-first-child panel-last-child\" data-index=\"0\" ><div\n\t\t\t\n\t\t\tclass=\"so-widget-sow-blog so-widget-sow-blog-standard-8268d8411c36-20\"\n\t\t\t\n\t\t>\t\t<div\n\t\tclass=\"sow-blog sow-blog-layout-standard\"\n\t\tdata-template=\"standard\"\n\t\tdata-settings=\"{&quot;columns&quot;:&quot;&quot;,&quot;featured_image&quot;:true,&quot;featured_image_empty&quot;:true,&quot;featured_image_size&quot;:&quot;full&quot;,&quot;featured_image_size_width&quot;:&quot;&quot;,&quot;featured_image_size_height&quot;:&quot;&quot;,&quot;tag&quot;:&quot;h2&quot;,&quot;content&quot;:&quot;full&quot;,&quot;excerpt_length&quot;:55,&quot;date&quot;:true,&quot;author&quot;:true,&quot;filter_categories&quot;:false,&quot;categories&quot;:true,&quot;comment_count&quot;:true,&quot;so_field_container_state&quot;:&quot;closed&quot;,&quot;read_more&quot;:&quot;&quot;,&quot;tags&quot;:&quot;&quot;,&quot;trim_manual_excerpt&quot;:&quot;&quot;,&quot;template&quot;:&quot;standard&quot;}\"\n\t\tdata-paged=\"1\"\n\t\tdata-paging-id=\"8268d8411c36\"\n\t\tdata-total-pages=\"1\"\n\t\tdata-hash=\"f6c4583d\"\n\t>\n\t\t\n\t\t\t\t\t\t\t<div class=\"sow-blog-posts\">\n\t\t\t\t<article id=\"post-36\" class=\"post-36 exposioatual type-exposioatual status-publish hentry post\" style=\"margin: 0 0 40px\">\n\t\t\t\t<div class=\"sow-blog-content-wrapper\"\n\t\t style=\"padding: 25px 30px 38px;\">\n\t\t\t\t<header class=\"sow-entry-header\">\n\t\t\t<h2 class=\"sow-entry-title\" style=\"margin: 0 0 5px;\"><a href=\"https:\/\/wp.ufpel.edu.br\/evea\/exposioatual\/lorem-ipsum\/\" rel=\"bookmark\">Lorem Ipsum<\/a><\/h2>\t\t\t<div class=\"sow-entry-meta\">\n\t\t\t\t\t\t\t<span class=\"sow-entry-date\">\n\t\t\t\t<a href=\"https:\/\/wp.ufpel.edu.br\/evea\/exposioatual\/lorem-ipsum\/\" rel=\"bookmark\">\n\t\t\t\t\t<time class=\"published\" datetime=\"2024-04-16T14:35:30-03:00\">\n\t\t\t\t\t\t16\/04\/2024\t\t\t\t\t<\/time>\n\t\t\t\t\t<time class=\"updated\" datetime=\"2024-04-16T23:59:38-03:00\">\n\t\t\t\t\t\t16\/04\/2024\t\t\t\t\t<\/time>\n\t\t\t\t<\/a>\n\t\t\t<\/span>\n\t\t\n\t\t\t\t\t<span class=\"sow-entry-author-link byline\">\n\t\t\t\t\t\t\t\t\t<span class=\"sow-author author vcard\">\n\t\t\t\t\t\t<a class=\"url fn n\" href=\"https:\/\/wp.ufpel.edu.br\/evea\/author\/linkcursoslivres\/\" rel=\"author\">\n\t\t\t\t\t\t\tLIG302\t\t\t\t\t\t<\/a>\n\t\t\t\t\t<\/span>\n\t\t\t\t\t\t\t<\/span>\n\t\t\n\t\t\n\t\t\t\t\t<\/div>\n\t\t<\/header>\n\n\t\t\t\t\t<div\n\t\t\t\tclass=\"sow-entry-content\"\n\t\t\t\tstyle=\"margin-top: 20px;\"\n\t\t\t>\n\t\t\t\t<p>Lorem ipsum dolor sit amet, consectetur adipiscing elit. Curabitur dapibus vehicula leo, at dignissim tortor interdum in. Proin ut tincidunt purus. Maecenas finibus convallis dolor ac vehicula. Sed id finibus leo. Sed purus lorem, faucibus vel elit sit amet, rutrum efficitur velit. Praesent ligula enim, gravida bibendum vehicula quis, feugiat mollis nisi. Cras quis gravida dolor. Vestibulum mollis quam non efficitur fringilla.<\/p>\n<p>Praesent ac porttitor velit, vitae volutpat nisl. Maecenas velit nunc, commodo sed semper non, euismod vel justo. Aliquam porttitor tempus nunc, vitae posuere tortor ullamcorper ut. Donec augue enim, volutpat ac rhoncus at, hendrerit at erat. Vestibulum eget purus mi. Nulla sagittis, mauris quis euismod finibus, mauris tortor tincidunt<\/p>\n<p><img loading=\"lazy\" decoding=\"async\" class=\"wp-image-37 alignleft\" src=\"https:\/\/wp.ufpel.edu.br\/evea\/files\/2024\/04\/Jesus-Mocked-by-the-Soldiers-311x400.jpg\" alt=\"\" width=\"825\" height=\"1060\" srcset=\"https:\/\/wp.ufpel.edu.br\/evea\/files\/2024\/04\/Jesus-Mocked-by-the-Soldiers-311x400.jpg 311w, https:\/\/wp.ufpel.edu.br\/evea\/files\/2024\/04\/Jesus-Mocked-by-the-Soldiers-768x987.jpg 768w, https:\/\/wp.ufpel.edu.br\/evea\/files\/2024\/04\/Jesus-Mocked-by-the-Soldiers.jpg 778w\" sizes=\"auto, (max-width: 825px) 100vw, 825px\" \/><\/p>\n<p>magna, sit amet porttitor nisl mauris quis lectus. Cras eget maximus lectus. Maecenas pellentesque, magna non venenatis placerat, mauris magna vulputate massa, sed condimentum eros ipsum et erat. Ut gravida placerat odio, a luctus velit dapibus nec. Praesent enim tellus, ultrices eget elementum nec, egestas nec felis. Aliquam sit amet eros cursus, vulputate sapien nec, euismod est.<\/p>\n<h4>&#8220;Neque porro quisquam est qui dolorem ipsum quia dolor sit amet, consectetur, adipisci velit&#8230;&#8221;<\/h4>\n<h5>&#8220;N\u00e3o h\u00e1 ningu\u00e9m que ame a dor por si s\u00f3, que a busque e queira t\u00ea-la, simplesmente por ser dor&#8230;&#8221;<\/h5>\n<p>Praesent ac porttitor velit, vitae volutpat nisl. Maecenas velit nunc, commodo sed semper non, euismod vel justo.<\/p>\n<div id=\"attachment_38\" style=\"width: 311px\" class=\"wp-caption alignleft\"><img loading=\"lazy\" decoding=\"async\" aria-describedby=\"caption-attachment-38\" class=\"size-medium wp-image-38\" src=\"https:\/\/wp.ufpel.edu.br\/evea\/files\/2024\/04\/Acrobats-at-the-Cirque-Fernando-Francisca-and-Angelina-Wartenberg-301x400.jpg\" alt=\"tt\" width=\"301\" height=\"400\" srcset=\"https:\/\/wp.ufpel.edu.br\/evea\/files\/2024\/04\/Acrobats-at-the-Cirque-Fernando-Francisca-and-Angelina-Wartenberg-301x400.jpg 301w, https:\/\/wp.ufpel.edu.br\/evea\/files\/2024\/04\/Acrobats-at-the-Cirque-Fernando-Francisca-and-Angelina-Wartenberg.jpg 752w\" sizes=\"auto, (max-width: 301px) 100vw, 301px\" \/><p id=\"caption-attachment-38\" class=\"wp-caption-text\">Praesent ac porttitor velit, vitae volutpat nisl. Maecenas velit nunc, commodo sed semper non, euismod vel justo. Aliquam porttitor tempus nunc, vitae posuere tortor ullamcorper ut. Donec augue enim, volutpat ac rhoncus at, hendrerit at erat. Vestibulum eget purus mi. Nulla sagittis, mauris quis euismod finibus, mauris tortor tincidunt<\/p><\/div>\n<p>Aliquam porttitor tempus nunc, vitae posuere tortor ullamcorper ut. Donec augue enim, volutpat ac rhoncus at, hendrerit at erat. Vestibulum eget purus mi. Nulla sagittis, mauris quis euismod finibus, mauris tortor tincidunt<\/p>\n<p>&nbsp;<\/p>\n<p>Praesent ac porttitor velit, vitae volutpat nisl. Maecenas velit nunc, commodo sed semper non, euismod vel justo. Aliquam porttitor tempus nunc, vitae posuere tortor ullamcorper ut. Donec augue enim, volutpat ac rhoncus at, hendrerit at erat. Vestibulum eget purus mi. Nulla sagittis, mauris quis euismod finibus, mauris tortor tincidunt<\/p>\n\t\t\t<\/div>\n\t\t\t\t<\/div>\n<\/article>\n\t\t\t<\/div>\n\t\t\t\t\t\t\t\t<\/div>\n\t<\/div><\/div><\/div><\/div><\/div>","protected":false},"excerpt":{"rendered":"","protected":false},"author":1182,"featured_media":0,"parent":0,"menu_order":0,"comment_status":"closed","ping_status":"closed","template":"","meta":{"footnotes":""},"class_list":["post-20","page","type-page","status-publish","hentry","post"],"_links":{"self":[{"href":"https:\/\/wp.ufpel.edu.br\/evea\/wp-json\/wp\/v2\/pages\/20","targetHints":{"allow":["GET"]}}],"collection":[{"href":"https:\/\/wp.ufpel.edu.br\/evea\/wp-json\/wp\/v2\/pages"}],"about":[{"href":"https:\/\/wp.ufpel.edu.br\/evea\/wp-json\/wp\/v2\/types\/page"}],"author":[{"embeddable":true,"href":"https:\/\/wp.ufpel.edu.br\/evea\/wp-json\/wp\/v2\/users\/1182"}],"replies":[{"embeddable":true,"href":"https:\/\/wp.ufpel.edu.br\/evea\/wp-json\/wp\/v2\/comments?post=20"}],"version-history":[{"count":7,"href":"https:\/\/wp.ufpel.edu.br\/evea\/wp-json\/wp\/v2\/pages\/20\/revisions"}],"predecessor-version":[{"id":31,"href":"https:\/\/wp.ufpel.edu.br\/evea\/wp-json\/wp\/v2\/pages\/20\/revisions\/31"}],"wp:attachment":[{"href":"https:\/\/wp.ufpel.edu.br\/evea\/wp-json\/wp\/v2\/media?parent=20"}],"curies":[{"name":"wp","href":"https:\/\/api.w.org\/{rel}","templated":true}]}}