{"id":33,"date":"2011-05-05T20:07:54","date_gmt":"2011-05-05T23:07:54","guid":{"rendered":"https:\/\/wp.ufpel.edu.br\/estuques\/"},"modified":"2011-05-05T20:07:54","modified_gmt":"2011-05-05T23:07:54","slug":"atas-2011","status":"publish","type":"page","link":"https:\/\/wp.ufpel.edu.br\/estuques\/sobre\/atas-2011\/","title":{"rendered":"Atas 2011"},"content":{"rendered":"<p>Ap\u00f3s um primeiro semestre de reuni\u00f5es preparat\u00f3rias para os projetos de pesquisa e demais a\u00e7\u00f5es do grupo em 2011, o GEPE iniciou suas atividades deste ano letivo com as habituais reuni\u00f5es quinzenais para debater textos. Tais encontros visam iniciar e consolidar conhecimentos acerca dos estuques, ampliando as possibilidades de pesquisa de campo e bibliogr\u00e1fica.<\/p>\n<p>O primeiro semestre (2010\/2) havia sido marcado por uma tentativa lamentavelmente frustrada de organizar o primeiro evento do Grupo (a confer\u00eancia com a Profa. Dra. Eduarda Vieira do Centro De Investiga\u00e7\u00e3o em Ci\u00eancia e Tecnologia das Artes do Porto, Portugal, precisou ser cancelada por motivo de sa\u00fade), mas tamb\u00e9m houve ganhos importantes, como o estudo de duas refer\u00eancias que instru\u00edram cronologias, caracteriza\u00e7\u00f5es e, sobretudo, terminologias. S\u00e3o elas: AGUIAR, Jos\u00e9. <em>Cor<\/em><strong> <\/strong><em>e Cidade Hist\u00f3rica: Estudos crom\u00e1ticos e conserva\u00e7\u00e3o do patrim\u00f4nio.<\/em> Lisboa: FAUP publica\u00e7\u00f5es, 2001; SEGURADO, Jo\u00e3o E. dos S.. <em>Manual do Fingidor e Estucador.<\/em> Lisboa: Biblioteca de Instru\u00e7\u00e3o Profissional, S\/D. 191 p.<\/p>\n<p>As leituras propostas para as reuni\u00f5es deste semestre buscam atender novas necessidades do Grupo: 1- instrumentar o levantamento sistem\u00e1tico dos estuques ornados de Pelotas; 2- apresentar e debater a hist\u00f3ria da cidade; de sua urbaniza\u00e7\u00e3o e de sua arquitetura.<\/p>\n<p><strong><span style=\"color: #800000\">Reuni\u00e3o do GEPE em 15 de abril de 2011:<\/span><\/strong><br \/>\nApresenta\u00e7\u00e3o dos projetos de pesquisa em prepara\u00e7\u00e3o; dos programas de extens\u00e3o universit\u00e1ria e inicia\u00e7\u00e3o cient\u00edfica com editais abertos; dos novos integrantes do GEPE.<br \/>\nSugest\u00f5es bibliogr\u00e1ficas e defini\u00e7\u00e3o das linhas de estudo e pesquisa para o ano letivo.<\/p>\n<p><strong><span style=\"color: #800000\">Reuni\u00e3o do GEPE em 29 de abril de 2011:<br \/>\n<\/span><\/strong>Informe acerca da premia\u00e7\u00e3o recebida no Sal\u00e3o de Extens\u00e3o da UFPel; debate acerca das fichas de levantamento de estuques em desenvolvimento; propostas para o cronograma de leituras do semestre.<\/p>\n","protected":false},"excerpt":{"rendered":"<p>Ap\u00f3s um primeiro semestre de reuni\u00f5es preparat\u00f3rias para os projetos de pesquisa e demais a\u00e7\u00f5es do grupo em 2011, o GEPE iniciou suas atividades deste ano letivo com as habituais reuni\u00f5es quinzenais para debater textos. Tais encontros visam iniciar e consolidar conhecimentos acerca dos estuques, ampliando as possibilidades de pesquisa de campo e bibliogr\u00e1fica. O &hellip; <\/p>\n<p><a class=\"more-link btn\" href=\"https:\/\/wp.ufpel.edu.br\/estuques\/sobre\/atas-2011\/\">Continue lendo<\/a><\/p>\n","protected":false},"author":81,"featured_media":0,"parent":2,"menu_order":0,"comment_status":"closed","ping_status":"open","template":"","meta":{"footnotes":""},"class_list":["post-33","page","type-page","status-publish","hentry","nodate","item-wrap"],"_links":{"self":[{"href":"https:\/\/wp.ufpel.edu.br\/estuques\/wp-json\/wp\/v2\/pages\/33","targetHints":{"allow":["GET"]}}],"collection":[{"href":"https:\/\/wp.ufpel.edu.br\/estuques\/wp-json\/wp\/v2\/pages"}],"about":[{"href":"https:\/\/wp.ufpel.edu.br\/estuques\/wp-json\/wp\/v2\/types\/page"}],"author":[{"embeddable":true,"href":"https:\/\/wp.ufpel.edu.br\/estuques\/wp-json\/wp\/v2\/users\/81"}],"replies":[{"embeddable":true,"href":"https:\/\/wp.ufpel.edu.br\/estuques\/wp-json\/wp\/v2\/comments?post=33"}],"version-history":[{"count":1,"href":"https:\/\/wp.ufpel.edu.br\/estuques\/wp-json\/wp\/v2\/pages\/33\/revisions"}],"predecessor-version":[{"id":34,"href":"https:\/\/wp.ufpel.edu.br\/estuques\/wp-json\/wp\/v2\/pages\/33\/revisions\/34"}],"up":[{"embeddable":true,"href":"https:\/\/wp.ufpel.edu.br\/estuques\/wp-json\/wp\/v2\/pages\/2"}],"wp:attachment":[{"href":"https:\/\/wp.ufpel.edu.br\/estuques\/wp-json\/wp\/v2\/media?parent=33"}],"curies":[{"name":"wp","href":"https:\/\/api.w.org\/{rel}","templated":true}]}}