{"id":2,"date":"2010-11-19T15:20:09","date_gmt":"2010-11-19T15:20:09","guid":{"rendered":"https:\/\/wp.ufpel.edu.br\/estuques\/?page_id=2"},"modified":"2011-09-15T22:10:22","modified_gmt":"2011-09-16T01:10:22","slug":"sobre","status":"publish","type":"page","link":"https:\/\/wp.ufpel.edu.br\/estuques\/sobre\/","title":{"rendered":"Reuni\u00f5es"},"content":{"rendered":"<p>Dentre as diversas a\u00e7\u00f5es do GEPE, em reuni\u00f5es quinzenais s\u00e3o debatidos textos com o objetivo de consolidar e nivelar conhecimentos e ampliar a bibliografia utilizada, dando respaldo \u00e0s pesquisas e demais a\u00e7\u00f5es promovidas.<\/p>\n<p><a href=\"https:\/\/wp.ufpel.edu.br\/estuques\/sobre\/atas-2011\/\">Clique para ver as atas<\/a> resumidas de reuni\u00f5es passadas e os conte\u00fados discutidos.<\/p>\n<p><strong>A programa\u00e7\u00e3o das reuni\u00f5es pode ser conferida aqui.<\/strong><\/p>\n<p><strong>06\/05\/2011 &#8211; 14hs:<\/strong> LICHTENSTEIN, Norberto B.\u00a0<strong>Patologia\u00a0das Constru\u00e7\u00f5es<\/strong>. (<a title=\"LICHTENSTEIN, Norberto. Petologia das constru\u00e7\u00f5es\" href=\"http:\/\/www.allquimica.com.br\/arquivos\/websites\/artigos\/A-00004200652615712.pdf\" target=\"_blank\">Clique aqui para a vers\u00e3o on-line em PDF<\/a>).<\/p>\n<p>OBJETIVOS: Definir par\u00e2metros para a elabora\u00e7\u00e3o das fichas de levantamento dos estuques lustrados, no que diz respeito ao levantamento das manifesta\u00e7\u00f5es patol\u00f3gicas.<\/p>\n<p><strong>27\/05\/2011 &#8211; 14hs: <\/strong>ZARANKIN, Andr\u00e9s. <strong>Paredes que domesticam, arqueologia da Arquitetura Escolar Capitalista, o caso de Buenos Aires<\/strong>. FAPESP. ca\u00edtulos 02, 04 e 05.<\/p>\n<p>OBJETIVOS: Conhecer o modelo de an\u00e1lise morfol\u00f3gica para identificar (ou confirmar) inten\u00e7\u00f5es sociais na aplica\u00e7\u00e3o dos estuques lustrados.<\/p>\n<p><strong>01\/07\/2011 &#8211; 14hs:<\/strong> SCHLEE, Andrey R.<strong> <a href=\"http:\/\/www.lume.ufrgs.br\/handle\/10183\/1752\" target=\"_blank\">O Ecletismo na Arquitetura Pelotense at\u00e9 as d\u00e9cadas de 30 e 40<\/a>.<\/strong> Disserta\u00e7\u00e3o (mestrado em Arquitetura), UFRGS. Porto Alegre, 1993. <strong>Intervalo de P\u00e1ginas: 10-23; 53-57; 70-84; 96-116<\/strong>.<\/p>\n<p>OBJETIVOS: Estudar as diferentes denomina\u00e7\u00f5es e distin\u00e7\u00f5es\u00a0atribu\u00eddas ao per\u00edodo ecl\u00e9tico na cidade de Pelotas\/RS.<\/p>\n<p>26\/08\/2011 &#8211; 14hs: Levantamento de estuques lustrados; pesquisa arquiv\u00edstica; leituras sugeridas para o semestre.<\/p>\n<p>OBJETIVOS: Acordar as a\u00e7\u00f5es previstas para o segundo semestre de 2011 e avaliar as atividades desenvolvidas durante o per\u00edodo de recesso acad\u00eamico.<\/p>\n<p><strong>16\/09\/2011 &#8211; 14hs: <\/strong>MORAIS, Daisy de. <span style=\"text-decoration: underline\"><span style=\"color: #000000\">Arqueologia da Arquitetura &#8211; esta\u00e7\u00e3o ferrovi\u00e1ria de Piraj\u00fa &#8211; ensaio de arqueologia da arquitetura de Ramos de Azevedo.<\/span><\/span><span style=\"color: #000000\"> Erechim: Habilis, 2007. <strong>Cap\u00edtulo 1 &#8211; Novas perspectivas (&#8230;), p. 21-40.<\/strong><\/span><\/p>\n<p><span style=\"color: #000000\">OBJETIVOS: contribuir com o levantamento de estuques e com a pesquisa arquiv\u00edstica por meio do debate de novas perspectivas de interpreta\u00e7\u00e3o.<br \/>\n<\/span><\/p>\n","protected":false},"excerpt":{"rendered":"<p>Dentre as diversas a\u00e7\u00f5es do GEPE, em reuni\u00f5es quinzenais s\u00e3o debatidos textos com o objetivo de consolidar e nivelar conhecimentos e ampliar a bibliografia utilizada, dando respaldo \u00e0s pesquisas e demais a\u00e7\u00f5es promovidas. Clique para ver as atas resumidas de reuni\u00f5es passadas e os conte\u00fados discutidos. A programa\u00e7\u00e3o das reuni\u00f5es pode ser conferida aqui. 06\/05\/2011 &hellip; <\/p>\n<p><a class=\"more-link btn\" href=\"https:\/\/wp.ufpel.edu.br\/estuques\/sobre\/\">Continue lendo<\/a><\/p>\n","protected":false},"author":81,"featured_media":0,"parent":0,"menu_order":0,"comment_status":"open","ping_status":"open","template":"","meta":{"footnotes":""},"class_list":["post-2","page","type-page","status-publish","hentry","nodate","item-wrap"],"_links":{"self":[{"href":"https:\/\/wp.ufpel.edu.br\/estuques\/wp-json\/wp\/v2\/pages\/2","targetHints":{"allow":["GET"]}}],"collection":[{"href":"https:\/\/wp.ufpel.edu.br\/estuques\/wp-json\/wp\/v2\/pages"}],"about":[{"href":"https:\/\/wp.ufpel.edu.br\/estuques\/wp-json\/wp\/v2\/types\/page"}],"author":[{"embeddable":true,"href":"https:\/\/wp.ufpel.edu.br\/estuques\/wp-json\/wp\/v2\/users\/81"}],"replies":[{"embeddable":true,"href":"https:\/\/wp.ufpel.edu.br\/estuques\/wp-json\/wp\/v2\/comments?post=2"}],"version-history":[{"count":15,"href":"https:\/\/wp.ufpel.edu.br\/estuques\/wp-json\/wp\/v2\/pages\/2\/revisions"}],"predecessor-version":[{"id":10,"href":"https:\/\/wp.ufpel.edu.br\/estuques\/wp-json\/wp\/v2\/pages\/2\/revisions\/10"}],"wp:attachment":[{"href":"https:\/\/wp.ufpel.edu.br\/estuques\/wp-json\/wp\/v2\/media?parent=2"}],"curies":[{"name":"wp","href":"https:\/\/api.w.org\/{rel}","templated":true}]}}