{"id":11,"date":"2010-11-23T14:48:50","date_gmt":"2010-11-23T17:48:50","guid":{"rendered":"https:\/\/wp.ufpel.edu.br\/estuques\/"},"modified":"2010-11-23T14:58:37","modified_gmt":"2010-11-23T17:58:37","slug":"equipe","status":"publish","type":"page","link":"https:\/\/wp.ufpel.edu.br\/estuques\/equipe\/","title":{"rendered":"Equipe"},"content":{"rendered":"<p><strong>Profa. Daniele B. da\u00a0Fonseca, UFPel\u00a0(Coordenadora) <a title=\"Curriculum Lattes - Daniele Fonseca\" href=\"http:\/\/buscatextual.cnpq.br\/buscatextual\/visualizacv.jsp?id=K4775704A5\">Lattes<\/a><br \/>\n<\/strong>Arquiteta e Urbanista Mestre em Conserva\u00e7\u00e3o e Restauro de Monumentos<\/p>\n<p><strong>Prof. Pedro Lu\u00eds M.\u00a0Sanches, UFPel (Coordenador) <a title=\"Lattes Pedro Sanches\" href=\"http:\/\/buscatextual.cnpq.br\/buscatextual\/visualizacv.jsp?id=K4700455P6\">Lattes<\/a><\/strong><br \/>\nDoutor em Arqueologia<\/p>\n<p><strong>Arq. Jeferson D.\u00a0Salaberry &#8211; <a title=\"Lattes Jeferson Salaberry\" href=\"http:\/\/buscatextual.cnpq.br\/buscatextual\/visualizacv.jsp?id=K4489827T5\">Lattes<\/a><br \/>\n<\/strong>Mestrando em Arquitetura e Urbanismo, T\u00e9cnico em Conserva\u00e7\u00e3o e Restauro<\/p>\n<p><strong>Arq. Marta Regina P. Nunes &#8211; <a title=\"Lattes Marta\" href=\"http:\/\/buscatextual.cnpq.br\/buscatextual\/visualizacv.jsp?id=K4486181D6\">Lattes<\/a><br \/>\n<\/strong>Mestranda em Arquitetura e Urbanismo<\/p>\n<p><strong>Acad\u00eamicos do Curso de Conserva\u00e7\u00e3o e Restauro &#8211; UFPel:<br \/>\n<\/strong>Andr\u00e9 Luiz de V. Medeiros<br \/>\nF\u00e1bio Galli<br \/>\nKaren Caldas<br \/>\nMichele Afonso<\/p>\n","protected":false},"excerpt":{"rendered":"<p>Profa. Daniele B. da\u00a0Fonseca, UFPel\u00a0(Coordenadora) Lattes Arquiteta e Urbanista Mestre em Conserva\u00e7\u00e3o e Restauro de Monumentos Prof. Pedro Lu\u00eds M.\u00a0Sanches, UFPel (Coordenador) Lattes Doutor em Arqueologia Arq. Jeferson D.\u00a0Salaberry &#8211; Lattes Mestrando em Arquitetura e Urbanismo, T\u00e9cnico em Conserva\u00e7\u00e3o e Restauro Arq. Marta Regina P. Nunes &#8211; Lattes Mestranda em Arquitetura e Urbanismo Acad\u00eamicos do &hellip; <\/p>\n<p><a class=\"more-link btn\" href=\"https:\/\/wp.ufpel.edu.br\/estuques\/equipe\/\">Continue lendo<\/a><\/p>\n","protected":false},"author":81,"featured_media":0,"parent":0,"menu_order":0,"comment_status":"closed","ping_status":"open","template":"","meta":{"footnotes":""},"class_list":["post-11","page","type-page","status-publish","hentry","nodate","item-wrap"],"_links":{"self":[{"href":"https:\/\/wp.ufpel.edu.br\/estuques\/wp-json\/wp\/v2\/pages\/11","targetHints":{"allow":["GET"]}}],"collection":[{"href":"https:\/\/wp.ufpel.edu.br\/estuques\/wp-json\/wp\/v2\/pages"}],"about":[{"href":"https:\/\/wp.ufpel.edu.br\/estuques\/wp-json\/wp\/v2\/types\/page"}],"author":[{"embeddable":true,"href":"https:\/\/wp.ufpel.edu.br\/estuques\/wp-json\/wp\/v2\/users\/81"}],"replies":[{"embeddable":true,"href":"https:\/\/wp.ufpel.edu.br\/estuques\/wp-json\/wp\/v2\/comments?post=11"}],"version-history":[{"count":4,"href":"https:\/\/wp.ufpel.edu.br\/estuques\/wp-json\/wp\/v2\/pages\/11\/revisions"}],"predecessor-version":[{"id":13,"href":"https:\/\/wp.ufpel.edu.br\/estuques\/wp-json\/wp\/v2\/pages\/11\/revisions\/13"}],"wp:attachment":[{"href":"https:\/\/wp.ufpel.edu.br\/estuques\/wp-json\/wp\/v2\/media?parent=11"}],"curies":[{"name":"wp","href":"https:\/\/api.w.org\/{rel}","templated":true}]}}