{"id":20,"date":"2021-08-20T19:18:31","date_gmt":"2021-08-20T22:18:31","guid":{"rendered":"https:\/\/wp.ufpel.edu.br\/estudosobreaprofundidade\/?page_id=20"},"modified":"2023-02-26T22:24:12","modified_gmt":"2023-02-27T01:24:12","slug":"contato","status":"publish","type":"page","link":"https:\/\/wp.ufpel.edu.br\/estudosobreaprofundidade\/contato\/","title":{"rendered":"CONTATO"},"content":{"rendered":"<p style=\"text-align: justify;\">O Grupo de pesquisa <em>Estudo sobre a profundidade<\/em> est\u00e1 vinculado ao Bacharelado em Artes Visuais da Universidade Federal de Pelotas (<a href=\"http:\/\/www.ufpel.edu.br\/\" target=\"_blank\" rel=\"noopener\">UFPel<\/a>), situado no Centro de Artes (<a href=\"https:\/\/wp.ufpel.edu.br\/ca\/\" target=\"_blank\" rel=\"noopener\">C.A.<\/a>), sala 03.<\/p>\n<p><strong>Endere\u00e7o para correspond\u00eancias:<\/strong><\/p>\n<p>Centro de Artes &#8211; CA\/UFPel<\/p>\n<p>Sala 03 &#8211; Ateli\u00ea de Escultura<\/p>\n<p>Rua \u00c1lvaro Chaves, 65<\/p>\n<p>Centro, Pelotas &#8211; RS<\/p>\n<p style=\"text-align: justify;\">CEP: 96010-760<\/p>\n<p><strong>J\u00e1 os contatos virtuais podem ser realizados atrav\u00e9s dos seguintes endere\u00e7os:<\/strong><\/p>\n<p>Email: sobreaprofundidade@gmail.com<\/p>\n<p>Instagram: @estudos.profundidade<\/p>\n<p>Telefone: (53) 3284-5512<\/p>\n","protected":false},"excerpt":{"rendered":"<p>O Grupo de pesquisa Estudo sobre a profundidade est\u00e1 vinculado ao Bacharelado em Artes Visuais [&hellip;]<\/p>\n","protected":false},"author":1175,"featured_media":0,"parent":0,"menu_order":0,"comment_status":"closed","ping_status":"closed","template":"","meta":{"footnotes":""},"class_list":["post-20","page","type-page","status-publish","hentry","post"],"jetpack_sharing_enabled":true,"_links":{"self":[{"href":"https:\/\/wp.ufpel.edu.br\/estudosobreaprofundidade\/wp-json\/wp\/v2\/pages\/20","targetHints":{"allow":["GET"]}}],"collection":[{"href":"https:\/\/wp.ufpel.edu.br\/estudosobreaprofundidade\/wp-json\/wp\/v2\/pages"}],"about":[{"href":"https:\/\/wp.ufpel.edu.br\/estudosobreaprofundidade\/wp-json\/wp\/v2\/types\/page"}],"author":[{"embeddable":true,"href":"https:\/\/wp.ufpel.edu.br\/estudosobreaprofundidade\/wp-json\/wp\/v2\/users\/1175"}],"replies":[{"embeddable":true,"href":"https:\/\/wp.ufpel.edu.br\/estudosobreaprofundidade\/wp-json\/wp\/v2\/comments?post=20"}],"version-history":[{"count":8,"href":"https:\/\/wp.ufpel.edu.br\/estudosobreaprofundidade\/wp-json\/wp\/v2\/pages\/20\/revisions"}],"predecessor-version":[{"id":541,"href":"https:\/\/wp.ufpel.edu.br\/estudosobreaprofundidade\/wp-json\/wp\/v2\/pages\/20\/revisions\/541"}],"wp:attachment":[{"href":"https:\/\/wp.ufpel.edu.br\/estudosobreaprofundidade\/wp-json\/wp\/v2\/media?parent=20"}],"curies":[{"name":"wp","href":"https:\/\/api.w.org\/{rel}","templated":true}]}}