{"id":18,"date":"2021-08-20T19:18:31","date_gmt":"2021-08-20T22:18:31","guid":{"rendered":"https:\/\/wp.ufpel.edu.br\/estudosobreaprofundidade\/?page_id=18"},"modified":"2024-04-09T10:00:24","modified_gmt":"2024-04-09T13:00:24","slug":"projeto-de-pesquisa","status":"publish","type":"page","link":"https:\/\/wp.ufpel.edu.br\/estudosobreaprofundidade\/projeto-de-pesquisa\/","title":{"rendered":""},"content":{"rendered":"<style>.wp-block-kadence-spacer.kt-block-spacer-18_9435b3-5d .kt-block-spacer{height:10px;}.wp-block-kadence-spacer.kt-block-spacer-18_9435b3-5d .kt-divider{border-top-width:1px;height:1px;border-top-color:#eee;width:80%;border-top-style:solid;}<\/style>\n<div class=\"wp-block-kadence-spacer aligncenter kt-block-spacer-18_9435b3-5d\"><div class=\"kt-block-spacer kt-block-spacer-halign-center\"><\/div><\/div>\n\n\n\n<p><em>Estudo sobre a Profundidade<\/em> \u00e9 uma pesquisa de ordem pr\u00e1tico-reflexiva que instala-se a partir da produ\u00e7\u00e3o individual da Prof\u00aa. Dr\u00aa. Martha Gomes de Freitas e de interesses que se colocam neste \u00e2mbito. Ela adv\u00e9m mais especificamente de uma s\u00e9rie de fotografias de algu\u00e9m na \u00e1gua, recobertas por desenhos em papel vegetal que, em um primeiro momento foram apresentadas diretamente no ch\u00e3o, empilhadas sob um m\u00f3vel.<\/p>\n\n\n\n<p>As rela\u00e7\u00f5es que se estabelecem entre a \u00e1gua e o corpo nas imagens obtidas, a fotografia e o papel adensado pelo desenho e entre estas imagens e o m\u00f3vel sob o qual elas se colocam, introduzem aqui a profundidade como quest\u00e3o. Um desvelar poss\u00edvel atrav\u00e9s da imers\u00e3o, da sobreposi\u00e7\u00e3o e da dist\u00e2ncia, aspectos que amparam cruzamentos que abarcam a produ\u00e7\u00e3o dos integrantes envolvidos com o projeto. Nessa dire\u00e7\u00e3o articulam-se e ampliam-se interesses pr\u00f3prios a minha pr\u00e1tica art\u00edstica que dizem respeito ao corpo e aos lugares que ele ocupa, \u00e0s mem\u00f3rias e as sensa\u00e7\u00f5es que podem compromet\u00ea-lo e ativ\u00e1-lo, aos espa\u00e7os que o definem e o reinventam. Esta pesquisa tem por objetivo a produ\u00e7\u00e3o de outros trabalhos pl\u00e1sticos dentro desta perspectiva, bem como o atravessamento desse tema em desdobramentos reflexivos, ativando outras visualidades e sentidos a partir de obras n\u00e3o s\u00f3 do campo das artes pl\u00e1sticas, mas tamb\u00e9m, da literatura e do cinema.<\/p>\n\n\n<style>.wp-block-kadence-spacer.kt-block-spacer-18_d2087b-4f .kt-block-spacer{height:30px;}.wp-block-kadence-spacer.kt-block-spacer-18_d2087b-4f .kt-divider{border-top-width:1px;height:1px;border-top-color:#eee;width:80%;border-top-style:solid;}<\/style>\n<div class=\"wp-block-kadence-spacer aligncenter kt-block-spacer-18_d2087b-4f\"><div class=\"kt-block-spacer kt-block-spacer-halign-center\"><\/div><\/div>\n\n\n\n<p><strong>Coordenadora<\/strong> <a href=\"http:\/\/lattes.cnpq.br\/0254189585547823\" target=\"_blank\" rel=\"noreferrer noopener\"><strong>Martha Gomes de Freitas<\/strong><\/a>&nbsp;<\/p>\n\n\n\n<p><strong>Bolsista de Inicia\u00e7\u00e3o Cient\u00edfica CNPq<\/strong> <strong>(2022-2023)<\/strong> <a href=\"http:\/\/lattes.cnpq.br\/5902444663260069\" target=\"_blank\" rel=\"noreferrer noopener\"><strong>Paola Wickboldt Fredes<\/strong><\/a><\/p>\n\n\n\n<p><strong>Bolsista de Inicia\u00e7\u00e3o Cient\u00edfica CNPq (2023-2024)<\/strong> <strong><a href=\"https:\/\/lattes.cnpq.br\/2113261428043247\">Main\u00f4 Claudio Caetano<\/a><\/strong><\/p>\n","protected":false},"excerpt":{"rendered":"<p>Estudo sobre a Profundidade \u00e9 uma pesquisa de ordem pr\u00e1tico-reflexiva que instala-se a partir da [&hellip;]<\/p>\n","protected":false},"author":1175,"featured_media":0,"parent":0,"menu_order":0,"comment_status":"closed","ping_status":"closed","template":"","meta":{"footnotes":""},"class_list":["post-18","page","type-page","status-publish","hentry","post"],"jetpack_sharing_enabled":true,"_links":{"self":[{"href":"https:\/\/wp.ufpel.edu.br\/estudosobreaprofundidade\/wp-json\/wp\/v2\/pages\/18","targetHints":{"allow":["GET"]}}],"collection":[{"href":"https:\/\/wp.ufpel.edu.br\/estudosobreaprofundidade\/wp-json\/wp\/v2\/pages"}],"about":[{"href":"https:\/\/wp.ufpel.edu.br\/estudosobreaprofundidade\/wp-json\/wp\/v2\/types\/page"}],"author":[{"embeddable":true,"href":"https:\/\/wp.ufpel.edu.br\/estudosobreaprofundidade\/wp-json\/wp\/v2\/users\/1175"}],"replies":[{"embeddable":true,"href":"https:\/\/wp.ufpel.edu.br\/estudosobreaprofundidade\/wp-json\/wp\/v2\/comments?post=18"}],"version-history":[{"count":8,"href":"https:\/\/wp.ufpel.edu.br\/estudosobreaprofundidade\/wp-json\/wp\/v2\/pages\/18\/revisions"}],"predecessor-version":[{"id":770,"href":"https:\/\/wp.ufpel.edu.br\/estudosobreaprofundidade\/wp-json\/wp\/v2\/pages\/18\/revisions\/770"}],"wp:attachment":[{"href":"https:\/\/wp.ufpel.edu.br\/estudosobreaprofundidade\/wp-json\/wp\/v2\/media?parent=18"}],"curies":[{"name":"wp","href":"https:\/\/api.w.org\/{rel}","templated":true}]}}