{"id":2,"date":"2021-08-09T13:56:14","date_gmt":"2021-08-09T16:56:14","guid":{"rendered":"https:\/\/wp.ufpel.edu.br\/estudosantropofagicos\/?page_id=2"},"modified":"2021-08-09T14:09:35","modified_gmt":"2021-08-09T17:09:35","slug":"pagina-exemplo","status":"publish","type":"page","link":"https:\/\/wp.ufpel.edu.br\/estudosantropofagicos\/pagina-exemplo\/","title":{"rendered":"SOBRE"},"content":{"rendered":"<p>Este projeto de pesquisa visa desenvolver a\u00e7\u00f5es que promovam estudos avan\u00e7ados sobre a antropofagia no corpo e na cena. Nesse sentido, vai se dedicar a pesquisar pr\u00e1ticas espetaculares que operam atrav\u00e9s de mecanismos de incorpora\u00e7\u00e3o e apropria\u00e7\u00e3o. O foco do trabalho ser\u00e3o espet\u00e1culos de dan\u00e7a, teatro e performance e processos de cria\u00e7\u00e3o antropof\u00e1gicos desenvolvidos por artistas tais como: Tamara Cubas, Jota Momba\u00e7a, e Teatro Oficina Uzyna Uzona. O projeto segue abordagem practice-led (pesquisa guiada pela pr\u00e1tica), portanto ir\u00e1 se dedicar \u00e0 produ\u00e7\u00e3o de conhecimento por meio de estudos te\u00f3ricos (revis\u00e3o bibliogr\u00e1fica) em resson\u00e2ncia com a produ\u00e7\u00e3o art\u00edstica (cria\u00e7\u00e3o de espet\u00e1culos, performances, workshops, palestra-performances). A pesquisa tem como base os estudos te\u00f3ricos e pr\u00e1ticos j\u00e1 iniciados na pesquisa de doutoramento intitulada &#8220;BITCH &#8211; The Solo-Cannibal Practice: An Anthropophagic Study to Solo Dance Making&#8221; desenvolvida na University of Roehampton (Reino Unido) pela proponente do projeto. Durante a pesquisa, pretende-se desenvolver a cria\u00e7\u00e3o de grupo de estudos espec\u00edfico, a produ\u00e7\u00e3o de pelo menos dois artigos in\u00e9ditos, a realiza\u00e7\u00e3o de pelo menos dois espet\u00e1culos ou performances (presencial ou online), al\u00e9m de a\u00e7\u00f5es de compartilhamento da pesquisa que compreendem: realiza\u00e7\u00e3o de workshops, realiza\u00e7\u00e3o de evento art\u00edstico-cient\u00edfico, realiza\u00e7\u00e3o de palestras-performances.<\/p>\n","protected":false},"excerpt":{"rendered":"<p>Este projeto de pesquisa visa desenvolver a\u00e7\u00f5es que promovam estudos avan\u00e7ados sobre a antropofagia no corpo e na cena. Nesse sentido, vai se dedicar a pesquisar pr\u00e1ticas espetaculares que operam atrav\u00e9s de mecanismos de incorpora\u00e7\u00e3o e apropria\u00e7\u00e3o. O foco do &hellip; <a href=\"https:\/\/wp.ufpel.edu.br\/estudosantropofagicos\/pagina-exemplo\/\">Continue lendo <span class=\"meta-nav\">&rarr;<\/span><\/a><\/p>\n","protected":false},"author":1171,"featured_media":0,"parent":0,"menu_order":0,"comment_status":"closed","ping_status":"closed","template":"","meta":{"footnotes":""},"class_list":["post-2","page","type-page","status-publish","hentry"],"_links":{"self":[{"href":"https:\/\/wp.ufpel.edu.br\/estudosantropofagicos\/wp-json\/wp\/v2\/pages\/2","targetHints":{"allow":["GET"]}}],"collection":[{"href":"https:\/\/wp.ufpel.edu.br\/estudosantropofagicos\/wp-json\/wp\/v2\/pages"}],"about":[{"href":"https:\/\/wp.ufpel.edu.br\/estudosantropofagicos\/wp-json\/wp\/v2\/types\/page"}],"author":[{"embeddable":true,"href":"https:\/\/wp.ufpel.edu.br\/estudosantropofagicos\/wp-json\/wp\/v2\/users\/1171"}],"replies":[{"embeddable":true,"href":"https:\/\/wp.ufpel.edu.br\/estudosantropofagicos\/wp-json\/wp\/v2\/comments?post=2"}],"version-history":[{"count":1,"href":"https:\/\/wp.ufpel.edu.br\/estudosantropofagicos\/wp-json\/wp\/v2\/pages\/2\/revisions"}],"predecessor-version":[{"id":9,"href":"https:\/\/wp.ufpel.edu.br\/estudosantropofagicos\/wp-json\/wp\/v2\/pages\/2\/revisions\/9"}],"wp:attachment":[{"href":"https:\/\/wp.ufpel.edu.br\/estudosantropofagicos\/wp-json\/wp\/v2\/media?parent=2"}],"curies":[{"name":"wp","href":"https:\/\/api.w.org\/{rel}","templated":true}]}}