{"id":47,"date":"2023-07-06T17:14:36","date_gmt":"2023-07-06T20:14:36","guid":{"rendered":"https:\/\/wp.ufpel.edu.br\/estudioufpel\/?page_id=47"},"modified":"2023-07-06T18:04:44","modified_gmt":"2023-07-06T21:04:44","slug":"criacao","status":"publish","type":"page","link":"https:\/\/wp.ufpel.edu.br\/estudioufpel\/criacao\/","title":{"rendered":"A cria\u00e7\u00e3o"},"content":{"rendered":"<p>O Est\u00fadio UFPEL de Produ\u00e7\u00e3o Musical \u00e9 vinculado ao Curso de<br \/>\nBacharelado em M\u00fasica Popular do Centro de Artes da UFPEL. O hist\u00f3rico de seu<br \/>\nespa\u00e7o remonta do in\u00edcio dos anos 2000 junto ao extinto Curso de Tecnologia em<br \/>\nProdu\u00e7\u00e3o Fonogr\u00e1fica, da Universidade Cat\u00f3lica de Pelotas, protagonizado pelo<br \/>\ncompositor e produtor musical Kleiton Ramil e equipe, sendo projetado e concebido<br \/>\npelo Engenheiro Marcos Alexandre da Costa Abreu. O espa\u00e7o f\u00edsico \u00e9 de<br \/>\npropriedade da Universidade Cat\u00f3lica de Pelotas, alugado \u00e0 Universidade Federal<br \/>\nde Pelotas. Situa-se \u00e0 Rua Almirante Barroso, 1202, Pelotas \u2013 RS, CEP 96010-280<br \/>\n&#8211; P\u00e1tio Interno &#8211; T\u00e9rreo.<\/p>\n","protected":false},"excerpt":{"rendered":"<p>O Est\u00fadio UFPEL de Produ\u00e7\u00e3o Musical \u00e9 vinculado ao Curso de Bacharelado em M\u00fasica Popular do Centro de Artes da UFPEL. O hist\u00f3rico de seu espa\u00e7o remonta do in\u00edcio dos anos 2000 junto ao extinto Curso de Tecnologia em Produ\u00e7\u00e3o Fonogr\u00e1fica, da Universidade Cat\u00f3lica de Pelotas, protagonizado pelo compositor e produtor musical Kleiton Ramil e [&hellip;]<\/p>\n","protected":false},"author":1299,"featured_media":0,"parent":0,"menu_order":0,"comment_status":"closed","ping_status":"closed","template":"","meta":{"footnotes":""},"class_list":["post-47","page","type-page","status-publish","hentry"],"_links":{"self":[{"href":"https:\/\/wp.ufpel.edu.br\/estudioufpel\/wp-json\/wp\/v2\/pages\/47","targetHints":{"allow":["GET"]}}],"collection":[{"href":"https:\/\/wp.ufpel.edu.br\/estudioufpel\/wp-json\/wp\/v2\/pages"}],"about":[{"href":"https:\/\/wp.ufpel.edu.br\/estudioufpel\/wp-json\/wp\/v2\/types\/page"}],"author":[{"embeddable":true,"href":"https:\/\/wp.ufpel.edu.br\/estudioufpel\/wp-json\/wp\/v2\/users\/1299"}],"replies":[{"embeddable":true,"href":"https:\/\/wp.ufpel.edu.br\/estudioufpel\/wp-json\/wp\/v2\/comments?post=47"}],"version-history":[{"count":3,"href":"https:\/\/wp.ufpel.edu.br\/estudioufpel\/wp-json\/wp\/v2\/pages\/47\/revisions"}],"predecessor-version":[{"id":60,"href":"https:\/\/wp.ufpel.edu.br\/estudioufpel\/wp-json\/wp\/v2\/pages\/47\/revisions\/60"}],"wp:attachment":[{"href":"https:\/\/wp.ufpel.edu.br\/estudioufpel\/wp-json\/wp\/v2\/media?parent=47"}],"curies":[{"name":"wp","href":"https:\/\/api.w.org\/{rel}","templated":true}]}}