{"id":94,"date":"2018-04-17T16:33:45","date_gmt":"2018-04-17T19:33:45","guid":{"rendered":"https:\/\/wp.ufpel.edu.br\/essete7\/?page_id=94"},"modified":"2018-05-14T15:30:50","modified_gmt":"2018-05-14T18:30:50","slug":"contato","status":"publish","type":"page","link":"https:\/\/wp.ufpel.edu.br\/essete7\/contato\/","title":{"rendered":"Contato"},"content":{"rendered":"<p><span style=\"color: #000000;font-size: 14pt\"><strong>Secretaria Geral do VII ESSeTe e 7<sup>th<\/sup> WSeS Red Cat<\/strong><\/span><\/p>\n<p><span style=\"font-size: 14pt\"><span style=\"color: #000000\">E-mail:<\/span> <a href=\"mailto:7essete@gmail.com\">7essete@gmail.com<\/a><\/span><br \/>\n<span style=\"color: #000000;font-size: 14pt\"> Telefone: (55) 3220 8718<\/span><\/p>\n<p><strong><span style=\"color: #000000;font-size: 14pt\">Para maiores informa\u00e7\u00f5es voc\u00ea pode utilizar o formul\u00e1rio abaixo.<\/span><br \/>\n<\/strong>\n<div class=\"wpcf7 no-js\" id=\"wpcf7-f167-o1\" lang=\"pt-BR\" dir=\"ltr\" data-wpcf7-id=\"167\">\n<div class=\"screen-reader-response\"><p role=\"status\" aria-live=\"polite\" aria-atomic=\"true\"><\/p> <ul><\/ul><\/div>\n<form action=\"\/essete7\/wp-json\/wp\/v2\/pages\/94#wpcf7-f167-o1\" method=\"post\" class=\"wpcf7-form init\" aria-label=\"Formul\u00e1rios de contato\" novalidate=\"novalidate\" data-status=\"init\">\n<fieldset class=\"hidden-fields-container\"><input type=\"hidden\" name=\"_wpcf7\" value=\"167\" \/><input type=\"hidden\" name=\"_wpcf7_version\" value=\"6.1.4\" \/><input type=\"hidden\" name=\"_wpcf7_locale\" value=\"pt_BR\" \/><input type=\"hidden\" name=\"_wpcf7_unit_tag\" value=\"wpcf7-f167-o1\" \/><input type=\"hidden\" name=\"_wpcf7_container_post\" value=\"0\" \/><input type=\"hidden\" name=\"_wpcf7_posted_data_hash\" value=\"\" \/>\n<\/fieldset>\n<p><label> Seu nome (obrigat\u00f3rio)<br \/>\n<span class=\"wpcf7-form-control-wrap\" data-name=\"your-name\"><input size=\"40\" maxlength=\"400\" class=\"wpcf7-form-control wpcf7-text wpcf7-validates-as-required\" aria-required=\"true\" aria-invalid=\"false\" value=\"\" type=\"text\" name=\"your-name\" \/><\/span> <\/label>\n<\/p>\n<p><label> Seu e-mail (obrigat\u00f3rio)<br \/>\n<span class=\"wpcf7-form-control-wrap\" data-name=\"your-email\"><input size=\"40\" maxlength=\"400\" class=\"wpcf7-form-control wpcf7-email wpcf7-validates-as-required wpcf7-text wpcf7-validates-as-email\" aria-required=\"true\" aria-invalid=\"false\" value=\"\" type=\"email\" name=\"your-email\" \/><\/span> <\/label>\n<\/p>\n<p><label> Assunto<br \/>\n<span class=\"wpcf7-form-control-wrap\" data-name=\"your-subject\"><input size=\"40\" maxlength=\"400\" class=\"wpcf7-form-control wpcf7-text\" aria-invalid=\"false\" value=\"\" type=\"text\" name=\"your-subject\" \/><\/span> <\/label>\n<\/p>\n<p><label> Sua mensagem<br \/>\n<span class=\"wpcf7-form-control-wrap\" data-name=\"your-message\"><textarea cols=\"40\" rows=\"10\" maxlength=\"2000\" class=\"wpcf7-form-control wpcf7-textarea\" aria-invalid=\"false\" name=\"your-message\"><\/textarea><\/span> <\/label>\n<\/p>\n<p><input class=\"wpcf7-form-control wpcf7-submit has-spinner\" type=\"submit\" value=\"Enviar\" \/>\n<\/p><p style=\"display: none !important;\" class=\"akismet-fields-container\" data-prefix=\"_wpcf7_ak_\"><label>&#916;<textarea name=\"_wpcf7_ak_hp_textarea\" cols=\"45\" rows=\"8\" maxlength=\"100\"><\/textarea><\/label><input type=\"hidden\" id=\"ak_js_1\" name=\"_wpcf7_ak_js\" value=\"105\"\/><script>document.getElementById( \"ak_js_1\" ).setAttribute( \"value\", ( new Date() ).getTime() );<\/script><\/p><div class=\"wpcf7-response-output\" aria-hidden=\"true\"><\/div>\n<\/form>\n<\/div>\n<\/p>\n","protected":false},"excerpt":{"rendered":"<p>Secretaria Geral do VII ESSeTe e 7th WSeS Red Cat E-mail: 7essete@gmail.com Telefone: (55) 3220 8718 Para maiores informa\u00e7\u00f5es voc\u00ea pode utilizar o formul\u00e1rio abaixo.<\/p>\n","protected":false},"author":848,"featured_media":0,"parent":0,"menu_order":0,"comment_status":"closed","ping_status":"closed","template":"","meta":{"footnotes":""},"class_list":["post-94","page","type-page","status-publish","hentry","post"],"_links":{"self":[{"href":"https:\/\/wp.ufpel.edu.br\/essete7\/wp-json\/wp\/v2\/pages\/94","targetHints":{"allow":["GET"]}}],"collection":[{"href":"https:\/\/wp.ufpel.edu.br\/essete7\/wp-json\/wp\/v2\/pages"}],"about":[{"href":"https:\/\/wp.ufpel.edu.br\/essete7\/wp-json\/wp\/v2\/types\/page"}],"author":[{"embeddable":true,"href":"https:\/\/wp.ufpel.edu.br\/essete7\/wp-json\/wp\/v2\/users\/848"}],"replies":[{"embeddable":true,"href":"https:\/\/wp.ufpel.edu.br\/essete7\/wp-json\/wp\/v2\/comments?post=94"}],"version-history":[{"count":7,"href":"https:\/\/wp.ufpel.edu.br\/essete7\/wp-json\/wp\/v2\/pages\/94\/revisions"}],"predecessor-version":[{"id":169,"href":"https:\/\/wp.ufpel.edu.br\/essete7\/wp-json\/wp\/v2\/pages\/94\/revisions\/169"}],"wp:attachment":[{"href":"https:\/\/wp.ufpel.edu.br\/essete7\/wp-json\/wp\/v2\/media?parent=94"}],"curies":[{"name":"wp","href":"https:\/\/api.w.org\/{rel}","templated":true}]}}