{"id":712,"date":"2018-08-09T15:14:56","date_gmt":"2018-08-09T18:14:56","guid":{"rendered":"https:\/\/wp.ufpel.edu.br\/essete7\/?page_id=712"},"modified":"2018-10-08T11:29:11","modified_gmt":"2018-10-08T14:29:11","slug":"invited","status":"publish","type":"page","link":"https:\/\/wp.ufpel.edu.br\/essete7\/invited\/","title":{"rendered":"Invited"},"content":{"rendered":"<p style=\"text-align: center\"><span style=\"font-size: 18pt;color: #000000\"><strong>Confer\u00eancias Confirmadas!!!<\/strong><\/span><\/p>\n<p style=\"text-align: center\"><span style=\"font-size: 18pt;color: #000000\"><strong>Invited Lectures<\/strong><\/span><\/p>\n<table class=\" aligncenter\" style=\"height: 2480px\" width=\"898\">\n<tbody>\n<tr>\n<td style=\"width: 200px;vertical-align: top\"><span style=\"font-size: 14pt;color: #000000\"><img loading=\"lazy\" decoding=\"async\" class=\"aligncenter wp-image-241\" src=\"https:\/\/wp.ufpel.edu.br\/essete7\/files\/2018\/04\/Luca_Sancineto.jpg\" alt=\"\" width=\"172\" height=\"172\" srcset=\"https:\/\/wp.ufpel.edu.br\/essete7\/files\/2018\/04\/Luca_Sancineto.jpg 512w, https:\/\/wp.ufpel.edu.br\/essete7\/files\/2018\/04\/Luca_Sancineto-200x200.jpg 200w, https:\/\/wp.ufpel.edu.br\/essete7\/files\/2018\/04\/Luca_Sancineto-400x400.jpg 400w\" sizes=\"auto, (max-width: 172px) 100vw, 172px\" \/><\/span><\/td>\n<td style=\"width: 426.683px;text-align: center;vertical-align: middle\">\n<p><span style=\"font-size: 14pt;color: #000000\"><strong>Dr. Luca Sancineto<\/strong><\/span><\/p>\n<p><span style=\"font-size: 14pt;color: #000000\">Polish Academy of Sciences<\/span><br \/>\n<span style=\"font-size: 14pt;color: #000000\">\u0141\u00f3d\u017a, Poland<\/span><\/p>\n<p><span style=\"font-size: 14pt;color: #000000\"><a style=\"color: #000000\" href=\"https:\/\/wp.ufpel.edu.br\/essete7\/files\/2018\/08\/Sancineto_Abstract.pdf\"><strong>Presentation Abstract<\/strong><\/a><\/span><\/td>\n<td style=\"width: 248px;text-align: center;vertical-align: top\"><span style=\"font-size: 14pt;color: #000000\"><img loading=\"lazy\" decoding=\"async\" class=\"aligncenter wp-image-292\" src=\"https:\/\/wp.ufpel.edu.br\/essete7\/files\/2018\/04\/polish_logo_new.jpg\" alt=\"\" width=\"151\" height=\"119\" srcset=\"https:\/\/wp.ufpel.edu.br\/essete7\/files\/2018\/04\/polish_logo_new.jpg 665w, https:\/\/wp.ufpel.edu.br\/essete7\/files\/2018\/04\/polish_logo_new-400x314.jpg 400w\" sizes=\"auto, (max-width: 151px) 100vw, 151px\" \/><\/span><\/td>\n<\/tr>\n<tr>\n<td style=\"width: 200px;vertical-align: top\">\n<hr \/>\n<\/td>\n<td style=\"width: 426.683px;text-align: center;vertical-align: middle\">\n<hr \/>\n<\/td>\n<td style=\"width: 248px;text-align: center;vertical-align: top\">\n<hr \/>\n<\/td>\n<\/tr>\n<tr>\n<td style=\"width: 200px;vertical-align: top\"><span style=\"font-size: 14pt;color: #000000\"><img loading=\"lazy\" decoding=\"async\" class=\"aligncenter wp-image-337\" src=\"https:\/\/wp.ufpel.edu.br\/essete7\/files\/2018\/05\/Prof.-Damiano.jpg\" alt=\"\" width=\"151\" height=\"174\" srcset=\"https:\/\/wp.ufpel.edu.br\/essete7\/files\/2018\/05\/Prof.-Damiano.jpg 2736w, https:\/\/wp.ufpel.edu.br\/essete7\/files\/2018\/05\/Prof.-Damiano-347x400.jpg 347w, https:\/\/wp.ufpel.edu.br\/essete7\/files\/2018\/05\/Prof.-Damiano-768x885.jpg 768w, https:\/\/wp.ufpel.edu.br\/essete7\/files\/2018\/05\/Prof.-Damiano-889x1024.jpg 889w\" sizes=\"auto, (max-width: 151px) 100vw, 151px\" \/><\/span><\/td>\n<td style=\"width: 426.683px;text-align: center;vertical-align: middle\">\n<p><span style=\"font-size: 14pt;color: #000000\"><strong>Dr. Damiano Tanini<\/strong><\/span><\/p>\n<p><span style=\"font-size: 14pt;color: #000000\">Universit\u00e0 degli Studi Firenze<\/span><br \/>\n<span style=\"font-size: 14pt;color: #000000\">Firenze, Italy<\/span><\/p>\n<p><span style=\"font-size: 14pt;color: #000000\"><a style=\"color: #000000\" href=\"https:\/\/wp.ufpel.edu.br\/essete7\/files\/2018\/08\/Damiano-Tanini_Abstract.pdf\"><strong>Presentation Abstract<\/strong><\/a><\/span><\/td>\n<td style=\"width: 248px;text-align: center;vertical-align: top\"><span style=\"font-size: 14pt;color: #000000\"><img loading=\"lazy\" decoding=\"async\" class=\"aligncenter wp-image-326\" src=\"https:\/\/wp.ufpel.edu.br\/essete7\/files\/2018\/04\/universita-di-firenze.jpg\" alt=\"\" width=\"231\" height=\"112\" srcset=\"https:\/\/wp.ufpel.edu.br\/essete7\/files\/2018\/04\/universita-di-firenze.jpg 993w, https:\/\/wp.ufpel.edu.br\/essete7\/files\/2018\/04\/universita-di-firenze-400x194.jpg 400w, https:\/\/wp.ufpel.edu.br\/essete7\/files\/2018\/04\/universita-di-firenze-768x373.jpg 768w\" sizes=\"auto, (max-width: 231px) 100vw, 231px\" \/><\/span><\/td>\n<\/tr>\n<tr>\n<td style=\"width: 200px;vertical-align: top\">\n<hr \/>\n<\/td>\n<td style=\"width: 426.683px;text-align: center;vertical-align: middle\">\n<hr \/>\n<\/td>\n<td style=\"width: 248px;text-align: center;vertical-align: top\">\n<hr \/>\n<\/td>\n<\/tr>\n<tr>\n<td style=\"width: 200px;vertical-align: top\"><span style=\"font-size: 14pt;color: #000000\"><img loading=\"lazy\" decoding=\"async\" class=\"aligncenter size-full wp-image-239\" src=\"https:\/\/wp.ufpel.edu.br\/essete7\/files\/2018\/04\/Muhammad_jawad.nasim_.jpg\" alt=\"\" width=\"200\" height=\"200\" \/><\/span><\/td>\n<td style=\"width: 426.683px;text-align: center;vertical-align: middle\">\n<p><span style=\"font-size: 14pt;color: #000000\"><strong>Dr. Muhammad Jawad Nasim<\/strong><\/span><\/p>\n<p><span style=\"font-size: 14pt;color: #000000\">Universit\u00e4t des Saarlandes<\/span><br \/>\n<span style=\"font-size: 14pt;color: #000000\">Saarbr\u00fccken, Germany<\/span><\/p>\n<p><span style=\"font-size: 14pt;color: #000000\"><a style=\"color: #000000\" href=\"https:\/\/wp.ufpel.edu.br\/essete7\/files\/2018\/08\/Muhammad-Jawad-Nasim_Abstract.pdf\"><strong>Presentation Abstract<\/strong><\/a><\/span><\/td>\n<td style=\"width: 248px;text-align: center;vertical-align: top\"><span style=\"font-size: 14pt;color: #000000\"><img loading=\"lazy\" decoding=\"async\" class=\"aligncenter wp-image-293\" src=\"https:\/\/wp.ufpel.edu.br\/essete7\/files\/2018\/04\/Logo-Universit\u00e4t_des_Saarlandes.svg_.png\" alt=\"\" width=\"248\" height=\"100\" srcset=\"https:\/\/wp.ufpel.edu.br\/essete7\/files\/2018\/04\/Logo-Universit\u00e4t_des_Saarlandes.svg_.png 2000w, https:\/\/wp.ufpel.edu.br\/essete7\/files\/2018\/04\/Logo-Universit\u00e4t_des_Saarlandes.svg_-400x162.png 400w, https:\/\/wp.ufpel.edu.br\/essete7\/files\/2018\/04\/Logo-Universit\u00e4t_des_Saarlandes.svg_-768x310.png 768w, https:\/\/wp.ufpel.edu.br\/essete7\/files\/2018\/04\/Logo-Universit\u00e4t_des_Saarlandes.svg_-1024x414.png 1024w\" sizes=\"auto, (max-width: 248px) 100vw, 248px\" \/><\/span><\/td>\n<\/tr>\n<tr>\n<td style=\"width: 200px;vertical-align: top\">\n<hr \/>\n<\/td>\n<td style=\"width: 426.683px;text-align: center;vertical-align: middle\">\n<hr \/>\n<\/td>\n<td style=\"width: 248px;text-align: center;vertical-align: top\">\n<hr \/>\n<\/td>\n<\/tr>\n<tr>\n<td style=\"width: 200px;vertical-align: top\"><span style=\"font-size: 14pt;color: #000000\"><img loading=\"lazy\" decoding=\"async\" class=\"aligncenter size-full wp-image-238\" src=\"https:\/\/wp.ufpel.edu.br\/essete7\/files\/2018\/04\/Oriana-Tabarrini.jpg\" alt=\"\" width=\"159\" height=\"181\" \/><\/span><\/td>\n<td style=\"width: 426.683px;text-align: center;vertical-align: middle\">\n<p><span style=\"font-size: 14pt;color: #000000\"><strong>Profa. Oriana Tabarrini<\/strong><\/span><\/p>\n<p><span style=\"font-size: 14pt;color: #000000\">Universit\u00e0 degli Studi di Perugia.<\/span><br \/>\n<span style=\"font-size: 14pt;color: #000000\">Perugia, Italy<\/span><\/p>\n<p><span style=\"font-size: 14pt;color: #000000\"><a style=\"color: #000000\" href=\"https:\/\/wp.ufpel.edu.br\/essete7\/files\/2018\/08\/Oriana-Tabarrini_Abstract.pdf\"><strong>Presentation Abstract<\/strong><\/a><\/span><\/td>\n<td style=\"width: 248px;text-align: center;vertical-align: top\"><span style=\"font-size: 14pt;color: #000000\"><img loading=\"lazy\" decoding=\"async\" class=\"aligncenter wp-image-278\" src=\"https:\/\/wp.ufpel.edu.br\/essete7\/files\/2018\/04\/perugia-logo.jpg\" alt=\"\" width=\"184\" height=\"145\" srcset=\"https:\/\/wp.ufpel.edu.br\/essete7\/files\/2018\/04\/perugia-logo.jpg 1200w, https:\/\/wp.ufpel.edu.br\/essete7\/files\/2018\/04\/perugia-logo-400x315.jpg 400w, https:\/\/wp.ufpel.edu.br\/essete7\/files\/2018\/04\/perugia-logo-768x605.jpg 768w, https:\/\/wp.ufpel.edu.br\/essete7\/files\/2018\/04\/perugia-logo-1024x806.jpg 1024w\" sizes=\"auto, (max-width: 184px) 100vw, 184px\" \/><\/span><\/td>\n<\/tr>\n<tr>\n<td style=\"width: 200px;vertical-align: top\">\n<hr \/>\n<\/td>\n<td style=\"width: 426.683px;text-align: center;vertical-align: middle\">\n<hr \/>\n<\/td>\n<td style=\"width: 248px;text-align: center;vertical-align: top\">\n<hr \/>\n<\/td>\n<\/tr>\n<tr>\n<td style=\"width: 200px;vertical-align: top\"><span style=\"font-size: 14pt;color: #000000\"><img loading=\"lazy\" decoding=\"async\" class=\"aligncenter size-thumbnail wp-image-242\" src=\"https:\/\/wp.ufpel.edu.br\/essete7\/files\/2018\/04\/Kenta-arai-200x200.jpg\" alt=\"\" width=\"200\" height=\"200\" \/><\/span><\/td>\n<td style=\"width: 426.683px;text-align: center;vertical-align: middle\">\n<p><span style=\"font-size: 14pt;color: #000000\"><strong>Prof. Kenta Arai<\/strong><\/span><\/p>\n<p><span style=\"font-size: 14pt;color: #000000\">Tokai University<\/span><br \/>\n<span style=\"font-size: 14pt;color: #000000\">Kanagawa, Japan<\/span><\/p>\n<p><span style=\"font-size: 14pt;color: #000000\"><a style=\"color: #000000\" href=\"https:\/\/wp.ufpel.edu.br\/essete7\/files\/2018\/08\/Kenta-Arai_Abstract.pdf\"><strong>Presentation Abstract<\/strong><\/a><\/span><\/td>\n<td style=\"width: 248px;text-align: center;vertical-align: top\"><span style=\"font-size: 14pt;color: #000000\"><strong><img loading=\"lazy\" decoding=\"async\" class=\"aligncenter wp-image-276 \" src=\"https:\/\/wp.ufpel.edu.br\/essete7\/files\/2018\/04\/tokai-en.png\" alt=\"\" width=\"101\" height=\"141\" \/><\/strong><\/span><\/td>\n<\/tr>\n<tr>\n<td style=\"width: 200px;vertical-align: top\">\n<hr \/>\n<\/td>\n<td style=\"width: 426.683px;text-align: center;vertical-align: middle\">\n<hr \/>\n<\/td>\n<td style=\"width: 248px;text-align: center;vertical-align: top\">\n<hr \/>\n<\/td>\n<\/tr>\n<tr>\n<td style=\"width: 200px;vertical-align: top\"><img loading=\"lazy\" decoding=\"async\" class=\"aligncenter size-thumbnail wp-image-802\" src=\"https:\/\/wp.ufpel.edu.br\/essete7\/files\/2018\/08\/Marina_Prigol-200x200.jpg\" alt=\"\" width=\"200\" height=\"200\" srcset=\"https:\/\/wp.ufpel.edu.br\/essete7\/files\/2018\/08\/Marina_Prigol-200x200.jpg 200w, https:\/\/wp.ufpel.edu.br\/essete7\/files\/2018\/08\/Marina_Prigol-400x400.jpg 400w, https:\/\/wp.ufpel.edu.br\/essete7\/files\/2018\/08\/Marina_Prigol.jpg 512w\" sizes=\"auto, (max-width: 200px) 100vw, 200px\" \/><\/td>\n<td style=\"width: 426.683px;text-align: center;vertical-align: middle\">\n<p><span style=\"color: #000000\"><span style=\"font-size: 14pt\"><strong>Profa. Marina Prigol<\/strong><\/span><\/span><\/p>\n<p><span style=\"font-size: 14pt;color: #000000\">Universidade Federal do Pampa<\/span><br \/>\n<span style=\"font-size: 14pt;color: #000000\">Itaqui, Brazil<\/span><\/p>\n<p><span style=\"color: #000000\"><a style=\"color: #000000\" href=\"https:\/\/wp.ufpel.edu.br\/essete7\/files\/2018\/08\/Prigol_Abstract-1.pdf\"><span style=\"font-size: 14pt\"><strong>Presentation Abstract<\/strong><\/span><\/a><\/span><\/td>\n<td style=\"width: 248px;text-align: center;vertical-align: top\"><span style=\"font-size: 14pt;color: #000000\"><img loading=\"lazy\" decoding=\"async\" class=\"aligncenter wp-image-677 \" src=\"https:\/\/wp.ufpel.edu.br\/essete7\/files\/2018\/08\/Logo_Unipampa.jpg\" alt=\"\" width=\"230\" height=\"156\" srcset=\"https:\/\/wp.ufpel.edu.br\/essete7\/files\/2018\/08\/Logo_Unipampa.jpg 1200w, https:\/\/wp.ufpel.edu.br\/essete7\/files\/2018\/08\/Logo_Unipampa-400x271.jpg 400w, https:\/\/wp.ufpel.edu.br\/essete7\/files\/2018\/08\/Logo_Unipampa-768x521.jpg 768w, https:\/\/wp.ufpel.edu.br\/essete7\/files\/2018\/08\/Logo_Unipampa-1024x695.jpg 1024w\" sizes=\"auto, (max-width: 230px) 100vw, 230px\" \/><\/span><\/td>\n<\/tr>\n<tr>\n<td style=\"width: 200px;vertical-align: top\">\n<hr \/>\n<\/td>\n<td style=\"width: 426.683px;text-align: center;vertical-align: middle\">\n<hr \/>\n<\/td>\n<td style=\"width: 248px;text-align: center;vertical-align: top\">\n<hr \/>\n<\/td>\n<\/tr>\n<tr>\n<td style=\"width: 200px;vertical-align: top\"><img loading=\"lazy\" decoding=\"async\" class=\"aligncenter size-full wp-image-803\" src=\"https:\/\/wp.ufpel.edu.br\/essete7\/files\/2018\/08\/andrefajerdo.jpg\" alt=\"\" width=\"157\" height=\"177\" \/><\/td>\n<td style=\"width: 426.683px;text-align: center;vertical-align: middle\">\n<p><span style=\"color: #000000\"><span style=\"font-size: 14pt\"><strong>Prof. Andr\u00e9 Ricardo Fajardo<\/strong><\/span><\/span><\/p>\n<p><span style=\"font-size: 14pt;color: #000000\">Universidade Federal de Pelotas<\/span><br \/>\n<span style=\"font-size: 14pt;color: #000000\">Pelotas, Brazil<\/span><\/p>\n<p><span style=\"font-size: 14pt;color: #000000\"><a style=\"color: #000000\" href=\"https:\/\/wp.ufpel.edu.br\/essete7\/files\/2018\/08\/Andr\u00e9-R.-Fajardo_Abstract-1.pdf\"><strong>Presentation Abstract<\/strong><\/a><\/span><\/td>\n<td style=\"width: 248px;text-align: center;vertical-align: top\"><span style=\"font-size: 14pt;color: #000000\"><img loading=\"lazy\" decoding=\"async\" class=\"aligncenter wp-image-678\" src=\"https:\/\/wp.ufpel.edu.br\/essete7\/files\/2018\/08\/UFPEL_logo-200x200.png\" alt=\"\" width=\"154\" height=\"154\" srcset=\"https:\/\/wp.ufpel.edu.br\/essete7\/files\/2018\/08\/UFPEL_logo-200x200.png 200w, https:\/\/wp.ufpel.edu.br\/essete7\/files\/2018\/08\/UFPEL_logo-400x400.png 400w, https:\/\/wp.ufpel.edu.br\/essete7\/files\/2018\/08\/UFPEL_logo.png 595w\" sizes=\"auto, (max-width: 154px) 100vw, 154px\" \/><\/span><\/td>\n<\/tr>\n<tr>\n<td style=\"width: 200px;vertical-align: top\">\n<hr \/>\n<\/td>\n<td style=\"width: 426.683px;text-align: center;vertical-align: middle\">\n<hr \/>\n<\/td>\n<td style=\"width: 248px;text-align: center;vertical-align: top\">\n<hr \/>\n<\/td>\n<\/tr>\n<tr>\n<td style=\"width: 200px;vertical-align: top\"><img loading=\"lazy\" decoding=\"async\" class=\"aligncenter size-thumbnail wp-image-806\" src=\"https:\/\/wp.ufpel.edu.br\/essete7\/files\/2018\/08\/jamal-rafique-200x200.jpg\" alt=\"\" width=\"200\" height=\"200\" \/><\/td>\n<td style=\"width: 426.683px;text-align: center;vertical-align: middle\">\n<p><span style=\"font-size: 14pt;color: #000000\"><strong>Dr. Jamal Rafique<\/strong><\/span><\/p>\n<p><span style=\"font-size: 14pt;color: #000000\">Universidade Federal de Santa Catarina<\/span><br \/>\n<span style=\"font-size: 14pt;color: #000000\">Florian\u00f3polis, Brazil<\/span><\/p>\n<p><span style=\"font-size: 14pt;color: #000000\"><a style=\"color: #000000\" href=\"https:\/\/wp.ufpel.edu.br\/essete7\/files\/2018\/08\/Rafique_Abstract.pdf\"><strong>Presentation Abstract<\/strong><\/a><\/span><\/td>\n<td style=\"width: 248px;text-align: center;vertical-align: top\"><span style=\"font-size: 14pt;color: #000000\"><img loading=\"lazy\" decoding=\"async\" class=\"aligncenter wp-image-679\" src=\"https:\/\/wp.ufpel.edu.br\/essete7\/files\/2018\/08\/UFSC_logo-200x200.jpg\" alt=\"\" width=\"186\" height=\"186\" \/><\/span><\/td>\n<\/tr>\n<tr>\n<td style=\"width: 200px;vertical-align: top\">\n<hr \/>\n<\/td>\n<td style=\"width: 426.683px;text-align: center;vertical-align: middle\">\n<hr \/>\n<\/td>\n<td style=\"width: 248px;text-align: center;vertical-align: top\">\n<hr \/>\n<\/td>\n<\/tr>\n<tr>\n<td style=\"width: 200px;vertical-align: top\"><img loading=\"lazy\" decoding=\"async\" class=\"aligncenter size-thumbnail wp-image-804\" src=\"https:\/\/wp.ufpel.edu.br\/essete7\/files\/2018\/08\/ethel-wilhelm-200x200.jpg\" alt=\"\" width=\"200\" height=\"200\" \/><\/td>\n<td style=\"width: 426.683px;text-align: center;vertical-align: middle\">\n<p><span style=\"font-size: 14pt;color: #000000\"><strong>Profa. Ethel Antunes Wilhelm<\/strong><\/span><\/p>\n<p><span style=\"font-size: 14pt;color: #000000\">Universidade Federal de Pelotas<\/span><br \/>\n<span style=\"font-size: 14pt;color: #000000\">Pelotas, Brazil<\/span><\/p>\n<p><span style=\"font-size: 14pt;color: #000000\"><a style=\"color: #000000\" href=\"https:\/\/wp.ufpel.edu.br\/essete7\/files\/2018\/08\/Ethel-Wilhelm_Abstract.pdf\"><strong>Presentation Abstract<\/strong><\/a><\/span><\/td>\n<td style=\"width: 248px;text-align: center;vertical-align: top\"><span style=\"font-size: 14pt;color: #000000\"><img loading=\"lazy\" decoding=\"async\" class=\"aligncenter wp-image-678\" src=\"https:\/\/wp.ufpel.edu.br\/essete7\/files\/2018\/08\/UFPEL_logo-200x200.png\" alt=\"\" width=\"154\" height=\"154\" srcset=\"https:\/\/wp.ufpel.edu.br\/essete7\/files\/2018\/08\/UFPEL_logo-200x200.png 200w, https:\/\/wp.ufpel.edu.br\/essete7\/files\/2018\/08\/UFPEL_logo-400x400.png 400w, https:\/\/wp.ufpel.edu.br\/essete7\/files\/2018\/08\/UFPEL_logo.png 595w\" sizes=\"auto, (max-width: 154px) 100vw, 154px\" \/><\/span><\/td>\n<\/tr>\n<tr>\n<td style=\"width: 200px;vertical-align: top\">\n<hr \/>\n<\/td>\n<td style=\"width: 426.683px;text-align: center;vertical-align: middle\">\n<hr \/>\n<\/td>\n<td style=\"width: 248px;text-align: center;vertical-align: top\">\n<hr \/>\n<\/td>\n<\/tr>\n<tr>\n<td style=\"width: 200px;vertical-align: top\"><img loading=\"lazy\" decoding=\"async\" class=\"aligncenter size-thumbnail wp-image-805\" src=\"https:\/\/wp.ufpel.edu.br\/essete7\/files\/2018\/08\/ricardo-schwab-200x200.jpg\" alt=\"\" width=\"200\" height=\"200\" \/><\/td>\n<td style=\"width: 426.683px;text-align: center;vertical-align: middle\">\n<p><span style=\"font-size: 14pt;color: #000000\"><strong>Prof. Ricardo Samuel Schwab<\/strong><\/span><\/p>\n<p><span style=\"font-size: 14pt;color: #000000\">Universidade Federal de S\u00e3o Carlos<\/span><br \/>\n<span style=\"font-size: 14pt;color: #000000\">S\u00e3o Carlos, Brazil<\/span><\/p>\n<p><span style=\"font-size: 14pt;color: #000000\"><a style=\"color: #000000\" href=\"https:\/\/wp.ufpel.edu.br\/essete7\/files\/2018\/08\/Schwab_Abstract.pdf\"><strong>Presentation Abstract<\/strong><\/a><\/span><\/td>\n<td style=\"width: 248px;text-align: center;vertical-align: top\"><span style=\"font-size: 14pt;color: #000000\"><img loading=\"lazy\" decoding=\"async\" class=\"aligncenter wp-image-680 \" src=\"https:\/\/wp.ufpel.edu.br\/essete7\/files\/2018\/08\/logo-Ufscar-400x292.jpg\" alt=\"\" width=\"179\" height=\"131\" srcset=\"https:\/\/wp.ufpel.edu.br\/essete7\/files\/2018\/08\/logo-Ufscar-400x292.jpg 400w, https:\/\/wp.ufpel.edu.br\/essete7\/files\/2018\/08\/logo-Ufscar-768x560.jpg 768w, https:\/\/wp.ufpel.edu.br\/essete7\/files\/2018\/08\/logo-Ufscar-1024x747.jpg 1024w\" sizes=\"auto, (max-width: 179px) 100vw, 179px\" \/><\/span><\/td>\n<\/tr>\n<tr>\n<td style=\"width: 200px;vertical-align: top\">\n<hr \/>\n<\/td>\n<td style=\"width: 426.683px;text-align: center;vertical-align: middle\">\n<hr \/>\n<\/td>\n<td style=\"width: 248px;text-align: center;vertical-align: top\">\n<hr \/>\n<\/td>\n<\/tr>\n<tr>\n<td style=\"width: 200px;vertical-align: top\"><img loading=\"lazy\" decoding=\"async\" class=\"aligncenter size-full wp-image-864\" src=\"https:\/\/wp.ufpel.edu.br\/essete7\/files\/2018\/08\/Foto_Marcio-1.jpg\" alt=\"\" width=\"960\" height=\"720\" srcset=\"https:\/\/wp.ufpel.edu.br\/essete7\/files\/2018\/08\/Foto_Marcio-1.jpg 960w, https:\/\/wp.ufpel.edu.br\/essete7\/files\/2018\/08\/Foto_Marcio-1-400x300.jpg 400w, https:\/\/wp.ufpel.edu.br\/essete7\/files\/2018\/08\/Foto_Marcio-1-768x576.jpg 768w\" sizes=\"auto, (max-width: 960px) 100vw, 960px\" \/><\/td>\n<td style=\"width: 426.683px;text-align: center;vertical-align: middle\">\n<p><span style=\"color: #000000\"><span style=\"font-size: 14pt\"><strong>Prof. M\u00e1rcio Santos da Silva<\/strong><\/span><\/span><\/p>\n<p><span style=\"font-size: 14pt;color: #000000\">Universidade Federal de Pelotas<\/span><br \/>\n<span style=\"font-size: 14pt;color: #000000\">Pelotas, Brazil<\/span><\/p>\n<p><span style=\"font-size: 14pt;color: #000000\"><a style=\"color: #000000\" href=\"https:\/\/wp.ufpel.edu.br\/essete7\/files\/2018\/08\/M\u00e1rcio-Santos-da-Silva_Abstract.pdf\"><strong>Presentation Abstract<\/strong><\/a><\/span><\/td>\n<td style=\"width: 248px;text-align: center;vertical-align: top\"><img loading=\"lazy\" decoding=\"async\" class=\"aligncenter wp-image-678\" src=\"https:\/\/wp.ufpel.edu.br\/essete7\/files\/2018\/08\/UFPEL_logo-200x200.png\" alt=\"\" width=\"154\" height=\"154\" srcset=\"https:\/\/wp.ufpel.edu.br\/essete7\/files\/2018\/08\/UFPEL_logo-200x200.png 200w, https:\/\/wp.ufpel.edu.br\/essete7\/files\/2018\/08\/UFPEL_logo-400x400.png 400w, https:\/\/wp.ufpel.edu.br\/essete7\/files\/2018\/08\/UFPEL_logo.png 595w\" sizes=\"auto, (max-width: 154px) 100vw, 154px\" \/><\/td>\n<\/tr>\n<\/tbody>\n<\/table>\n<p>&nbsp;<\/p>\n","protected":false},"excerpt":{"rendered":"<p>Confer\u00eancias Confirmadas!!! Invited Lectures Dr. Luca Sancineto Polish Academy of Sciences \u0141\u00f3d\u017a, Poland Presentation Abstract Dr. Damiano Tanini Universit\u00e0 degli Studi Firenze Firenze, Italy Presentation Abstract Dr. Muhammad Jawad Nasim Universit\u00e4t des Saarlandes Saarbr\u00fccken, Germany Presentation Abstract Profa. Oriana Tabarrini Universit\u00e0 degli Studi di Perugia. Perugia, Italy Presentation Abstract Prof. Kenta Arai Tokai University Kanagawa, [&hellip;]<\/p>\n","protected":false},"author":848,"featured_media":0,"parent":0,"menu_order":0,"comment_status":"closed","ping_status":"closed","template":"","meta":{"footnotes":""},"class_list":["post-712","page","type-page","status-publish","hentry","post"],"_links":{"self":[{"href":"https:\/\/wp.ufpel.edu.br\/essete7\/wp-json\/wp\/v2\/pages\/712","targetHints":{"allow":["GET"]}}],"collection":[{"href":"https:\/\/wp.ufpel.edu.br\/essete7\/wp-json\/wp\/v2\/pages"}],"about":[{"href":"https:\/\/wp.ufpel.edu.br\/essete7\/wp-json\/wp\/v2\/types\/page"}],"author":[{"embeddable":true,"href":"https:\/\/wp.ufpel.edu.br\/essete7\/wp-json\/wp\/v2\/users\/848"}],"replies":[{"embeddable":true,"href":"https:\/\/wp.ufpel.edu.br\/essete7\/wp-json\/wp\/v2\/comments?post=712"}],"version-history":[{"count":15,"href":"https:\/\/wp.ufpel.edu.br\/essete7\/wp-json\/wp\/v2\/pages\/712\/revisions"}],"predecessor-version":[{"id":923,"href":"https:\/\/wp.ufpel.edu.br\/essete7\/wp-json\/wp\/v2\/pages\/712\/revisions\/923"}],"wp:attachment":[{"href":"https:\/\/wp.ufpel.edu.br\/essete7\/wp-json\/wp\/v2\/media?parent=712"}],"curies":[{"name":"wp","href":"https:\/\/api.w.org\/{rel}","templated":true}]}}