{"id":7,"date":"2018-04-17T15:30:55","date_gmt":"2018-04-17T18:30:55","guid":{"rendered":"https:\/\/wp.ufpel.edu.br\/essete7\/?page_id=7"},"modified":"2018-07-10T15:51:45","modified_gmt":"2018-07-10T18:51:45","slug":"datas-importantes","status":"publish","type":"page","link":"https:\/\/wp.ufpel.edu.br\/essete7\/datas-importantes\/","title":{"rendered":"Datas Importantes"},"content":{"rendered":"<p><span style=\"color: #ff6600;font-size: 14pt\"><strong>Per\u00edodo do Evento<\/strong><\/span><\/p>\n<p><span style=\"color: #000000;font-size: 14pt\"><strong>De 03 a 06 de setembro de 2018.<\/strong><\/span><\/p>\n<p>&nbsp;<\/p>\n<p><span style=\"color: #ff6600;font-size: 14pt\"><strong>Per\u00edodo de Inscri\u00e7\u00f5es<\/strong><\/span><\/p>\n<p><span style=\"color: #000000;font-size: 14pt\">O per\u00edodo das inscri\u00e7\u00f5es se dar\u00e1 da seguinte forma:<\/span><\/p>\n<p><span style=\"color: #000000;font-size: 14pt\"><strong>Valores Reduzidos: At\u00e9 31 de Julho de 2018.<br \/>\nValores Integrais: De 31 de Julho at\u00e9 03 de Setembro de 2018.<\/strong><\/span><\/p>\n<p><span style=\"font-size: 14pt\"><strong>\u00a0<\/strong><\/span><\/p>\n<p><span style=\"color: #ff6600;font-size: 14pt\"><strong>Submiss\u00e3o de Resumos<\/strong><\/span><\/p>\n<p><span style=\"color: #000000;font-size: 14pt\"><strong>At\u00e9 31 de Julho de 2018.<\/strong><\/span><\/p>\n","protected":false},"excerpt":{"rendered":"<p>Per\u00edodo do Evento De 03 a 06 de setembro de 2018. &nbsp; Per\u00edodo de Inscri\u00e7\u00f5es O per\u00edodo das inscri\u00e7\u00f5es se dar\u00e1 da seguinte forma: Valores Reduzidos: At\u00e9 31 de Julho de 2018. Valores Integrais: De 31 de Julho at\u00e9 03 de Setembro de 2018. \u00a0 Submiss\u00e3o de Resumos At\u00e9 31 de Julho de 2018.<\/p>\n","protected":false},"author":848,"featured_media":0,"parent":0,"menu_order":0,"comment_status":"closed","ping_status":"closed","template":"","meta":{"footnotes":""},"class_list":["post-7","page","type-page","status-publish","hentry","post"],"_links":{"self":[{"href":"https:\/\/wp.ufpel.edu.br\/essete7\/wp-json\/wp\/v2\/pages\/7","targetHints":{"allow":["GET"]}}],"collection":[{"href":"https:\/\/wp.ufpel.edu.br\/essete7\/wp-json\/wp\/v2\/pages"}],"about":[{"href":"https:\/\/wp.ufpel.edu.br\/essete7\/wp-json\/wp\/v2\/types\/page"}],"author":[{"embeddable":true,"href":"https:\/\/wp.ufpel.edu.br\/essete7\/wp-json\/wp\/v2\/users\/848"}],"replies":[{"embeddable":true,"href":"https:\/\/wp.ufpel.edu.br\/essete7\/wp-json\/wp\/v2\/comments?post=7"}],"version-history":[{"count":15,"href":"https:\/\/wp.ufpel.edu.br\/essete7\/wp-json\/wp\/v2\/pages\/7\/revisions"}],"predecessor-version":[{"id":648,"href":"https:\/\/wp.ufpel.edu.br\/essete7\/wp-json\/wp\/v2\/pages\/7\/revisions\/648"}],"wp:attachment":[{"href":"https:\/\/wp.ufpel.edu.br\/essete7\/wp-json\/wp\/v2\/media?parent=7"}],"curies":[{"name":"wp","href":"https:\/\/api.w.org\/{rel}","templated":true}]}}