{"id":49,"date":"2018-04-17T15:41:21","date_gmt":"2018-04-17T18:41:21","guid":{"rendered":"https:\/\/wp.ufpel.edu.br\/essete7\/?page_id=49"},"modified":"2018-10-04T09:44:45","modified_gmt":"2018-10-04T12:44:45","slug":"pagina-inicial","status":"publish","type":"page","link":"https:\/\/wp.ufpel.edu.br\/essete7\/","title":{"rendered":"Apresenta\u00e7\u00e3o"},"content":{"rendered":"<div id=\"pl-49\"  class=\"panel-layout\" ><div id=\"pg-49-0\"  class=\"panel-grid panel-has-style\" ><div class=\"wide-grey panel-row-style panel-row-style-for-49-0\" ><div id=\"pgc-49-0-0\"  class=\"panel-grid-cell\" ><div id=\"panel-49-0-0-0\" class=\"so-panel widget widget_sow-slider panel-first-child panel-last-child\" data-index=\"0\" ><div class=\"panel-widget-style panel-widget-style-for-49-0-0-0\" ><div\n\t\t\t\n\t\t\tclass=\"so-widget-sow-slider so-widget-sow-slider-default-d2b96b21c26a-49\"\n\t\t\t\n\t\t>\t\t\t\t<div class=\"sow-slider-base\" style=\"display: none\" tabindex=\"0\">\n\t\t\t\t\t<ul\n\t\t\t\t\tclass=\"sow-slider-images\"\n\t\t\t\t\tdata-settings=\"{&quot;pagination&quot;:true,&quot;speed&quot;:800,&quot;timeout&quot;:8000,&quot;paused&quot;:false,&quot;pause_on_hover&quot;:false,&quot;swipe&quot;:true,&quot;nav_always_show_desktop&quot;:&quot;&quot;,&quot;nav_always_show_mobile&quot;:&quot;&quot;,&quot;breakpoint&quot;:&quot;780px&quot;,&quot;unmute&quot;:false,&quot;anchor&quot;:null}\"\n\t\t\t\t\t\t\t\t\t\tdata-anchor-id=\"\"\n\t\t\t\t>\t\t<li class=\"sow-slider-image\" style=\"visibility: visible;\" >\n\t\t\t\t\t\t<div class=\"sow-slider-image-container\">\n\t\t\t\t<div class=\"sow-slider-image-wrapper\" style=\"max-width: 1170px\">\n\t\t\t\t\t\t\t\t\t\t<div class=\"sow-slider-image-foreground-wrapper\">\n\t\t\t\t\t\t<img loading=\"lazy\" decoding=\"async\" width=\"1170\" height=\"308\" src=\"https:\/\/wp.ufpel.edu.br\/essete7\/files\/2018\/04\/banner_2.png\" class=\"sow-slider-foreground-image\" alt=\"\" style=\"\" srcset=\"https:\/\/wp.ufpel.edu.br\/essete7\/files\/2018\/04\/banner_2.png 1170w, https:\/\/wp.ufpel.edu.br\/essete7\/files\/2018\/04\/banner_2-400x105.png 400w, https:\/\/wp.ufpel.edu.br\/essete7\/files\/2018\/04\/banner_2-768x202.png 768w, https:\/\/wp.ufpel.edu.br\/essete7\/files\/2018\/04\/banner_2-1024x270.png 1024w\" sizes=\"auto, (max-width: 1170px) 100vw, 1170px\" \/>\t\t\t\t\t<\/div>\n\t\t\t\t\t\t\t\t\t<\/div>\n\t\t\t<\/div>\n\t\t\t\t\t<\/li>\n\t\t\t\t<li class=\"sow-slider-image\" style=\"visibility: hidden;;background-color: #ffffff\" >\n\t\t\t\t\t\t<div class=\"sow-slider-image-container\">\n\t\t\t\t<div class=\"sow-slider-image-wrapper\" style=\"max-width: 1170px\">\n\t\t\t\t\t\t\t\t\t\t<div class=\"sow-slider-image-foreground-wrapper\">\n\t\t\t\t\t\t<img loading=\"lazy\" decoding=\"async\" width=\"1170\" height=\"309\" src=\"https:\/\/wp.ufpel.edu.br\/essete7\/files\/2018\/04\/banner_7.png\" class=\"sow-slider-foreground-image\" alt=\"\" style=\"\" srcset=\"https:\/\/wp.ufpel.edu.br\/essete7\/files\/2018\/04\/banner_7.png 1170w, https:\/\/wp.ufpel.edu.br\/essete7\/files\/2018\/04\/banner_7-400x106.png 400w, https:\/\/wp.ufpel.edu.br\/essete7\/files\/2018\/04\/banner_7-768x203.png 768w, https:\/\/wp.ufpel.edu.br\/essete7\/files\/2018\/04\/banner_7-1024x270.png 1024w\" sizes=\"auto, (max-width: 1170px) 100vw, 1170px\" \/>\t\t\t\t\t<\/div>\n\t\t\t\t\t\t\t\t\t<\/div>\n\t\t\t<\/div>\n\t\t\t\t\t<\/li>\n\t\t\t\t<li class=\"sow-slider-image\" style=\"visibility: hidden;;background-color: #ffffff\" >\n\t\t\t\t\t\t<div class=\"sow-slider-image-container\">\n\t\t\t\t<div class=\"sow-slider-image-wrapper\" style=\"max-width: 1170px\">\n\t\t\t\t\t\t\t\t\t\t<div class=\"sow-slider-image-foreground-wrapper\">\n\t\t\t\t\t\t<img loading=\"lazy\" decoding=\"async\" width=\"1170\" height=\"309\" src=\"https:\/\/wp.ufpel.edu.br\/essete7\/files\/2018\/04\/banner_6.png\" class=\"sow-slider-foreground-image\" alt=\"\" style=\"\" srcset=\"https:\/\/wp.ufpel.edu.br\/essete7\/files\/2018\/04\/banner_6.png 1170w, https:\/\/wp.ufpel.edu.br\/essete7\/files\/2018\/04\/banner_6-400x106.png 400w, https:\/\/wp.ufpel.edu.br\/essete7\/files\/2018\/04\/banner_6-768x203.png 768w, https:\/\/wp.ufpel.edu.br\/essete7\/files\/2018\/04\/banner_6-1024x270.png 1024w\" sizes=\"auto, (max-width: 1170px) 100vw, 1170px\" \/>\t\t\t\t\t<\/div>\n\t\t\t\t\t\t\t\t\t<\/div>\n\t\t\t<\/div>\n\t\t\t\t\t<\/li>\n\t\t\t\t<li class=\"sow-slider-image\" style=\"visibility: hidden;;background-color: #ffffff\" >\n\t\t\t\t\t\t<div class=\"sow-slider-image-container\">\n\t\t\t\t<div class=\"sow-slider-image-wrapper\" style=\"max-width: 1170px\">\n\t\t\t\t\t\t\t\t\t\t<div class=\"sow-slider-image-foreground-wrapper\">\n\t\t\t\t\t\t<img loading=\"lazy\" decoding=\"async\" width=\"1170\" height=\"309\" src=\"https:\/\/wp.ufpel.edu.br\/essete7\/files\/2018\/04\/banner_5.png\" class=\"sow-slider-foreground-image\" alt=\"\" style=\"\" srcset=\"https:\/\/wp.ufpel.edu.br\/essete7\/files\/2018\/04\/banner_5.png 1170w, https:\/\/wp.ufpel.edu.br\/essete7\/files\/2018\/04\/banner_5-400x106.png 400w, https:\/\/wp.ufpel.edu.br\/essete7\/files\/2018\/04\/banner_5-768x203.png 768w, https:\/\/wp.ufpel.edu.br\/essete7\/files\/2018\/04\/banner_5-1024x270.png 1024w\" sizes=\"auto, (max-width: 1170px) 100vw, 1170px\" \/>\t\t\t\t\t<\/div>\n\t\t\t\t\t\t\t\t\t<\/div>\n\t\t\t<\/div>\n\t\t\t\t\t<\/li>\n\t\t\t\t<li class=\"sow-slider-image\" style=\"visibility: hidden;;background-color: #ffffff\" >\n\t\t\t\t\t\t<div class=\"sow-slider-image-container\">\n\t\t\t\t<div class=\"sow-slider-image-wrapper\" style=\"max-width: 1170px\">\n\t\t\t\t\t\t\t\t\t\t<div class=\"sow-slider-image-foreground-wrapper\">\n\t\t\t\t\t\t<img loading=\"lazy\" decoding=\"async\" width=\"1170\" height=\"308\" src=\"https:\/\/wp.ufpel.edu.br\/essete7\/files\/2018\/04\/banner_4.png\" class=\"sow-slider-foreground-image\" alt=\"\" style=\"\" srcset=\"https:\/\/wp.ufpel.edu.br\/essete7\/files\/2018\/04\/banner_4.png 1170w, https:\/\/wp.ufpel.edu.br\/essete7\/files\/2018\/04\/banner_4-400x105.png 400w, https:\/\/wp.ufpel.edu.br\/essete7\/files\/2018\/04\/banner_4-768x202.png 768w, https:\/\/wp.ufpel.edu.br\/essete7\/files\/2018\/04\/banner_4-1024x270.png 1024w\" sizes=\"auto, (max-width: 1170px) 100vw, 1170px\" \/>\t\t\t\t\t<\/div>\n\t\t\t\t\t\t\t\t\t<\/div>\n\t\t\t<\/div>\n\t\t\t\t\t<\/li>\n\t\t\t\t<li class=\"sow-slider-image\" style=\"visibility: hidden;;background-color: #ffffff\" >\n\t\t\t\t\t\t<div class=\"sow-slider-image-container\">\n\t\t\t\t<div class=\"sow-slider-image-wrapper\" style=\"max-width: 1170px\">\n\t\t\t\t\t\t\t\t\t\t<div class=\"sow-slider-image-foreground-wrapper\">\n\t\t\t\t\t\t<img loading=\"lazy\" decoding=\"async\" width=\"1170\" height=\"309\" src=\"https:\/\/wp.ufpel.edu.br\/essete7\/files\/2018\/04\/banner_3.png\" class=\"sow-slider-foreground-image\" alt=\"\" style=\"\" srcset=\"https:\/\/wp.ufpel.edu.br\/essete7\/files\/2018\/04\/banner_3.png 1170w, https:\/\/wp.ufpel.edu.br\/essete7\/files\/2018\/04\/banner_3-400x106.png 400w, https:\/\/wp.ufpel.edu.br\/essete7\/files\/2018\/04\/banner_3-768x203.png 768w, https:\/\/wp.ufpel.edu.br\/essete7\/files\/2018\/04\/banner_3-1024x270.png 1024w\" sizes=\"auto, (max-width: 1170px) 100vw, 1170px\" \/>\t\t\t\t\t<\/div>\n\t\t\t\t\t\t\t\t\t<\/div>\n\t\t\t<\/div>\n\t\t\t\t\t<\/li>\n\t\t<\/ul>\t\t\t\t<ol class=\"sow-slider-pagination\">\n\t\t\t\t\t\t\t\t\t\t\t<li><a href=\"#\" data-goto=\"0\" aria-label=\"Display slide 1\"><\/a><\/li>\n\t\t\t\t\t\t\t\t\t\t\t<li><a href=\"#\" data-goto=\"1\" aria-label=\"Display slide 2\"><\/a><\/li>\n\t\t\t\t\t\t\t\t\t\t\t<li><a href=\"#\" data-goto=\"2\" aria-label=\"Display slide 3\"><\/a><\/li>\n\t\t\t\t\t\t\t\t\t\t\t<li><a href=\"#\" data-goto=\"3\" aria-label=\"Display slide 4\"><\/a><\/li>\n\t\t\t\t\t\t\t\t\t\t\t<li><a href=\"#\" data-goto=\"4\" aria-label=\"Display slide 5\"><\/a><\/li>\n\t\t\t\t\t\t\t\t\t\t\t<li><a href=\"#\" data-goto=\"5\" aria-label=\"Display slide 6\"><\/a><\/li>\n\t\t\t\t\t\t\t\t\t<\/ol>\n\n\t\t\t\t<div class=\"sow-slide-nav sow-slide-nav-next\">\n\t\t\t\t\t<a href=\"#\" data-goto=\"next\" aria-label=\"Next slide\" data-action=\"next\">\n\t\t\t\t\t\t<em class=\"sow-sld-icon-thin-right\"><\/em>\n\t\t\t\t\t<\/a>\n\t\t\t\t<\/div>\n\n\t\t\t\t<div class=\"sow-slide-nav sow-slide-nav-prev\">\n\t\t\t\t\t<a href=\"#\" data-goto=\"previous\" aria-label=\"Previous slide\" data-action=\"prev\">\n\t\t\t\t\t\t<em class=\"sow-sld-icon-thin-left\"><\/em>\n\t\t\t\t\t<\/a>\n\t\t\t\t<\/div>\n\t\t\t\t<\/div><\/div><\/div><\/div><\/div><\/div><\/div><div id=\"pg-49-1\"  class=\"panel-grid panel-no-style\" ><div id=\"pgc-49-1-0\"  class=\"panel-grid-cell\" ><div id=\"panel-49-1-0-0\" class=\"so-panel widget widget_circleicon-widget panel-first-child panel-last-child\" data-index=\"1\" >\t\t<div class=\"circle-icon-box circle-icon-position-top circle-icon-hide-box circle-icon-size-small \">\n\t\t\t\t\t\t\t<div class=\"circle-icon-wrapper\">\n\t\t\t\t\t\t\t\t\t\t<a href=\"https:\/\/wp.ufpel.edu.br\/essete7\/inscricoes-e-taxas\/\" class=\"link-icon\" >\t\t\t\t\t<div class=\"circle-icon\" >\n\t\t\t\t\t\t\t\t\t\t\t\t\t<div\n\t\t\t\t\t\t\t\tclass=\"fa fa-pencil-square-o\"\n\t\t\t\t\t\t\t\t\t\t\t\t\t\t\t><\/div>\n\t\t\t\t\t\t\t\t\t\t\t<\/div>\n\t\t\t\t\t<\/a>\t\t\t\t<\/div>\n\t\t\t\n\t\t\t\t\t\t\t<a\n\t\t\t\t\thref=\"https:\/\/wp.ufpel.edu.br\/essete7\/inscricoes-e-taxas\/\"\n\t\t\t\t\tclass=\"link-title\" \t\t\t\t>\n\t\t\t\t\t\t\t\t\t\t<h4 style=\"color: #dd8500\">\n\t\t\t\t\tInscri\u00e7\u00f5es\t\t\t\t<\/h4>\n\t\t\t\t\t\t\t\t\t\t<\/a>\n\t\t\t\n\t\t\t\t\t\t\t\t\t\t<a\n\t\t\t\t\thref=\"https:\/\/wp.ufpel.edu.br\/essete7\/inscricoes-e-taxas\/\"\n\t\t\t\t\tclass=\"more-button\"\n\t\t\t\t\t\t\t\t\t>\n\t\t\t\t\tFa\u00e7a sua inscri\u00e7\u00e3o!\t\t\t\t\t<i><\/i>\n\t\t\t\t<\/a>\n\t\t\t\t\t<\/div>\n\t\t<\/div><\/div><div id=\"pgc-49-1-1\"  class=\"panel-grid-cell\" ><div id=\"panel-49-1-1-0\" class=\"so-panel widget widget_circleicon-widget panel-first-child panel-last-child\" data-index=\"2\" >\t\t<div class=\"circle-icon-box circle-icon-position-top circle-icon-hide-box circle-icon-size-small \">\n\t\t\t\t\t\t\t<div class=\"circle-icon-wrapper\">\n\t\t\t\t\t\t\t\t\t\t<a href=\"https:\/\/wp.ufpel.edu.br\/essete7\/programa-cientifico\/\" class=\"link-icon\" >\t\t\t\t\t<div class=\"circle-icon\" >\n\t\t\t\t\t\t\t\t\t\t\t\t\t<div\n\t\t\t\t\t\t\t\tclass=\"fa fa-calendar-check-o\"\n\t\t\t\t\t\t\t\t\t\t\t\t\t\t\t><\/div>\n\t\t\t\t\t\t\t\t\t\t\t<\/div>\n\t\t\t\t\t<\/a>\t\t\t\t<\/div>\n\t\t\t\n\t\t\t\t\t\t\t<a\n\t\t\t\t\thref=\"https:\/\/wp.ufpel.edu.br\/essete7\/programa-cientifico\/\"\n\t\t\t\t\tclass=\"link-title\" \t\t\t\t>\n\t\t\t\t\t\t\t\t\t\t<h4 style=\"color: #dd8502\">\n\t\t\t\t\tPrograma\u00e7\u00e3o\t\t\t\t<\/h4>\n\t\t\t\t\t\t\t\t\t\t<\/a>\n\t\t\t\n\t\t\t\t\t\t\t\t\t\t<a\n\t\t\t\t\thref=\"https:\/\/wp.ufpel.edu.br\/essete7\/programa-cientifico\/\"\n\t\t\t\t\tclass=\"more-button\"\n\t\t\t\t\t\t\t\t\t>\n\t\t\t\t\tConfira a programa\u00e7\u00e3o do evento!\t\t\t\t\t<i><\/i>\n\t\t\t\t<\/a>\n\t\t\t\t\t<\/div>\n\t\t<\/div><\/div><div id=\"pgc-49-1-2\"  class=\"panel-grid-cell\" ><div id=\"panel-49-1-2-0\" class=\"so-panel widget widget_circleicon-widget panel-first-child panel-last-child\" data-index=\"3\" >\t\t<div class=\"circle-icon-box circle-icon-position-top circle-icon-hide-box circle-icon-size-small \">\n\t\t\t\t\t\t\t<div class=\"circle-icon-wrapper\">\n\t\t\t\t\t\t\t\t\t\t<a href=\"https:\/\/wp.ufpel.edu.br\/essete7\/paineis-e-resumos\/\" class=\"link-icon\" >\t\t\t\t\t<div class=\"circle-icon\" >\n\t\t\t\t\t\t\t\t\t\t\t\t\t<div\n\t\t\t\t\t\t\t\tclass=\"fa fa-file-text-o\"\n\t\t\t\t\t\t\t\t\t\t\t\t\t\t\t><\/div>\n\t\t\t\t\t\t\t\t\t\t\t<\/div>\n\t\t\t\t\t<\/a>\t\t\t\t<\/div>\n\t\t\t\n\t\t\t\t\t\t\t<a\n\t\t\t\t\thref=\"https:\/\/wp.ufpel.edu.br\/essete7\/paineis-e-resumos\/\"\n\t\t\t\t\tclass=\"link-title\" \t\t\t\t>\n\t\t\t\t\t\t\t\t\t\t<h4 style=\"color: #dd8500\">\n\t\t\t\t\tPain\u00e9is e Resumos\t\t\t\t<\/h4>\n\t\t\t\t\t\t\t\t\t\t<\/a>\n\t\t\t\n\t\t\t\t\t\t\t\t\t\t<a\n\t\t\t\t\thref=\"https:\/\/wp.ufpel.edu.br\/essete7\/paineis-e-resumos\/\"\n\t\t\t\t\tclass=\"more-button\"\n\t\t\t\t\t\t\t\t\t>\n\t\t\t\t\tBaixe o modelo e encaminhe o seu resumo!\t\t\t\t\t<i><\/i>\n\t\t\t\t<\/a>\n\t\t\t\t\t<\/div>\n\t\t<\/div><\/div><\/div><div id=\"pg-49-2\"  class=\"panel-grid panel-no-style\" ><div id=\"pgc-49-2-0\"  class=\"panel-grid-cell\" ><div id=\"panel-49-2-0-0\" class=\"so-panel widget widget_text panel-first-child panel-last-child\" data-index=\"4\" ><h3 class=\"widget-title\">Realiza\u00e7\u00e3o<\/h3>\t\t\t<div class=\"textwidget\"><p><a href=\"http:\/\/site.ufsm.br\/\"><img loading=\"lazy\" decoding=\"async\" class=\"aligncenter  wp-image-165\" src=\"https:\/\/wp.ufpel.edu.br\/essete7\/files\/2018\/04\/color_320x240-200x200.jpg\" alt=\"\" width=\"166\" height=\"166\" \/><\/a><\/p>\n<p><img loading=\"lazy\" decoding=\"async\" class=\"aligncenter  wp-image-79\" src=\"https:\/\/wp.ufpel.edu.br\/essete7\/files\/2018\/04\/UFPEL_logo-200x200.png\" alt=\"\" width=\"175\" height=\"175\" srcset=\"https:\/\/wp.ufpel.edu.br\/essete7\/files\/2018\/04\/UFPEL_logo-200x200.png 200w, https:\/\/wp.ufpel.edu.br\/essete7\/files\/2018\/04\/UFPEL_logo-400x400.png 400w, https:\/\/wp.ufpel.edu.br\/essete7\/files\/2018\/04\/UFPEL_logo.png 595w\" sizes=\"auto, (max-width: 175px) 100vw, 175px\" \/><\/p>\n<p>&nbsp;<\/p>\n<\/div>\n\t\t<\/div><\/div><div id=\"pgc-49-2-1\"  class=\"panel-grid-cell\" ><div id=\"panel-49-2-1-0\" class=\"so-panel widget widget_text panel-first-child panel-last-child\" data-index=\"5\" ><div class=\"panel-widget-style panel-widget-style-for-49-2-1-0\" ><h3 class=\"widget-title\">Apresenta\u00e7\u00e3o<\/h3>\t\t\t<div class=\"textwidget\"><p><strong>CERTIFICADOS DISPON\u00cdVEIS!<\/strong><\/p>\n<p>Clique <a href=\"https:\/\/portal.ufsm.br\/certificados\/mainMenu.html\">aqui<\/a> para acessar a p\u00e1gina de busca de certificados. Digite seu nome, e clique em pesquisar.<\/p>\n<p><strong>LIVRO DE RESUMOS DISPON\u00cdVEL!<\/strong><\/p>\n<p>Clique <a href=\"https:\/\/wp.ufpel.edu.br\/essete7\/files\/2018\/09\/proceedings_2.pdf\">aqui<\/a> para ter acesso ao livro de resumos do VII ESSeTe e WSeS-7!<\/p>\n<p><strong>FOTOS DO EVENTO DISPON\u00cdVEIS!<\/strong><\/p>\n<p><a href=\"https:\/\/www.dropbox.com\/sh\/yizihtj35qpamur\/AAAYHwlEmjDKz8B1uPEquT0Qa?dl=0\">Primeiro dia (segunda-feira)<\/a><br \/>\n<a href=\"https:\/\/www.dropbox.com\/sh\/ddt5fxug9skg3hc\/AAAgSGBx52itREIDqXVB-3Aza?dl=0\">Segundo dia (ter\u00e7a-feira)<\/a><br \/>\n<a href=\"https:\/\/www.dropbox.com\/sh\/2f5lrgc2fzvpom3\/AAC2kdqSu1fVCEn2e1b_1EGla?dl=0\">Terceiro dia (quarta-feira)<\/a><br \/>\n<a href=\"https:\/\/www.dropbox.com\/sh\/1jyvmdd4iux021y\/AABO_8aLbAy44XCbgedsMezOa?dl=0\">Quarto dia (quinta-feira)<\/a><\/p>\n<p style=\"text-align: justify\">O estudo da qu\u00edmica dos elementos sel\u00eanio e tel\u00fario teve seu in\u00edcio no Brasil em 1933, quando o professor alem\u00e3o Heinrich Rheinboldt iniciou suas atividades na rec\u00e9m formada Universidade de S\u00e3o Paulo-USP. A partir do trabalho pioneiro de Rheinboldt, diversos grupos foram criados para estudar a qu\u00edmica desses dois elementos. Este fato influenciou muitos pesquisadores brasileiros, de tal modo que a qu\u00edmica de sel\u00eanio e tel\u00fario passou a ser amplamente difundida nos maiores e mais importantes n\u00facleos de pesquisa do Brasil e, tamb\u00e9m, a n\u00edvel internacional.<\/p>\n<p style=\"text-align: justify\">Em outubro de 2006, realizamos o <strong>I ESeTe \u2013 Encontro sobre Sel\u00eanio e Tel\u00fario<\/strong>, no Hotel Dall\u2019Onder em Bento Gon\u00e7alves \u2013 RS (<a href=\"http:\/\/w3.ufsm.br\/esete\/\">http:\/\/w3.ufsm.br\/esete\/<\/a>). A partir desta primeira reuni\u00e3o houve a realiza\u00e7\u00e3o bianual deste evento em diferentes locais no Brasil. Na \u00faltima edi\u00e7\u00e3o, realizada em 2016, foi acordada a inclus\u00e3o da qu\u00edmica do elemento enxofre ao escopo do evento.<\/p>\n<p style=\"text-align: justify\">Assim, este projeto prop\u00f5e a organiza\u00e7\u00e3o do <strong>VII Encontro sobre Enxofre, Sel\u00eanio e Tel\u00fario \u2013 VII ESSeTe<\/strong>, incluindo nesta edi\u00e7\u00e3o o <strong>VII Workshop da SeS Redox &amp; Catalysis<\/strong> Network, que ser\u00e1 realizado no Hotel Itaimb\u00e9 em Santa Maria \u2013 RS. Este evento contar\u00e1 com v\u00e1rios participantes internacionais provenientes de pa\u00edses como Alemanha, It\u00e1lia, Pol\u00f4nia, Jap\u00e3o e Austr\u00e1lia e visa reunir pesquisadores, estudantes e profissionais da \u00e1rea para tratarem dos avan\u00e7os que j\u00e1 foram obtidos e tra\u00e7ar metas para um desenvolvimento conjunto de produtos e processos de interesse comum.<\/p>\n<\/div>\n\t\t<\/div><\/div><\/div><div id=\"pgc-49-2-2\"  class=\"panel-grid-cell\" ><div id=\"panel-49-2-2-0\" class=\"so-panel widget widget_text panel-first-child panel-last-child\" data-index=\"6\" ><div class=\"panel-widget-style panel-widget-style-for-49-2-2-0\" >\t\t\t<div class=\"textwidget\"><p><a href=\"https:\/\/www.facebook.com\/VII-ESSeTe-WSeS-7-782868858579049\/\"><img loading=\"lazy\" decoding=\"async\" class=\"size-full wp-image-207 alignleft\" src=\"https:\/\/wp.ufpel.edu.br\/essete7\/files\/2018\/04\/Follow.png\" alt=\"\" width=\"180\" height=\"52\" \/><\/a><\/p>\n<p>&nbsp;<\/p>\n<p>&nbsp;<\/p>\n<p>&nbsp;<\/p>\n<p><strong>PATROCINADORES<br \/>\n<\/strong><\/p>\n<p><img loading=\"lazy\" decoding=\"async\" class=\"wp-image-817 aligncenter\" src=\"https:\/\/wp.ufpel.edu.br\/essete7\/files\/2018\/08\/Cnpq-logo-1.jpg\" alt=\"\" width=\"155\" height=\"72\" \/><\/p>\n<p><img loading=\"lazy\" decoding=\"async\" class=\"wp-image-816 aligncenter\" src=\"https:\/\/wp.ufpel.edu.br\/essete7\/files\/2018\/08\/Logo-Bruker.png\" alt=\"\" width=\"127\" height=\"68\" srcset=\"https:\/\/wp.ufpel.edu.br\/essete7\/files\/2018\/08\/Logo-Bruker.png 4091w, https:\/\/wp.ufpel.edu.br\/essete7\/files\/2018\/08\/Logo-Bruker-400x214.png 400w, https:\/\/wp.ufpel.edu.br\/essete7\/files\/2018\/08\/Logo-Bruker-768x411.png 768w, https:\/\/wp.ufpel.edu.br\/essete7\/files\/2018\/08\/Logo-Bruker-1024x547.png 1024w, https:\/\/wp.ufpel.edu.br\/essete7\/files\/2018\/08\/Logo-Bruker-720x380.png 720w\" sizes=\"auto, (max-width: 127px) 100vw, 127px\" \/><\/p>\n<p><img loading=\"lazy\" decoding=\"async\" class=\"wp-image-819 aligncenter\" src=\"https:\/\/wp.ufpel.edu.br\/essete7\/files\/2018\/08\/logo-CCNE-editavel.png\" alt=\"\" width=\"104\" height=\"96\" srcset=\"https:\/\/wp.ufpel.edu.br\/essete7\/files\/2018\/08\/logo-CCNE-editavel.png 2832w, https:\/\/wp.ufpel.edu.br\/essete7\/files\/2018\/08\/logo-CCNE-editavel-400x372.png 400w, https:\/\/wp.ufpel.edu.br\/essete7\/files\/2018\/08\/logo-CCNE-editavel-768x713.png 768w, https:\/\/wp.ufpel.edu.br\/essete7\/files\/2018\/08\/logo-CCNE-editavel-1024x951.png 1024w\" sizes=\"auto, (max-width: 104px) 100vw, 104px\" \/><\/p>\n<p><img loading=\"lazy\" decoding=\"async\" class=\"wp-image-820 aligncenter\" src=\"https:\/\/wp.ufpel.edu.br\/essete7\/files\/2018\/08\/logo-eviglas.jpg\" alt=\"\" width=\"126\" height=\"95\" srcset=\"https:\/\/wp.ufpel.edu.br\/essete7\/files\/2018\/08\/logo-eviglas.jpg 787w, https:\/\/wp.ufpel.edu.br\/essete7\/files\/2018\/08\/logo-eviglas-400x300.jpg 400w, https:\/\/wp.ufpel.edu.br\/essete7\/files\/2018\/08\/logo-eviglas-768x577.jpg 768w\" sizes=\"auto, (max-width: 126px) 100vw, 126px\" \/><\/p>\n<p><img loading=\"lazy\" decoding=\"async\" class=\"wp-image-818 aligncenter\" src=\"https:\/\/wp.ufpel.edu.br\/essete7\/files\/2018\/08\/G.GOTUZZO-3D-SEM-ENDERE\u00c7O.jpg\" alt=\"\" width=\"143\" height=\"78\" srcset=\"https:\/\/wp.ufpel.edu.br\/essete7\/files\/2018\/08\/G.GOTUZZO-3D-SEM-ENDERE\u00c7O.jpg 4080w, https:\/\/wp.ufpel.edu.br\/essete7\/files\/2018\/08\/G.GOTUZZO-3D-SEM-ENDERE\u00c7O-400x218.jpg 400w, https:\/\/wp.ufpel.edu.br\/essete7\/files\/2018\/08\/G.GOTUZZO-3D-SEM-ENDERE\u00c7O-768x419.jpg 768w, https:\/\/wp.ufpel.edu.br\/essete7\/files\/2018\/08\/G.GOTUZZO-3D-SEM-ENDERE\u00c7O-1024x558.jpg 1024w\" sizes=\"auto, (max-width: 143px) 100vw, 143px\" \/><\/p>\n<p><img loading=\"lazy\" decoding=\"async\" class=\"wp-image-821 aligncenter\" src=\"https:\/\/wp.ufpel.edu.br\/essete7\/files\/2018\/08\/LOGO-study-english.png\" alt=\"\" width=\"120\" height=\"59\" srcset=\"https:\/\/wp.ufpel.edu.br\/essete7\/files\/2018\/08\/LOGO-study-english.png 3446w, https:\/\/wp.ufpel.edu.br\/essete7\/files\/2018\/08\/LOGO-study-english-400x196.png 400w, https:\/\/wp.ufpel.edu.br\/essete7\/files\/2018\/08\/LOGO-study-english-768x377.png 768w, https:\/\/wp.ufpel.edu.br\/essete7\/files\/2018\/08\/LOGO-study-english-1024x502.png 1024w, https:\/\/wp.ufpel.edu.br\/essete7\/files\/2018\/08\/LOGO-study-english-960x480.png 960w\" sizes=\"auto, (max-width: 120px) 100vw, 120px\" \/><\/p>\n<p><img loading=\"lazy\" decoding=\"async\" class=\"wp-image-822 aligncenter\" src=\"https:\/\/wp.ufpel.edu.br\/essete7\/files\/2018\/08\/WF-Cient\u00edfica.jpg\" alt=\"\" width=\"123\" height=\"47\" srcset=\"https:\/\/wp.ufpel.edu.br\/essete7\/files\/2018\/08\/WF-Cient\u00edfica.jpg 737w, https:\/\/wp.ufpel.edu.br\/essete7\/files\/2018\/08\/WF-Cient\u00edfica-400x153.jpg 400w, https:\/\/wp.ufpel.edu.br\/essete7\/files\/2018\/08\/WF-Cient\u00edfica-720x282.jpg 720w\" sizes=\"auto, (max-width: 123px) 100vw, 123px\" \/><\/p>\n<p><img loading=\"lazy\" decoding=\"async\" class=\"aligncenter  wp-image-850\" src=\"https:\/\/wp.ufpel.edu.br\/essete7\/files\/2018\/08\/CRQ_V.jpg\" alt=\"\" width=\"80\" height=\"80\" srcset=\"https:\/\/wp.ufpel.edu.br\/essete7\/files\/2018\/08\/CRQ_V.jpg 450w, https:\/\/wp.ufpel.edu.br\/essete7\/files\/2018\/08\/CRQ_V-200x200.jpg 200w, https:\/\/wp.ufpel.edu.br\/essete7\/files\/2018\/08\/CRQ_V-400x400.jpg 400w\" sizes=\"auto, (max-width: 80px) 100vw, 80px\" \/><\/p>\n<p>&nbsp;<\/p>\n<\/div>\n\t\t<\/div><\/div><\/div><\/div><\/div>","protected":false},"excerpt":{"rendered":"<p>Inscri\u00e7\u00f5es Fa\u00e7a sua inscri\u00e7\u00e3o! Programa\u00e7\u00e3o Confira a programa\u00e7\u00e3o do evento! Pain\u00e9is e Resumos Baixe o modelo e encaminhe o seu resumo! Realiza\u00e7\u00e3o &nbsp; Apresenta\u00e7\u00e3o CERTIFICADOS DISPON\u00cdVEIS! Clique aqui para acessar a p\u00e1gina de busca de certificados. Digite seu nome, e clique em pesquisar. LIVRO DE RESUMOS DISPON\u00cdVEL! Clique aqui para ter acesso ao livro de [&hellip;]<\/p>\n","protected":false},"author":848,"featured_media":0,"parent":0,"menu_order":0,"comment_status":"closed","ping_status":"closed","template":"home-panels.php","meta":{"footnotes":""},"class_list":["post-49","page","type-page","status-publish","hentry","post"],"_links":{"self":[{"href":"https:\/\/wp.ufpel.edu.br\/essete7\/wp-json\/wp\/v2\/pages\/49","targetHints":{"allow":["GET"]}}],"collection":[{"href":"https:\/\/wp.ufpel.edu.br\/essete7\/wp-json\/wp\/v2\/pages"}],"about":[{"href":"https:\/\/wp.ufpel.edu.br\/essete7\/wp-json\/wp\/v2\/types\/page"}],"author":[{"embeddable":true,"href":"https:\/\/wp.ufpel.edu.br\/essete7\/wp-json\/wp\/v2\/users\/848"}],"replies":[{"embeddable":true,"href":"https:\/\/wp.ufpel.edu.br\/essete7\/wp-json\/wp\/v2\/comments?post=49"}],"version-history":[{"count":39,"href":"https:\/\/wp.ufpel.edu.br\/essete7\/wp-json\/wp\/v2\/pages\/49\/revisions"}],"predecessor-version":[{"id":918,"href":"https:\/\/wp.ufpel.edu.br\/essete7\/wp-json\/wp\/v2\/pages\/49\/revisions\/918"}],"wp:attachment":[{"href":"https:\/\/wp.ufpel.edu.br\/essete7\/wp-json\/wp\/v2\/media?parent=49"}],"curies":[{"name":"wp","href":"https:\/\/api.w.org\/{rel}","templated":true}]}}