{"id":399,"date":"2018-05-14T15:43:18","date_gmt":"2018-05-14T18:43:18","guid":{"rendered":"https:\/\/wp.ufpel.edu.br\/essete7\/?page_id=399"},"modified":"2018-10-04T09:48:29","modified_gmt":"2018-10-04T12:48:29","slug":"introduction","status":"publish","type":"page","link":"https:\/\/wp.ufpel.edu.br\/essete7\/introduction\/","title":{"rendered":"Introduction"},"content":{"rendered":"<div id=\"pl-399\"  class=\"panel-layout\" ><div id=\"pg-399-0\"  class=\"panel-grid panel-has-style\" ><div class=\"wide-grey panel-row-style panel-row-style-for-399-0\" ><div id=\"pgc-399-0-0\"  class=\"panel-grid-cell\" ><div id=\"panel-399-0-0-0\" class=\"so-panel widget widget_sow-slider panel-first-child panel-last-child\" data-index=\"0\" ><div class=\"panel-widget-style panel-widget-style-for-399-0-0-0\" ><div\n\t\t\t\n\t\t\tclass=\"so-widget-sow-slider so-widget-sow-slider-default-d2b96b21c26a-399\"\n\t\t\t\n\t\t>\t\t\t\t<div class=\"sow-slider-base\" style=\"display: none\" tabindex=\"0\">\n\t\t\t\t\t<ul\n\t\t\t\t\tclass=\"sow-slider-images\"\n\t\t\t\t\tdata-settings=\"{&quot;pagination&quot;:true,&quot;speed&quot;:800,&quot;timeout&quot;:8000,&quot;paused&quot;:false,&quot;pause_on_hover&quot;:false,&quot;swipe&quot;:true,&quot;nav_always_show_desktop&quot;:&quot;&quot;,&quot;nav_always_show_mobile&quot;:&quot;&quot;,&quot;breakpoint&quot;:&quot;780px&quot;,&quot;unmute&quot;:false,&quot;anchor&quot;:null}\"\n\t\t\t\t\t\t\t\t\t\tdata-anchor-id=\"\"\n\t\t\t\t>\t\t<li class=\"sow-slider-image\" style=\"visibility: visible;\" >\n\t\t\t\t\t\t<div class=\"sow-slider-image-container\">\n\t\t\t\t<div class=\"sow-slider-image-wrapper\" style=\"max-width: 1170px\">\n\t\t\t\t\t\t\t\t\t\t<div class=\"sow-slider-image-foreground-wrapper\">\n\t\t\t\t\t\t<img loading=\"lazy\" decoding=\"async\" width=\"1170\" height=\"308\" src=\"https:\/\/wp.ufpel.edu.br\/essete7\/files\/2018\/04\/banner_2.png\" class=\"sow-slider-foreground-image\" alt=\"\" style=\"\" srcset=\"https:\/\/wp.ufpel.edu.br\/essete7\/files\/2018\/04\/banner_2.png 1170w, https:\/\/wp.ufpel.edu.br\/essete7\/files\/2018\/04\/banner_2-400x105.png 400w, https:\/\/wp.ufpel.edu.br\/essete7\/files\/2018\/04\/banner_2-768x202.png 768w, https:\/\/wp.ufpel.edu.br\/essete7\/files\/2018\/04\/banner_2-1024x270.png 1024w\" sizes=\"auto, (max-width: 1170px) 100vw, 1170px\" \/>\t\t\t\t\t<\/div>\n\t\t\t\t\t\t\t\t\t<\/div>\n\t\t\t<\/div>\n\t\t\t\t\t<\/li>\n\t\t\t\t<li class=\"sow-slider-image\" style=\"visibility: hidden;;background-color: #ffffff\" >\n\t\t\t\t\t\t<div class=\"sow-slider-image-container\">\n\t\t\t\t<div class=\"sow-slider-image-wrapper\" style=\"max-width: 1170px\">\n\t\t\t\t\t\t\t\t\t\t<div class=\"sow-slider-image-foreground-wrapper\">\n\t\t\t\t\t\t<img loading=\"lazy\" decoding=\"async\" width=\"1170\" height=\"309\" src=\"https:\/\/wp.ufpel.edu.br\/essete7\/files\/2018\/04\/banner_7.png\" class=\"sow-slider-foreground-image\" alt=\"\" style=\"\" srcset=\"https:\/\/wp.ufpel.edu.br\/essete7\/files\/2018\/04\/banner_7.png 1170w, https:\/\/wp.ufpel.edu.br\/essete7\/files\/2018\/04\/banner_7-400x106.png 400w, https:\/\/wp.ufpel.edu.br\/essete7\/files\/2018\/04\/banner_7-768x203.png 768w, https:\/\/wp.ufpel.edu.br\/essete7\/files\/2018\/04\/banner_7-1024x270.png 1024w\" sizes=\"auto, (max-width: 1170px) 100vw, 1170px\" \/>\t\t\t\t\t<\/div>\n\t\t\t\t\t\t\t\t\t<\/div>\n\t\t\t<\/div>\n\t\t\t\t\t<\/li>\n\t\t\t\t<li class=\"sow-slider-image\" style=\"visibility: hidden;;background-color: #ffffff\" >\n\t\t\t\t\t\t<div class=\"sow-slider-image-container\">\n\t\t\t\t<div class=\"sow-slider-image-wrapper\" style=\"max-width: 1170px\">\n\t\t\t\t\t\t\t\t\t\t<div class=\"sow-slider-image-foreground-wrapper\">\n\t\t\t\t\t\t<img loading=\"lazy\" decoding=\"async\" width=\"1170\" height=\"309\" src=\"https:\/\/wp.ufpel.edu.br\/essete7\/files\/2018\/04\/banner_6.png\" class=\"sow-slider-foreground-image\" alt=\"\" style=\"\" srcset=\"https:\/\/wp.ufpel.edu.br\/essete7\/files\/2018\/04\/banner_6.png 1170w, https:\/\/wp.ufpel.edu.br\/essete7\/files\/2018\/04\/banner_6-400x106.png 400w, https:\/\/wp.ufpel.edu.br\/essete7\/files\/2018\/04\/banner_6-768x203.png 768w, https:\/\/wp.ufpel.edu.br\/essete7\/files\/2018\/04\/banner_6-1024x270.png 1024w\" sizes=\"auto, (max-width: 1170px) 100vw, 1170px\" \/>\t\t\t\t\t<\/div>\n\t\t\t\t\t\t\t\t\t<\/div>\n\t\t\t<\/div>\n\t\t\t\t\t<\/li>\n\t\t\t\t<li class=\"sow-slider-image\" style=\"visibility: hidden;;background-color: #ffffff\" >\n\t\t\t\t\t\t<div class=\"sow-slider-image-container\">\n\t\t\t\t<div class=\"sow-slider-image-wrapper\" style=\"max-width: 1170px\">\n\t\t\t\t\t\t\t\t\t\t<div class=\"sow-slider-image-foreground-wrapper\">\n\t\t\t\t\t\t<img loading=\"lazy\" decoding=\"async\" width=\"1170\" height=\"309\" src=\"https:\/\/wp.ufpel.edu.br\/essete7\/files\/2018\/04\/banner_5.png\" class=\"sow-slider-foreground-image\" alt=\"\" style=\"\" srcset=\"https:\/\/wp.ufpel.edu.br\/essete7\/files\/2018\/04\/banner_5.png 1170w, https:\/\/wp.ufpel.edu.br\/essete7\/files\/2018\/04\/banner_5-400x106.png 400w, https:\/\/wp.ufpel.edu.br\/essete7\/files\/2018\/04\/banner_5-768x203.png 768w, https:\/\/wp.ufpel.edu.br\/essete7\/files\/2018\/04\/banner_5-1024x270.png 1024w\" sizes=\"auto, (max-width: 1170px) 100vw, 1170px\" \/>\t\t\t\t\t<\/div>\n\t\t\t\t\t\t\t\t\t<\/div>\n\t\t\t<\/div>\n\t\t\t\t\t<\/li>\n\t\t\t\t<li class=\"sow-slider-image\" style=\"visibility: hidden;;background-color: #ffffff\" >\n\t\t\t\t\t\t<div class=\"sow-slider-image-container\">\n\t\t\t\t<div class=\"sow-slider-image-wrapper\" style=\"max-width: 1170px\">\n\t\t\t\t\t\t\t\t\t\t<div class=\"sow-slider-image-foreground-wrapper\">\n\t\t\t\t\t\t<img loading=\"lazy\" decoding=\"async\" width=\"1170\" height=\"308\" src=\"https:\/\/wp.ufpel.edu.br\/essete7\/files\/2018\/04\/banner_4.png\" class=\"sow-slider-foreground-image\" alt=\"\" style=\"\" srcset=\"https:\/\/wp.ufpel.edu.br\/essete7\/files\/2018\/04\/banner_4.png 1170w, https:\/\/wp.ufpel.edu.br\/essete7\/files\/2018\/04\/banner_4-400x105.png 400w, https:\/\/wp.ufpel.edu.br\/essete7\/files\/2018\/04\/banner_4-768x202.png 768w, https:\/\/wp.ufpel.edu.br\/essete7\/files\/2018\/04\/banner_4-1024x270.png 1024w\" sizes=\"auto, (max-width: 1170px) 100vw, 1170px\" \/>\t\t\t\t\t<\/div>\n\t\t\t\t\t\t\t\t\t<\/div>\n\t\t\t<\/div>\n\t\t\t\t\t<\/li>\n\t\t\t\t<li class=\"sow-slider-image\" style=\"visibility: hidden;;background-color: #ffffff\" >\n\t\t\t\t\t\t<div class=\"sow-slider-image-container\">\n\t\t\t\t<div class=\"sow-slider-image-wrapper\" style=\"max-width: 1170px\">\n\t\t\t\t\t\t\t\t\t\t<div class=\"sow-slider-image-foreground-wrapper\">\n\t\t\t\t\t\t<img loading=\"lazy\" decoding=\"async\" width=\"1170\" height=\"309\" src=\"https:\/\/wp.ufpel.edu.br\/essete7\/files\/2018\/04\/banner_3.png\" class=\"sow-slider-foreground-image\" alt=\"\" style=\"\" srcset=\"https:\/\/wp.ufpel.edu.br\/essete7\/files\/2018\/04\/banner_3.png 1170w, https:\/\/wp.ufpel.edu.br\/essete7\/files\/2018\/04\/banner_3-400x106.png 400w, https:\/\/wp.ufpel.edu.br\/essete7\/files\/2018\/04\/banner_3-768x203.png 768w, https:\/\/wp.ufpel.edu.br\/essete7\/files\/2018\/04\/banner_3-1024x270.png 1024w\" sizes=\"auto, (max-width: 1170px) 100vw, 1170px\" \/>\t\t\t\t\t<\/div>\n\t\t\t\t\t\t\t\t\t<\/div>\n\t\t\t<\/div>\n\t\t\t\t\t<\/li>\n\t\t<\/ul>\t\t\t\t<ol class=\"sow-slider-pagination\">\n\t\t\t\t\t\t\t\t\t\t\t<li><a href=\"#\" data-goto=\"0\" aria-label=\"Display slide 1\"><\/a><\/li>\n\t\t\t\t\t\t\t\t\t\t\t<li><a href=\"#\" data-goto=\"1\" aria-label=\"Display slide 2\"><\/a><\/li>\n\t\t\t\t\t\t\t\t\t\t\t<li><a href=\"#\" data-goto=\"2\" aria-label=\"Display slide 3\"><\/a><\/li>\n\t\t\t\t\t\t\t\t\t\t\t<li><a href=\"#\" data-goto=\"3\" aria-label=\"Display slide 4\"><\/a><\/li>\n\t\t\t\t\t\t\t\t\t\t\t<li><a href=\"#\" data-goto=\"4\" aria-label=\"Display slide 5\"><\/a><\/li>\n\t\t\t\t\t\t\t\t\t\t\t<li><a href=\"#\" data-goto=\"5\" aria-label=\"Display slide 6\"><\/a><\/li>\n\t\t\t\t\t\t\t\t\t<\/ol>\n\n\t\t\t\t<div class=\"sow-slide-nav sow-slide-nav-next\">\n\t\t\t\t\t<a href=\"#\" data-goto=\"next\" aria-label=\"Next slide\" data-action=\"next\">\n\t\t\t\t\t\t<em class=\"sow-sld-icon-thin-right\"><\/em>\n\t\t\t\t\t<\/a>\n\t\t\t\t<\/div>\n\n\t\t\t\t<div class=\"sow-slide-nav sow-slide-nav-prev\">\n\t\t\t\t\t<a href=\"#\" data-goto=\"previous\" aria-label=\"Previous slide\" data-action=\"prev\">\n\t\t\t\t\t\t<em class=\"sow-sld-icon-thin-left\"><\/em>\n\t\t\t\t\t<\/a>\n\t\t\t\t<\/div>\n\t\t\t\t<\/div><\/div><\/div><\/div><\/div><\/div><\/div><div id=\"pg-399-1\"  class=\"panel-grid panel-no-style\" ><div id=\"pgc-399-1-0\"  class=\"panel-grid-cell\" ><div id=\"panel-399-1-0-0\" class=\"so-panel widget widget_circleicon-widget panel-first-child panel-last-child\" data-index=\"1\" >\t\t<div class=\"circle-icon-box circle-icon-position-top circle-icon-hide-box circle-icon-size-small \">\n\t\t\t\t\t\t\t<div class=\"circle-icon-wrapper\">\n\t\t\t\t\t\t\t\t\t\t<a href=\"https:\/\/wp.ufpel.edu.br\/essete7\/en\/registration\/\" class=\"link-icon\" >\t\t\t\t\t<div class=\"circle-icon\" >\n\t\t\t\t\t\t\t\t\t\t\t\t\t<div\n\t\t\t\t\t\t\t\tclass=\"fa fa-pencil-square-o\"\n\t\t\t\t\t\t\t\t\t\t\t\t\t\t\t><\/div>\n\t\t\t\t\t\t\t\t\t\t\t<\/div>\n\t\t\t\t\t<\/a>\t\t\t\t<\/div>\n\t\t\t\n\t\t\t\t\t\t\t<a\n\t\t\t\t\thref=\"https:\/\/wp.ufpel.edu.br\/essete7\/en\/registration\/\"\n\t\t\t\t\tclass=\"link-title\" \t\t\t\t>\n\t\t\t\t\t\t\t\t\t\t<h4 style=\"color: #dd8500\">\n\t\t\t\t\tRegistration\t\t\t\t<\/h4>\n\t\t\t\t\t\t\t\t\t\t<\/a>\n\t\t\t\n\t\t\t\t\t\t\t\t\t\t<a\n\t\t\t\t\thref=\"https:\/\/wp.ufpel.edu.br\/essete7\/en\/registration\/\"\n\t\t\t\t\tclass=\"more-button\"\n\t\t\t\t\t\t\t\t\t>\n\t\t\t\t\tMais informa\u00e7\u00f5es\t\t\t\t\t<i><\/i>\n\t\t\t\t<\/a>\n\t\t\t\t\t<\/div>\n\t\t<\/div><\/div><div id=\"pgc-399-1-1\"  class=\"panel-grid-cell\" ><div id=\"panel-399-1-1-0\" class=\"so-panel widget widget_circleicon-widget panel-first-child panel-last-child\" data-index=\"2\" >\t\t<div class=\"circle-icon-box circle-icon-position-top circle-icon-hide-box circle-icon-size-small \">\n\t\t\t\t\t\t\t<div class=\"circle-icon-wrapper\">\n\t\t\t\t\t\t\t\t\t\t<a href=\"https:\/\/wp.ufpel.edu.br\/essete7\/en\/scientific-program\/\" class=\"link-icon\" >\t\t\t\t\t<div class=\"circle-icon\" >\n\t\t\t\t\t\t\t\t\t\t\t\t\t<div\n\t\t\t\t\t\t\t\tclass=\"fa fa-calendar-check-o\"\n\t\t\t\t\t\t\t\t\t\t\t\t\t\t\t><\/div>\n\t\t\t\t\t\t\t\t\t\t\t<\/div>\n\t\t\t\t\t<\/a>\t\t\t\t<\/div>\n\t\t\t\n\t\t\t\t\t\t\t<a\n\t\t\t\t\thref=\"https:\/\/wp.ufpel.edu.br\/essete7\/en\/scientific-program\/\"\n\t\t\t\t\tclass=\"link-title\" \t\t\t\t>\n\t\t\t\t\t\t\t\t\t\t<h4 style=\"color: #dd8502\">\n\t\t\t\t\tProgram\t\t\t\t<\/h4>\n\t\t\t\t\t\t\t\t\t\t<\/a>\n\t\t\t\n\t\t\t\t\t\t\t\t\t\t<a\n\t\t\t\t\thref=\"https:\/\/wp.ufpel.edu.br\/essete7\/en\/scientific-program\/\"\n\t\t\t\t\tclass=\"more-button\"\n\t\t\t\t\t\t\t\t\t>\n\t\t\t\t\tMais informa\u00e7\u00f5es\t\t\t\t\t<i><\/i>\n\t\t\t\t<\/a>\n\t\t\t\t\t<\/div>\n\t\t<\/div><\/div><div id=\"pgc-399-1-2\"  class=\"panel-grid-cell\" ><div id=\"panel-399-1-2-0\" class=\"so-panel widget widget_circleicon-widget panel-first-child panel-last-child\" data-index=\"3\" >\t\t<div class=\"circle-icon-box circle-icon-position-top circle-icon-hide-box circle-icon-size-small \">\n\t\t\t\t\t\t\t<div class=\"circle-icon-wrapper\">\n\t\t\t\t\t\t\t\t\t\t<a href=\"https:\/\/wp.ufpel.edu.br\/essete7\/en\/abstracts-posters\/\" class=\"link-icon\" >\t\t\t\t\t<div class=\"circle-icon\" >\n\t\t\t\t\t\t\t\t\t\t\t\t\t<div\n\t\t\t\t\t\t\t\tclass=\"fa fa-file-text-o\"\n\t\t\t\t\t\t\t\t\t\t\t\t\t\t\t><\/div>\n\t\t\t\t\t\t\t\t\t\t\t<\/div>\n\t\t\t\t\t<\/a>\t\t\t\t<\/div>\n\t\t\t\n\t\t\t\t\t\t\t<a\n\t\t\t\t\thref=\"https:\/\/wp.ufpel.edu.br\/essete7\/en\/abstracts-posters\/\"\n\t\t\t\t\tclass=\"link-title\" \t\t\t\t>\n\t\t\t\t\t\t\t\t\t\t<h4 style=\"color: #dd8500\">\n\t\t\t\t\tAbstracts\t\t\t\t<\/h4>\n\t\t\t\t\t\t\t\t\t\t<\/a>\n\t\t\t\n\t\t\t\t\t\t\t\t\t\t<a\n\t\t\t\t\thref=\"https:\/\/wp.ufpel.edu.br\/essete7\/en\/abstracts-posters\/\"\n\t\t\t\t\tclass=\"more-button\"\n\t\t\t\t\t\t\t\t\t>\n\t\t\t\t\tMais informa\u00e7\u00f5es\t\t\t\t\t<i><\/i>\n\t\t\t\t<\/a>\n\t\t\t\t\t<\/div>\n\t\t<\/div><\/div><\/div><div id=\"pg-399-2\"  class=\"panel-grid panel-no-style\" ><div id=\"pgc-399-2-0\"  class=\"panel-grid-cell\" ><div id=\"panel-399-2-0-0\" class=\"so-panel widget widget_text panel-first-child panel-last-child\" data-index=\"4\" ><h3 class=\"widget-title\">Organization<\/h3>\t\t\t<div class=\"textwidget\"><p><a href=\"http:\/\/site.ufsm.br\/\"><img loading=\"lazy\" decoding=\"async\" class=\"aligncenter  wp-image-165\" src=\"https:\/\/wp.ufpel.edu.br\/essete7\/files\/2018\/04\/color_320x240-200x200.jpg\" alt=\"\" width=\"161\" height=\"161\" \/><\/a><\/p>\n<p><img loading=\"lazy\" decoding=\"async\" class=\"aligncenter  wp-image-79\" src=\"https:\/\/wp.ufpel.edu.br\/essete7\/files\/2018\/04\/UFPEL_logo-200x200.png\" alt=\"\" width=\"161\" height=\"161\" srcset=\"https:\/\/wp.ufpel.edu.br\/essete7\/files\/2018\/04\/UFPEL_logo-200x200.png 200w, https:\/\/wp.ufpel.edu.br\/essete7\/files\/2018\/04\/UFPEL_logo-400x400.png 400w, https:\/\/wp.ufpel.edu.br\/essete7\/files\/2018\/04\/UFPEL_logo.png 595w\" sizes=\"auto, (max-width: 161px) 100vw, 161px\" \/><\/p>\n<p>&nbsp;<\/p>\n<\/div>\n\t\t<\/div><\/div><div id=\"pgc-399-2-1\"  class=\"panel-grid-cell\" ><div id=\"panel-399-2-1-0\" class=\"so-panel widget widget_text panel-first-child panel-last-child\" data-index=\"5\" ><div class=\"panel-widget-style panel-widget-style-for-399-2-1-0\" ><h3 class=\"widget-title\">Introduction<\/h3>\t\t\t<div class=\"textwidget\"><p><strong>CERTIFICATES OF ATTENDANCE AVAILABLE!<\/strong><\/p>\n<p>CliCK\u00a0<a href=\"https:\/\/portal.ufsm.br\/certificados\/mainMenu.html\">HERE<\/a>\u00a0to access the certificate website. Type your name, and click on &#8220;Pesquisar&#8221;.<\/p>\n<p><strong>PROCEEDINGS BOOK AVAILABLE!<\/strong><\/p>\n<p>Click\u00a0<a href=\"https:\/\/wp.ufpel.edu.br\/essete7\/files\/2018\/09\/proceedings_2.pdf\">HERE<\/a>\u00a0to access the proceedings book of the VII ESSeTe e WSeS-7!<\/p>\n<p><strong>PHOTOS ARE AVAILABLE!<\/strong><\/p>\n<p><a href=\"https:\/\/www.dropbox.com\/sh\/yizihtj35qpamur\/AAAYHwlEmjDKz8B1uPEquT0Qa?dl=0\">First day (Monday)<\/a><br \/>\n<a href=\"https:\/\/www.dropbox.com\/sh\/ddt5fxug9skg3hc\/AAAgSGBx52itREIDqXVB-3Aza?dl=0\">Second day (Tuesday)<\/a><br \/>\n<a href=\"https:\/\/www.dropbox.com\/sh\/2f5lrgc2fzvpom3\/AAC2kdqSu1fVCEn2e1b_1EGla?dl=0\">Third day (Wednesday)<\/a><br \/>\n<a href=\"https:\/\/www.dropbox.com\/sh\/1jyvmdd4iux021y\/AABO_8aLbAy44XCbgedsMezOa?dl=0\">Fourth day (Thursday)<\/a><\/p>\n<p style=\"text-align: justify\">The study of the chemistry of the elements selenium and tellurium has begun in Brazil in 1933, when the German professor Heinrich Rheinboldt started his activities at the freshly formed University of S\u00e3o Paulo-USP. From the pioneering work of Rheinboldt, several groups were created to study the chemistry of these two elements. This fact influenced many Brazilian researchers and selenium and tellurium chemistry became widely diffused in the largest and most important research centers in Brazil.<\/p>\n<p style=\"text-align: justify\">In October 2006, we held the<strong> I ESeTe &#8211; Meeting on Selenium and Tellurium<\/strong>, at the Hotel Dall&#8217;Onder in Bento Gon\u00e7alves &#8211; RS (<a href=\"http:\/\/w3.ufsm.br\/esete\/\">http:\/\/w3.ufsm.br\/esete\/<\/a>). From this first meeting there was the biannual holding of this event in different places in Brazil. In the last edition, held in 2016, it was agreed to include the chemistry of the sulfur element within the scope of the event.<\/p>\n<p style=\"text-align: justify\">Thus, this project proposes the organization of the <strong>VII Meeting on Sulfur, Selenium and Tellurium &#8211; VII ESSeTe<\/strong>, including in this edition the <strong>VII Workshop of the SeS Redox &amp; Catalysis Network<\/strong>, which will be held at Hotel Itaimbe in Santa Maria &#8211; RS. This event will feature international participants from countries such as Germany, Italy, Poland, Japan and Australia, and aims to bring together researchers, students and other professionals of this field to address the progress that has already been made and set goals for a joint development of products and processes of common interest.<\/p>\n<\/div>\n\t\t<\/div><\/div><\/div><div id=\"pgc-399-2-2\"  class=\"panel-grid-cell\" ><div id=\"panel-399-2-2-0\" class=\"so-panel widget widget_text panel-first-child panel-last-child\" data-index=\"6\" ><div class=\"panel-widget-style panel-widget-style-for-399-2-2-0\" >\t\t\t<div class=\"textwidget\"><p><a href=\"https:\/\/www.facebook.com\/VII-ESSeTe-WSeS-7-782868858579049\/\"><img loading=\"lazy\" decoding=\"async\" class=\"size-full wp-image-207 alignleft\" src=\"https:\/\/wp.ufpel.edu.br\/essete7\/files\/2018\/04\/Follow.png\" alt=\"\" width=\"180\" height=\"52\" \/><\/a><\/p>\n<p>&nbsp;<\/p>\n<p>&nbsp;<\/p>\n<p><strong>SPONSORS<\/strong><\/p>\n<p><img loading=\"lazy\" decoding=\"async\" class=\"wp-image-837 aligncenter\" src=\"https:\/\/wp.ufpel.edu.br\/essete7\/files\/2018\/08\/Cnpq-logo-2.jpg\" alt=\"\" width=\"147\" height=\"68\" \/><\/p>\n<p><img loading=\"lazy\" decoding=\"async\" class=\"wp-image-816 aligncenter\" src=\"https:\/\/wp.ufpel.edu.br\/essete7\/files\/2018\/08\/Logo-Bruker.png\" alt=\"\" width=\"127\" height=\"68\" srcset=\"https:\/\/wp.ufpel.edu.br\/essete7\/files\/2018\/08\/Logo-Bruker.png 4091w, https:\/\/wp.ufpel.edu.br\/essete7\/files\/2018\/08\/Logo-Bruker-400x214.png 400w, https:\/\/wp.ufpel.edu.br\/essete7\/files\/2018\/08\/Logo-Bruker-768x411.png 768w, https:\/\/wp.ufpel.edu.br\/essete7\/files\/2018\/08\/Logo-Bruker-1024x547.png 1024w, https:\/\/wp.ufpel.edu.br\/essete7\/files\/2018\/08\/Logo-Bruker-720x380.png 720w\" sizes=\"auto, (max-width: 127px) 100vw, 127px\" \/><\/p>\n<p><img loading=\"lazy\" decoding=\"async\" class=\"wp-image-838 aligncenter\" src=\"https:\/\/wp.ufpel.edu.br\/essete7\/files\/2018\/08\/logo-CCNE-editavel-2.png\" alt=\"\" width=\"76\" height=\"71\" srcset=\"https:\/\/wp.ufpel.edu.br\/essete7\/files\/2018\/08\/logo-CCNE-editavel-2.png 2832w, https:\/\/wp.ufpel.edu.br\/essete7\/files\/2018\/08\/logo-CCNE-editavel-2-400x372.png 400w, https:\/\/wp.ufpel.edu.br\/essete7\/files\/2018\/08\/logo-CCNE-editavel-2-768x713.png 768w, https:\/\/wp.ufpel.edu.br\/essete7\/files\/2018\/08\/logo-CCNE-editavel-2-1024x951.png 1024w\" sizes=\"auto, (max-width: 76px) 100vw, 76px\" \/><\/p>\n<p><img loading=\"lazy\" decoding=\"async\" class=\"wp-image-820 aligncenter\" src=\"https:\/\/wp.ufpel.edu.br\/essete7\/files\/2018\/08\/logo-eviglas.jpg\" alt=\"\" width=\"117\" height=\"88\" srcset=\"https:\/\/wp.ufpel.edu.br\/essete7\/files\/2018\/08\/logo-eviglas.jpg 787w, https:\/\/wp.ufpel.edu.br\/essete7\/files\/2018\/08\/logo-eviglas-400x300.jpg 400w, https:\/\/wp.ufpel.edu.br\/essete7\/files\/2018\/08\/logo-eviglas-768x577.jpg 768w\" sizes=\"auto, (max-width: 117px) 100vw, 117px\" \/><\/p>\n<p><img loading=\"lazy\" decoding=\"async\" class=\"wp-image-818 aligncenter\" src=\"https:\/\/wp.ufpel.edu.br\/essete7\/files\/2018\/08\/G.GOTUZZO-3D-SEM-ENDERE\u00c7O.jpg\" alt=\"\" width=\"130\" height=\"71\" srcset=\"https:\/\/wp.ufpel.edu.br\/essete7\/files\/2018\/08\/G.GOTUZZO-3D-SEM-ENDERE\u00c7O.jpg 4080w, https:\/\/wp.ufpel.edu.br\/essete7\/files\/2018\/08\/G.GOTUZZO-3D-SEM-ENDERE\u00c7O-400x218.jpg 400w, https:\/\/wp.ufpel.edu.br\/essete7\/files\/2018\/08\/G.GOTUZZO-3D-SEM-ENDERE\u00c7O-768x419.jpg 768w, https:\/\/wp.ufpel.edu.br\/essete7\/files\/2018\/08\/G.GOTUZZO-3D-SEM-ENDERE\u00c7O-1024x558.jpg 1024w\" sizes=\"auto, (max-width: 130px) 100vw, 130px\" \/><\/p>\n<p><img loading=\"lazy\" decoding=\"async\" class=\"wp-image-821 aligncenter\" src=\"https:\/\/wp.ufpel.edu.br\/essete7\/files\/2018\/08\/LOGO-study-english.png\" alt=\"\" width=\"120\" height=\"59\" srcset=\"https:\/\/wp.ufpel.edu.br\/essete7\/files\/2018\/08\/LOGO-study-english.png 3446w, https:\/\/wp.ufpel.edu.br\/essete7\/files\/2018\/08\/LOGO-study-english-400x196.png 400w, https:\/\/wp.ufpel.edu.br\/essete7\/files\/2018\/08\/LOGO-study-english-768x377.png 768w, https:\/\/wp.ufpel.edu.br\/essete7\/files\/2018\/08\/LOGO-study-english-1024x502.png 1024w, https:\/\/wp.ufpel.edu.br\/essete7\/files\/2018\/08\/LOGO-study-english-960x480.png 960w\" sizes=\"auto, (max-width: 120px) 100vw, 120px\" \/><\/p>\n<p><img loading=\"lazy\" decoding=\"async\" class=\"wp-image-822 aligncenter\" src=\"https:\/\/wp.ufpel.edu.br\/essete7\/files\/2018\/08\/WF-Cient\u00edfica.jpg\" alt=\"\" width=\"123\" height=\"47\" srcset=\"https:\/\/wp.ufpel.edu.br\/essete7\/files\/2018\/08\/WF-Cient\u00edfica.jpg 737w, https:\/\/wp.ufpel.edu.br\/essete7\/files\/2018\/08\/WF-Cient\u00edfica-400x153.jpg 400w, https:\/\/wp.ufpel.edu.br\/essete7\/files\/2018\/08\/WF-Cient\u00edfica-720x282.jpg 720w\" sizes=\"auto, (max-width: 123px) 100vw, 123px\" \/><\/p>\n<p><img loading=\"lazy\" decoding=\"async\" class=\"aligncenter  wp-image-850\" src=\"https:\/\/wp.ufpel.edu.br\/essete7\/files\/2018\/08\/CRQ_V.jpg\" alt=\"\" width=\"80\" height=\"80\" srcset=\"https:\/\/wp.ufpel.edu.br\/essete7\/files\/2018\/08\/CRQ_V.jpg 450w, https:\/\/wp.ufpel.edu.br\/essete7\/files\/2018\/08\/CRQ_V-200x200.jpg 200w, https:\/\/wp.ufpel.edu.br\/essete7\/files\/2018\/08\/CRQ_V-400x400.jpg 400w\" sizes=\"auto, (max-width: 80px) 100vw, 80px\" \/><\/p>\n<\/div>\n\t\t<\/div><\/div><\/div><\/div><\/div>","protected":false},"excerpt":{"rendered":"<p>Registration Mais informa\u00e7\u00f5es Program Mais informa\u00e7\u00f5es Abstracts Mais informa\u00e7\u00f5es Organization &nbsp; Introduction CERTIFICATES OF ATTENDANCE AVAILABLE! CliCK\u00a0HERE\u00a0to access the certificate website. Type your name, and click on &#8220;Pesquisar&#8221;. PROCEEDINGS BOOK AVAILABLE! Click\u00a0HERE\u00a0to access the proceedings book of the VII ESSeTe e WSeS-7! PHOTOS ARE AVAILABLE! First day (Monday) Second day (Tuesday) Third day (Wednesday) Fourth [&hellip;]<\/p>\n","protected":false},"author":848,"featured_media":0,"parent":0,"menu_order":0,"comment_status":"closed","ping_status":"closed","template":"home-panels.php","meta":{"footnotes":""},"class_list":["post-399","page","type-page","status-publish","hentry","post"],"_links":{"self":[{"href":"https:\/\/wp.ufpel.edu.br\/essete7\/wp-json\/wp\/v2\/pages\/399","targetHints":{"allow":["GET"]}}],"collection":[{"href":"https:\/\/wp.ufpel.edu.br\/essete7\/wp-json\/wp\/v2\/pages"}],"about":[{"href":"https:\/\/wp.ufpel.edu.br\/essete7\/wp-json\/wp\/v2\/types\/page"}],"author":[{"embeddable":true,"href":"https:\/\/wp.ufpel.edu.br\/essete7\/wp-json\/wp\/v2\/users\/848"}],"replies":[{"embeddable":true,"href":"https:\/\/wp.ufpel.edu.br\/essete7\/wp-json\/wp\/v2\/comments?post=399"}],"version-history":[{"count":21,"href":"https:\/\/wp.ufpel.edu.br\/essete7\/wp-json\/wp\/v2\/pages\/399\/revisions"}],"predecessor-version":[{"id":919,"href":"https:\/\/wp.ufpel.edu.br\/essete7\/wp-json\/wp\/v2\/pages\/399\/revisions\/919"}],"wp:attachment":[{"href":"https:\/\/wp.ufpel.edu.br\/essete7\/wp-json\/wp\/v2\/media?parent=399"}],"curies":[{"name":"wp","href":"https:\/\/api.w.org\/{rel}","templated":true}]}}