{"id":310,"date":"2018-04-27T13:36:16","date_gmt":"2018-04-27T16:36:16","guid":{"rendered":"https:\/\/wp.ufpel.edu.br\/essete7\/?page_id=310"},"modified":"2018-08-09T15:25:19","modified_gmt":"2018-08-09T18:25:19","slug":"programa","status":"publish","type":"page","link":"https:\/\/wp.ufpel.edu.br\/essete7\/programa\/","title":{"rendered":"Programa"},"content":{"rendered":"<ul>\n<li>\n<h3>Palestrantes Confirmados<br \/>\n<a href=\"https:\/\/wp.ufpel.edu.br\/essete7\/plenaria\/\">Plenary Lectures<\/a><br \/>\n<a href=\"https:\/\/wp.ufpel.edu.br\/essete7\/invited\/\">Invited Lectures<\/a><\/h3>\n<\/li>\n<li>\n<h3><a href=\"https:\/\/wp.ufpel.edu.br\/essete7\/programa-cientifico\/\">Programa\u00e7\u00e3o Cient\u00edfica<\/a><\/h3>\n<\/li>\n<\/ul>\n","protected":false},"excerpt":{"rendered":"<p>Palestrantes Confirmados Plenary Lectures Invited Lectures Programa\u00e7\u00e3o Cient\u00edfica<\/p>\n","protected":false},"author":848,"featured_media":0,"parent":0,"menu_order":0,"comment_status":"closed","ping_status":"closed","template":"","meta":{"footnotes":""},"class_list":["post-310","page","type-page","status-publish","hentry","post"],"_links":{"self":[{"href":"https:\/\/wp.ufpel.edu.br\/essete7\/wp-json\/wp\/v2\/pages\/310","targetHints":{"allow":["GET"]}}],"collection":[{"href":"https:\/\/wp.ufpel.edu.br\/essete7\/wp-json\/wp\/v2\/pages"}],"about":[{"href":"https:\/\/wp.ufpel.edu.br\/essete7\/wp-json\/wp\/v2\/types\/page"}],"author":[{"embeddable":true,"href":"https:\/\/wp.ufpel.edu.br\/essete7\/wp-json\/wp\/v2\/users\/848"}],"replies":[{"embeddable":true,"href":"https:\/\/wp.ufpel.edu.br\/essete7\/wp-json\/wp\/v2\/comments?post=310"}],"version-history":[{"count":5,"href":"https:\/\/wp.ufpel.edu.br\/essete7\/wp-json\/wp\/v2\/pages\/310\/revisions"}],"predecessor-version":[{"id":749,"href":"https:\/\/wp.ufpel.edu.br\/essete7\/wp-json\/wp\/v2\/pages\/310\/revisions\/749"}],"wp:attachment":[{"href":"https:\/\/wp.ufpel.edu.br\/essete7\/wp-json\/wp\/v2\/media?parent=310"}],"curies":[{"name":"wp","href":"https:\/\/api.w.org\/{rel}","templated":true}]}}