{"id":19,"date":"2018-04-17T15:33:51","date_gmt":"2018-04-17T18:33:51","guid":{"rendered":"https:\/\/wp.ufpel.edu.br\/essete7\/?page_id=19"},"modified":"2018-05-20T16:44:58","modified_gmt":"2018-05-20T19:44:58","slug":"comissoes","status":"publish","type":"page","link":"https:\/\/wp.ufpel.edu.br\/essete7\/comissoes\/","title":{"rendered":"Comiss\u00f5es"},"content":{"rendered":"<ul>\n<li>\n<h3><a href=\"https:\/\/wp.ufpel.edu.br\/essete7\/comissao-organizadora\/\">Comiss\u00e3o Organizadora<\/a><\/h3>\n<\/li>\n<li>\n<h3><a href=\"https:\/\/wp.ufpel.edu.br\/essete7\/comissao-cientifica\/\">Comiss\u00e3o Cient\u00edfica<\/a><\/h3>\n<\/li>\n<\/ul>\n","protected":false},"excerpt":{"rendered":"<p>Comiss\u00e3o Organizadora Comiss\u00e3o Cient\u00edfica<\/p>\n","protected":false},"author":848,"featured_media":0,"parent":0,"menu_order":0,"comment_status":"closed","ping_status":"closed","template":"","meta":{"footnotes":""},"class_list":["post-19","page","type-page","status-publish","hentry","post"],"_links":{"self":[{"href":"https:\/\/wp.ufpel.edu.br\/essete7\/wp-json\/wp\/v2\/pages\/19","targetHints":{"allow":["GET"]}}],"collection":[{"href":"https:\/\/wp.ufpel.edu.br\/essete7\/wp-json\/wp\/v2\/pages"}],"about":[{"href":"https:\/\/wp.ufpel.edu.br\/essete7\/wp-json\/wp\/v2\/types\/page"}],"author":[{"embeddable":true,"href":"https:\/\/wp.ufpel.edu.br\/essete7\/wp-json\/wp\/v2\/users\/848"}],"replies":[{"embeddable":true,"href":"https:\/\/wp.ufpel.edu.br\/essete7\/wp-json\/wp\/v2\/comments?post=19"}],"version-history":[{"count":5,"href":"https:\/\/wp.ufpel.edu.br\/essete7\/wp-json\/wp\/v2\/pages\/19\/revisions"}],"predecessor-version":[{"id":548,"href":"https:\/\/wp.ufpel.edu.br\/essete7\/wp-json\/wp\/v2\/pages\/19\/revisions\/548"}],"wp:attachment":[{"href":"https:\/\/wp.ufpel.edu.br\/essete7\/wp-json\/wp\/v2\/media?parent=19"}],"curies":[{"name":"wp","href":"https:\/\/api.w.org\/{rel}","templated":true}]}}