{"id":13,"date":"2018-04-17T15:32:05","date_gmt":"2018-04-17T18:32:05","guid":{"rendered":"https:\/\/wp.ufpel.edu.br\/essete7\/?page_id=13"},"modified":"2018-08-31T18:23:16","modified_gmt":"2018-08-31T21:23:16","slug":"paineis-e-resumos","status":"publish","type":"page","link":"https:\/\/wp.ufpel.edu.br\/essete7\/paineis-e-resumos\/","title":{"rendered":"Pain\u00e9is e Resumos"},"content":{"rendered":"<h2><span style=\"color: #0000ff;background-color: #ffff00\"><strong>Confira a numera\u00e7\u00e3o do seu Resumo!!!<\/strong><\/span><\/h2>\n<ul>\n<li style=\"text-align: justify\"><span style=\"color: #ff0000\"><a style=\"color: #ff0000\" href=\"https:\/\/wp.ufpel.edu.br\/essete7\/files\/2018\/08\/Biochemistry-Abstracts.pdf\"><strong><span style=\"font-size: 14pt\"><span style=\"text-align: justify\">Bioqu\u00edmica<\/span><\/span><\/strong><\/a><\/span><\/li>\n<li><span style=\"color: #ff0000\"><a style=\"color: #ff0000\" href=\"https:\/\/wp.ufpel.edu.br\/essete7\/files\/2018\/08\/Inorganic-Chemistry-Abstracts.pdf\"><strong><span style=\"font-size: 14pt\">Qu\u00edmica Inorg\u00e2nica<\/span><\/strong><\/a><\/span><\/li>\n<li><a href=\"https:\/\/wp.ufpel.edu.br\/essete7\/files\/2018\/08\/Organic-Chemistry-Abstracts.pdf\"><strong><span style=\"font-size: 14pt\"><span style=\"color: #ff0000\">Qu\u00edmica Org\u00e2nica<\/span><\/span><\/strong><\/a><\/li>\n<\/ul>\n<h2><span style=\"color: #0000ff\"><strong>Informa\u00e7\u00f5es Gerais Sobre a Prepara\u00e7\u00e3o do Resumo<\/strong><\/span><\/h2>\n<p style=\"text-align: justify\"><span style=\"color: #000000;font-size: 14pt\"><span style=\"text-align: justify\">Cada inscri\u00e7\u00e3o d\u00e1 direito a submiss\u00e3o de\u00a0<\/span><u style=\"text-align: justify\"><span style=\"color: #000000\"><strong>um \u00fanico trabalho<\/strong><\/span><\/u><span style=\"text-align: justify\">\u00a0que pode ser redigido em portugu\u00eas ou em ingl\u00eas (<em>o uso deste \u00faltimo \u00e9 uma importante\u00a0<\/em><\/span><em><strong style=\"text-align: justify\">recomenda\u00e7\u00e3o<\/strong><\/em><span style=\"text-align: justify\"><em>\u00a0das Comiss\u00f5es Organizadora e Cient\u00edfica devido \u00e0 presen\u00e7a de muitos estrangeiros no evento<\/em>). Recomendamos tamb\u00e9m fortemente <em>o uso da l\u00edngua inglesa nos pain\u00e9is<\/em>. Redigir os resumos\/pain\u00e9is\/slides em ingl\u00eas \u00e9 uma etapa importante na internacionaliza\u00e7\u00e3o do evento.\u00a0Neste ano, para fomentar mais o uso da l\u00edngua inglesa, todos os trabalhos ter\u00e3o <em>highlights<\/em> em ingl\u00eas. <em>O t\u00edtulo em ingl\u00eas \u00e9 fortemente recomendado<\/em>. Al\u00e9m disso, <em>pelo menos os slides dos trabalhos selecionados para as apresenta\u00e7\u00f5es orais, cujos autores aceitarem o convite, dever\u00e3o estar em ingl\u00eas.\u00a0<\/em><\/span><\/span><br style=\"text-align: justify\" \/><br style=\"text-align: justify\" \/><span style=\"color: #000000;font-size: 14pt\"><span style=\"text-align: justify\">Somente trabalhos de pesquisa in\u00e9ditos podem ser submetidos para apresenta\u00e7\u00e3o no <strong>VII ESSeTe &amp; 7<sup>th<\/sup> WSeS<\/strong><\/span><strong style=\"text-align: justify\">.<\/strong><span style=\"text-align: justify\">\u00a0<\/span><\/span><\/p>\n<p style=\"text-align: justify\"><br style=\"text-align: justify\" \/><strong><span style=\"text-align: justify;font-size: 14pt\"><span style=\"color: #000000\">A data limite para a submiss\u00e3o de resumos \u00e9<\/span> <span style=\"color: #ff0000\">31 de julho de 2018<\/span>.\u00a0<\/span><\/strong><\/p>\n<p style=\"text-align: justify\"><br style=\"text-align: justify\" \/><span style=\"text-align: justify;color: #000000;font-size: 14pt\">Todos os trabalhos, sem exce\u00e7\u00e3o, dever\u00e3o ser apresentados na forma de pain\u00e9is no dia e hor\u00e1rio que ser\u00e3o estabelecidos pela Comiss\u00e3o Organizadora. Recomendamos que a viagem seja planejada de forma que voc\u00ea possa participar de todo o evento, pois em nenhuma hip\u00f3tese faremos altera\u00e7\u00e3o de data\/hor\u00e1rio da apresenta\u00e7\u00e3o de trabalhos durante o evento.\u00a0<\/span><\/p>\n<p>&nbsp;<\/p>\n<h2><span style=\"color: #0000ff\"><strong>Instru\u00e7\u00f5es para a Elabora\u00e7\u00e3o do Resumo<\/strong><\/span><\/h2>\n<p><span style=\"color: #000000;font-size: 14pt\">Clique abaixo para obter o modelo do resumo, que deve ser utilizado para submiss\u00e3o de trabalho.<\/span><\/p>\n<p><a href=\"https:\/\/wp.ufpel.edu.br\/essete7\/files\/2018\/05\/Template_7ESSeTe_7WSeS.docx\"><img loading=\"lazy\" decoding=\"async\" class=\"aligncenter size-full wp-image-183\" src=\"https:\/\/wp.ufpel.edu.br\/essete7\/files\/2018\/04\/download_resumo.png\" alt=\"\" width=\"277\" height=\"83\" srcset=\"https:\/\/wp.ufpel.edu.br\/essete7\/files\/2018\/04\/download_resumo.png 277w, https:\/\/wp.ufpel.edu.br\/essete7\/files\/2018\/04\/download_resumo-272x83.png 272w\" sizes=\"auto, (max-width: 277px) 100vw, 277px\" \/><\/a><\/p>\n<h2><span style=\"color: #0000ff\"><strong>Formas de Submiss\u00e3o do Resumo<\/strong><\/span><\/h2>\n<p><span style=\"font-size: 14pt;color: #000000\">O resumo pode ser encaminhado para a Comiss\u00e3o Cient\u00edfica no momento em que voc\u00ea preencher o formul\u00e1rio de inscri\u00e7\u00e3o. Nesse formul\u00e1rio h\u00e1 uma ferramenta para voc\u00ea anexar o resumo.<\/span><br \/>\n<span style=\"font-size: 14pt\"><span style=\"color: #000000\">Outra op\u00e7\u00e3o \u00e9 encaminhar o resumo diretamente para o e-mail do evento:<\/span> <a href=\"mailto:7essete@gmail.com\">7essete@gmail.com<\/a><\/span><\/p>\n<h2><\/h2>\n<h2><span style=\"color: #0000ff\"><strong>Instru\u00e7\u00f5es para a Elabora\u00e7\u00e3o do Painel<\/strong><\/span><\/h2>\n<div><span style=\"font-size: 14pt;color: #000000\">As dimens\u00f5es dos pain\u00e9is n\u00e3o devem ultrapassar as medidas indicadas na figura abaixo:<\/span><\/div>\n<div><span style=\"color: #ffffff\">Espa\u00e7o para figura<\/span><\/div>\n<div><span style=\"color: #ffffff\">Espa\u00e7o para figura<img loading=\"lazy\" decoding=\"async\" class=\"aligncenter size-full wp-image-724\" src=\"https:\/\/wp.ufpel.edu.br\/essete7\/files\/2018\/08\/poster_portugues_negrito2.png\" alt=\"\" width=\"508\" height=\"490\" srcset=\"https:\/\/wp.ufpel.edu.br\/essete7\/files\/2018\/08\/poster_portugues_negrito2.png 508w, https:\/\/wp.ufpel.edu.br\/essete7\/files\/2018\/08\/poster_portugues_negrito2-400x386.png 400w\" sizes=\"auto, (max-width: 508px) 100vw, 508px\" \/><\/span><\/div>\n<div><\/div>\n<div><\/div>\n","protected":false},"excerpt":{"rendered":"<p>Confira a numera\u00e7\u00e3o do seu Resumo!!! Bioqu\u00edmica Qu\u00edmica Inorg\u00e2nica Qu\u00edmica Org\u00e2nica Informa\u00e7\u00f5es Gerais Sobre a Prepara\u00e7\u00e3o do Resumo Cada inscri\u00e7\u00e3o d\u00e1 direito a submiss\u00e3o de\u00a0um \u00fanico trabalho\u00a0que pode ser redigido em portugu\u00eas ou em ingl\u00eas (o uso deste \u00faltimo \u00e9 uma importante\u00a0recomenda\u00e7\u00e3o\u00a0das Comiss\u00f5es Organizadora e Cient\u00edfica devido \u00e0 presen\u00e7a de muitos estrangeiros no evento). Recomendamos [&hellip;]<\/p>\n","protected":false},"author":848,"featured_media":0,"parent":0,"menu_order":0,"comment_status":"closed","ping_status":"closed","template":"","meta":{"footnotes":""},"class_list":["post-13","page","type-page","status-publish","hentry","post"],"_links":{"self":[{"href":"https:\/\/wp.ufpel.edu.br\/essete7\/wp-json\/wp\/v2\/pages\/13","targetHints":{"allow":["GET"]}}],"collection":[{"href":"https:\/\/wp.ufpel.edu.br\/essete7\/wp-json\/wp\/v2\/pages"}],"about":[{"href":"https:\/\/wp.ufpel.edu.br\/essete7\/wp-json\/wp\/v2\/types\/page"}],"author":[{"embeddable":true,"href":"https:\/\/wp.ufpel.edu.br\/essete7\/wp-json\/wp\/v2\/users\/848"}],"replies":[{"embeddable":true,"href":"https:\/\/wp.ufpel.edu.br\/essete7\/wp-json\/wp\/v2\/comments?post=13"}],"version-history":[{"count":30,"href":"https:\/\/wp.ufpel.edu.br\/essete7\/wp-json\/wp\/v2\/pages\/13\/revisions"}],"predecessor-version":[{"id":891,"href":"https:\/\/wp.ufpel.edu.br\/essete7\/wp-json\/wp\/v2\/pages\/13\/revisions\/891"}],"wp:attachment":[{"href":"https:\/\/wp.ufpel.edu.br\/essete7\/wp-json\/wp\/v2\/media?parent=13"}],"curies":[{"name":"wp","href":"https:\/\/api.w.org\/{rel}","templated":true}]}}