{"id":108,"date":"2018-04-17T16:42:40","date_gmt":"2018-04-17T19:42:40","guid":{"rendered":"https:\/\/wp.ufpel.edu.br\/essete7\/?page_id=108"},"modified":"2018-05-14T15:34:45","modified_gmt":"2018-05-14T18:34:45","slug":"o-hotel","status":"publish","type":"page","link":"https:\/\/wp.ufpel.edu.br\/essete7\/o-hotel\/","title":{"rendered":"O Hotel"},"content":{"rendered":"<p style=\"text-align: justify\"><span style=\"font-size: 14pt;color: #000000\"><strong>Itaimb\u00e9 Palace Hotel<\/strong><\/span><\/p>\n<p style=\"text-align: justify\"><span style=\"font-size: 14pt\"><span style=\"color: #000000\"><strong>\u00a0<\/strong>O<\/span> <a href=\"http:\/\/hotelitaimbe.com.br\/sobre-hotel-itaimbe-santa-maria-rs\/\">Itaimb\u00e9 Palace Hotel<\/a>\u00a0<span style=\"color: #000000\">\u00e9 refer\u00eancia em hotelaria na regi\u00e3o central do estado. Localizado no\u00a0centro da cidade de\u00a0Santa Maria, ao lado do\u00a0parque\u00a0Itaimb\u00e9. Disp\u00f5e de\u00a0154 apartamentos\u00a0equipados para sua comodidade com, piscina, ala de n\u00e3o fumantes, ala feminina, internet wireless e privilegiadas instala\u00e7\u00f5es para formaturas, casamentos, reuni\u00f5es e conven\u00e7\u00f5es acomodando at\u00e9\u00a0800 pessoas em audit\u00f3rio. O complexo conta tamb\u00e9m com servi\u00e7o das empresas Vira Combota festas infantis, W Eventos, Restaurante e Ag\u00eancia de viagens Planalto Turismo.<\/span><\/span><\/p>\n<p style=\"text-align: justify\"><span style=\"font-size: 14pt\"><span style=\"color: #000000\">Maiores informa\u00e7\u00f5es podem ser encontradas em<\/span> <a href=\"http:\/\/hotelitaimbe.com.br\">http:\/\/hotelitaimbe.com.br<\/a>.<\/span><\/p>\n<p><img loading=\"lazy\" decoding=\"async\" class=\"aligncenter wp-image-232 size-full\" src=\"https:\/\/wp.ufpel.edu.br\/essete7\/files\/2018\/04\/Hotel-e-Taxas.png\" alt=\"\" width=\"1232\" height=\"295\" srcset=\"https:\/\/wp.ufpel.edu.br\/essete7\/files\/2018\/04\/Hotel-e-Taxas.png 1232w, https:\/\/wp.ufpel.edu.br\/essete7\/files\/2018\/04\/Hotel-e-Taxas-400x96.png 400w, https:\/\/wp.ufpel.edu.br\/essete7\/files\/2018\/04\/Hotel-e-Taxas-768x184.png 768w, https:\/\/wp.ufpel.edu.br\/essete7\/files\/2018\/04\/Hotel-e-Taxas-1024x245.png 1024w\" sizes=\"auto, (max-width: 1232px) 100vw, 1232px\" \/><\/p>\n<p style=\"text-align: center\"><strong><span style=\"font-size: 14pt\">\u00a0<span style=\"color: #ff0000\">Aten\u00e7\u00e3o:<\/span> <span style=\"color: #000000\">A hospedagem deve ser tratada diretamente com o hotel.<\/span><\/span><\/strong><\/p>\n","protected":false},"excerpt":{"rendered":"<p>Itaimb\u00e9 Palace Hotel \u00a0O Itaimb\u00e9 Palace Hotel\u00a0\u00e9 refer\u00eancia em hotelaria na regi\u00e3o central do estado. Localizado no\u00a0centro da cidade de\u00a0Santa Maria, ao lado do\u00a0parque\u00a0Itaimb\u00e9. Disp\u00f5e de\u00a0154 apartamentos\u00a0equipados para sua comodidade com, piscina, ala de n\u00e3o fumantes, ala feminina, internet wireless e privilegiadas instala\u00e7\u00f5es para formaturas, casamentos, reuni\u00f5es e conven\u00e7\u00f5es acomodando at\u00e9\u00a0800 pessoas em audit\u00f3rio. O [&hellip;]<\/p>\n","protected":false},"author":848,"featured_media":0,"parent":0,"menu_order":0,"comment_status":"closed","ping_status":"closed","template":"","meta":{"footnotes":""},"class_list":["post-108","page","type-page","status-publish","hentry","post"],"_links":{"self":[{"href":"https:\/\/wp.ufpel.edu.br\/essete7\/wp-json\/wp\/v2\/pages\/108","targetHints":{"allow":["GET"]}}],"collection":[{"href":"https:\/\/wp.ufpel.edu.br\/essete7\/wp-json\/wp\/v2\/pages"}],"about":[{"href":"https:\/\/wp.ufpel.edu.br\/essete7\/wp-json\/wp\/v2\/types\/page"}],"author":[{"embeddable":true,"href":"https:\/\/wp.ufpel.edu.br\/essete7\/wp-json\/wp\/v2\/users\/848"}],"replies":[{"embeddable":true,"href":"https:\/\/wp.ufpel.edu.br\/essete7\/wp-json\/wp\/v2\/comments?post=108"}],"version-history":[{"count":24,"href":"https:\/\/wp.ufpel.edu.br\/essete7\/wp-json\/wp\/v2\/pages\/108\/revisions"}],"predecessor-version":[{"id":534,"href":"https:\/\/wp.ufpel.edu.br\/essete7\/wp-json\/wp\/v2\/pages\/108\/revisions\/534"}],"wp:attachment":[{"href":"https:\/\/wp.ufpel.edu.br\/essete7\/wp-json\/wp\/v2\/media?parent=108"}],"curies":[{"name":"wp","href":"https:\/\/api.w.org\/{rel}","templated":true}]}}