{"id":105,"date":"2018-04-17T16:39:21","date_gmt":"2018-04-17T19:39:21","guid":{"rendered":"https:\/\/wp.ufpel.edu.br\/essete7\/?page_id=105"},"modified":"2018-08-02T08:52:00","modified_gmt":"2018-08-02T11:52:00","slug":"comissao-cientifica","status":"publish","type":"page","link":"https:\/\/wp.ufpel.edu.br\/essete7\/comissao-cientifica\/","title":{"rendered":"Comiss\u00e3o Cient\u00edfica"},"content":{"rendered":"<div>\n<p><strong>VII ESSeTe<\/strong><\/p>\n<p>Prof. Ernesto Schulz Lang (Chair) (UFSM)<br \/>\nProf. Eder Lenard\u00e3o (Vice-Chair) (UFPEL)<br \/>\nProf. Claudio Santi (It\u00e1lia)<br \/>\nProf. Gilson Zeni (UFSM)<br \/>\nProfa. Cristina Wayne Nogueira (UFSM)<br \/>\nProf. Antonio Luiz Braga (UFSC)<br \/>\nProf. Diego da Silva Alves (UFPel)<br \/>\nProfa. Lucielli Savegnago (UFPel)<br \/>\nProf. Sailer Santos dos Santos (UFSM)<br \/>\nProf. Ricardo F. Schumacher (UFSM)<br \/>\nProf. Gelson Perin (UFPEL)<\/p>\n<p><strong><\/p>\n<p>WSeS-7<\/strong><\/div>\n<div>\n<div>Prof. C. Santi (Chair) (Univ. of Perugia ITA)<\/div>\n<div>Prof. M.J.Davies\u00a0(Univ. Copenhagen DK)<\/div>\n<div>Prof. J. Drabowicz\u00a0 (Univ. of Czestokowa PL)<\/div>\n<div>Prof. M. Iwaoka (Univ. of Tokay JP)<\/div>\n<div>Prof. B. Mugesh (Univ. Bangalore IND)<\/div>\n<div>Prof. R. Radi (Univ. Montevideo UR)<\/div>\n<div>Prof. J.B. Rocha\u00a0(UFSM Santa Maria BR)<\/div>\n<div>Prof. C. Schiesser (Selenium Therapeutics AUS)<\/div>\n<div>Prof. E.J. Lenardao\u00a0(UFPel Pelotas BR)<\/div>\n<div>Prof. V. Lippolis (Univ. Cagliari ITA)<\/div>\n<div><\/div>\n<div>Secretary:<\/div>\n<div>Dr. Luca Sancineto (Centre of Molecular and Macromolecular Studies in \u0141\u00f3d\u017a)<\/div>\n<\/div>\n","protected":false},"excerpt":{"rendered":"<p>VII ESSeTe Prof. Ernesto Schulz Lang (Chair) (UFSM) Prof. Eder Lenard\u00e3o (Vice-Chair) (UFPEL) Prof. Claudio Santi (It\u00e1lia) Prof. Gilson Zeni (UFSM) Profa. Cristina Wayne Nogueira (UFSM) Prof. Antonio Luiz Braga (UFSC) Prof. Diego da Silva Alves (UFPel) Profa. Lucielli Savegnago (UFPel) Prof. Sailer Santos dos Santos (UFSM) Prof. Ricardo F. Schumacher (UFSM) Prof. Gelson Perin [&hellip;]<\/p>\n","protected":false},"author":848,"featured_media":0,"parent":0,"menu_order":0,"comment_status":"closed","ping_status":"closed","template":"","meta":{"footnotes":""},"class_list":["post-105","page","type-page","status-publish","hentry","post"],"_links":{"self":[{"href":"https:\/\/wp.ufpel.edu.br\/essete7\/wp-json\/wp\/v2\/pages\/105","targetHints":{"allow":["GET"]}}],"collection":[{"href":"https:\/\/wp.ufpel.edu.br\/essete7\/wp-json\/wp\/v2\/pages"}],"about":[{"href":"https:\/\/wp.ufpel.edu.br\/essete7\/wp-json\/wp\/v2\/types\/page"}],"author":[{"embeddable":true,"href":"https:\/\/wp.ufpel.edu.br\/essete7\/wp-json\/wp\/v2\/users\/848"}],"replies":[{"embeddable":true,"href":"https:\/\/wp.ufpel.edu.br\/essete7\/wp-json\/wp\/v2\/comments?post=105"}],"version-history":[{"count":3,"href":"https:\/\/wp.ufpel.edu.br\/essete7\/wp-json\/wp\/v2\/pages\/105\/revisions"}],"predecessor-version":[{"id":657,"href":"https:\/\/wp.ufpel.edu.br\/essete7\/wp-json\/wp\/v2\/pages\/105\/revisions\/657"}],"wp:attachment":[{"href":"https:\/\/wp.ufpel.edu.br\/essete7\/wp-json\/wp\/v2\/media?parent=105"}],"curies":[{"name":"wp","href":"https:\/\/api.w.org\/{rel}","templated":true}]}}