{"id":102,"date":"2018-04-17T16:38:50","date_gmt":"2018-04-17T19:38:50","guid":{"rendered":"https:\/\/wp.ufpel.edu.br\/essete7\/?page_id=102"},"modified":"2018-05-14T15:29:49","modified_gmt":"2018-05-14T18:29:49","slug":"comissao-organizadora","status":"publish","type":"page","link":"https:\/\/wp.ufpel.edu.br\/essete7\/comissao-organizadora\/","title":{"rendered":"Comiss\u00e3o Organizadora"},"content":{"rendered":"<ul>\n<li><span style=\"font-size: 14pt;color: #000000\"><strong> Dr. Ernesto S. Lang &#8211; UFSM <\/strong>(Coordenador)<\/span><\/li>\n<\/ul>\n<ul>\n<li><span style=\"font-size: 14pt;color: #000000\"><strong> Dr. \u00c9der J. Lenard\u00e3o &#8211; UFPel <\/strong>(Vice-coordenador)<\/span><\/li>\n<\/ul>\n<ul>\n<li><span style=\"font-size: 14pt;color: #000000\"><strong> Dra. B\u00e1rbara Tirloni \u2013 UFSM<\/strong><\/span><\/li>\n<li><span style=\"font-size: 14pt;color: #000000\"><strong> Dr. Bernardo A. Iglesias \u2013 UFSM<\/strong><\/span><\/li>\n<li><span style=\"font-size: 14pt;color: #000000\"><strong> Dr. Gelson Perin \u2013 UFPel<\/strong><\/span><\/li>\n<li><span style=\"font-size: 14pt;color: #000000\"><strong> Dra. Melina A. Mello \u2013 CTISM\/UFSM<\/strong><\/span><\/li>\n<li><span style=\"font-size: 14pt;color: #000000\"><strong> Dr. Ricardo F. Schumacher \u2013 UFSM<\/strong><\/span><\/li>\n<li><span style=\"font-size: 14pt;color: #000000\"><strong> Dra. Roberta Cargnelutti \u2013 UFSM<\/strong><\/span><\/li>\n<li><span style=\"font-size: 14pt;color: #000000\"><strong> Dr. Sailer S. dos Santos \u2013 UFSM<\/strong><\/span><\/li>\n<\/ul>\n","protected":false},"excerpt":{"rendered":"<p>Dr. Ernesto S. Lang &#8211; UFSM (Coordenador) Dr. \u00c9der J. Lenard\u00e3o &#8211; UFPel (Vice-coordenador) Dra. B\u00e1rbara Tirloni \u2013 UFSM Dr. Bernardo A. Iglesias \u2013 UFSM Dr. Gelson Perin \u2013 UFPel Dra. Melina A. Mello \u2013 CTISM\/UFSM Dr. Ricardo F. Schumacher \u2013 UFSM Dra. Roberta Cargnelutti \u2013 UFSM Dr. Sailer S. dos Santos \u2013 UFSM<\/p>\n","protected":false},"author":848,"featured_media":0,"parent":0,"menu_order":0,"comment_status":"closed","ping_status":"closed","template":"","meta":{"footnotes":""},"class_list":["post-102","page","type-page","status-publish","hentry","post"],"_links":{"self":[{"href":"https:\/\/wp.ufpel.edu.br\/essete7\/wp-json\/wp\/v2\/pages\/102","targetHints":{"allow":["GET"]}}],"collection":[{"href":"https:\/\/wp.ufpel.edu.br\/essete7\/wp-json\/wp\/v2\/pages"}],"about":[{"href":"https:\/\/wp.ufpel.edu.br\/essete7\/wp-json\/wp\/v2\/types\/page"}],"author":[{"embeddable":true,"href":"https:\/\/wp.ufpel.edu.br\/essete7\/wp-json\/wp\/v2\/users\/848"}],"replies":[{"embeddable":true,"href":"https:\/\/wp.ufpel.edu.br\/essete7\/wp-json\/wp\/v2\/comments?post=102"}],"version-history":[{"count":5,"href":"https:\/\/wp.ufpel.edu.br\/essete7\/wp-json\/wp\/v2\/pages\/102\/revisions"}],"predecessor-version":[{"id":415,"href":"https:\/\/wp.ufpel.edu.br\/essete7\/wp-json\/wp\/v2\/pages\/102\/revisions\/415"}],"wp:attachment":[{"href":"https:\/\/wp.ufpel.edu.br\/essete7\/wp-json\/wp\/v2\/media?parent=102"}],"curies":[{"name":"wp","href":"https:\/\/api.w.org\/{rel}","templated":true}]}}