{"id":10,"date":"2018-04-17T15:31:14","date_gmt":"2018-04-17T18:31:14","guid":{"rendered":"https:\/\/wp.ufpel.edu.br\/essete7\/?page_id=10"},"modified":"2018-09-03T08:16:59","modified_gmt":"2018-09-03T11:16:59","slug":"inscricoes-e-taxas","status":"publish","type":"page","link":"https:\/\/wp.ufpel.edu.br\/essete7\/inscricoes-e-taxas\/","title":{"rendered":"Inscri\u00e7\u00f5es e Taxas"},"content":{"rendered":"<h2><strong><span style=\"color: #000000\">Valores de Inscri\u00e7\u00e3o para os eventos combinados VII ESSeTe e 7<sup>th<\/sup> WSeS<\/span><\/strong><\/h2>\n<p><img loading=\"lazy\" decoding=\"async\" class=\"aligncenter size-full wp-image-644\" src=\"https:\/\/wp.ufpel.edu.br\/essete7\/files\/2018\/07\/Incri\u00e7\u00f5es-Prorrogadas_.png\" alt=\"\" width=\"935\" height=\"261\" srcset=\"https:\/\/wp.ufpel.edu.br\/essete7\/files\/2018\/07\/Incri\u00e7\u00f5es-Prorrogadas_.png 935w, https:\/\/wp.ufpel.edu.br\/essete7\/files\/2018\/07\/Incri\u00e7\u00f5es-Prorrogadas_-400x112.png 400w, https:\/\/wp.ufpel.edu.br\/essete7\/files\/2018\/07\/Incri\u00e7\u00f5es-Prorrogadas_-768x214.png 768w\" sizes=\"auto, (max-width: 935px) 100vw, 935px\" \/><\/p>\n<ul>\n<li><strong>Membros da<em>\u00a0SeS Red Cat Network<\/em> est\u00e3o isentos do pagamento da taxa de inscri\u00e7\u00e3o.<\/strong><\/li>\n<\/ul>\n<p>&nbsp;<\/p>\n<p style=\"text-align: center\"><span style=\"color: #ff0000;background-color: #ffff00;font-size: 24pt\"><strong><span style=\"background-color: #ffff00\">INSCRI\u00c7\u00d5ES ENCERRADAS!<\/span><\/strong><\/span><\/p>\n<p style=\"text-align: center\"><strong>Atingimos a capacidade m\u00e1xima de inscritos do nosso evento!<\/strong><\/p>\n<p style=\"text-align: center\"><strong>Muito obrigado a todos que v\u00e3o nos prestigiar em Santa Maria!<\/strong><\/p>\n<p>&nbsp;<\/p>\n<p style=\"text-align: justify\"><span style=\"font-size: 14pt\"><span style=\"color: #000000\"><span style=\"color: #0000ff\"><strong>Hospedagem<\/strong>:<\/span> O evento acontecer\u00e1 no<\/span> <a href=\"https:\/\/wp.ufpel.edu.br\/essete7\/o-hotel\/\"><strong>Itaimb\u00e9 Palace Hotel<\/strong><\/a> <span style=\"color: #000000\">na cidade de Santa Maria, RS.<\/span><br \/>\n<\/span><span style=\"color: #000000\"><span style=\"font-size: 14pt\">A comiss\u00e3o organizadora negociou um <strong>desconto especial<\/strong> para a hospedagem dos participantes no hotel do evento.<br \/>\n<\/span><span style=\"font-size: 14pt\">Para melhor acompanhamento das atividades, recomenda-se fortemente a hospedagem no Itaimb\u00e9 Palace Hotel.<br \/>\n<a style=\"color: #000000\" href=\"https:\/\/wp.ufpel.edu.br\/essete7\/o-hotel\/\">Clique aqui<\/a> para maiores informa\u00e7\u00f5es sobre a hospedagem.<\/span><\/span><\/p>\n","protected":false},"excerpt":{"rendered":"<p>Valores de Inscri\u00e7\u00e3o para os eventos combinados VII ESSeTe e 7th WSeS Membros da\u00a0SeS Red Cat Network est\u00e3o isentos do pagamento da taxa de inscri\u00e7\u00e3o. &nbsp; INSCRI\u00c7\u00d5ES ENCERRADAS! Atingimos a capacidade m\u00e1xima de inscritos do nosso evento! Muito obrigado a todos que v\u00e3o nos prestigiar em Santa Maria! &nbsp; Hospedagem: O evento acontecer\u00e1 no Itaimb\u00e9 [&hellip;]<\/p>\n","protected":false},"author":848,"featured_media":0,"parent":0,"menu_order":0,"comment_status":"closed","ping_status":"closed","template":"","meta":{"footnotes":""},"class_list":["post-10","page","type-page","status-publish","hentry","post"],"_links":{"self":[{"href":"https:\/\/wp.ufpel.edu.br\/essete7\/wp-json\/wp\/v2\/pages\/10","targetHints":{"allow":["GET"]}}],"collection":[{"href":"https:\/\/wp.ufpel.edu.br\/essete7\/wp-json\/wp\/v2\/pages"}],"about":[{"href":"https:\/\/wp.ufpel.edu.br\/essete7\/wp-json\/wp\/v2\/types\/page"}],"author":[{"embeddable":true,"href":"https:\/\/wp.ufpel.edu.br\/essete7\/wp-json\/wp\/v2\/users\/848"}],"replies":[{"embeddable":true,"href":"https:\/\/wp.ufpel.edu.br\/essete7\/wp-json\/wp\/v2\/comments?post=10"}],"version-history":[{"count":38,"href":"https:\/\/wp.ufpel.edu.br\/essete7\/wp-json\/wp\/v2\/pages\/10\/revisions"}],"predecessor-version":[{"id":896,"href":"https:\/\/wp.ufpel.edu.br\/essete7\/wp-json\/wp\/v2\/pages\/10\/revisions\/896"}],"wp:attachment":[{"href":"https:\/\/wp.ufpel.edu.br\/essete7\/wp-json\/wp\/v2\/media?parent=10"}],"curies":[{"name":"wp","href":"https:\/\/api.w.org\/{rel}","templated":true}]}}