{"id":773,"date":"2025-05-30T10:09:32","date_gmt":"2025-05-30T13:09:32","guid":{"rendered":"https:\/\/wp.ufpel.edu.br\/esporte\/?page_id=773"},"modified":"2025-07-25T13:42:55","modified_gmt":"2025-07-25T16:42:55","slug":"infomativos","status":"publish","type":"page","link":"https:\/\/wp.ufpel.edu.br\/esporte\/infomativos\/","title":{"rendered":"Infomativos"},"content":{"rendered":"<div class=\"wp-block-image\">\n<figure class=\"aligncenter size-full\"><img loading=\"lazy\" decoding=\"async\" width=\"210\" height=\"73\" src=\"https:\/\/wp.ufpel.edu.br\/esporte\/files\/2025\/05\/logo-1.png\" alt=\"\" class=\"wp-image-780\"\/><\/figure>\n<\/div>\n\n\n<p><strong>JOGOS DA UFPEL 2025 &#8211; 10a EDI\u00c7\u00c3O<\/strong><\/p>\n\n\n\n<p><strong>INFORMATIVO 07<strong>\/<\/strong>08 &#8211; Informa\u00e7\u00f5es sobre as finais da modalidade de VOLEIBOL FEMININO <\/strong><\/p>\n\n\n\n<div data-wp-interactive=\"core\/file\" class=\"wp-block-file\"><object data-wp-bind--hidden=\"!state.hasPdfPreview\" hidden class=\"wp-block-file__embed\" data=\"https:\/\/wp.ufpel.edu.br\/esporte\/files\/2025\/07\/INFORMATIVO-08-Volei-Feminino.pdf\" type=\"application\/pdf\" style=\"width:100%;height:240px\" aria-label=\"Incorporado de INFORMATIVO 08 - Volei Feminino.\"><\/object><a id=\"wp-block-file--media-7ee30f91-6f2b-4c8b-a0c4-0623313c20a3\" href=\"https:\/\/wp.ufpel.edu.br\/esporte\/files\/2025\/07\/INFORMATIVO-08-Volei-Feminino.pdf\">INFORMATIVO 08 &#8211; Volei Feminino<\/a><a href=\"https:\/\/wp.ufpel.edu.br\/esporte\/files\/2025\/07\/INFORMATIVO-08-Volei-Feminino.pdf\" class=\"wp-block-file__button wp-element-button\" download aria-describedby=\"wp-block-file--media-7ee30f91-6f2b-4c8b-a0c4-0623313c20a3\">Baixar<\/a><\/div>\n\n\n\n<p><strong>INFORMATIVO 05\/06 ATUALIZADO &#8211; Informa\u00e7\u00f5es sobre as finais da modalidade de BASQUETE<\/strong><\/p>\n\n\n\n<div data-wp-interactive=\"core\/file\" class=\"wp-block-file\"><object data-wp-bind--hidden=\"!state.hasPdfPreview\" hidden class=\"wp-block-file__embed\" data=\"https:\/\/wp.ufpel.edu.br\/esporte\/files\/2025\/07\/INFORMATIVO-06-Basquete.pdf\" type=\"application\/pdf\" style=\"width:100%;height:200px\" aria-label=\"Incorporado de INFORMATIVO 06 - Basquete.\"><\/object><a id=\"wp-block-file--media-3dc7f793-9908-47db-aa7c-5730376f7377\" href=\"https:\/\/wp.ufpel.edu.br\/esporte\/files\/2025\/07\/INFORMATIVO-06-Basquete.pdf\">INFORMATIVO 06 &#8211; Basquete<\/a><a href=\"https:\/\/wp.ufpel.edu.br\/esporte\/files\/2025\/07\/INFORMATIVO-06-Basquete.pdf\" class=\"wp-block-file__button wp-element-button\" download aria-describedby=\"wp-block-file--media-3dc7f793-9908-47db-aa7c-5730376f7377\">Baixar<\/a><\/div>\n\n\n\n<p><strong>INFORMATIVO 04 &#8211; Informa\u00e7\u00f5es sobre as finais da modalidade de VOLEIBOL MASCULINO<\/strong><\/p>\n\n\n\n<div data-wp-interactive=\"core\/file\" class=\"wp-block-file\"><object data-wp-bind--hidden=\"!state.hasPdfPreview\" hidden class=\"wp-block-file__embed\" data=\"https:\/\/wp.ufpel.edu.br\/esporte\/files\/2025\/07\/INFORMATIVO-04-Volei-Masculino.pdf\" type=\"application\/pdf\" style=\"width:100%;height:250px\" aria-label=\"Incorporado de INFORMATIVO 04 - Volei Masculino.\"><\/object><a id=\"wp-block-file--media-62f4e462-0148-4d19-b697-064a1d85e1c2\" href=\"https:\/\/wp.ufpel.edu.br\/esporte\/files\/2025\/07\/INFORMATIVO-04-Volei-Masculino.pdf\">INFORMATIVO 04 &#8211; Volei Masculino<\/a><a href=\"https:\/\/wp.ufpel.edu.br\/esporte\/files\/2025\/07\/INFORMATIVO-04-Volei-Masculino.pdf\" class=\"wp-block-file__button wp-element-button\" download aria-describedby=\"wp-block-file--media-62f4e462-0148-4d19-b697-064a1d85e1c2\">Baixar<\/a><\/div>\n\n\n\n<p><strong>INFORMATIVO 03 &#8211; Informa\u00e7\u00f5es sobre a competi\u00e7\u00e3o da modalidade de VOLEIBOL <\/strong><\/p>\n\n\n\n<div class=\"wp-block-file\"><a id=\"wp-block-file--media-29455ad7-8f33-4cf0-9c66-a01759c3f26c\" href=\"https:\/\/wp.ufpel.edu.br\/esporte\/files\/2025\/06\/INFORMATIVO-03-Voleibol.docx\">INFORMATIVO 03-Voleibol<\/a><a href=\"https:\/\/wp.ufpel.edu.br\/esporte\/files\/2025\/06\/INFORMATIVO-03-Voleibol.docx\" class=\"wp-block-file__button wp-element-button\" download aria-describedby=\"wp-block-file--media-29455ad7-8f33-4cf0-9c66-a01759c3f26c\">Baixar<\/a><\/div>\n\n\n\n<p><strong>INFORMATIVO 02 &#8211; Informa\u00e7\u00f5es sobre a competi\u00e7\u00e3o da modalidade de BASQUETE<\/strong><\/p>\n\n\n\n<div class=\"wp-block-file\"><a id=\"wp-block-file--media-3ec6af60-2eb2-42c6-9c16-a32247f84a14\" href=\"https:\/\/wp.ufpel.edu.br\/esporte\/files\/2025\/06\/INFORMATIVO-02-Basquete.docx\">INFORMATIVO 02-Basquete<\/a><a href=\"https:\/\/wp.ufpel.edu.br\/esporte\/files\/2025\/06\/INFORMATIVO-02-Basquete.docx\" class=\"wp-block-file__button wp-element-button\" download aria-describedby=\"wp-block-file--media-3ec6af60-2eb2-42c6-9c16-a32247f84a14\">Baixar<\/a><\/div>\n\n\n\n<p><\/p>\n\n\n\n<p><strong>INFORMATIVO 01 &#8211; Informa\u00e7\u00f5es sobre a competi\u00e7\u00e3o da modalidade de XADREZ<\/strong><\/p>\n\n\n\n<div class=\"wp-block-file\"><a id=\"wp-block-file--media-b6155918-8b27-4ecb-b7ac-29a6860748cd\" href=\"https:\/\/wp.ufpel.edu.br\/esporte\/files\/2025\/06\/INFORMATIVO-01-Xadrez.docx\">INFORMATIVO 01-Xadrez<\/a><a href=\"https:\/\/wp.ufpel.edu.br\/esporte\/files\/2025\/06\/INFORMATIVO-01-Xadrez.docx\" class=\"wp-block-file__button wp-element-button\" download aria-describedby=\"wp-block-file--media-b6155918-8b27-4ecb-b7ac-29a6860748cd\">Baixar<\/a><\/div>\n\n\n\n\n\n<p><\/p>\n","protected":false},"excerpt":{"rendered":"<p>JOGOS DA UFPEL 2025 &#8211; 10a EDI\u00c7\u00c3O INFORMATIVO 07\/08 &#8211; Informa\u00e7\u00f5es sobre as finais da modalidade de VOLEIBOL FEMININO INFORMATIVO 05\/06 ATUALIZADO &#8211; Informa\u00e7\u00f5es sobre as finais da modalidade de BASQUETE INFORMATIVO 04 &#8211;&#46;&#46;&#46;<\/p>\n","protected":false},"author":1253,"featured_media":0,"parent":0,"menu_order":0,"comment_status":"closed","ping_status":"closed","template":"","meta":{"footnotes":""},"class_list":["post-773","page","type-page","status-publish","hentry"],"_links":{"self":[{"href":"https:\/\/wp.ufpel.edu.br\/esporte\/wp-json\/wp\/v2\/pages\/773","targetHints":{"allow":["GET"]}}],"collection":[{"href":"https:\/\/wp.ufpel.edu.br\/esporte\/wp-json\/wp\/v2\/pages"}],"about":[{"href":"https:\/\/wp.ufpel.edu.br\/esporte\/wp-json\/wp\/v2\/types\/page"}],"author":[{"embeddable":true,"href":"https:\/\/wp.ufpel.edu.br\/esporte\/wp-json\/wp\/v2\/users\/1253"}],"replies":[{"embeddable":true,"href":"https:\/\/wp.ufpel.edu.br\/esporte\/wp-json\/wp\/v2\/comments?post=773"}],"version-history":[{"count":17,"href":"https:\/\/wp.ufpel.edu.br\/esporte\/wp-json\/wp\/v2\/pages\/773\/revisions"}],"predecessor-version":[{"id":1025,"href":"https:\/\/wp.ufpel.edu.br\/esporte\/wp-json\/wp\/v2\/pages\/773\/revisions\/1025"}],"wp:attachment":[{"href":"https:\/\/wp.ufpel.edu.br\/esporte\/wp-json\/wp\/v2\/media?parent=773"}],"curies":[{"name":"wp","href":"https:\/\/api.w.org\/{rel}","templated":true}]}}