{"id":772,"date":"2025-05-30T10:09:32","date_gmt":"2025-05-30T13:09:32","guid":{"rendered":"https:\/\/wp.ufpel.edu.br\/esporte\/?page_id=772"},"modified":"2025-06-07T11:18:35","modified_gmt":"2025-06-07T14:18:35","slug":"ficha-de-inscricao","status":"publish","type":"page","link":"https:\/\/wp.ufpel.edu.br\/esporte\/ficha-de-inscricao\/","title":{"rendered":"Ficha de inscri\u00e7\u00e3o"},"content":{"rendered":"<div class=\"wp-block-image\">\n<figure class=\"aligncenter size-full\"><img loading=\"lazy\" decoding=\"async\" width=\"210\" height=\"73\" src=\"https:\/\/wp.ufpel.edu.br\/esporte\/files\/2025\/05\/logo-1-1.png\" alt=\"\" class=\"wp-image-784\"\/><\/figure>\n<\/div>\n\n\n<p>Formul\u00e1rio de Inscri\u00e7\u00e3o &#8211; Modalidades Coletivas: <a href=\"https:\/\/forms.gle\/XKcXf36aHquj2mheA\">https:\/\/forms.gle\/XKcXf36aHquj2mheA<\/a><\/p>\n\n\n\n<div class=\"wp-block-file\"><a id=\"wp-block-file--media-3708eb57-110d-4d2c-9824-6969788867b5\" href=\"https:\/\/wp.ufpel.edu.br\/esporte\/files\/2025\/06\/Ficha-de-inscricao-JUFPel-2025-modalidades-coletivas.docx\">Ficha de inscri\u00e7\u00e3o JUFPel 2025 &#8211; modalidades coletivas<\/a><a href=\"https:\/\/wp.ufpel.edu.br\/esporte\/files\/2025\/06\/Ficha-de-inscricao-JUFPel-2025-modalidades-coletivas.docx\" class=\"wp-block-file__button wp-element-button\" download aria-describedby=\"wp-block-file--media-3708eb57-110d-4d2c-9824-6969788867b5\">Baixar<\/a><\/div>\n\n\n\n<p><\/p>\n\n\n\n<p><\/p>\n","protected":false},"excerpt":{"rendered":"<p>Formul\u00e1rio de Inscri\u00e7\u00e3o &#8211; Modalidades Coletivas: https:\/\/forms.gle\/XKcXf36aHquj2mheA<\/p>\n","protected":false},"author":1253,"featured_media":0,"parent":0,"menu_order":0,"comment_status":"closed","ping_status":"closed","template":"","meta":{"footnotes":""},"class_list":["post-772","page","type-page","status-publish","hentry"],"_links":{"self":[{"href":"https:\/\/wp.ufpel.edu.br\/esporte\/wp-json\/wp\/v2\/pages\/772","targetHints":{"allow":["GET"]}}],"collection":[{"href":"https:\/\/wp.ufpel.edu.br\/esporte\/wp-json\/wp\/v2\/pages"}],"about":[{"href":"https:\/\/wp.ufpel.edu.br\/esporte\/wp-json\/wp\/v2\/types\/page"}],"author":[{"embeddable":true,"href":"https:\/\/wp.ufpel.edu.br\/esporte\/wp-json\/wp\/v2\/users\/1253"}],"replies":[{"embeddable":true,"href":"https:\/\/wp.ufpel.edu.br\/esporte\/wp-json\/wp\/v2\/comments?post=772"}],"version-history":[{"count":6,"href":"https:\/\/wp.ufpel.edu.br\/esporte\/wp-json\/wp\/v2\/pages\/772\/revisions"}],"predecessor-version":[{"id":834,"href":"https:\/\/wp.ufpel.edu.br\/esporte\/wp-json\/wp\/v2\/pages\/772\/revisions\/834"}],"wp:attachment":[{"href":"https:\/\/wp.ufpel.edu.br\/esporte\/wp-json\/wp\/v2\/media?parent=772"}],"curies":[{"name":"wp","href":"https:\/\/api.w.org\/{rel}","templated":true}]}}