{"id":7,"date":"2024-08-03T14:11:12","date_gmt":"2024-08-03T17:11:12","guid":{"rendered":"https:\/\/wp.ufpel.edu.br\/esporte\/?page_id=7"},"modified":"2024-10-18T14:25:16","modified_gmt":"2024-10-18T17:25:16","slug":"divisao-de-esportes-ufpel","status":"publish","type":"page","link":"https:\/\/wp.ufpel.edu.br\/esporte\/","title":{"rendered":""},"content":{"rendered":"\n<h2 class=\"wp-block-heading has-text-align-center\">Not\u00edcias<\/h2>\n\n\n\n<div class=\"wp-block-columns is-layout-flex wp-container-core-columns-is-layout-9d6595d7 wp-block-columns-is-layout-flex\">\n<div class=\"wp-block-column is-layout-flow wp-block-column-is-layout-flow\" style=\"flex-basis:100%\"><ul class=\"wp-block-latest-posts__list is-grid columns-3 has-link-color \/* Remove sublinhado dos t\u00edtulos dos posts *\/ .latest-posts-grid a {     text-decoration: none; \/* Remove sublinhado *\/ }  \/* Define um tamanho \u00fanico para as miniaturas dos posts *\/ .latest-posts-grid .post-thumbnail img {     width: 100%; \/* Ajusta a largura para preencher o espa\u00e7o *\/     height: 200px; \/* Define a altura fixa *\/     object-fit: cover; \/* Mant\u00e9m a propor\u00e7\u00e3o da imagem *\/     border-radius: 5px; \/* Arredonda as bordas, opcional *\/ } wp-elements-8e18ea685c2f716a258c977bdde94c1e wp-block-latest-posts has-text-color has-black-color\"><li><div class=\"wp-block-latest-posts__featured-image\"><img loading=\"lazy\" decoding=\"async\" width=\"200\" height=\"200\" src=\"https:\/\/wp.ufpel.edu.br\/esporte\/files\/2025\/12\/1000303879-200x200.jpg\" class=\"attachment-thumbnail size-thumbnail wp-post-image\" alt=\"\" style=\"\" srcset=\"https:\/\/wp.ufpel.edu.br\/esporte\/files\/2025\/12\/1000303879-200x200.jpg 200w, https:\/\/wp.ufpel.edu.br\/esporte\/files\/2025\/12\/1000303879-80x80.jpg 80w, https:\/\/wp.ufpel.edu.br\/esporte\/files\/2025\/12\/1000303879-320x320.jpg 320w\" sizes=\"auto, (max-width: 200px) 100vw, 200px\" \/><\/div><a class=\"wp-block-latest-posts__post-title\" href=\"https:\/\/wp.ufpel.edu.br\/esporte\/2025\/12\/29\/alunos-e-profissionais-da-ufpel-sao-premiados-no-melhores-do-ano-da-fuge\/\">Alunos e profissionais da UFPel s\u00e3o premiados no Melhores do Ano da FUGE<\/a><\/li>\n<li><div class=\"wp-block-latest-posts__featured-image\"><img loading=\"lazy\" decoding=\"async\" width=\"200\" height=\"200\" src=\"https:\/\/wp.ufpel.edu.br\/esporte\/files\/2025\/10\/menino-200x200.jpg\" class=\"attachment-thumbnail size-thumbnail wp-post-image\" alt=\"\" style=\"\" srcset=\"https:\/\/wp.ufpel.edu.br\/esporte\/files\/2025\/10\/menino-200x200.jpg 200w, https:\/\/wp.ufpel.edu.br\/esporte\/files\/2025\/10\/menino-80x80.jpg 80w, https:\/\/wp.ufpel.edu.br\/esporte\/files\/2025\/10\/menino-320x320.jpg 320w\" sizes=\"auto, (max-width: 200px) 100vw, 200px\" \/><\/div><a class=\"wp-block-latest-posts__post-title\" href=\"https:\/\/wp.ufpel.edu.br\/esporte\/2025\/10\/17\/atletas-da-ufpel-encerram-participacao-no-jubs-2025\/\">Atletas da UFPEL encerram participa\u00e7\u00e3o no JUBS 2025<\/a><\/li>\n<li><div class=\"wp-block-latest-posts__featured-image\"><img loading=\"lazy\" decoding=\"async\" width=\"200\" height=\"200\" src=\"https:\/\/wp.ufpel.edu.br\/esporte\/files\/2025\/10\/Imagem-do-WhatsApp-de-2025-10-10-as-14.30.14_0499e189-200x200.jpg\" class=\"attachment-thumbnail size-thumbnail wp-post-image\" alt=\"\" style=\"\" srcset=\"https:\/\/wp.ufpel.edu.br\/esporte\/files\/2025\/10\/Imagem-do-WhatsApp-de-2025-10-10-as-14.30.14_0499e189-200x200.jpg 200w, https:\/\/wp.ufpel.edu.br\/esporte\/files\/2025\/10\/Imagem-do-WhatsApp-de-2025-10-10-as-14.30.14_0499e189-80x80.jpg 80w, https:\/\/wp.ufpel.edu.br\/esporte\/files\/2025\/10\/Imagem-do-WhatsApp-de-2025-10-10-as-14.30.14_0499e189-320x320.jpg 320w\" sizes=\"auto, (max-width: 200px) 100vw, 200px\" \/><\/div><a class=\"wp-block-latest-posts__post-title\" href=\"https:\/\/wp.ufpel.edu.br\/esporte\/2025\/10\/10\/atleta-da-ufpel-conquista-medalha-de-prata-no-jubs-de-taekwondo\/\">Atleta da UFPEL conquista medalha de prata no JUBs de Taekwondo<\/a><\/li>\n<li><div class=\"wp-block-latest-posts__featured-image\"><img loading=\"lazy\" decoding=\"async\" width=\"200\" height=\"200\" src=\"https:\/\/wp.ufpel.edu.br\/esporte\/files\/2025\/10\/Imagem-do-WhatsApp-de-2025-10-06-as-16.12.40_e2eed97a-200x200.jpg\" class=\"attachment-thumbnail size-thumbnail wp-post-image\" alt=\"\" style=\"\" srcset=\"https:\/\/wp.ufpel.edu.br\/esporte\/files\/2025\/10\/Imagem-do-WhatsApp-de-2025-10-06-as-16.12.40_e2eed97a-200x200.jpg 200w, https:\/\/wp.ufpel.edu.br\/esporte\/files\/2025\/10\/Imagem-do-WhatsApp-de-2025-10-06-as-16.12.40_e2eed97a-80x80.jpg 80w, https:\/\/wp.ufpel.edu.br\/esporte\/files\/2025\/10\/Imagem-do-WhatsApp-de-2025-10-06-as-16.12.40_e2eed97a-320x320.jpg 320w\" sizes=\"auto, (max-width: 200px) 100vw, 200px\" \/><\/div><a class=\"wp-block-latest-posts__post-title\" href=\"https:\/\/wp.ufpel.edu.br\/esporte\/2025\/10\/06\/atletas-da-ufpel-participam-da-primeira-semana-dos-jogos-universitarios-brasileiros\/\">Atletas da UFPel participam da primeira semana dos Jogos Universit\u00e1rios Brasileiros<\/a><\/li>\n<li><div class=\"wp-block-latest-posts__featured-image\"><img loading=\"lazy\" decoding=\"async\" width=\"200\" height=\"200\" src=\"https:\/\/wp.ufpel.edu.br\/esporte\/files\/2025\/08\/WhatsApp-Image-2025-08-28-at-15.08.15-200x200.jpeg\" class=\"attachment-thumbnail size-thumbnail wp-post-image\" alt=\"\" style=\"\" srcset=\"https:\/\/wp.ufpel.edu.br\/esporte\/files\/2025\/08\/WhatsApp-Image-2025-08-28-at-15.08.15-200x200.jpeg 200w, https:\/\/wp.ufpel.edu.br\/esporte\/files\/2025\/08\/WhatsApp-Image-2025-08-28-at-15.08.15-80x80.jpeg 80w, https:\/\/wp.ufpel.edu.br\/esporte\/files\/2025\/08\/WhatsApp-Image-2025-08-28-at-15.08.15-320x320.jpeg 320w\" sizes=\"auto, (max-width: 200px) 100vw, 200px\" \/><\/div><a class=\"wp-block-latest-posts__post-title\" href=\"https:\/\/wp.ufpel.edu.br\/esporte\/2025\/08\/28\/judocas-da-ufpel-participam-do-jugs\/\">Judocas da UFPEL participam do JUGS<\/a><\/li>\n<\/ul><\/div>\n<\/div>\n\n\n\n<div class=\"wp-block-buttons is-content-justification-center is-layout-flex wp-container-core-buttons-is-layout-16018d1d wp-block-buttons-is-layout-flex\">\n<div class=\"wp-block-button\"><a class=\"wp-block-button__link has-text-align-center wp-element-button\" href=\"https:\/\/wp.ufpel.edu.br\/esporte\/noticias\/\">Ver mais not\u00edcias <\/a><\/div>\n<\/div>\n","protected":false},"excerpt":{"rendered":"<p>Not\u00edcias<\/p>\n","protected":false},"author":1253,"featured_media":0,"parent":0,"menu_order":0,"comment_status":"closed","ping_status":"closed","template":"","meta":{"footnotes":""},"class_list":["post-7","page","type-page","status-publish","hentry"],"_links":{"self":[{"href":"https:\/\/wp.ufpel.edu.br\/esporte\/wp-json\/wp\/v2\/pages\/7","targetHints":{"allow":["GET"]}}],"collection":[{"href":"https:\/\/wp.ufpel.edu.br\/esporte\/wp-json\/wp\/v2\/pages"}],"about":[{"href":"https:\/\/wp.ufpel.edu.br\/esporte\/wp-json\/wp\/v2\/types\/page"}],"author":[{"embeddable":true,"href":"https:\/\/wp.ufpel.edu.br\/esporte\/wp-json\/wp\/v2\/users\/1253"}],"replies":[{"embeddable":true,"href":"https:\/\/wp.ufpel.edu.br\/esporte\/wp-json\/wp\/v2\/comments?post=7"}],"version-history":[{"count":29,"href":"https:\/\/wp.ufpel.edu.br\/esporte\/wp-json\/wp\/v2\/pages\/7\/revisions"}],"predecessor-version":[{"id":478,"href":"https:\/\/wp.ufpel.edu.br\/esporte\/wp-json\/wp\/v2\/pages\/7\/revisions\/478"}],"wp:attachment":[{"href":"https:\/\/wp.ufpel.edu.br\/esporte\/wp-json\/wp\/v2\/media?parent=7"}],"curies":[{"name":"wp","href":"https:\/\/api.w.org\/{rel}","templated":true}]}}