{"id":583,"date":"2025-03-14T16:47:44","date_gmt":"2025-03-14T19:47:44","guid":{"rendered":"https:\/\/wp.ufpel.edu.br\/esporte\/?page_id=583"},"modified":"2025-04-09T14:47:28","modified_gmt":"2025-04-09T17:47:28","slug":"2023-2","status":"publish","type":"page","link":"https:\/\/wp.ufpel.edu.br\/esporte\/2023-2\/","title":{"rendered":"2023"},"content":{"rendered":"\n<ul class=\"wp-block-list\">\n<li>Esporte universit\u00e1rio \u00e9 tema de palestra nesta sexta-feira (10): <a href=\"https:\/\/ccs2.ufpel.edu.br\/wp\/2023\/03\/06\/esporte-universitario-e-tema-de-palestra-nesta-sexta-feira-10\/\" data-type=\"link\" data-id=\"https:\/\/ccs2.ufpel.edu.br\/wp\/2023\/03\/06\/esporte-universitario-e-tema-de-palestra-nesta-sexta-feira-10\/\">Veja mais clicando aqui!<\/a> Publicado em: 06\/03\/2023<\/li>\n<\/ul>\n\n\n<div class=\"wp-block-image\">\n<figure class=\"aligncenter is-resized\"><img decoding=\"async\" src=\"https:\/\/ccs2.ufpel.edu.br\/wp\/wp-content\/uploads\/2023\/03\/esef.png\" alt=\"\" class=\"wp-image-117266\" style=\"width:174px;height:auto\"\/><\/figure>\n<\/div>\n\n\n<ul class=\"wp-block-list\">\n<li>Divis\u00e3o de Esportes seleciona estudantes para comiss\u00e3o t\u00e9cnica de futsal: <a href=\"https:\/\/ccs2.ufpel.edu.br\/wp\/2023\/01\/30\/divisao-de-esportes-seleciona-estudantes-para-comissao-tecnica-de-futsal\/\">Veja mais clicando aqui!<\/a> Publicado em: 30\/01\/2023<\/li>\n<\/ul>\n\n\n\n<p><\/p>\n\n\n\n<p><\/p>\n","protected":false},"excerpt":{"rendered":"","protected":false},"author":1253,"featured_media":0,"parent":0,"menu_order":0,"comment_status":"closed","ping_status":"closed","template":"","meta":{"footnotes":""},"class_list":["post-583","page","type-page","status-publish","hentry"],"_links":{"self":[{"href":"https:\/\/wp.ufpel.edu.br\/esporte\/wp-json\/wp\/v2\/pages\/583","targetHints":{"allow":["GET"]}}],"collection":[{"href":"https:\/\/wp.ufpel.edu.br\/esporte\/wp-json\/wp\/v2\/pages"}],"about":[{"href":"https:\/\/wp.ufpel.edu.br\/esporte\/wp-json\/wp\/v2\/types\/page"}],"author":[{"embeddable":true,"href":"https:\/\/wp.ufpel.edu.br\/esporte\/wp-json\/wp\/v2\/users\/1253"}],"replies":[{"embeddable":true,"href":"https:\/\/wp.ufpel.edu.br\/esporte\/wp-json\/wp\/v2\/comments?post=583"}],"version-history":[{"count":4,"href":"https:\/\/wp.ufpel.edu.br\/esporte\/wp-json\/wp\/v2\/pages\/583\/revisions"}],"predecessor-version":[{"id":680,"href":"https:\/\/wp.ufpel.edu.br\/esporte\/wp-json\/wp\/v2\/pages\/583\/revisions\/680"}],"wp:attachment":[{"href":"https:\/\/wp.ufpel.edu.br\/esporte\/wp-json\/wp\/v2\/media?parent=583"}],"curies":[{"name":"wp","href":"https:\/\/api.w.org\/{rel}","templated":true}]}}